{"id":168306,"date":"2023-07-21T14:45:08","date_gmt":"2023-07-21T18:45:08","guid":{"rendered":"https:\/\/www.2020spaces.com\/?page_id=168306"},"modified":"2021-09-09T10:40:35","modified_gmt":"2021-09-09T14:40:35","slug":"2020-catalog-content","status":"publish","type":"page","link":"https:\/\/www.2020spaces.com\/fr\/2020-catalog-content\/","title":{"rendered":"2020 Catalog Content"},"content":{"rendered":"<div class=\"wpb-content-wrapper\">[vc_row no_margin=\u00a0\u00bbtrue\u00a0\u00bb padding_top=\u00a0\u00bb0px\u00a0\u00bb padding_bottom=\u00a0\u00bb0px\u00a0\u00bb border=\u00a0\u00bbnone\u00a0\u00bb inner_container=\u00a0\u00bbtrue\u00a0\u00bb]\n[vc_column width=\u00a0\u00bb1\/1&Prime; fade_animation=\u00a0\u00bbin\u00a0\u00bb fade_animation_offset=\u00a0\u00bb45px\u00a0\u00bb]\n<h1  class=\"h-custom-headline center-text h2\" ><span>\n<p>Catalogues de fabricants<\/p>\n<\/span><\/h1>\n<hr  class=\"x-gap\" style=\"margin: 2em 0 0 0;\">\n[vc_row_inner padding_top=\u00a0\u00bb0px\u00a0\u00bb padding_bottom=\u00a0\u00bb0px\u00a0\u00bb border=\u00a0\u00bbnone\u00a0\u00bb][vc_column_inner width=\u00a0\u00bb1\/1&Prime;]<p>Gr\u00e2ce \u00e0 notre vaste r\u00e9seau de partenaires et fabricants, 2020 propose une large gamme de catalogues de fabricants \u00e0 nos clients. Notre biblioth\u00e8que compl\u00e8te de contenu permet de concevoir, planifier et fabriquer avec pr\u00e9cision des cuisines, salles de bain, placards ainsi que divers espaces de vie et meubles pour la maison et le bureau.<\/p>\n[\/vc_column_inner]\n[\/vc_row_inner][\/vc_column][\/vc_row][vc_row no_margin=\u00a0\u00bbtrue\u00a0\u00bb padding_top=\u00a0\u00bb0px\u00a0\u00bb padding_bottom=\u00a0\u00bb0px\u00a0\u00bb border=\u00a0\u00bbnone\u00a0\u00bb bg_color=\u00a0\u00bb#ffffff\u00a0\u00bb][vc_column width=\u00a0\u00bb1\/1&Prime;][vc_row_inner inner_container=\u00a0\u00bbtrue\u00a0\u00bb padding_top=\u00a0\u00bb0px\u00a0\u00bb padding_bottom=\u00a0\u00bb0px\u00a0\u00bb border=\u00a0\u00bbnone\u00a0\u00bb][vc_column_inner width=\u00a0\u00bb1\/3&Prime;]<h4 id=\"manufacturer_content\" class=\"h-custom-headline center-text h4 accent\" ><span>2020 Design Live<\/span><\/h4><div  class=\"x-promo\" ><div class=\"x-promo-image-wrap\"><img decoding=\"async\" src=\"https:\/\/www.2020spaces.com\/wp-content\/uploads\/2016\/03\/MfgContent_2020Design_700x700.jpg\" alt=\"See Manufacturer Content for 2020 Design\"\/><\/div><div class=\"x-promo-content\">Planifiez et visualisez des cuisines, des salles de bain, des chambres, des placards et bien plus encore avec le logiciel de design d&rsquo;int\u00e9rieur 2020 Design en utilisant un nombre in\u00e9gal\u00e9 de catalogues de fabricants<a  class=\"x-btn x-btn-rounded x-btn-large x-btn-block\"  href=\"https:\/\/www.2020spaces.com\/2020products\/2020design\/2020-design-manufacturer-content\/\"  target=\"_blank\" rel=\"noopener noreferrer\"   data-options=\"thumbnail: ''\">Voir la liste de catalogues <\/a>\n<p>(page en Anglais)<\/p>\n<\/div><\/div>\n[\/vc_column_inner]\n[vc_column_inner width=\u00a0\u00bb1\/3&Prime;]<h4  class=\"h-custom-headline center-text h4 accent\" ><span>2020 Fusion Live<\/span><\/h4>\n<div  class=\"x-promo\" ><div class=\"x-promo-image-wrap\"><img decoding=\"async\" src=\"https:\/\/www.2020spaces.com\/wp-content\/uploads\/2016\/03\/MfgContent_2020Fusion_700x700.jpg\" alt=\"See Manufacturer Content for 2020 Fusion\"\/><\/div><div class=\"x-promo-content\">Europe<br \/>Concevez et visualisez des cuisines, des salles de bains, des chambres et bien plus encore avec 2020 Fusion Live, le logiciel d&rsquo;am\u00e9nagement int\u00e9rieur le plus populaire sur le march\u00e9 europ\u00e9en. <a  class=\"x-btn x-btn-rounded x-btn-large x-btn-block\"  href=\"https:\/\/www.2020spaces.com\/fr\/produits\/2020fusionlive\/2020-fusion-catalogue-fabricants\/\"     data-options=\"thumbnail: ''\">Voir la liste de catalogues<\/a>\n<\/div><\/div>[\/vc_column_inner]\n[vc_column_inner width=\u00a0\u00bb1\/3&Prime;]\n<h4  class=\"h-custom-headline center-text h4 accent\" ><span>2020 Office\u00a0Content<\/span><\/h4><div  class=\"x-promo\" ><div class=\"x-promo-image-wrap\"><img decoding=\"async\" src=\"https:\/\/www.2020spaces.com\/wp-content\/uploads\/2016\/03\/MfgContent_2020Commercial_700x700.jpg\" alt=\"See Manufacturer Content for 2020 Cap, 2020 Giza, 2020 Worksheet and 2020 Visual Impression\"\/><\/div><div class=\"x-promo-content\">Concevez, sp\u00e9cifiez et visualisez des espaces de bureaux commerciaux avec nos solutions la suite 2020 Office (2020 Giza, 2020 Cap, 2020 Worksheet et 2020 Visual Impression).<\/p>\n<a  class=\"x-btn x-btn-rounded x-btn-large x-btn-block\"  href=\"https:\/\/www.2020spaces.com\/2020products\/2020-office-manufacturer-content\/\"  target=\"_blank\" rel=\"noopener noreferrer\"   data-options=\"thumbnail: ''\">Voir la liste de catalogues <\/a>\n<p>(page en Anglais)<\/p>\n\n<\/div><\/div>\n[\/vc_column_inner][\/vc_row_inner][\/vc_column][\/vc_row]\n<\/div>","protected":false},"excerpt":{"rendered":"<p>[vc_row no_margin=\u00a0\u00bbtrue\u00a0\u00bb padding_top=\u00a0\u00bb0px\u00a0\u00bb padding_bottom=\u00a0\u00bb0px\u00a0\u00bb border=\u00a0\u00bbnone\u00a0\u00bb inner_container=\u00a0\u00bbtrue\u00a0\u00bb] [vc_column width=\u00a0\u00bb1\/1&Prime; fade_animation=\u00a0\u00bbin\u00a0\u00bb fade_animation_offset=\u00a0\u00bb45px\u00a0\u00bb] [vc_row_inner padding_top=\u00a0\u00bb0px\u00a0\u00bb padding_bottom=\u00a0\u00bb0px\u00a0\u00bb border=\u00a0\u00bbnone\u00a0\u00bb][vc_column_inner width=\u00a0\u00bb1\/1&Prime;][\/vc_column_inner] [\/vc_row_inner][\/vc_column][\/vc_row][vc_row no_margin=\u00a0\u00bbtrue\u00a0\u00bb padding_top=\u00a0\u00bb0px\u00a0\u00bb padding_bottom=\u00a0\u00bb0px\u00a0\u00bb border=\u00a0\u00bbnone\u00a0\u00bb bg_color=\u00a0\u00bb#ffffff\u00a0\u00bb][vc_column width=\u00a0\u00bb1\/1&Prime;][vc_row_inner inner_container=\u00a0\u00bbtrue\u00a0\u00bb padding_top=\u00a0\u00bb0px\u00a0\u00bb padding_bottom=\u00a0\u00bb0px\u00a0\u00bb border=\u00a0\u00bbnone\u00a0\u00bb][vc_column_inner width=\u00a0\u00bb1\/3&Prime;] [\/vc_column_inner] [vc_column_inner width=\u00a0\u00bb1\/3&Prime;] [\/vc_column_inner] [vc_column_inner width=\u00a0\u00bb1\/3&Prime;] [\/vc_column_inner][\/vc_row_inner][\/vc_column][\/vc_row]<\/p>\n","protected":false},"author":1,"featured_media":0,"parent":0,"menu_order":0,"comment_status":"closed","ping_status":"closed","template":"template-blank-4.php","meta":{"_bbp_topic_count":0,"_bbp_reply_count":0,"_bbp_total_topic_count":0,"_bbp_total_reply_count":0,"_bbp_voice_count":0,"_bbp_anonymous_reply_count":0,"_bbp_topic_count_hidden":0,"_bbp_reply_count_hidden":0,"_bbp_forum_subforum_count":0,"footnotes":""},"categories":[],"class_list":["post-168306","page","type-page","status-publish","hentry","no-post-thumbnail"],"pp_force_visibility":null,"pp_subpost_visibility":null,"pp_inherited_force_visibility":null,"pp_inherited_subpost_visibility":null,"yoast_head":"<!-- This site is optimized with the Yoast SEO Premium plugin v26.7 (Yoast SEO v26.7) - https:\/\/yoast.com\/wordpress\/plugins\/seo\/ -->\n<title>Trouver un catalogue | 2020 Spaces<\/title>\n<meta name=\"description\" content=\"Trouvez un catalogue compatible avec vos produits 2020 . D\u00e9couvrez les logiciels d\u2019am\u00e9nagement int\u00e9rieur et de plan de maison 2020.\u00a0\" \/>\n<meta name=\"robots\" content=\"index, follow, max-snippet:-1, max-image-preview:large, max-video-preview:-1\" \/>\n<link rel=\"canonical\" href=\"https:\/\/www.2020spaces.com\/fr\/2020-catalog-content\/\" \/>\n<meta property=\"og:locale\" content=\"fr_FR\" \/>\n<meta property=\"og:type\" content=\"article\" \/>\n<meta property=\"og:title\" content=\"2020 Catalog Content\" \/>\n<meta property=\"og:description\" content=\"Trouvez un catalogue compatible avec vos produits 2020 . D\u00e9couvrez les logiciels d\u2019am\u00e9nagement int\u00e9rieur et de plan de maison 2020.\u00a0\" \/>\n<meta property=\"og:url\" content=\"https:\/\/www.2020spaces.com\/fr\/2020-catalog-content\/\" \/>\n<meta property=\"og:site_name\" content=\"2020\" \/>\n<meta property=\"article:publisher\" content=\"https:\/\/www.facebook.com\/2020spaces\" \/>\n<meta name=\"twitter:card\" content=\"summary_large_image\" \/>\n<meta name=\"twitter:site\" content=\"@2020spaces\" \/>\n<meta name=\"twitter:label1\" content=\"Dur\u00e9e de lecture estim\u00e9e\" \/>\n\t<meta name=\"twitter:data1\" content=\"2 minutes\" \/>\n<script type=\"application\/ld+json\" class=\"yoast-schema-graph\">{\"@context\":\"https:\/\/schema.org\",\"@graph\":[{\"@type\":\"WebPage\",\"@id\":\"https:\/\/www.2020spaces.com\/fr\/2020-catalog-content\/\",\"url\":\"https:\/\/www.2020spaces.com\/fr\/2020-catalog-content\/\",\"name\":\"Trouver un catalogue | 2020 Spaces\",\"isPartOf\":{\"@id\":\"https:\/\/www.2020spaces.com\/#website\"},\"datePublished\":\"2023-07-21T18:45:08+00:00\",\"description\":\"Trouvez un catalogue compatible avec vos produits 2020 . D\u00e9couvrez les logiciels d\u2019am\u00e9nagement int\u00e9rieur et de plan de maison 2020.\u00a0\",\"breadcrumb\":{\"@id\":\"https:\/\/www.2020spaces.com\/fr\/2020-catalog-content\/#breadcrumb\"},\"inLanguage\":\"fr-FR\",\"potentialAction\":[{\"@type\":\"ReadAction\",\"target\":[\"https:\/\/www.2020spaces.com\/fr\/2020-catalog-content\/\"]}]},{\"@type\":\"BreadcrumbList\",\"@id\":\"https:\/\/www.2020spaces.com\/fr\/2020-catalog-content\/#breadcrumb\",\"itemListElement\":[{\"@type\":\"ListItem\",\"position\":1,\"name\":\"Home\",\"item\":\"https:\/\/www.2020spaces.com\/fr\/accueil-2-2\/\"},{\"@type\":\"ListItem\",\"position\":2,\"name\":\"2020 Catalog Content\"}]},{\"@type\":\"WebSite\",\"@id\":\"https:\/\/www.2020spaces.com\/#website\",\"url\":\"https:\/\/www.2020spaces.com\/\",\"name\":\"2020\",\"description\":\"Making Spaces for Life\u2122\",\"potentialAction\":[{\"@type\":\"SearchAction\",\"target\":{\"@type\":\"EntryPoint\",\"urlTemplate\":\"https:\/\/www.2020spaces.com\/?s={search_term_string}\"},\"query-input\":{\"@type\":\"PropertyValueSpecification\",\"valueRequired\":true,\"valueName\":\"search_term_string\"}}],\"inLanguage\":\"fr-FR\"}]}<\/script>\n<!-- \/ Yoast SEO Premium plugin. -->","yoast_head_json":{"title":"Trouver un catalogue | 2020 Spaces","description":"Trouvez un catalogue compatible avec vos produits 2020 . D\u00e9couvrez les logiciels d\u2019am\u00e9nagement int\u00e9rieur et de plan de maison 2020.\u00a0","robots":{"index":"index","follow":"follow","max-snippet":"max-snippet:-1","max-image-preview":"max-image-preview:large","max-video-preview":"max-video-preview:-1"},"canonical":"https:\/\/www.2020spaces.com\/fr\/2020-catalog-content\/","og_locale":"fr_FR","og_type":"article","og_title":"2020 Catalog Content","og_description":"Trouvez un catalogue compatible avec vos produits 2020 . D\u00e9couvrez les logiciels d\u2019am\u00e9nagement int\u00e9rieur et de plan de maison 2020.\u00a0","og_url":"https:\/\/www.2020spaces.com\/fr\/2020-catalog-content\/","og_site_name":"2020","article_publisher":"https:\/\/www.facebook.com\/2020spaces","twitter_card":"summary_large_image","twitter_site":"@2020spaces","twitter_misc":{"Dur\u00e9e de lecture estim\u00e9e":"2 minutes"},"schema":{"@context":"https:\/\/schema.org","@graph":[{"@type":"WebPage","@id":"https:\/\/www.2020spaces.com\/fr\/2020-catalog-content\/","url":"https:\/\/www.2020spaces.com\/fr\/2020-catalog-content\/","name":"Trouver un catalogue | 2020 Spaces","isPartOf":{"@id":"https:\/\/www.2020spaces.com\/#website"},"datePublished":"2023-07-21T18:45:08+00:00","description":"Trouvez un catalogue compatible avec vos produits 2020 . D\u00e9couvrez les logiciels d\u2019am\u00e9nagement int\u00e9rieur et de plan de maison 2020.\u00a0","breadcrumb":{"@id":"https:\/\/www.2020spaces.com\/fr\/2020-catalog-content\/#breadcrumb"},"inLanguage":"fr-FR","potentialAction":[{"@type":"ReadAction","target":["https:\/\/www.2020spaces.com\/fr\/2020-catalog-content\/"]}]},{"@type":"BreadcrumbList","@id":"https:\/\/www.2020spaces.com\/fr\/2020-catalog-content\/#breadcrumb","itemListElement":[{"@type":"ListItem","position":1,"name":"Home","item":"https:\/\/www.2020spaces.com\/fr\/accueil-2-2\/"},{"@type":"ListItem","position":2,"name":"2020 Catalog Content"}]},{"@type":"WebSite","@id":"https:\/\/www.2020spaces.com\/#website","url":"https:\/\/www.2020spaces.com\/","name":"2020","description":"Making Spaces for Life\u2122","potentialAction":[{"@type":"SearchAction","target":{"@type":"EntryPoint","urlTemplate":"https:\/\/www.2020spaces.com\/?s={search_term_string}"},"query-input":{"@type":"PropertyValueSpecification","valueRequired":true,"valueName":"search_term_string"}}],"inLanguage":"fr-FR"}]}},"_links":{"self":[{"href":"https:\/\/www.2020spaces.com\/fr\/wp-json\/wp\/v2\/pages\/168306","targetHints":{"allow":["GET"]}}],"collection":[{"href":"https:\/\/www.2020spaces.com\/fr\/wp-json\/wp\/v2\/pages"}],"about":[{"href":"https:\/\/www.2020spaces.com\/fr\/wp-json\/wp\/v2\/types\/page"}],"author":[{"embeddable":true,"href":"https:\/\/www.2020spaces.com\/fr\/wp-json\/wp\/v2\/users\/1"}],"replies":[{"embeddable":true,"href":"https:\/\/www.2020spaces.com\/fr\/wp-json\/wp\/v2\/comments?post=168306"}],"version-history":[{"count":0,"href":"https:\/\/www.2020spaces.com\/fr\/wp-json\/wp\/v2\/pages\/168306\/revisions"}],"wp:attachment":[{"href":"https:\/\/www.2020spaces.com\/fr\/wp-json\/wp\/v2\/media?parent=168306"}],"wp:term":[{"taxonomy":"category","embeddable":true,"href":"https:\/\/www.2020spaces.com\/fr\/wp-json\/wp\/v2\/categories?post=168306"}],"curies":[{"name":"wp","href":"https:\/\/api.w.org\/{rel}","templated":true}]}}