{"id":168314,"date":"2017-06-14T16:32:47","date_gmt":"2017-06-14T20:32:47","guid":{"rendered":"https:\/\/www.2020spaces.com\/?page_id=168314"},"modified":"2022-03-01T08:34:15","modified_gmt":"2022-03-01T13:34:15","slug":"2020-knowledge-center","status":"publish","type":"page","link":"https:\/\/www.2020spaces.com\/fr\/2020-knowledge-center\/","title":{"rendered":"2020 Knowledge Center"},"content":{"rendered":"<div id=\"cs-content\" class=\"cs-content\"><\/div>\n","protected":false},"excerpt":{"rendered":"<p>Bienvenue sur le &nbsp;&nbsp;Centre de connaissances 2020Vous avez des questions ?Trouvez les r\u00e9ponses dans notre nouveau Centre de connaissances 2020, une collection d&rsquo;articles pratiques li\u00e9s \u00e0 nos produits et services. Obtenez rapidement des r\u00e9ponses sur les t\u00e9l\u00e9chargements, l&rsquo;installation, la souscription, les mises \u00e0 jour et d&rsquo;autres questions courantes sur vos &#8230; <\/p>\n<div><a href=\"https:\/\/www.2020spaces.com\/fr\/2020-knowledge-center\/\" class=\"more-link\">En savoir plus<\/a><\/div>\n","protected":false},"author":1,"featured_media":279344,"parent":0,"menu_order":0,"comment_status":"closed","ping_status":"closed","template":"template-blank-4.php","meta":{"_bbp_topic_count":0,"_bbp_reply_count":0,"_bbp_total_topic_count":0,"_bbp_total_reply_count":0,"_bbp_voice_count":0,"_bbp_anonymous_reply_count":0,"_bbp_topic_count_hidden":0,"_bbp_reply_count_hidden":0,"_bbp_forum_subforum_count":0,"footnotes":""},"categories":[],"class_list":["post-168314","page","type-page","status-publish","has-post-thumbnail","hentry"],"pp_force_visibility":null,"pp_subpost_visibility":null,"pp_inherited_force_visibility":null,"pp_inherited_subpost_visibility":null,"yoast_head":"<!-- This site is optimized with the Yoast SEO Premium plugin v26.7 (Yoast SEO v26.7) - https:\/\/yoast.com\/wordpress\/plugins\/seo\/ -->\n<title>Base de connaissance | 2020 Spaces<\/title>\n<meta name=\"description\" content=\"Obtenez des r\u00e9ponses rapides en consultant la base de connaissance. D\u00e9couvrez les logiciels d\u2019am\u00e9nagement int\u00e9rieur et de plan de maison 2020.\u00a0\" \/>\n<meta name=\"robots\" content=\"index, follow, max-snippet:-1, max-image-preview:large, max-video-preview:-1\" \/>\n<link rel=\"canonical\" href=\"https:\/\/www.2020spaces.com\/fr\/2020-knowledge-center\/\" \/>\n<meta property=\"og:locale\" content=\"fr_FR\" \/>\n<meta property=\"og:type\" content=\"article\" \/>\n<meta property=\"og:title\" content=\"2020 Knowledge Center\" \/>\n<meta property=\"og:description\" content=\"Obtenez des r\u00e9ponses rapides en consultant la base de connaissance. D\u00e9couvrez les logiciels d\u2019am\u00e9nagement int\u00e9rieur et de plan de maison 2020.\u00a0\" \/>\n<meta property=\"og:url\" content=\"https:\/\/www.2020spaces.com\/fr\/2020-knowledge-center\/\" \/>\n<meta property=\"og:site_name\" content=\"2020\" \/>\n<meta property=\"article:publisher\" content=\"https:\/\/www.facebook.com\/2020spaces\" \/>\n<meta property=\"article:modified_time\" content=\"2022-03-01T13:34:15+00:00\" \/>\n<meta property=\"og:image\" content=\"https:\/\/www.2020spaces.com\/wp-content\/uploads\/2020\/04\/Social_1200x630_KnowledgeCenter_202004.jpg\" \/>\n<meta name=\"twitter:card\" content=\"summary_large_image\" \/>\n<meta name=\"twitter:image\" content=\"https:\/\/www.2020spaces.com\/wp-content\/uploads\/2020\/04\/Social_1200x630_KnowledgeCenter_202004.jpg\" \/>\n<meta name=\"twitter:site\" content=\"@2020spaces\" \/>\n<meta name=\"twitter:label1\" content=\"Dur\u00e9e de lecture estim\u00e9e\" \/>\n\t<meta name=\"twitter:data1\" content=\"3 minutes\" \/>\n<script type=\"application\/ld+json\" class=\"yoast-schema-graph\">{\"@context\":\"https:\/\/schema.org\",\"@graph\":[{\"@type\":\"WebPage\",\"@id\":\"https:\/\/www.2020spaces.com\/fr\/2020-knowledge-center\/\",\"url\":\"https:\/\/www.2020spaces.com\/fr\/2020-knowledge-center\/\",\"name\":\"Base de connaissance | 2020 Spaces\",\"isPartOf\":{\"@id\":\"https:\/\/www.2020spaces.com\/#website\"},\"primaryImageOfPage\":{\"@id\":\"https:\/\/www.2020spaces.com\/fr\/2020-knowledge-center\/#primaryimage\"},\"image\":{\"@id\":\"https:\/\/www.2020spaces.com\/fr\/2020-knowledge-center\/#primaryimage\"},\"thumbnailUrl\":\"https:\/\/www.2020spaces.com\/wp-content\/uploads\/2020\/04\/Featured_400x323_KnowledgeCenter_202004.jpg\",\"datePublished\":\"2017-06-14T20:32:47+00:00\",\"dateModified\":\"2022-03-01T13:34:15+00:00\",\"description\":\"Obtenez des r\u00e9ponses rapides en consultant la base de connaissance. D\u00e9couvrez les logiciels d\u2019am\u00e9nagement int\u00e9rieur et de plan de maison 2020.\u00a0\",\"breadcrumb\":{\"@id\":\"https:\/\/www.2020spaces.com\/fr\/2020-knowledge-center\/#breadcrumb\"},\"inLanguage\":\"fr-FR\",\"potentialAction\":[{\"@type\":\"ReadAction\",\"target\":[\"https:\/\/www.2020spaces.com\/fr\/2020-knowledge-center\/\"]}]},{\"@type\":\"ImageObject\",\"inLanguage\":\"fr-FR\",\"@id\":\"https:\/\/www.2020spaces.com\/fr\/2020-knowledge-center\/#primaryimage\",\"url\":\"https:\/\/www.2020spaces.com\/wp-content\/uploads\/2020\/04\/Featured_400x323_KnowledgeCenter_202004.jpg\",\"contentUrl\":\"https:\/\/www.2020spaces.com\/wp-content\/uploads\/2020\/04\/Featured_400x323_KnowledgeCenter_202004.jpg\",\"width\":400,\"height\":323,\"caption\":\"2020 Knowledge Center\"},{\"@type\":\"BreadcrumbList\",\"@id\":\"https:\/\/www.2020spaces.com\/fr\/2020-knowledge-center\/#breadcrumb\",\"itemListElement\":[{\"@type\":\"ListItem\",\"position\":1,\"name\":\"Home\",\"item\":\"https:\/\/www.2020spaces.com\/fr\/accueil-2-2\/\"},{\"@type\":\"ListItem\",\"position\":2,\"name\":\"2020 Knowledge Center\"}]},{\"@type\":\"WebSite\",\"@id\":\"https:\/\/www.2020spaces.com\/#website\",\"url\":\"https:\/\/www.2020spaces.com\/\",\"name\":\"2020\",\"description\":\"Making Spaces for Life\u2122\",\"potentialAction\":[{\"@type\":\"SearchAction\",\"target\":{\"@type\":\"EntryPoint\",\"urlTemplate\":\"https:\/\/www.2020spaces.com\/?s={search_term_string}\"},\"query-input\":{\"@type\":\"PropertyValueSpecification\",\"valueRequired\":true,\"valueName\":\"search_term_string\"}}],\"inLanguage\":\"fr-FR\"}]}<\/script>\n<!-- \/ Yoast SEO Premium plugin. -->","yoast_head_json":{"title":"Base de connaissance | 2020 Spaces","description":"Obtenez des r\u00e9ponses rapides en consultant la base de connaissance. D\u00e9couvrez les logiciels d\u2019am\u00e9nagement int\u00e9rieur et de plan de maison 2020.\u00a0","robots":{"index":"index","follow":"follow","max-snippet":"max-snippet:-1","max-image-preview":"max-image-preview:large","max-video-preview":"max-video-preview:-1"},"canonical":"https:\/\/www.2020spaces.com\/fr\/2020-knowledge-center\/","og_locale":"fr_FR","og_type":"article","og_title":"2020 Knowledge Center","og_description":"Obtenez des r\u00e9ponses rapides en consultant la base de connaissance. D\u00e9couvrez les logiciels d\u2019am\u00e9nagement int\u00e9rieur et de plan de maison 2020.\u00a0","og_url":"https:\/\/www.2020spaces.com\/fr\/2020-knowledge-center\/","og_site_name":"2020","article_publisher":"https:\/\/www.facebook.com\/2020spaces","article_modified_time":"2022-03-01T13:34:15+00:00","og_image":[{"url":"https:\/\/www.2020spaces.com\/wp-content\/uploads\/2020\/04\/Social_1200x630_KnowledgeCenter_202004.jpg","type":"","width":"","height":""}],"twitter_card":"summary_large_image","twitter_image":"https:\/\/www.2020spaces.com\/wp-content\/uploads\/2020\/04\/Social_1200x630_KnowledgeCenter_202004.jpg","twitter_site":"@2020spaces","twitter_misc":{"Dur\u00e9e de lecture estim\u00e9e":"3 minutes"},"schema":{"@context":"https:\/\/schema.org","@graph":[{"@type":"WebPage","@id":"https:\/\/www.2020spaces.com\/fr\/2020-knowledge-center\/","url":"https:\/\/www.2020spaces.com\/fr\/2020-knowledge-center\/","name":"Base de connaissance | 2020 Spaces","isPartOf":{"@id":"https:\/\/www.2020spaces.com\/#website"},"primaryImageOfPage":{"@id":"https:\/\/www.2020spaces.com\/fr\/2020-knowledge-center\/#primaryimage"},"image":{"@id":"https:\/\/www.2020spaces.com\/fr\/2020-knowledge-center\/#primaryimage"},"thumbnailUrl":"https:\/\/www.2020spaces.com\/wp-content\/uploads\/2020\/04\/Featured_400x323_KnowledgeCenter_202004.jpg","datePublished":"2017-06-14T20:32:47+00:00","dateModified":"2022-03-01T13:34:15+00:00","description":"Obtenez des r\u00e9ponses rapides en consultant la base de connaissance. D\u00e9couvrez les logiciels d\u2019am\u00e9nagement int\u00e9rieur et de plan de maison 2020.\u00a0","breadcrumb":{"@id":"https:\/\/www.2020spaces.com\/fr\/2020-knowledge-center\/#breadcrumb"},"inLanguage":"fr-FR","potentialAction":[{"@type":"ReadAction","target":["https:\/\/www.2020spaces.com\/fr\/2020-knowledge-center\/"]}]},{"@type":"ImageObject","inLanguage":"fr-FR","@id":"https:\/\/www.2020spaces.com\/fr\/2020-knowledge-center\/#primaryimage","url":"https:\/\/www.2020spaces.com\/wp-content\/uploads\/2020\/04\/Featured_400x323_KnowledgeCenter_202004.jpg","contentUrl":"https:\/\/www.2020spaces.com\/wp-content\/uploads\/2020\/04\/Featured_400x323_KnowledgeCenter_202004.jpg","width":400,"height":323,"caption":"2020 Knowledge Center"},{"@type":"BreadcrumbList","@id":"https:\/\/www.2020spaces.com\/fr\/2020-knowledge-center\/#breadcrumb","itemListElement":[{"@type":"ListItem","position":1,"name":"Home","item":"https:\/\/www.2020spaces.com\/fr\/accueil-2-2\/"},{"@type":"ListItem","position":2,"name":"2020 Knowledge Center"}]},{"@type":"WebSite","@id":"https:\/\/www.2020spaces.com\/#website","url":"https:\/\/www.2020spaces.com\/","name":"2020","description":"Making Spaces for Life\u2122","potentialAction":[{"@type":"SearchAction","target":{"@type":"EntryPoint","urlTemplate":"https:\/\/www.2020spaces.com\/?s={search_term_string}"},"query-input":{"@type":"PropertyValueSpecification","valueRequired":true,"valueName":"search_term_string"}}],"inLanguage":"fr-FR"}]}},"_links":{"self":[{"href":"https:\/\/www.2020spaces.com\/fr\/wp-json\/wp\/v2\/pages\/168314","targetHints":{"allow":["GET"]}}],"collection":[{"href":"https:\/\/www.2020spaces.com\/fr\/wp-json\/wp\/v2\/pages"}],"about":[{"href":"https:\/\/www.2020spaces.com\/fr\/wp-json\/wp\/v2\/types\/page"}],"author":[{"embeddable":true,"href":"https:\/\/www.2020spaces.com\/fr\/wp-json\/wp\/v2\/users\/1"}],"replies":[{"embeddable":true,"href":"https:\/\/www.2020spaces.com\/fr\/wp-json\/wp\/v2\/comments?post=168314"}],"version-history":[{"count":0,"href":"https:\/\/www.2020spaces.com\/fr\/wp-json\/wp\/v2\/pages\/168314\/revisions"}],"wp:featuredmedia":[{"embeddable":true,"href":"https:\/\/www.2020spaces.com\/fr\/wp-json\/wp\/v2\/media\/279344"}],"wp:attachment":[{"href":"https:\/\/www.2020spaces.com\/fr\/wp-json\/wp\/v2\/media?parent=168314"}],"wp:term":[{"taxonomy":"category","embeddable":true,"href":"https:\/\/www.2020spaces.com\/fr\/wp-json\/wp\/v2\/categories?post=168314"}],"curies":[{"name":"wp","href":"https:\/\/api.w.org\/{rel}","templated":true}]}}