{"id":168326,"date":"2017-11-07T10:12:33","date_gmt":"2017-11-07T15:12:33","guid":{"rendered":"https:\/\/www.2020spaces.com\/?page_id=168326"},"modified":"2024-01-16T17:11:09","modified_gmt":"2024-01-16T22:11:09","slug":"2020design","status":"publish","type":"page","link":"https:\/\/www.2020spaces.com\/fr\/formation\/2020design\/","title":{"rendered":"Formation 2020 Design"},"content":{"rendered":"<div id=\"cs-content\" class=\"cs-content\"><\/div>\n","protected":false},"excerpt":{"rendered":"<p>Prenez une longueur d\u2019avance gr\u00e2ce aux formations 2020 Design &#8211; Canada Tirez profit de votre investissement en exploitant le plein potentiel de 2020&nbsp;Design !Formation pr\u00e9requis Commencez votre apprentissage \u00e0 votre rythme.Formation en ligne Apprenez-en d\u2019avantage avec un cours en ligne.\u200bFormation personnalis\u00e9e Suivez une formation \u00e9labor\u00e9e pour r\u00e9pondre exactement \u00e0 vos &#8230; <\/p>\n<div><a href=\"https:\/\/www.2020spaces.com\/fr\/formation\/2020design\/\" class=\"more-link\">En savoir plus<\/a><\/div>\n","protected":false},"author":1,"featured_media":277534,"parent":168321,"menu_order":0,"comment_status":"closed","ping_status":"closed","template":"template-blank-4.php","meta":{"_bbp_topic_count":0,"_bbp_reply_count":0,"_bbp_total_topic_count":0,"_bbp_total_reply_count":0,"_bbp_voice_count":0,"_bbp_anonymous_reply_count":0,"_bbp_topic_count_hidden":0,"_bbp_reply_count_hidden":0,"_bbp_forum_subforum_count":0,"footnotes":""},"categories":[],"class_list":["post-168326","page","type-page","status-publish","has-post-thumbnail","hentry"],"pp_force_visibility":null,"pp_subpost_visibility":null,"pp_inherited_force_visibility":null,"pp_inherited_subpost_visibility":null,"yoast_head":"<!-- This site is optimized with the Yoast SEO Premium plugin v27.4 (Yoast SEO v27.4) - https:\/\/yoast.com\/product\/yoast-seo-premium-wordpress\/ -->\n<title>Formation 2020 Design | 2020 Spaces<\/title>\n<meta name=\"description\" content=\"D\u00e9couvrez nos formations sur le logiciel 2020 Design. D\u00e9couvrez les logiciels d\u2019am\u00e9nagement int\u00e9rieur et de plan de maison 2020.\u00a0\" \/>\n<meta name=\"robots\" content=\"index, follow, max-snippet:-1, max-image-preview:large, max-video-preview:-1\" \/>\n<link rel=\"canonical\" href=\"https:\/\/www.2020spaces.com\/fr\/formation\/2020design\/\" \/>\n<meta property=\"og:locale\" content=\"fr_FR\" \/>\n<meta property=\"og:type\" content=\"article\" \/>\n<meta property=\"og:title\" content=\"Formation 2020 Design\" \/>\n<meta property=\"og:description\" content=\"D\u00e9couvrez nos formations sur le logiciel 2020 Design. D\u00e9couvrez les logiciels d\u2019am\u00e9nagement int\u00e9rieur et de plan de maison 2020.\u00a0\" \/>\n<meta property=\"og:url\" content=\"https:\/\/www.2020spaces.com\/fr\/formation\/2020design\/\" \/>\n<meta property=\"og:site_name\" content=\"2020\" \/>\n<meta property=\"article:publisher\" content=\"https:\/\/www.facebook.com\/2020spaces\" \/>\n<meta property=\"article:modified_time\" content=\"2024-01-16T22:11:09+00:00\" \/>\n<meta property=\"og:image\" content=\"https:\/\/www.2020spaces.com\/wp-content\/uploads\/2020\/04\/Social_1200x630_Training_DesignOnlineClasses.jpg\" \/>\n<meta name=\"twitter:card\" content=\"summary_large_image\" \/>\n<meta name=\"twitter:image\" content=\"https:\/\/www.2020spaces.com\/wp-content\/uploads\/2020\/04\/Social_1200x630_Training_DesignOnlineClasses.jpg\" \/>\n<meta name=\"twitter:site\" content=\"@2020spaces\" \/>\n<meta name=\"twitter:label1\" content=\"Dur\u00e9e de lecture estim\u00e9e\" \/>\n\t<meta name=\"twitter:data1\" content=\"13 minutes\" \/>\n<script type=\"application\/ld+json\" class=\"yoast-schema-graph\">{\"@context\":\"https:\\\/\\\/schema.org\",\"@graph\":[{\"@type\":\"WebPage\",\"@id\":\"https:\\\/\\\/www.2020spaces.com\\\/fr\\\/formation\\\/2020design\\\/\",\"url\":\"https:\\\/\\\/www.2020spaces.com\\\/fr\\\/formation\\\/2020design\\\/\",\"name\":\"Formation 2020 Design | 2020 Spaces\",\"isPartOf\":{\"@id\":\"https:\\\/\\\/www.2020spaces.com\\\/#website\"},\"primaryImageOfPage\":{\"@id\":\"https:\\\/\\\/www.2020spaces.com\\\/fr\\\/formation\\\/2020design\\\/#primaryimage\"},\"image\":{\"@id\":\"https:\\\/\\\/www.2020spaces.com\\\/fr\\\/formation\\\/2020design\\\/#primaryimage\"},\"thumbnailUrl\":\"https:\\\/\\\/www.2020spaces.com\\\/wp-content\\\/uploads\\\/2020\\\/04\\\/Featured_400x323_Training_DesignOnlineClasses.jpg\",\"datePublished\":\"2017-11-07T15:12:33+00:00\",\"dateModified\":\"2024-01-16T22:11:09+00:00\",\"description\":\"D\u00e9couvrez nos formations sur le logiciel 2020 Design. D\u00e9couvrez les logiciels d\u2019am\u00e9nagement int\u00e9rieur et de plan de maison 2020.\u00a0\",\"breadcrumb\":{\"@id\":\"https:\\\/\\\/www.2020spaces.com\\\/fr\\\/formation\\\/2020design\\\/#breadcrumb\"},\"inLanguage\":\"fr-FR\",\"potentialAction\":[{\"@type\":\"ReadAction\",\"target\":[\"https:\\\/\\\/www.2020spaces.com\\\/fr\\\/formation\\\/2020design\\\/\"]}]},{\"@type\":\"ImageObject\",\"inLanguage\":\"fr-FR\",\"@id\":\"https:\\\/\\\/www.2020spaces.com\\\/fr\\\/formation\\\/2020design\\\/#primaryimage\",\"url\":\"https:\\\/\\\/www.2020spaces.com\\\/wp-content\\\/uploads\\\/2020\\\/04\\\/Featured_400x323_Training_DesignOnlineClasses.jpg\",\"contentUrl\":\"https:\\\/\\\/www.2020spaces.com\\\/wp-content\\\/uploads\\\/2020\\\/04\\\/Featured_400x323_Training_DesignOnlineClasses.jpg\",\"width\":400,\"height\":323,\"caption\":\"2020 Design Training\"},{\"@type\":\"BreadcrumbList\",\"@id\":\"https:\\\/\\\/www.2020spaces.com\\\/fr\\\/formation\\\/2020design\\\/#breadcrumb\",\"itemListElement\":[{\"@type\":\"ListItem\",\"position\":1,\"name\":\"Home\",\"item\":\"https:\\\/\\\/www.2020spaces.com\\\/fr\\\/accueil-2-2\\\/\"},{\"@type\":\"ListItem\",\"position\":2,\"name\":\"Formation 2020\",\"item\":\"https:\\\/\\\/www.2020spaces.com\\\/fr\\\/formation\\\/\"},{\"@type\":\"ListItem\",\"position\":3,\"name\":\"Formation 2020 Design\"}]},{\"@type\":\"WebSite\",\"@id\":\"https:\\\/\\\/www.2020spaces.com\\\/#website\",\"url\":\"https:\\\/\\\/www.2020spaces.com\\\/\",\"name\":\"2020\",\"description\":\"Making Spaces for Life\u2122\",\"potentialAction\":[{\"@type\":\"SearchAction\",\"target\":{\"@type\":\"EntryPoint\",\"urlTemplate\":\"https:\\\/\\\/www.2020spaces.com\\\/?s={search_term_string}\"},\"query-input\":{\"@type\":\"PropertyValueSpecification\",\"valueRequired\":true,\"valueName\":\"search_term_string\"}}],\"inLanguage\":\"fr-FR\"}]}<\/script>\n<!-- \/ Yoast SEO Premium plugin. -->","yoast_head_json":{"title":"Formation 2020 Design | 2020 Spaces","description":"D\u00e9couvrez nos formations sur le logiciel 2020 Design. D\u00e9couvrez les logiciels d\u2019am\u00e9nagement int\u00e9rieur et de plan de maison 2020.\u00a0","robots":{"index":"index","follow":"follow","max-snippet":"max-snippet:-1","max-image-preview":"max-image-preview:large","max-video-preview":"max-video-preview:-1"},"canonical":"https:\/\/www.2020spaces.com\/fr\/formation\/2020design\/","og_locale":"fr_FR","og_type":"article","og_title":"Formation 2020 Design","og_description":"D\u00e9couvrez nos formations sur le logiciel 2020 Design. D\u00e9couvrez les logiciels d\u2019am\u00e9nagement int\u00e9rieur et de plan de maison 2020.\u00a0","og_url":"https:\/\/www.2020spaces.com\/fr\/formation\/2020design\/","og_site_name":"2020","article_publisher":"https:\/\/www.facebook.com\/2020spaces","article_modified_time":"2024-01-16T22:11:09+00:00","og_image":[{"url":"https:\/\/www.2020spaces.com\/wp-content\/uploads\/2020\/04\/Social_1200x630_Training_DesignOnlineClasses.jpg","type":"","width":"","height":""}],"twitter_card":"summary_large_image","twitter_image":"https:\/\/www.2020spaces.com\/wp-content\/uploads\/2020\/04\/Social_1200x630_Training_DesignOnlineClasses.jpg","twitter_site":"@2020spaces","twitter_misc":{"Dur\u00e9e de lecture estim\u00e9e":"13 minutes"},"schema":{"@context":"https:\/\/schema.org","@graph":[{"@type":"WebPage","@id":"https:\/\/www.2020spaces.com\/fr\/formation\/2020design\/","url":"https:\/\/www.2020spaces.com\/fr\/formation\/2020design\/","name":"Formation 2020 Design | 2020 Spaces","isPartOf":{"@id":"https:\/\/www.2020spaces.com\/#website"},"primaryImageOfPage":{"@id":"https:\/\/www.2020spaces.com\/fr\/formation\/2020design\/#primaryimage"},"image":{"@id":"https:\/\/www.2020spaces.com\/fr\/formation\/2020design\/#primaryimage"},"thumbnailUrl":"https:\/\/www.2020spaces.com\/wp-content\/uploads\/2020\/04\/Featured_400x323_Training_DesignOnlineClasses.jpg","datePublished":"2017-11-07T15:12:33+00:00","dateModified":"2024-01-16T22:11:09+00:00","description":"D\u00e9couvrez nos formations sur le logiciel 2020 Design. D\u00e9couvrez les logiciels d\u2019am\u00e9nagement int\u00e9rieur et de plan de maison 2020.\u00a0","breadcrumb":{"@id":"https:\/\/www.2020spaces.com\/fr\/formation\/2020design\/#breadcrumb"},"inLanguage":"fr-FR","potentialAction":[{"@type":"ReadAction","target":["https:\/\/www.2020spaces.com\/fr\/formation\/2020design\/"]}]},{"@type":"ImageObject","inLanguage":"fr-FR","@id":"https:\/\/www.2020spaces.com\/fr\/formation\/2020design\/#primaryimage","url":"https:\/\/www.2020spaces.com\/wp-content\/uploads\/2020\/04\/Featured_400x323_Training_DesignOnlineClasses.jpg","contentUrl":"https:\/\/www.2020spaces.com\/wp-content\/uploads\/2020\/04\/Featured_400x323_Training_DesignOnlineClasses.jpg","width":400,"height":323,"caption":"2020 Design Training"},{"@type":"BreadcrumbList","@id":"https:\/\/www.2020spaces.com\/fr\/formation\/2020design\/#breadcrumb","itemListElement":[{"@type":"ListItem","position":1,"name":"Home","item":"https:\/\/www.2020spaces.com\/fr\/accueil-2-2\/"},{"@type":"ListItem","position":2,"name":"Formation 2020","item":"https:\/\/www.2020spaces.com\/fr\/formation\/"},{"@type":"ListItem","position":3,"name":"Formation 2020 Design"}]},{"@type":"WebSite","@id":"https:\/\/www.2020spaces.com\/#website","url":"https:\/\/www.2020spaces.com\/","name":"2020","description":"Making Spaces for Life\u2122","potentialAction":[{"@type":"SearchAction","target":{"@type":"EntryPoint","urlTemplate":"https:\/\/www.2020spaces.com\/?s={search_term_string}"},"query-input":{"@type":"PropertyValueSpecification","valueRequired":true,"valueName":"search_term_string"}}],"inLanguage":"fr-FR"}]}},"_links":{"self":[{"href":"https:\/\/www.2020spaces.com\/fr\/wp-json\/wp\/v2\/pages\/168326","targetHints":{"allow":["GET"]}}],"collection":[{"href":"https:\/\/www.2020spaces.com\/fr\/wp-json\/wp\/v2\/pages"}],"about":[{"href":"https:\/\/www.2020spaces.com\/fr\/wp-json\/wp\/v2\/types\/page"}],"author":[{"embeddable":true,"href":"https:\/\/www.2020spaces.com\/fr\/wp-json\/wp\/v2\/users\/1"}],"replies":[{"embeddable":true,"href":"https:\/\/www.2020spaces.com\/fr\/wp-json\/wp\/v2\/comments?post=168326"}],"version-history":[{"count":0,"href":"https:\/\/www.2020spaces.com\/fr\/wp-json\/wp\/v2\/pages\/168326\/revisions"}],"up":[{"embeddable":true,"href":"https:\/\/www.2020spaces.com\/fr\/wp-json\/wp\/v2\/pages\/168321"}],"wp:featuredmedia":[{"embeddable":true,"href":"https:\/\/www.2020spaces.com\/fr\/wp-json\/wp\/v2\/media\/277534"}],"wp:attachment":[{"href":"https:\/\/www.2020spaces.com\/fr\/wp-json\/wp\/v2\/media?parent=168326"}],"wp:term":[{"taxonomy":"category","embeddable":true,"href":"https:\/\/www.2020spaces.com\/fr\/wp-json\/wp\/v2\/categories?post=168326"}],"curies":[{"name":"wp","href":"https:\/\/api.w.org\/{rel}","templated":true}]}}