{"id":187351,"date":"2017-11-16T16:01:23","date_gmt":"2017-11-16T21:01:23","guid":{"rendered":"https:\/\/www.2020spaces.com\/formation\/2020-design-training\/classroom-training\/"},"modified":"2025-01-10T16:11:54","modified_gmt":"2025-01-10T21:11:54","slug":"formation-en-classe","status":"publish","type":"page","link":"https:\/\/www.2020spaces.com\/fr\/formation\/2020design\/formation-en-classe\/","title":{"rendered":"2020 Design Formation en classe"},"content":{"rendered":"<div id=\"cs-content\" class=\"cs-content\"><\/div>\n","protected":false},"excerpt":{"rendered":"<p>&nbsp;2020 Design Live Apprendre avec un formateur Notre \u00e9quipe de formateurs professionnels vous guidera progressivement dans le processus d\u2019\u00e9laboration de plans dans 2020 Design Live. &nbsp;Level 101 Design FundamentalsLevel 201 Advanced 2020 DesignBundle OfferNiveau\u00a0101\u00a0: 2020\u00a0Design Les Fondamentaux\u00c0 propos du niveau\u00a0101: \u00cates-vous un nouvel utilisateur de 2020\u00a0Design Live ou l\u2019avez-vous r\u00e9cemment &#8230; <\/p>\n<div><a href=\"https:\/\/www.2020spaces.com\/fr\/formation\/2020design\/formation-en-classe\/\" class=\"more-link\">En savoir plus<\/a><\/div>\n","protected":false},"author":1,"featured_media":277534,"parent":168326,"menu_order":0,"comment_status":"closed","ping_status":"closed","template":"template-blank-4.php","meta":{"_bbp_topic_count":0,"_bbp_reply_count":0,"_bbp_total_topic_count":0,"_bbp_total_reply_count":0,"_bbp_voice_count":0,"_bbp_anonymous_reply_count":0,"_bbp_topic_count_hidden":0,"_bbp_reply_count_hidden":0,"_bbp_forum_subforum_count":0,"footnotes":""},"categories":[],"class_list":["post-187351","page","type-page","status-publish","has-post-thumbnail","hentry"],"pp_force_visibility":null,"pp_subpost_visibility":null,"pp_inherited_force_visibility":null,"pp_inherited_subpost_visibility":null,"yoast_head":"<!-- This site is optimized with the Yoast SEO Premium plugin v27.4 (Yoast SEO v27.4) - https:\/\/yoast.com\/product\/yoast-seo-premium-wordpress\/ -->\n<title>2020 Design Formation en classe<\/title>\n<meta name=\"description\" content=\"La formation en classe 2020 Design vous permet de sortir du bureau, de vous \u00e9loigner de votre t\u00e9l\u00e9phone et de vous concentrer\" \/>\n<meta name=\"robots\" content=\"index, follow, max-snippet:-1, max-image-preview:large, max-video-preview:-1\" \/>\n<link rel=\"canonical\" href=\"https:\/\/www.2020spaces.com\/fr\/formation\/2020design\/formation-en-classe\/\" \/>\n<meta property=\"og:locale\" content=\"fr_FR\" \/>\n<meta property=\"og:type\" content=\"article\" \/>\n<meta property=\"og:title\" content=\"2020 Design Classroom Training\" \/>\n<meta property=\"og:description\" content=\"Become a 2020 Design expert with classroom training that gets you out of the office and allows you to concentrate in a dedicated learning environment.\" \/>\n<meta property=\"og:url\" content=\"https:\/\/www.2020spaces.com\/fr\/formation\/2020design\/formation-en-classe\/\" \/>\n<meta property=\"og:site_name\" content=\"2020\" \/>\n<meta property=\"article:publisher\" content=\"https:\/\/www.facebook.com\/2020spaces\" \/>\n<meta property=\"article:modified_time\" content=\"2025-01-10T21:11:54+00:00\" \/>\n<meta property=\"og:image\" content=\"https:\/\/www.2020spaces.com\/wp-content\/uploads\/2017\/12\/banner_training_1920x1080_v2.jpg\" \/>\n\t<meta property=\"og:image:width\" content=\"1920\" \/>\n\t<meta property=\"og:image:height\" content=\"1080\" \/>\n\t<meta property=\"og:image:type\" content=\"image\/jpeg\" \/>\n<meta name=\"twitter:card\" content=\"summary_large_image\" \/>\n<meta name=\"twitter:title\" content=\"2020 Design Formation en classe\" \/>\n<meta name=\"twitter:image\" content=\"https:\/\/www.2020spaces.com\/wp-content\/uploads\/2020\/04\/Social_1200x630_Training_DesignOnlineClasses.jpg\" \/>\n<meta name=\"twitter:site\" content=\"@2020spaces\" \/>\n<meta name=\"twitter:label1\" content=\"Dur\u00e9e de lecture estim\u00e9e\" \/>\n\t<meta name=\"twitter:data1\" content=\"9 minutes\" \/>\n<script type=\"application\/ld+json\" class=\"yoast-schema-graph\">{\"@context\":\"https:\\\/\\\/schema.org\",\"@graph\":[{\"@type\":\"WebPage\",\"@id\":\"https:\\\/\\\/www.2020spaces.com\\\/fr\\\/formation\\\/2020design\\\/formation-en-classe\\\/\",\"url\":\"https:\\\/\\\/www.2020spaces.com\\\/fr\\\/formation\\\/2020design\\\/formation-en-classe\\\/\",\"name\":\"2020 Design Formation en classe\",\"isPartOf\":{\"@id\":\"https:\\\/\\\/www.2020spaces.com\\\/#website\"},\"primaryImageOfPage\":{\"@id\":\"https:\\\/\\\/www.2020spaces.com\\\/fr\\\/formation\\\/2020design\\\/formation-en-classe\\\/#primaryimage\"},\"image\":{\"@id\":\"https:\\\/\\\/www.2020spaces.com\\\/fr\\\/formation\\\/2020design\\\/formation-en-classe\\\/#primaryimage\"},\"thumbnailUrl\":\"https:\\\/\\\/www.2020spaces.com\\\/wp-content\\\/uploads\\\/2020\\\/04\\\/Featured_400x323_Training_DesignOnlineClasses.jpg\",\"datePublished\":\"2017-11-16T21:01:23+00:00\",\"dateModified\":\"2025-01-10T21:11:54+00:00\",\"description\":\"La formation en classe 2020 Design vous permet de sortir du bureau, de vous \u00e9loigner de votre t\u00e9l\u00e9phone et de vous concentrer\",\"breadcrumb\":{\"@id\":\"https:\\\/\\\/www.2020spaces.com\\\/fr\\\/formation\\\/2020design\\\/formation-en-classe\\\/#breadcrumb\"},\"inLanguage\":\"fr-FR\",\"potentialAction\":[{\"@type\":\"ReadAction\",\"target\":[\"https:\\\/\\\/www.2020spaces.com\\\/fr\\\/formation\\\/2020design\\\/formation-en-classe\\\/\"]}]},{\"@type\":\"ImageObject\",\"inLanguage\":\"fr-FR\",\"@id\":\"https:\\\/\\\/www.2020spaces.com\\\/fr\\\/formation\\\/2020design\\\/formation-en-classe\\\/#primaryimage\",\"url\":\"https:\\\/\\\/www.2020spaces.com\\\/wp-content\\\/uploads\\\/2020\\\/04\\\/Featured_400x323_Training_DesignOnlineClasses.jpg\",\"contentUrl\":\"https:\\\/\\\/www.2020spaces.com\\\/wp-content\\\/uploads\\\/2020\\\/04\\\/Featured_400x323_Training_DesignOnlineClasses.jpg\",\"width\":400,\"height\":323,\"caption\":\"2020 Design Training\"},{\"@type\":\"BreadcrumbList\",\"@id\":\"https:\\\/\\\/www.2020spaces.com\\\/fr\\\/formation\\\/2020design\\\/formation-en-classe\\\/#breadcrumb\",\"itemListElement\":[{\"@type\":\"ListItem\",\"position\":1,\"name\":\"Home\",\"item\":\"https:\\\/\\\/www.2020spaces.com\\\/fr\\\/accueil-2-2\\\/\"},{\"@type\":\"ListItem\",\"position\":2,\"name\":\"Formation 2020\",\"item\":\"https:\\\/\\\/www.2020spaces.com\\\/fr\\\/formation\\\/\"},{\"@type\":\"ListItem\",\"position\":3,\"name\":\"Formation 2020 Design\",\"item\":\"https:\\\/\\\/www.2020spaces.com\\\/fr\\\/formation\\\/2020design\\\/\"},{\"@type\":\"ListItem\",\"position\":4,\"name\":\"2020 Design Formation en classe\"}]},{\"@type\":\"WebSite\",\"@id\":\"https:\\\/\\\/www.2020spaces.com\\\/#website\",\"url\":\"https:\\\/\\\/www.2020spaces.com\\\/\",\"name\":\"2020\",\"description\":\"Making Spaces for Life\u2122\",\"potentialAction\":[{\"@type\":\"SearchAction\",\"target\":{\"@type\":\"EntryPoint\",\"urlTemplate\":\"https:\\\/\\\/www.2020spaces.com\\\/?s={search_term_string}\"},\"query-input\":{\"@type\":\"PropertyValueSpecification\",\"valueRequired\":true,\"valueName\":\"search_term_string\"}}],\"inLanguage\":\"fr-FR\"}]}<\/script>\n<!-- \/ Yoast SEO Premium plugin. -->","yoast_head_json":{"title":"2020 Design Formation en classe","description":"La formation en classe 2020 Design vous permet de sortir du bureau, de vous \u00e9loigner de votre t\u00e9l\u00e9phone et de vous concentrer","robots":{"index":"index","follow":"follow","max-snippet":"max-snippet:-1","max-image-preview":"max-image-preview:large","max-video-preview":"max-video-preview:-1"},"canonical":"https:\/\/www.2020spaces.com\/fr\/formation\/2020design\/formation-en-classe\/","og_locale":"fr_FR","og_type":"article","og_title":"2020 Design Classroom Training","og_description":"Become a 2020 Design expert with classroom training that gets you out of the office and allows you to concentrate in a dedicated learning environment.","og_url":"https:\/\/www.2020spaces.com\/fr\/formation\/2020design\/formation-en-classe\/","og_site_name":"2020","article_publisher":"https:\/\/www.facebook.com\/2020spaces","article_modified_time":"2025-01-10T21:11:54+00:00","og_image":[{"width":1920,"height":1080,"url":"https:\/\/www.2020spaces.com\/wp-content\/uploads\/2017\/12\/banner_training_1920x1080_v2.jpg","type":"image\/jpeg"}],"twitter_card":"summary_large_image","twitter_title":"2020 Design Formation en classe","twitter_image":"https:\/\/www.2020spaces.com\/wp-content\/uploads\/2020\/04\/Social_1200x630_Training_DesignOnlineClasses.jpg","twitter_site":"@2020spaces","twitter_misc":{"Dur\u00e9e de lecture estim\u00e9e":"9 minutes"},"schema":{"@context":"https:\/\/schema.org","@graph":[{"@type":"WebPage","@id":"https:\/\/www.2020spaces.com\/fr\/formation\/2020design\/formation-en-classe\/","url":"https:\/\/www.2020spaces.com\/fr\/formation\/2020design\/formation-en-classe\/","name":"2020 Design Formation en classe","isPartOf":{"@id":"https:\/\/www.2020spaces.com\/#website"},"primaryImageOfPage":{"@id":"https:\/\/www.2020spaces.com\/fr\/formation\/2020design\/formation-en-classe\/#primaryimage"},"image":{"@id":"https:\/\/www.2020spaces.com\/fr\/formation\/2020design\/formation-en-classe\/#primaryimage"},"thumbnailUrl":"https:\/\/www.2020spaces.com\/wp-content\/uploads\/2020\/04\/Featured_400x323_Training_DesignOnlineClasses.jpg","datePublished":"2017-11-16T21:01:23+00:00","dateModified":"2025-01-10T21:11:54+00:00","description":"La formation en classe 2020 Design vous permet de sortir du bureau, de vous \u00e9loigner de votre t\u00e9l\u00e9phone et de vous concentrer","breadcrumb":{"@id":"https:\/\/www.2020spaces.com\/fr\/formation\/2020design\/formation-en-classe\/#breadcrumb"},"inLanguage":"fr-FR","potentialAction":[{"@type":"ReadAction","target":["https:\/\/www.2020spaces.com\/fr\/formation\/2020design\/formation-en-classe\/"]}]},{"@type":"ImageObject","inLanguage":"fr-FR","@id":"https:\/\/www.2020spaces.com\/fr\/formation\/2020design\/formation-en-classe\/#primaryimage","url":"https:\/\/www.2020spaces.com\/wp-content\/uploads\/2020\/04\/Featured_400x323_Training_DesignOnlineClasses.jpg","contentUrl":"https:\/\/www.2020spaces.com\/wp-content\/uploads\/2020\/04\/Featured_400x323_Training_DesignOnlineClasses.jpg","width":400,"height":323,"caption":"2020 Design Training"},{"@type":"BreadcrumbList","@id":"https:\/\/www.2020spaces.com\/fr\/formation\/2020design\/formation-en-classe\/#breadcrumb","itemListElement":[{"@type":"ListItem","position":1,"name":"Home","item":"https:\/\/www.2020spaces.com\/fr\/accueil-2-2\/"},{"@type":"ListItem","position":2,"name":"Formation 2020","item":"https:\/\/www.2020spaces.com\/fr\/formation\/"},{"@type":"ListItem","position":3,"name":"Formation 2020 Design","item":"https:\/\/www.2020spaces.com\/fr\/formation\/2020design\/"},{"@type":"ListItem","position":4,"name":"2020 Design Formation en classe"}]},{"@type":"WebSite","@id":"https:\/\/www.2020spaces.com\/#website","url":"https:\/\/www.2020spaces.com\/","name":"2020","description":"Making Spaces for Life\u2122","potentialAction":[{"@type":"SearchAction","target":{"@type":"EntryPoint","urlTemplate":"https:\/\/www.2020spaces.com\/?s={search_term_string}"},"query-input":{"@type":"PropertyValueSpecification","valueRequired":true,"valueName":"search_term_string"}}],"inLanguage":"fr-FR"}]}},"_links":{"self":[{"href":"https:\/\/www.2020spaces.com\/fr\/wp-json\/wp\/v2\/pages\/187351","targetHints":{"allow":["GET"]}}],"collection":[{"href":"https:\/\/www.2020spaces.com\/fr\/wp-json\/wp\/v2\/pages"}],"about":[{"href":"https:\/\/www.2020spaces.com\/fr\/wp-json\/wp\/v2\/types\/page"}],"author":[{"embeddable":true,"href":"https:\/\/www.2020spaces.com\/fr\/wp-json\/wp\/v2\/users\/1"}],"replies":[{"embeddable":true,"href":"https:\/\/www.2020spaces.com\/fr\/wp-json\/wp\/v2\/comments?post=187351"}],"version-history":[{"count":0,"href":"https:\/\/www.2020spaces.com\/fr\/wp-json\/wp\/v2\/pages\/187351\/revisions"}],"up":[{"embeddable":true,"href":"https:\/\/www.2020spaces.com\/fr\/wp-json\/wp\/v2\/pages\/168326"}],"wp:featuredmedia":[{"embeddable":true,"href":"https:\/\/www.2020spaces.com\/fr\/wp-json\/wp\/v2\/media\/277534"}],"wp:attachment":[{"href":"https:\/\/www.2020spaces.com\/fr\/wp-json\/wp\/v2\/media?parent=187351"}],"wp:term":[{"taxonomy":"category","embeddable":true,"href":"https:\/\/www.2020spaces.com\/fr\/wp-json\/wp\/v2\/categories?post=187351"}],"curies":[{"name":"wp","href":"https:\/\/api.w.org\/{rel}","templated":true}]}}