{"id":191877,"date":"2018-12-14T11:07:57","date_gmt":"2018-12-14T16:07:57","guid":{"rendered":"https:\/\/www.2020spaces.com\/?page_id=191877"},"modified":"2023-08-21T09:45:45","modified_gmt":"2023-08-21T13:45:45","slug":"2020-design-line","status":"publish","type":"page","link":"https:\/\/www.2020spaces.com\/fr\/formation\/2020-design-line\/","title":{"rendered":"2020 Design Line"},"content":{"rendered":"<div id=\"cs-content\" class=\"cs-content\"><\/div>\n","protected":false},"excerpt":{"rendered":"<p>Prenez une longueur d&rsquo;avance gr\u00e2ce aux formations 2020 Design Line. \u200bTirez profit de votre investissement en exploitant le potentiel de la suite de logiciels Design Line.\u200b\u200bChoisissez votre logiciel 2020 Design Line2020 DesignApprenez \u00e0 cr\u00e9er des plans efficacement gr\u00e2ce \u00e0 2020 Design. \u200b&nbsp; &nbsp;<\/p>\n","protected":false},"author":26709,"featured_media":0,"parent":168321,"menu_order":0,"comment_status":"closed","ping_status":"closed","template":"template-blank-4.php","meta":{"_bbp_topic_count":0,"_bbp_reply_count":0,"_bbp_total_topic_count":0,"_bbp_total_reply_count":0,"_bbp_voice_count":0,"_bbp_anonymous_reply_count":0,"_bbp_topic_count_hidden":0,"_bbp_reply_count_hidden":0,"_bbp_forum_subforum_count":0,"footnotes":""},"categories":[],"class_list":["post-191877","page","type-page","status-publish","hentry","no-post-thumbnail"],"pp_force_visibility":null,"pp_subpost_visibility":null,"pp_inherited_force_visibility":null,"pp_inherited_subpost_visibility":null,"yoast_head":"<!-- This site is optimized with the Yoast SEO Premium plugin v26.7 (Yoast SEO v26.7) - https:\/\/yoast.com\/wordpress\/plugins\/seo\/ -->\n<title>Formation \u2013 2020 Design Line | 2020 Spaces<\/title>\n<meta name=\"description\" content=\"Prenez une longueur d\u2019avance gr\u00e2ce aux formations 2020 Design Line. \u200bTirez profit de votre investissement en exploitant le potentiel\" \/>\n<meta name=\"robots\" content=\"index, follow, max-snippet:-1, max-image-preview:large, max-video-preview:-1\" \/>\n<link rel=\"canonical\" href=\"https:\/\/www.2020spaces.com\/fr\/formation\/2020-design-line\/\" \/>\n<meta property=\"og:locale\" content=\"fr_FR\" \/>\n<meta property=\"og:type\" content=\"article\" \/>\n<meta property=\"og:title\" content=\"2020 Design Line\" \/>\n<meta property=\"og:description\" content=\"Prenez une longueur d\u2019avance gr\u00e2ce aux formations 2020 Design Line. \u200bTirez profit de votre investissement en exploitant le potentiel\" \/>\n<meta property=\"og:url\" content=\"https:\/\/www.2020spaces.com\/fr\/formation\/2020-design-line\/\" \/>\n<meta property=\"og:site_name\" content=\"2020\" \/>\n<meta property=\"article:publisher\" content=\"https:\/\/www.facebook.com\/2020spaces\" \/>\n<meta property=\"article:modified_time\" content=\"2023-08-21T13:45:45+00:00\" \/>\n<meta name=\"twitter:card\" content=\"summary_large_image\" \/>\n<meta name=\"twitter:site\" content=\"@2020spaces\" \/>\n<meta name=\"twitter:label1\" content=\"Dur\u00e9e de lecture estim\u00e9e\" \/>\n\t<meta name=\"twitter:data1\" content=\"2 minutes\" \/>\n<script type=\"application\/ld+json\" class=\"yoast-schema-graph\">{\"@context\":\"https:\/\/schema.org\",\"@graph\":[{\"@type\":\"WebPage\",\"@id\":\"https:\/\/www.2020spaces.com\/fr\/formation\/2020-design-line\/\",\"url\":\"https:\/\/www.2020spaces.com\/fr\/formation\/2020-design-line\/\",\"name\":\"Formation \u2013 2020 Design Line | 2020 Spaces\",\"isPartOf\":{\"@id\":\"https:\/\/www.2020spaces.com\/#website\"},\"datePublished\":\"2018-12-14T16:07:57+00:00\",\"dateModified\":\"2023-08-21T13:45:45+00:00\",\"description\":\"Prenez une longueur d\u2019avance gr\u00e2ce aux formations 2020 Design Line. \u200bTirez profit de votre investissement en exploitant le potentiel\",\"breadcrumb\":{\"@id\":\"https:\/\/www.2020spaces.com\/fr\/formation\/2020-design-line\/#breadcrumb\"},\"inLanguage\":\"fr-FR\",\"potentialAction\":[{\"@type\":\"ReadAction\",\"target\":[\"https:\/\/www.2020spaces.com\/fr\/formation\/2020-design-line\/\"]}]},{\"@type\":\"BreadcrumbList\",\"@id\":\"https:\/\/www.2020spaces.com\/fr\/formation\/2020-design-line\/#breadcrumb\",\"itemListElement\":[{\"@type\":\"ListItem\",\"position\":1,\"name\":\"Home\",\"item\":\"https:\/\/www.2020spaces.com\/fr\/accueil-2-2\/\"},{\"@type\":\"ListItem\",\"position\":2,\"name\":\"Formation 2020\",\"item\":\"https:\/\/www.2020spaces.com\/fr\/formation\/\"},{\"@type\":\"ListItem\",\"position\":3,\"name\":\"2020 Design Line\"}]},{\"@type\":\"WebSite\",\"@id\":\"https:\/\/www.2020spaces.com\/#website\",\"url\":\"https:\/\/www.2020spaces.com\/\",\"name\":\"2020\",\"description\":\"Making Spaces for Life\u2122\",\"potentialAction\":[{\"@type\":\"SearchAction\",\"target\":{\"@type\":\"EntryPoint\",\"urlTemplate\":\"https:\/\/www.2020spaces.com\/?s={search_term_string}\"},\"query-input\":{\"@type\":\"PropertyValueSpecification\",\"valueRequired\":true,\"valueName\":\"search_term_string\"}}],\"inLanguage\":\"fr-FR\"}]}<\/script>\n<!-- \/ Yoast SEO Premium plugin. -->","yoast_head_json":{"title":"Formation \u2013 2020 Design Line | 2020 Spaces","description":"Prenez une longueur d\u2019avance gr\u00e2ce aux formations 2020 Design Line. \u200bTirez profit de votre investissement en exploitant le potentiel","robots":{"index":"index","follow":"follow","max-snippet":"max-snippet:-1","max-image-preview":"max-image-preview:large","max-video-preview":"max-video-preview:-1"},"canonical":"https:\/\/www.2020spaces.com\/fr\/formation\/2020-design-line\/","og_locale":"fr_FR","og_type":"article","og_title":"2020 Design Line","og_description":"Prenez une longueur d\u2019avance gr\u00e2ce aux formations 2020 Design Line. \u200bTirez profit de votre investissement en exploitant le potentiel","og_url":"https:\/\/www.2020spaces.com\/fr\/formation\/2020-design-line\/","og_site_name":"2020","article_publisher":"https:\/\/www.facebook.com\/2020spaces","article_modified_time":"2023-08-21T13:45:45+00:00","twitter_card":"summary_large_image","twitter_site":"@2020spaces","twitter_misc":{"Dur\u00e9e de lecture estim\u00e9e":"2 minutes"},"schema":{"@context":"https:\/\/schema.org","@graph":[{"@type":"WebPage","@id":"https:\/\/www.2020spaces.com\/fr\/formation\/2020-design-line\/","url":"https:\/\/www.2020spaces.com\/fr\/formation\/2020-design-line\/","name":"Formation \u2013 2020 Design Line | 2020 Spaces","isPartOf":{"@id":"https:\/\/www.2020spaces.com\/#website"},"datePublished":"2018-12-14T16:07:57+00:00","dateModified":"2023-08-21T13:45:45+00:00","description":"Prenez une longueur d\u2019avance gr\u00e2ce aux formations 2020 Design Line. \u200bTirez profit de votre investissement en exploitant le potentiel","breadcrumb":{"@id":"https:\/\/www.2020spaces.com\/fr\/formation\/2020-design-line\/#breadcrumb"},"inLanguage":"fr-FR","potentialAction":[{"@type":"ReadAction","target":["https:\/\/www.2020spaces.com\/fr\/formation\/2020-design-line\/"]}]},{"@type":"BreadcrumbList","@id":"https:\/\/www.2020spaces.com\/fr\/formation\/2020-design-line\/#breadcrumb","itemListElement":[{"@type":"ListItem","position":1,"name":"Home","item":"https:\/\/www.2020spaces.com\/fr\/accueil-2-2\/"},{"@type":"ListItem","position":2,"name":"Formation 2020","item":"https:\/\/www.2020spaces.com\/fr\/formation\/"},{"@type":"ListItem","position":3,"name":"2020 Design Line"}]},{"@type":"WebSite","@id":"https:\/\/www.2020spaces.com\/#website","url":"https:\/\/www.2020spaces.com\/","name":"2020","description":"Making Spaces for Life\u2122","potentialAction":[{"@type":"SearchAction","target":{"@type":"EntryPoint","urlTemplate":"https:\/\/www.2020spaces.com\/?s={search_term_string}"},"query-input":{"@type":"PropertyValueSpecification","valueRequired":true,"valueName":"search_term_string"}}],"inLanguage":"fr-FR"}]}},"_links":{"self":[{"href":"https:\/\/www.2020spaces.com\/fr\/wp-json\/wp\/v2\/pages\/191877","targetHints":{"allow":["GET"]}}],"collection":[{"href":"https:\/\/www.2020spaces.com\/fr\/wp-json\/wp\/v2\/pages"}],"about":[{"href":"https:\/\/www.2020spaces.com\/fr\/wp-json\/wp\/v2\/types\/page"}],"author":[{"embeddable":true,"href":"https:\/\/www.2020spaces.com\/fr\/wp-json\/wp\/v2\/users\/26709"}],"replies":[{"embeddable":true,"href":"https:\/\/www.2020spaces.com\/fr\/wp-json\/wp\/v2\/comments?post=191877"}],"version-history":[{"count":0,"href":"https:\/\/www.2020spaces.com\/fr\/wp-json\/wp\/v2\/pages\/191877\/revisions"}],"up":[{"embeddable":true,"href":"https:\/\/www.2020spaces.com\/fr\/wp-json\/wp\/v2\/pages\/168321"}],"wp:attachment":[{"href":"https:\/\/www.2020spaces.com\/fr\/wp-json\/wp\/v2\/media?parent=191877"}],"wp:term":[{"taxonomy":"category","embeddable":true,"href":"https:\/\/www.2020spaces.com\/fr\/wp-json\/wp\/v2\/categories?post=191877"}],"curies":[{"name":"wp","href":"https:\/\/api.w.org\/{rel}","templated":true}]}}