{"id":194287,"date":"2018-03-26T10:06:22","date_gmt":"2018-03-26T14:06:22","guid":{"rendered":"https:\/\/www.2020spaces.com\/ebook-interior-design-marketing-strategies\/"},"modified":"2022-11-07T14:34:17","modified_gmt":"2022-11-07T19:34:17","slug":"ebook-strategies-marketing-entreprise-design-interieur","status":"publish","type":"page","link":"https:\/\/www.2020spaces.com\/fr\/ebook-strategies-marketing-entreprise-design-interieur\/","title":{"rendered":"[Livre num\u00e9rique gratuit] Strat\u00e9gies de marketing pour votre entreprise de design d\u2019int\u00e9rieur"},"content":{"rendered":"<div id=\"cs-content\" class=\"cs-content\"><\/div>\n","protected":false},"excerpt":{"rendered":"<p>[Livre num\u00e9rique gratuit] Strat\u00e9gies et astuces de marketing pour votre entreprise de design d\u2019int\u00e9rieur Les strat\u00e9gies de marketing de votre entreprise de design d\u2019int\u00e9rieur visent \u00e0 attirer l\u2019attention de vos prospects sur vos services, votre image de marque et, si vous \u00eates un designer ind\u00e9pendant, sur vous-m\u00eame. Pourtant, les techniques &#8230; <\/p>\n<div><a href=\"https:\/\/www.2020spaces.com\/fr\/ebook-strategies-marketing-entreprise-design-interieur\/\" class=\"more-link\">En savoir plus<\/a><\/div>\n","protected":false},"author":1,"featured_media":177926,"parent":0,"menu_order":0,"comment_status":"closed","ping_status":"closed","template":"template-blank-4.php","meta":{"_bbp_topic_count":0,"_bbp_reply_count":0,"_bbp_total_topic_count":0,"_bbp_total_reply_count":0,"_bbp_voice_count":0,"_bbp_anonymous_reply_count":0,"_bbp_topic_count_hidden":0,"_bbp_reply_count_hidden":0,"_bbp_forum_subforum_count":0,"footnotes":""},"categories":[2885,2907,15558],"class_list":["post-194287","page","type-page","status-publish","has-post-thumbnail","hentry","category-2020-design-fr","category-2020-fusion-fr-2","category-ebook-fr"],"pp_force_visibility":null,"pp_subpost_visibility":null,"pp_inherited_force_visibility":null,"pp_inherited_subpost_visibility":null,"yoast_head":"<!-- This site is optimized with the Yoast SEO Premium plugin v27.4 (Yoast SEO v27.4) - https:\/\/yoast.com\/product\/yoast-seo-premium-wordpress\/ -->\n<title>Strat\u00e9gies pour entreprise de design d&#039;int\u00e9rieur | Livre num\u00e9rique<\/title>\n<meta name=\"description\" content=\"T\u00e9l\u00e9chargez l\u2019e-book gratuit et d\u00e9couvrez comment mettre au point les strat\u00e9gies de marketing les plus efficaces pour votre entreprise de design d\u2019int\u00e9rieur.\" \/>\n<meta name=\"robots\" content=\"index, follow, max-snippet:-1, max-image-preview:large, max-video-preview:-1\" \/>\n<link rel=\"canonical\" href=\"https:\/\/www.2020spaces.com\/fr\/ebook-strategies-marketing-entreprise-design-interieur\/\" \/>\n<meta property=\"og:locale\" content=\"fr_FR\" \/>\n<meta property=\"og:type\" content=\"article\" \/>\n<meta property=\"og:title\" content=\"[Free eBook] Interior Design Marketing Strategies for Your Business\" \/>\n<meta property=\"og:description\" content=\"This eBook will cover key points for marketing your interior design services such as website building, social media marketing and advertising. Download your free eBook today!\" \/>\n<meta property=\"og:url\" content=\"https:\/\/www.2020spaces.com\/fr\/ebook-strategies-marketing-entreprise-design-interieur\/\" \/>\n<meta property=\"og:site_name\" content=\"2020\" \/>\n<meta property=\"article:publisher\" content=\"https:\/\/www.facebook.com\/2020spaces\" \/>\n<meta property=\"article:modified_time\" content=\"2022-11-07T19:34:17+00:00\" \/>\n<meta property=\"og:image\" content=\"https:\/\/www.2020spaces.com\/wp-content\/uploads\/2018\/03\/eMain_800x480_Marketing101-1-1.jpg\" \/>\n\t<meta property=\"og:image:width\" content=\"800\" \/>\n\t<meta property=\"og:image:height\" content=\"480\" \/>\n\t<meta property=\"og:image:type\" content=\"image\/jpeg\" \/>\n<meta name=\"twitter:card\" content=\"summary_large_image\" \/>\n<meta name=\"twitter:title\" content=\"[Livre num\u00e9rique gratuit] Strat\u00e9gies de marketing pour votre entreprise de design d\u2019int\u00e9rieur\" \/>\n<meta name=\"twitter:site\" content=\"@2020spaces\" \/>\n<meta name=\"twitter:label1\" content=\"Dur\u00e9e de lecture estim\u00e9e\" \/>\n\t<meta name=\"twitter:data1\" content=\"2 minutes\" \/>\n<script type=\"application\/ld+json\" class=\"yoast-schema-graph\">{\"@context\":\"https:\\\/\\\/schema.org\",\"@graph\":[{\"@type\":\"WebPage\",\"@id\":\"https:\\\/\\\/www.2020spaces.com\\\/fr\\\/ebook-strategies-marketing-entreprise-design-interieur\\\/\",\"url\":\"https:\\\/\\\/www.2020spaces.com\\\/fr\\\/ebook-strategies-marketing-entreprise-design-interieur\\\/\",\"name\":\"Strat\u00e9gies pour entreprise de design d'int\u00e9rieur | Livre num\u00e9rique\",\"isPartOf\":{\"@id\":\"https:\\\/\\\/www.2020spaces.com\\\/#website\"},\"primaryImageOfPage\":{\"@id\":\"https:\\\/\\\/www.2020spaces.com\\\/fr\\\/ebook-strategies-marketing-entreprise-design-interieur\\\/#primaryimage\"},\"image\":{\"@id\":\"https:\\\/\\\/www.2020spaces.com\\\/fr\\\/ebook-strategies-marketing-entreprise-design-interieur\\\/#primaryimage\"},\"thumbnailUrl\":\"https:\\\/\\\/www.2020spaces.com\\\/wp-content\\\/uploads\\\/2018\\\/03\\\/Featured_400x323_Marketing101.jpg\",\"datePublished\":\"2018-03-26T14:06:22+00:00\",\"dateModified\":\"2022-11-07T19:34:17+00:00\",\"description\":\"T\u00e9l\u00e9chargez l\u2019e-book gratuit et d\u00e9couvrez comment mettre au point les strat\u00e9gies de marketing les plus efficaces pour votre entreprise de design d\u2019int\u00e9rieur.\",\"breadcrumb\":{\"@id\":\"https:\\\/\\\/www.2020spaces.com\\\/fr\\\/ebook-strategies-marketing-entreprise-design-interieur\\\/#breadcrumb\"},\"inLanguage\":\"fr-FR\",\"potentialAction\":[{\"@type\":\"ReadAction\",\"target\":[\"https:\\\/\\\/www.2020spaces.com\\\/fr\\\/ebook-strategies-marketing-entreprise-design-interieur\\\/\"]}]},{\"@type\":\"ImageObject\",\"inLanguage\":\"fr-FR\",\"@id\":\"https:\\\/\\\/www.2020spaces.com\\\/fr\\\/ebook-strategies-marketing-entreprise-design-interieur\\\/#primaryimage\",\"url\":\"https:\\\/\\\/www.2020spaces.com\\\/wp-content\\\/uploads\\\/2018\\\/03\\\/Featured_400x323_Marketing101.jpg\",\"contentUrl\":\"https:\\\/\\\/www.2020spaces.com\\\/wp-content\\\/uploads\\\/2018\\\/03\\\/Featured_400x323_Marketing101.jpg\",\"width\":400,\"height\":323,\"caption\":\"Interior Design Marketing Strategies for Your Business\"},{\"@type\":\"BreadcrumbList\",\"@id\":\"https:\\\/\\\/www.2020spaces.com\\\/fr\\\/ebook-strategies-marketing-entreprise-design-interieur\\\/#breadcrumb\",\"itemListElement\":[{\"@type\":\"ListItem\",\"position\":1,\"name\":\"Home\",\"item\":\"https:\\\/\\\/www.2020spaces.com\\\/fr\\\/accueil-2-2\\\/\"},{\"@type\":\"ListItem\",\"position\":2,\"name\":\"[Livre num\u00e9rique gratuit] Strat\u00e9gies de marketing pour votre entreprise de design d\u2019int\u00e9rieur\"}]},{\"@type\":\"WebSite\",\"@id\":\"https:\\\/\\\/www.2020spaces.com\\\/#website\",\"url\":\"https:\\\/\\\/www.2020spaces.com\\\/\",\"name\":\"2020\",\"description\":\"Making Spaces for Life\u2122\",\"potentialAction\":[{\"@type\":\"SearchAction\",\"target\":{\"@type\":\"EntryPoint\",\"urlTemplate\":\"https:\\\/\\\/www.2020spaces.com\\\/?s={search_term_string}\"},\"query-input\":{\"@type\":\"PropertyValueSpecification\",\"valueRequired\":true,\"valueName\":\"search_term_string\"}}],\"inLanguage\":\"fr-FR\"}]}<\/script>\n<!-- \/ Yoast SEO Premium plugin. -->","yoast_head_json":{"title":"Strat\u00e9gies pour entreprise de design d'int\u00e9rieur | Livre num\u00e9rique","description":"T\u00e9l\u00e9chargez l\u2019e-book gratuit et d\u00e9couvrez comment mettre au point les strat\u00e9gies de marketing les plus efficaces pour votre entreprise de design d\u2019int\u00e9rieur.","robots":{"index":"index","follow":"follow","max-snippet":"max-snippet:-1","max-image-preview":"max-image-preview:large","max-video-preview":"max-video-preview:-1"},"canonical":"https:\/\/www.2020spaces.com\/fr\/ebook-strategies-marketing-entreprise-design-interieur\/","og_locale":"fr_FR","og_type":"article","og_title":"[Free eBook] Interior Design Marketing Strategies for Your Business","og_description":"This eBook will cover key points for marketing your interior design services such as website building, social media marketing and advertising. Download your free eBook today!","og_url":"https:\/\/www.2020spaces.com\/fr\/ebook-strategies-marketing-entreprise-design-interieur\/","og_site_name":"2020","article_publisher":"https:\/\/www.facebook.com\/2020spaces","article_modified_time":"2022-11-07T19:34:17+00:00","og_image":[{"width":800,"height":480,"url":"https:\/\/www.2020spaces.com\/wp-content\/uploads\/2018\/03\/eMain_800x480_Marketing101-1-1.jpg","type":"image\/jpeg"}],"twitter_card":"summary_large_image","twitter_title":"[Livre num\u00e9rique gratuit] Strat\u00e9gies de marketing pour votre entreprise de design d\u2019int\u00e9rieur","twitter_site":"@2020spaces","twitter_misc":{"Dur\u00e9e de lecture estim\u00e9e":"2 minutes"},"schema":{"@context":"https:\/\/schema.org","@graph":[{"@type":"WebPage","@id":"https:\/\/www.2020spaces.com\/fr\/ebook-strategies-marketing-entreprise-design-interieur\/","url":"https:\/\/www.2020spaces.com\/fr\/ebook-strategies-marketing-entreprise-design-interieur\/","name":"Strat\u00e9gies pour entreprise de design d'int\u00e9rieur | Livre num\u00e9rique","isPartOf":{"@id":"https:\/\/www.2020spaces.com\/#website"},"primaryImageOfPage":{"@id":"https:\/\/www.2020spaces.com\/fr\/ebook-strategies-marketing-entreprise-design-interieur\/#primaryimage"},"image":{"@id":"https:\/\/www.2020spaces.com\/fr\/ebook-strategies-marketing-entreprise-design-interieur\/#primaryimage"},"thumbnailUrl":"https:\/\/www.2020spaces.com\/wp-content\/uploads\/2018\/03\/Featured_400x323_Marketing101.jpg","datePublished":"2018-03-26T14:06:22+00:00","dateModified":"2022-11-07T19:34:17+00:00","description":"T\u00e9l\u00e9chargez l\u2019e-book gratuit et d\u00e9couvrez comment mettre au point les strat\u00e9gies de marketing les plus efficaces pour votre entreprise de design d\u2019int\u00e9rieur.","breadcrumb":{"@id":"https:\/\/www.2020spaces.com\/fr\/ebook-strategies-marketing-entreprise-design-interieur\/#breadcrumb"},"inLanguage":"fr-FR","potentialAction":[{"@type":"ReadAction","target":["https:\/\/www.2020spaces.com\/fr\/ebook-strategies-marketing-entreprise-design-interieur\/"]}]},{"@type":"ImageObject","inLanguage":"fr-FR","@id":"https:\/\/www.2020spaces.com\/fr\/ebook-strategies-marketing-entreprise-design-interieur\/#primaryimage","url":"https:\/\/www.2020spaces.com\/wp-content\/uploads\/2018\/03\/Featured_400x323_Marketing101.jpg","contentUrl":"https:\/\/www.2020spaces.com\/wp-content\/uploads\/2018\/03\/Featured_400x323_Marketing101.jpg","width":400,"height":323,"caption":"Interior Design Marketing Strategies for Your Business"},{"@type":"BreadcrumbList","@id":"https:\/\/www.2020spaces.com\/fr\/ebook-strategies-marketing-entreprise-design-interieur\/#breadcrumb","itemListElement":[{"@type":"ListItem","position":1,"name":"Home","item":"https:\/\/www.2020spaces.com\/fr\/accueil-2-2\/"},{"@type":"ListItem","position":2,"name":"[Livre num\u00e9rique gratuit] Strat\u00e9gies de marketing pour votre entreprise de design d\u2019int\u00e9rieur"}]},{"@type":"WebSite","@id":"https:\/\/www.2020spaces.com\/#website","url":"https:\/\/www.2020spaces.com\/","name":"2020","description":"Making Spaces for Life\u2122","potentialAction":[{"@type":"SearchAction","target":{"@type":"EntryPoint","urlTemplate":"https:\/\/www.2020spaces.com\/?s={search_term_string}"},"query-input":{"@type":"PropertyValueSpecification","valueRequired":true,"valueName":"search_term_string"}}],"inLanguage":"fr-FR"}]}},"_links":{"self":[{"href":"https:\/\/www.2020spaces.com\/fr\/wp-json\/wp\/v2\/pages\/194287","targetHints":{"allow":["GET"]}}],"collection":[{"href":"https:\/\/www.2020spaces.com\/fr\/wp-json\/wp\/v2\/pages"}],"about":[{"href":"https:\/\/www.2020spaces.com\/fr\/wp-json\/wp\/v2\/types\/page"}],"author":[{"embeddable":true,"href":"https:\/\/www.2020spaces.com\/fr\/wp-json\/wp\/v2\/users\/1"}],"replies":[{"embeddable":true,"href":"https:\/\/www.2020spaces.com\/fr\/wp-json\/wp\/v2\/comments?post=194287"}],"version-history":[{"count":0,"href":"https:\/\/www.2020spaces.com\/fr\/wp-json\/wp\/v2\/pages\/194287\/revisions"}],"wp:featuredmedia":[{"embeddable":true,"href":"https:\/\/www.2020spaces.com\/fr\/wp-json\/wp\/v2\/media\/177926"}],"wp:attachment":[{"href":"https:\/\/www.2020spaces.com\/fr\/wp-json\/wp\/v2\/media?parent=194287"}],"wp:term":[{"taxonomy":"category","embeddable":true,"href":"https:\/\/www.2020spaces.com\/fr\/wp-json\/wp\/v2\/categories?post=194287"}],"curies":[{"name":"wp","href":"https:\/\/api.w.org\/{rel}","templated":true}]}}