{"id":195961,"date":"2016-03-01T10:30:09","date_gmt":"2016-03-01T15:30:09","guid":{"rendered":"https:\/\/www.2020spaces.com\/produits\/2020fusion-fr\/2020-fusion-manufacturer-content\/"},"modified":"2024-01-18T15:46:45","modified_gmt":"2024-01-18T20:46:45","slug":"2020-fusion-catalogue-fabricants","status":"publish","type":"page","link":"https:\/\/www.2020spaces.com\/fr\/produits\/2020fusionlive\/2020-fusion-catalogue-fabricants\/","title":{"rendered":"Catalogues des Fabricants pour 2020 Fusion"},"content":{"rendered":"<div id=\"cs-content\" class=\"cs-content\"><\/div>\n","protected":false},"excerpt":{"rendered":"<p>Catalogues des fabricants Les catalogues des fabricants pour 2020 Fusion Live, le logiciel de cuisine et de salle de bains, donnent aux concepteurs une occasion sans pr\u00e9c\u00e9dent de sp\u00e9cifier et de visualiser des designs avec des produits r\u00e9els. Lorsque vous utilisez les produits de nos catalogues, il vous est facile &#8230; <\/p>\n<div><a href=\"https:\/\/www.2020spaces.com\/fr\/produits\/2020fusionlive\/2020-fusion-catalogue-fabricants\/\" class=\"more-link\">En savoir plus<\/a><\/div>\n","protected":false},"author":5,"featured_media":0,"parent":9441,"menu_order":0,"comment_status":"closed","ping_status":"closed","template":"template-blank-4.php","meta":{"_bbp_topic_count":0,"_bbp_reply_count":0,"_bbp_total_topic_count":0,"_bbp_total_reply_count":0,"_bbp_voice_count":0,"_bbp_anonymous_reply_count":0,"_bbp_topic_count_hidden":0,"_bbp_reply_count_hidden":0,"_bbp_forum_subforum_count":0,"footnotes":""},"categories":[],"class_list":["post-195961","page","type-page","status-publish","hentry","no-post-thumbnail"],"pp_force_visibility":null,"pp_subpost_visibility":null,"pp_inherited_force_visibility":null,"pp_inherited_subpost_visibility":null,"yoast_head":"<!-- This site is optimized with the Yoast SEO Premium plugin v27.4 (Yoast SEO v27.4) - https:\/\/yoast.com\/product\/yoast-seo-premium-wordpress\/ -->\n<title>Catalogues des Fabricants pour 2020 Fusion | 2020 Spaces<\/title>\n<meta name=\"description\" content=\"Les catalogues des fabricants pour 2020 Fusion, le logiciel de cuisine et de salle de bains, donnent aux concepteurs une occasion\" \/>\n<meta name=\"robots\" content=\"index, follow, max-snippet:-1, max-image-preview:large, max-video-preview:-1\" \/>\n<link rel=\"canonical\" href=\"https:\/\/www.2020spaces.com\/fr\/produits\/2020fusionlive\/2020-fusion-catalogue-fabricants\/\" \/>\n<meta property=\"og:locale\" content=\"fr_FR\" \/>\n<meta property=\"og:type\" content=\"article\" \/>\n<meta property=\"og:title\" content=\"Catalogues des Fabricants pour 2020 Fusion\" \/>\n<meta property=\"og:description\" content=\"Les catalogues des fabricants pour 2020 Fusion, le logiciel de cuisine et de salle de bains, donnent aux concepteurs une occasion sans pr\u00e9c\u00e9dent de sp\u00e9cifier et de visualiser des designs avec des produits r\u00e9els.\" \/>\n<meta property=\"og:url\" content=\"https:\/\/www.2020spaces.com\/fr\/produits\/2020fusionlive\/2020-fusion-catalogue-fabricants\/\" \/>\n<meta property=\"og:site_name\" content=\"2020\" \/>\n<meta property=\"article:publisher\" content=\"https:\/\/www.facebook.com\/2020spaces\" \/>\n<meta property=\"article:modified_time\" content=\"2024-01-18T20:46:45+00:00\" \/>\n<meta name=\"twitter:card\" content=\"summary_large_image\" \/>\n<meta name=\"twitter:title\" content=\"Catalogues des Fabricants pour 2020 Fusion\" \/>\n<meta name=\"twitter:site\" content=\"@2020spaces\" \/>\n<meta name=\"twitter:label1\" content=\"Dur\u00e9e de lecture estim\u00e9e\" \/>\n\t<meta name=\"twitter:data1\" content=\"4 minutes\" \/>\n<script type=\"application\/ld+json\" class=\"yoast-schema-graph\">{\"@context\":\"https:\\\/\\\/schema.org\",\"@graph\":[{\"@type\":\"WebPage\",\"@id\":\"https:\\\/\\\/www.2020spaces.com\\\/fr\\\/produits\\\/2020fusionlive\\\/2020-fusion-catalogue-fabricants\\\/\",\"url\":\"https:\\\/\\\/www.2020spaces.com\\\/fr\\\/produits\\\/2020fusionlive\\\/2020-fusion-catalogue-fabricants\\\/\",\"name\":\"Catalogues des Fabricants pour 2020 Fusion | 2020 Spaces\",\"isPartOf\":{\"@id\":\"https:\\\/\\\/www.2020spaces.com\\\/#website\"},\"datePublished\":\"2016-03-01T15:30:09+00:00\",\"dateModified\":\"2024-01-18T20:46:45+00:00\",\"description\":\"Les catalogues des fabricants pour 2020 Fusion, le logiciel de cuisine et de salle de bains, donnent aux concepteurs une occasion\",\"breadcrumb\":{\"@id\":\"https:\\\/\\\/www.2020spaces.com\\\/fr\\\/produits\\\/2020fusionlive\\\/2020-fusion-catalogue-fabricants\\\/#breadcrumb\"},\"inLanguage\":\"fr-FR\",\"potentialAction\":[{\"@type\":\"ReadAction\",\"target\":[\"https:\\\/\\\/www.2020spaces.com\\\/fr\\\/produits\\\/2020fusionlive\\\/2020-fusion-catalogue-fabricants\\\/\"]}]},{\"@type\":\"BreadcrumbList\",\"@id\":\"https:\\\/\\\/www.2020spaces.com\\\/fr\\\/produits\\\/2020fusionlive\\\/2020-fusion-catalogue-fabricants\\\/#breadcrumb\",\"itemListElement\":[{\"@type\":\"ListItem\",\"position\":1,\"name\":\"Home\",\"item\":\"https:\\\/\\\/www.2020spaces.com\\\/fr\\\/accueil-2-2\\\/\"},{\"@type\":\"ListItem\",\"position\":2,\"name\":\"Produits 2020\",\"item\":\"https:\\\/\\\/www.2020spaces.com\\\/fr\\\/produits\\\/\"},{\"@type\":\"ListItem\",\"position\":3,\"name\":\"2020 Fusion\",\"item\":\"https:\\\/\\\/www.2020spaces.com\\\/fr\\\/produits\\\/2020fusionlive\\\/\"},{\"@type\":\"ListItem\",\"position\":4,\"name\":\"Catalogues des Fabricants pour 2020 Fusion\"}]},{\"@type\":\"WebSite\",\"@id\":\"https:\\\/\\\/www.2020spaces.com\\\/#website\",\"url\":\"https:\\\/\\\/www.2020spaces.com\\\/\",\"name\":\"2020\",\"description\":\"Making Spaces for Life\u2122\",\"potentialAction\":[{\"@type\":\"SearchAction\",\"target\":{\"@type\":\"EntryPoint\",\"urlTemplate\":\"https:\\\/\\\/www.2020spaces.com\\\/?s={search_term_string}\"},\"query-input\":{\"@type\":\"PropertyValueSpecification\",\"valueRequired\":true,\"valueName\":\"search_term_string\"}}],\"inLanguage\":\"fr-FR\"}]}<\/script>\n<!-- \/ Yoast SEO Premium plugin. -->","yoast_head_json":{"title":"Catalogues des Fabricants pour 2020 Fusion | 2020 Spaces","description":"Les catalogues des fabricants pour 2020 Fusion, le logiciel de cuisine et de salle de bains, donnent aux concepteurs une occasion","robots":{"index":"index","follow":"follow","max-snippet":"max-snippet:-1","max-image-preview":"max-image-preview:large","max-video-preview":"max-video-preview:-1"},"canonical":"https:\/\/www.2020spaces.com\/fr\/produits\/2020fusionlive\/2020-fusion-catalogue-fabricants\/","og_locale":"fr_FR","og_type":"article","og_title":"Catalogues des Fabricants pour 2020 Fusion","og_description":"Les catalogues des fabricants pour 2020 Fusion, le logiciel de cuisine et de salle de bains, donnent aux concepteurs une occasion sans pr\u00e9c\u00e9dent de sp\u00e9cifier et de visualiser des designs avec des produits r\u00e9els.","og_url":"https:\/\/www.2020spaces.com\/fr\/produits\/2020fusionlive\/2020-fusion-catalogue-fabricants\/","og_site_name":"2020","article_publisher":"https:\/\/www.facebook.com\/2020spaces","article_modified_time":"2024-01-18T20:46:45+00:00","twitter_card":"summary_large_image","twitter_title":"Catalogues des Fabricants pour 2020 Fusion","twitter_site":"@2020spaces","twitter_misc":{"Dur\u00e9e de lecture estim\u00e9e":"4 minutes"},"schema":{"@context":"https:\/\/schema.org","@graph":[{"@type":"WebPage","@id":"https:\/\/www.2020spaces.com\/fr\/produits\/2020fusionlive\/2020-fusion-catalogue-fabricants\/","url":"https:\/\/www.2020spaces.com\/fr\/produits\/2020fusionlive\/2020-fusion-catalogue-fabricants\/","name":"Catalogues des Fabricants pour 2020 Fusion | 2020 Spaces","isPartOf":{"@id":"https:\/\/www.2020spaces.com\/#website"},"datePublished":"2016-03-01T15:30:09+00:00","dateModified":"2024-01-18T20:46:45+00:00","description":"Les catalogues des fabricants pour 2020 Fusion, le logiciel de cuisine et de salle de bains, donnent aux concepteurs une occasion","breadcrumb":{"@id":"https:\/\/www.2020spaces.com\/fr\/produits\/2020fusionlive\/2020-fusion-catalogue-fabricants\/#breadcrumb"},"inLanguage":"fr-FR","potentialAction":[{"@type":"ReadAction","target":["https:\/\/www.2020spaces.com\/fr\/produits\/2020fusionlive\/2020-fusion-catalogue-fabricants\/"]}]},{"@type":"BreadcrumbList","@id":"https:\/\/www.2020spaces.com\/fr\/produits\/2020fusionlive\/2020-fusion-catalogue-fabricants\/#breadcrumb","itemListElement":[{"@type":"ListItem","position":1,"name":"Home","item":"https:\/\/www.2020spaces.com\/fr\/accueil-2-2\/"},{"@type":"ListItem","position":2,"name":"Produits 2020","item":"https:\/\/www.2020spaces.com\/fr\/produits\/"},{"@type":"ListItem","position":3,"name":"2020 Fusion","item":"https:\/\/www.2020spaces.com\/fr\/produits\/2020fusionlive\/"},{"@type":"ListItem","position":4,"name":"Catalogues des Fabricants pour 2020 Fusion"}]},{"@type":"WebSite","@id":"https:\/\/www.2020spaces.com\/#website","url":"https:\/\/www.2020spaces.com\/","name":"2020","description":"Making Spaces for Life\u2122","potentialAction":[{"@type":"SearchAction","target":{"@type":"EntryPoint","urlTemplate":"https:\/\/www.2020spaces.com\/?s={search_term_string}"},"query-input":{"@type":"PropertyValueSpecification","valueRequired":true,"valueName":"search_term_string"}}],"inLanguage":"fr-FR"}]}},"_links":{"self":[{"href":"https:\/\/www.2020spaces.com\/fr\/wp-json\/wp\/v2\/pages\/195961","targetHints":{"allow":["GET"]}}],"collection":[{"href":"https:\/\/www.2020spaces.com\/fr\/wp-json\/wp\/v2\/pages"}],"about":[{"href":"https:\/\/www.2020spaces.com\/fr\/wp-json\/wp\/v2\/types\/page"}],"author":[{"embeddable":true,"href":"https:\/\/www.2020spaces.com\/fr\/wp-json\/wp\/v2\/users\/5"}],"replies":[{"embeddable":true,"href":"https:\/\/www.2020spaces.com\/fr\/wp-json\/wp\/v2\/comments?post=195961"}],"version-history":[{"count":0,"href":"https:\/\/www.2020spaces.com\/fr\/wp-json\/wp\/v2\/pages\/195961\/revisions"}],"up":[{"embeddable":true,"href":"https:\/\/www.2020spaces.com\/fr\/wp-json\/wp\/v2\/pages\/9441"}],"wp:attachment":[{"href":"https:\/\/www.2020spaces.com\/fr\/wp-json\/wp\/v2\/media?parent=195961"}],"wp:term":[{"taxonomy":"category","embeddable":true,"href":"https:\/\/www.2020spaces.com\/fr\/wp-json\/wp\/v2\/categories?post=195961"}],"curies":[{"name":"wp","href":"https:\/\/api.w.org\/{rel}","templated":true}]}}