{"id":196240,"date":"2018-12-14T10:26:43","date_gmt":"2018-12-14T15:26:43","guid":{"rendered":"https:\/\/www.2020spaces.com\/?page_id=196240"},"modified":"2024-07-17T12:18:29","modified_gmt":"2024-07-17T16:18:29","slug":"2020-cad","status":"publish","type":"page","link":"https:\/\/www.2020spaces.com\/fr\/formation\/2020-design-line\/2020-cad\/","title":{"rendered":"2020 CAD"},"content":{"rendered":"<div id=\"cs-content\" class=\"cs-content\"><\/div>\n","protected":false},"excerpt":{"rendered":"<p>Prenez une longueur d\u2019avance \u200b gr\u00e2ce aux formations 2020 CADTirez profit de votre investissement en exploitant le plein potentiel de 2020 CAD ! \u00c0 distanceRejoignez un cours \u00e0 distance\u200b anim\u00e9 par un formateur\u200b 2020 CAD et posez-lui toutes vos questions. Dans vos locaux\u200bSuivez une formation \u00e9labor\u00e9e pour r\u00e9pondre exactement \u00e0 &#8230; <\/p>\n<div><a href=\"https:\/\/www.2020spaces.com\/fr\/formation\/2020-design-line\/2020-cad\/\" class=\"more-link\">En savoir plus<\/a><\/div>\n","protected":false},"author":1,"featured_media":0,"parent":191877,"menu_order":0,"comment_status":"closed","ping_status":"closed","template":"template-blank-4.php","meta":{"_bbp_topic_count":0,"_bbp_reply_count":0,"_bbp_total_topic_count":0,"_bbp_total_reply_count":0,"_bbp_voice_count":0,"_bbp_anonymous_reply_count":0,"_bbp_topic_count_hidden":0,"_bbp_reply_count_hidden":0,"_bbp_forum_subforum_count":0,"footnotes":""},"categories":[],"class_list":["post-196240","page","type-page","status-publish","hentry","no-post-thumbnail"],"pp_force_visibility":null,"pp_subpost_visibility":null,"pp_inherited_force_visibility":null,"pp_inherited_subpost_visibility":null,"yoast_head":"<!-- This site is optimized with the Yoast SEO Premium plugin v27.4 (Yoast SEO v27.4) - https:\/\/yoast.com\/product\/yoast-seo-premium-wordpress\/ -->\n<title>Formation \u2013 2020 CAD | 2020 Spaces<\/title>\n<meta name=\"description\" content=\"Inscrivez-vous \u00e0 un ou plusieurs de nos cours mettent l\u2019accent sur la pratique et l\u2019utilisation au quotidien de 2020 CAD.\" \/>\n<meta name=\"robots\" content=\"index, follow, max-snippet:-1, max-image-preview:large, max-video-preview:-1\" \/>\n<link rel=\"canonical\" href=\"https:\/\/www.2020spaces.com\/fr\/formation\/2020-design-line\/2020-cad\/\" \/>\n<meta property=\"og:locale\" content=\"fr_FR\" \/>\n<meta property=\"og:type\" content=\"article\" \/>\n<meta property=\"og:title\" content=\"2020 CAD\" \/>\n<meta property=\"og:description\" content=\"Inscrivez-vous \u00e0 un ou plusieurs de nos cours mettent l\u2019accent sur la pratique et l\u2019utilisation au quotidien de 2020 CAD.\" \/>\n<meta property=\"og:url\" content=\"https:\/\/www.2020spaces.com\/fr\/formation\/2020-design-line\/2020-cad\/\" \/>\n<meta property=\"og:site_name\" content=\"2020\" \/>\n<meta property=\"article:publisher\" content=\"https:\/\/www.facebook.com\/2020spaces\" \/>\n<meta property=\"article:modified_time\" content=\"2024-07-17T16:18:29+00:00\" \/>\n<meta name=\"twitter:card\" content=\"summary_large_image\" \/>\n<meta name=\"twitter:site\" content=\"@2020spaces\" \/>\n<meta name=\"twitter:label1\" content=\"Dur\u00e9e de lecture estim\u00e9e\" \/>\n\t<meta name=\"twitter:data1\" content=\"4 minutes\" \/>\n<script type=\"application\/ld+json\" class=\"yoast-schema-graph\">{\"@context\":\"https:\\\/\\\/schema.org\",\"@graph\":[{\"@type\":\"WebPage\",\"@id\":\"https:\\\/\\\/www.2020spaces.com\\\/fr\\\/formation\\\/2020-design-line\\\/2020-cad\\\/\",\"url\":\"https:\\\/\\\/www.2020spaces.com\\\/fr\\\/formation\\\/2020-design-line\\\/2020-cad\\\/\",\"name\":\"Formation \u2013 2020 CAD | 2020 Spaces\",\"isPartOf\":{\"@id\":\"https:\\\/\\\/www.2020spaces.com\\\/#website\"},\"datePublished\":\"2018-12-14T15:26:43+00:00\",\"dateModified\":\"2024-07-17T16:18:29+00:00\",\"description\":\"Inscrivez-vous \u00e0 un ou plusieurs de nos cours mettent l\u2019accent sur la pratique et l\u2019utilisation au quotidien de 2020 CAD.\",\"breadcrumb\":{\"@id\":\"https:\\\/\\\/www.2020spaces.com\\\/fr\\\/formation\\\/2020-design-line\\\/2020-cad\\\/#breadcrumb\"},\"inLanguage\":\"fr-FR\",\"potentialAction\":[{\"@type\":\"ReadAction\",\"target\":[\"https:\\\/\\\/www.2020spaces.com\\\/fr\\\/formation\\\/2020-design-line\\\/2020-cad\\\/\"]}]},{\"@type\":\"BreadcrumbList\",\"@id\":\"https:\\\/\\\/www.2020spaces.com\\\/fr\\\/formation\\\/2020-design-line\\\/2020-cad\\\/#breadcrumb\",\"itemListElement\":[{\"@type\":\"ListItem\",\"position\":1,\"name\":\"Home\",\"item\":\"https:\\\/\\\/www.2020spaces.com\\\/fr\\\/accueil-2-2\\\/\"},{\"@type\":\"ListItem\",\"position\":2,\"name\":\"Formation 2020\",\"item\":\"https:\\\/\\\/www.2020spaces.com\\\/fr\\\/formation\\\/\"},{\"@type\":\"ListItem\",\"position\":3,\"name\":\"2020 Design Line\",\"item\":\"https:\\\/\\\/www.2020spaces.com\\\/fr\\\/formation\\\/2020-design-line\\\/\"},{\"@type\":\"ListItem\",\"position\":4,\"name\":\"2020 CAD\"}]},{\"@type\":\"WebSite\",\"@id\":\"https:\\\/\\\/www.2020spaces.com\\\/#website\",\"url\":\"https:\\\/\\\/www.2020spaces.com\\\/\",\"name\":\"2020\",\"description\":\"Making Spaces for Life\u2122\",\"potentialAction\":[{\"@type\":\"SearchAction\",\"target\":{\"@type\":\"EntryPoint\",\"urlTemplate\":\"https:\\\/\\\/www.2020spaces.com\\\/?s={search_term_string}\"},\"query-input\":{\"@type\":\"PropertyValueSpecification\",\"valueRequired\":true,\"valueName\":\"search_term_string\"}}],\"inLanguage\":\"fr-FR\"}]}<\/script>\n<!-- \/ Yoast SEO Premium plugin. -->","yoast_head_json":{"title":"Formation \u2013 2020 CAD | 2020 Spaces","description":"Inscrivez-vous \u00e0 un ou plusieurs de nos cours mettent l\u2019accent sur la pratique et l\u2019utilisation au quotidien de 2020 CAD.","robots":{"index":"index","follow":"follow","max-snippet":"max-snippet:-1","max-image-preview":"max-image-preview:large","max-video-preview":"max-video-preview:-1"},"canonical":"https:\/\/www.2020spaces.com\/fr\/formation\/2020-design-line\/2020-cad\/","og_locale":"fr_FR","og_type":"article","og_title":"2020 CAD","og_description":"Inscrivez-vous \u00e0 un ou plusieurs de nos cours mettent l\u2019accent sur la pratique et l\u2019utilisation au quotidien de 2020 CAD.","og_url":"https:\/\/www.2020spaces.com\/fr\/formation\/2020-design-line\/2020-cad\/","og_site_name":"2020","article_publisher":"https:\/\/www.facebook.com\/2020spaces","article_modified_time":"2024-07-17T16:18:29+00:00","twitter_card":"summary_large_image","twitter_site":"@2020spaces","twitter_misc":{"Dur\u00e9e de lecture estim\u00e9e":"4 minutes"},"schema":{"@context":"https:\/\/schema.org","@graph":[{"@type":"WebPage","@id":"https:\/\/www.2020spaces.com\/fr\/formation\/2020-design-line\/2020-cad\/","url":"https:\/\/www.2020spaces.com\/fr\/formation\/2020-design-line\/2020-cad\/","name":"Formation \u2013 2020 CAD | 2020 Spaces","isPartOf":{"@id":"https:\/\/www.2020spaces.com\/#website"},"datePublished":"2018-12-14T15:26:43+00:00","dateModified":"2024-07-17T16:18:29+00:00","description":"Inscrivez-vous \u00e0 un ou plusieurs de nos cours mettent l\u2019accent sur la pratique et l\u2019utilisation au quotidien de 2020 CAD.","breadcrumb":{"@id":"https:\/\/www.2020spaces.com\/fr\/formation\/2020-design-line\/2020-cad\/#breadcrumb"},"inLanguage":"fr-FR","potentialAction":[{"@type":"ReadAction","target":["https:\/\/www.2020spaces.com\/fr\/formation\/2020-design-line\/2020-cad\/"]}]},{"@type":"BreadcrumbList","@id":"https:\/\/www.2020spaces.com\/fr\/formation\/2020-design-line\/2020-cad\/#breadcrumb","itemListElement":[{"@type":"ListItem","position":1,"name":"Home","item":"https:\/\/www.2020spaces.com\/fr\/accueil-2-2\/"},{"@type":"ListItem","position":2,"name":"Formation 2020","item":"https:\/\/www.2020spaces.com\/fr\/formation\/"},{"@type":"ListItem","position":3,"name":"2020 Design Line","item":"https:\/\/www.2020spaces.com\/fr\/formation\/2020-design-line\/"},{"@type":"ListItem","position":4,"name":"2020 CAD"}]},{"@type":"WebSite","@id":"https:\/\/www.2020spaces.com\/#website","url":"https:\/\/www.2020spaces.com\/","name":"2020","description":"Making Spaces for Life\u2122","potentialAction":[{"@type":"SearchAction","target":{"@type":"EntryPoint","urlTemplate":"https:\/\/www.2020spaces.com\/?s={search_term_string}"},"query-input":{"@type":"PropertyValueSpecification","valueRequired":true,"valueName":"search_term_string"}}],"inLanguage":"fr-FR"}]}},"_links":{"self":[{"href":"https:\/\/www.2020spaces.com\/fr\/wp-json\/wp\/v2\/pages\/196240","targetHints":{"allow":["GET"]}}],"collection":[{"href":"https:\/\/www.2020spaces.com\/fr\/wp-json\/wp\/v2\/pages"}],"about":[{"href":"https:\/\/www.2020spaces.com\/fr\/wp-json\/wp\/v2\/types\/page"}],"author":[{"embeddable":true,"href":"https:\/\/www.2020spaces.com\/fr\/wp-json\/wp\/v2\/users\/1"}],"replies":[{"embeddable":true,"href":"https:\/\/www.2020spaces.com\/fr\/wp-json\/wp\/v2\/comments?post=196240"}],"version-history":[{"count":0,"href":"https:\/\/www.2020spaces.com\/fr\/wp-json\/wp\/v2\/pages\/196240\/revisions"}],"up":[{"embeddable":true,"href":"https:\/\/www.2020spaces.com\/fr\/wp-json\/wp\/v2\/pages\/191877"}],"wp:attachment":[{"href":"https:\/\/www.2020spaces.com\/fr\/wp-json\/wp\/v2\/media?parent=196240"}],"wp:term":[{"taxonomy":"category","embeddable":true,"href":"https:\/\/www.2020spaces.com\/fr\/wp-json\/wp\/v2\/categories?post=196240"}],"curies":[{"name":"wp","href":"https:\/\/api.w.org\/{rel}","templated":true}]}}