{"id":204020,"date":"2018-10-03T13:37:42","date_gmt":"2018-10-03T17:37:42","guid":{"rendered":"https:\/\/www.2020spaces.com\/support\/renew\/"},"modified":"2021-08-03T13:35:02","modified_gmt":"2021-08-03T17:35:02","slug":"renouvellement","status":"publish","type":"page","link":"https:\/\/www.2020spaces.com\/fr\/support\/renouvellement\/","title":{"rendered":"Renouvellement"},"content":{"rendered":"<div id=\"cs-content\" class=\"cs-content\"><\/div>\n","protected":false},"excerpt":{"rendered":"<p>Renouvellement d\u2019un plan de support Compl\u00e9tez le formulaire de droite pour renouvellement votre plan de support et continuer de b\u00e9n\u00e9ficier des avantages suivants:\u00a0L\u2019assistance par email et t\u00e9l\u00e9phoneLe chat en ligne avec le support techniqueLa mise \u00e0 jour gratuite de vos logicielsL\u2019acc\u00e8s aux catalogues des manufacturiersLes rendus panoramiques 360*Et beaucoup plus!\u00a0* &#8230; <\/p>\n<div><a href=\"https:\/\/www.2020spaces.com\/fr\/support\/renouvellement\/\" class=\"more-link\">En savoir plus<\/a><\/div>\n","protected":false},"author":5,"featured_media":0,"parent":9496,"menu_order":0,"comment_status":"closed","ping_status":"closed","template":"template-blank-4.php","meta":{"_bbp_topic_count":0,"_bbp_reply_count":0,"_bbp_total_topic_count":0,"_bbp_total_reply_count":0,"_bbp_voice_count":0,"_bbp_anonymous_reply_count":0,"_bbp_topic_count_hidden":0,"_bbp_reply_count_hidden":0,"_bbp_forum_subforum_count":0,"footnotes":""},"categories":[],"class_list":["post-204020","page","type-page","status-publish","hentry","no-post-thumbnail"],"pp_force_visibility":null,"pp_subpost_visibility":null,"pp_inherited_force_visibility":null,"pp_inherited_subpost_visibility":null,"yoast_head":"<!-- This site is optimized with the Yoast SEO Premium plugin v27.4 (Yoast SEO v27.4) - https:\/\/yoast.com\/product\/yoast-seo-premium-wordpress\/ -->\n<title>2020 - Renouvellement d\u2019un plan de support<\/title>\n<meta name=\"description\" content=\"Compl\u00e9tez le formulaire de droite pour renouvellement votre plan de support et continuer de b\u00e9n\u00e9ficier des avantages suivants.\" \/>\n<meta name=\"robots\" content=\"index, follow, max-snippet:-1, max-image-preview:large, max-video-preview:-1\" \/>\n<link rel=\"canonical\" href=\"https:\/\/www.2020spaces.com\/fr\/support\/renouvellement\/\" \/>\n<meta property=\"og:locale\" content=\"fr_FR\" \/>\n<meta property=\"og:type\" content=\"article\" \/>\n<meta property=\"og:title\" content=\"Renouvellement\" \/>\n<meta property=\"og:description\" content=\"Compl\u00e9tez le formulaire de droite pour renouvellement votre plan de support et continuer de b\u00e9n\u00e9ficier des avantages suivants.\" \/>\n<meta property=\"og:url\" content=\"https:\/\/www.2020spaces.com\/fr\/support\/renouvellement\/\" \/>\n<meta property=\"og:site_name\" content=\"2020\" \/>\n<meta property=\"article:publisher\" content=\"https:\/\/www.facebook.com\/2020spaces\" \/>\n<meta property=\"article:modified_time\" content=\"2021-08-03T17:35:02+00:00\" \/>\n<meta name=\"twitter:card\" content=\"summary_large_image\" \/>\n<meta name=\"twitter:site\" content=\"@2020spaces\" \/>\n<meta name=\"twitter:label1\" content=\"Dur\u00e9e de lecture estim\u00e9e\" \/>\n\t<meta name=\"twitter:data1\" content=\"2 minutes\" \/>\n<script type=\"application\/ld+json\" class=\"yoast-schema-graph\">{\"@context\":\"https:\\\/\\\/schema.org\",\"@graph\":[{\"@type\":\"WebPage\",\"@id\":\"https:\\\/\\\/www.2020spaces.com\\\/fr\\\/support\\\/renouvellement\\\/\",\"url\":\"https:\\\/\\\/www.2020spaces.com\\\/fr\\\/support\\\/renouvellement\\\/\",\"name\":\"2020 - Renouvellement d\u2019un plan de support\",\"isPartOf\":{\"@id\":\"https:\\\/\\\/www.2020spaces.com\\\/#website\"},\"datePublished\":\"2018-10-03T17:37:42+00:00\",\"dateModified\":\"2021-08-03T17:35:02+00:00\",\"description\":\"Compl\u00e9tez le formulaire de droite pour renouvellement votre plan de support et continuer de b\u00e9n\u00e9ficier des avantages suivants.\",\"breadcrumb\":{\"@id\":\"https:\\\/\\\/www.2020spaces.com\\\/fr\\\/support\\\/renouvellement\\\/#breadcrumb\"},\"inLanguage\":\"fr-FR\",\"potentialAction\":[{\"@type\":\"ReadAction\",\"target\":[\"https:\\\/\\\/www.2020spaces.com\\\/fr\\\/support\\\/renouvellement\\\/\"]}]},{\"@type\":\"BreadcrumbList\",\"@id\":\"https:\\\/\\\/www.2020spaces.com\\\/fr\\\/support\\\/renouvellement\\\/#breadcrumb\",\"itemListElement\":[{\"@type\":\"ListItem\",\"position\":1,\"name\":\"Home\",\"item\":\"https:\\\/\\\/www.2020spaces.com\\\/fr\\\/accueil-2-2\\\/\"},{\"@type\":\"ListItem\",\"position\":2,\"name\":\"Support\",\"item\":\"https:\\\/\\\/www.2020spaces.com\\\/fr\\\/support\\\/\"},{\"@type\":\"ListItem\",\"position\":3,\"name\":\"Renouvellement\"}]},{\"@type\":\"WebSite\",\"@id\":\"https:\\\/\\\/www.2020spaces.com\\\/#website\",\"url\":\"https:\\\/\\\/www.2020spaces.com\\\/\",\"name\":\"2020\",\"description\":\"Making Spaces for Life\u2122\",\"potentialAction\":[{\"@type\":\"SearchAction\",\"target\":{\"@type\":\"EntryPoint\",\"urlTemplate\":\"https:\\\/\\\/www.2020spaces.com\\\/?s={search_term_string}\"},\"query-input\":{\"@type\":\"PropertyValueSpecification\",\"valueRequired\":true,\"valueName\":\"search_term_string\"}}],\"inLanguage\":\"fr-FR\"}]}<\/script>\n<!-- \/ Yoast SEO Premium plugin. -->","yoast_head_json":{"title":"2020 - Renouvellement d\u2019un plan de support","description":"Compl\u00e9tez le formulaire de droite pour renouvellement votre plan de support et continuer de b\u00e9n\u00e9ficier des avantages suivants.","robots":{"index":"index","follow":"follow","max-snippet":"max-snippet:-1","max-image-preview":"max-image-preview:large","max-video-preview":"max-video-preview:-1"},"canonical":"https:\/\/www.2020spaces.com\/fr\/support\/renouvellement\/","og_locale":"fr_FR","og_type":"article","og_title":"Renouvellement","og_description":"Compl\u00e9tez le formulaire de droite pour renouvellement votre plan de support et continuer de b\u00e9n\u00e9ficier des avantages suivants.","og_url":"https:\/\/www.2020spaces.com\/fr\/support\/renouvellement\/","og_site_name":"2020","article_publisher":"https:\/\/www.facebook.com\/2020spaces","article_modified_time":"2021-08-03T17:35:02+00:00","twitter_card":"summary_large_image","twitter_site":"@2020spaces","twitter_misc":{"Dur\u00e9e de lecture estim\u00e9e":"2 minutes"},"schema":{"@context":"https:\/\/schema.org","@graph":[{"@type":"WebPage","@id":"https:\/\/www.2020spaces.com\/fr\/support\/renouvellement\/","url":"https:\/\/www.2020spaces.com\/fr\/support\/renouvellement\/","name":"2020 - Renouvellement d\u2019un plan de support","isPartOf":{"@id":"https:\/\/www.2020spaces.com\/#website"},"datePublished":"2018-10-03T17:37:42+00:00","dateModified":"2021-08-03T17:35:02+00:00","description":"Compl\u00e9tez le formulaire de droite pour renouvellement votre plan de support et continuer de b\u00e9n\u00e9ficier des avantages suivants.","breadcrumb":{"@id":"https:\/\/www.2020spaces.com\/fr\/support\/renouvellement\/#breadcrumb"},"inLanguage":"fr-FR","potentialAction":[{"@type":"ReadAction","target":["https:\/\/www.2020spaces.com\/fr\/support\/renouvellement\/"]}]},{"@type":"BreadcrumbList","@id":"https:\/\/www.2020spaces.com\/fr\/support\/renouvellement\/#breadcrumb","itemListElement":[{"@type":"ListItem","position":1,"name":"Home","item":"https:\/\/www.2020spaces.com\/fr\/accueil-2-2\/"},{"@type":"ListItem","position":2,"name":"Support","item":"https:\/\/www.2020spaces.com\/fr\/support\/"},{"@type":"ListItem","position":3,"name":"Renouvellement"}]},{"@type":"WebSite","@id":"https:\/\/www.2020spaces.com\/#website","url":"https:\/\/www.2020spaces.com\/","name":"2020","description":"Making Spaces for Life\u2122","potentialAction":[{"@type":"SearchAction","target":{"@type":"EntryPoint","urlTemplate":"https:\/\/www.2020spaces.com\/?s={search_term_string}"},"query-input":{"@type":"PropertyValueSpecification","valueRequired":true,"valueName":"search_term_string"}}],"inLanguage":"fr-FR"}]}},"_links":{"self":[{"href":"https:\/\/www.2020spaces.com\/fr\/wp-json\/wp\/v2\/pages\/204020","targetHints":{"allow":["GET"]}}],"collection":[{"href":"https:\/\/www.2020spaces.com\/fr\/wp-json\/wp\/v2\/pages"}],"about":[{"href":"https:\/\/www.2020spaces.com\/fr\/wp-json\/wp\/v2\/types\/page"}],"author":[{"embeddable":true,"href":"https:\/\/www.2020spaces.com\/fr\/wp-json\/wp\/v2\/users\/5"}],"replies":[{"embeddable":true,"href":"https:\/\/www.2020spaces.com\/fr\/wp-json\/wp\/v2\/comments?post=204020"}],"version-history":[{"count":0,"href":"https:\/\/www.2020spaces.com\/fr\/wp-json\/wp\/v2\/pages\/204020\/revisions"}],"up":[{"embeddable":true,"href":"https:\/\/www.2020spaces.com\/fr\/wp-json\/wp\/v2\/pages\/9496"}],"wp:attachment":[{"href":"https:\/\/www.2020spaces.com\/fr\/wp-json\/wp\/v2\/media?parent=204020"}],"wp:term":[{"taxonomy":"category","embeddable":true,"href":"https:\/\/www.2020spaces.com\/fr\/wp-json\/wp\/v2\/categories?post=204020"}],"curies":[{"name":"wp","href":"https:\/\/api.w.org\/{rel}","templated":true}]}}