{"id":214592,"date":"2018-11-06T15:53:13","date_gmt":"2018-11-06T20:53:13","guid":{"rendered":"https:\/\/www.2020spaces.com\/?page_id=214592"},"modified":"2024-01-05T18:50:40","modified_gmt":"2024-01-05T23:50:40","slug":"formation-distance","status":"publish","type":"page","link":"https:\/\/www.2020spaces.com\/fr\/formation\/2020-design-line\/2020-cam\/formation-distance\/","title":{"rendered":"2020 CAM\u200b Formation \u00e0 distance"},"content":{"rendered":"<div id=\"cs-content\" class=\"cs-content\"><\/div>\n","protected":false},"excerpt":{"rendered":"<p>Formation 2020 CAM\u200b \u00e0 distance\u200bRejoignez-nous pour une formation en ligne avec un formateurInscrivez-vous pour un ou plusieurs cours en ligne anim\u00e9s par nos sp\u00e9cialistes afin de maximiser votre investissement sur le logiciel 2020. Nous recommandons d&rsquo;effectuer l&rsquo;installation du logiciel 2020 en amont, nous conseillons une connexion Internet haut d\u00e9bit, utilisez &#8230; <\/p>\n<div><a href=\"https:\/\/www.2020spaces.com\/fr\/formation\/2020-design-line\/2020-cam\/formation-distance\/\" class=\"more-link\">En savoir plus<\/a><\/div>\n","protected":false},"author":26709,"featured_media":0,"parent":196281,"menu_order":0,"comment_status":"closed","ping_status":"closed","template":"template-blank-4.php","meta":{"_bbp_topic_count":0,"_bbp_reply_count":0,"_bbp_total_topic_count":0,"_bbp_total_reply_count":0,"_bbp_voice_count":0,"_bbp_anonymous_reply_count":0,"_bbp_topic_count_hidden":0,"_bbp_reply_count_hidden":0,"_bbp_forum_subforum_count":0,"footnotes":""},"categories":[],"class_list":["post-214592","page","type-page","status-publish","hentry","no-post-thumbnail"],"pp_force_visibility":null,"pp_subpost_visibility":null,"pp_inherited_force_visibility":null,"pp_inherited_subpost_visibility":null,"yoast_head":"<!-- This site is optimized with the Yoast SEO Premium plugin v26.7 (Yoast SEO v26.7) - https:\/\/yoast.com\/wordpress\/plugins\/seo\/ -->\n<title>2020 CAM\u200b \u2013 Formation \u00e0 distance | 2020 Spaces<\/title>\n<meta name=\"description\" content=\"Inscrivez-vous pour un ou plusieurs cours en ligne anim\u00e9s par nos sp\u00e9cialistes afin de maximiser votre investissement sur le logiciel 2020.\" \/>\n<meta name=\"robots\" content=\"index, follow, max-snippet:-1, max-image-preview:large, max-video-preview:-1\" \/>\n<link rel=\"canonical\" href=\"https:\/\/www.2020spaces.com\/fr\/formation\/2020-design-line\/2020-cam\/formation-distance\/\" \/>\n<meta property=\"og:locale\" content=\"fr_FR\" \/>\n<meta property=\"og:type\" content=\"article\" \/>\n<meta property=\"og:title\" content=\"2020 CAM\u200b Formation \u00e0 distance\" \/>\n<meta property=\"og:description\" content=\"Inscrivez-vous pour un ou plusieurs cours en ligne anim\u00e9s par nos sp\u00e9cialistes afin de maximiser votre investissement sur le logiciel 2020.\" \/>\n<meta property=\"og:url\" content=\"https:\/\/www.2020spaces.com\/fr\/formation\/2020-design-line\/2020-cam\/formation-distance\/\" \/>\n<meta property=\"og:site_name\" content=\"2020\" \/>\n<meta property=\"article:publisher\" content=\"https:\/\/www.facebook.com\/2020spaces\" \/>\n<meta property=\"article:modified_time\" content=\"2024-01-05T23:50:40+00:00\" \/>\n<meta name=\"twitter:card\" content=\"summary_large_image\" \/>\n<meta name=\"twitter:site\" content=\"@2020spaces\" \/>\n<meta name=\"twitter:label1\" content=\"Dur\u00e9e de lecture estim\u00e9e\" \/>\n\t<meta name=\"twitter:data1\" content=\"5 minutes\" \/>\n<script type=\"application\/ld+json\" class=\"yoast-schema-graph\">{\"@context\":\"https:\/\/schema.org\",\"@graph\":[{\"@type\":\"WebPage\",\"@id\":\"https:\/\/www.2020spaces.com\/fr\/formation\/2020-design-line\/2020-cam\/formation-distance\/\",\"url\":\"https:\/\/www.2020spaces.com\/fr\/formation\/2020-design-line\/2020-cam\/formation-distance\/\",\"name\":\"2020 CAM\u200b \u2013 Formation \u00e0 distance | 2020 Spaces\",\"isPartOf\":{\"@id\":\"https:\/\/www.2020spaces.com\/#website\"},\"datePublished\":\"2018-11-06T20:53:13+00:00\",\"dateModified\":\"2024-01-05T23:50:40+00:00\",\"description\":\"Inscrivez-vous pour un ou plusieurs cours en ligne anim\u00e9s par nos sp\u00e9cialistes afin de maximiser votre investissement sur le logiciel 2020.\",\"breadcrumb\":{\"@id\":\"https:\/\/www.2020spaces.com\/fr\/formation\/2020-design-line\/2020-cam\/formation-distance\/#breadcrumb\"},\"inLanguage\":\"fr-FR\",\"potentialAction\":[{\"@type\":\"ReadAction\",\"target\":[\"https:\/\/www.2020spaces.com\/fr\/formation\/2020-design-line\/2020-cam\/formation-distance\/\"]}]},{\"@type\":\"BreadcrumbList\",\"@id\":\"https:\/\/www.2020spaces.com\/fr\/formation\/2020-design-line\/2020-cam\/formation-distance\/#breadcrumb\",\"itemListElement\":[{\"@type\":\"ListItem\",\"position\":1,\"name\":\"Home\",\"item\":\"https:\/\/www.2020spaces.com\/fr\/accueil-2-2\/\"},{\"@type\":\"ListItem\",\"position\":2,\"name\":\"Formation 2020\",\"item\":\"https:\/\/www.2020spaces.com\/fr\/formation\/\"},{\"@type\":\"ListItem\",\"position\":3,\"name\":\"2020 Design Line\",\"item\":\"https:\/\/www.2020spaces.com\/fr\/formation\/2020-design-line\/\"},{\"@type\":\"ListItem\",\"position\":4,\"name\":\"2020 CAM\",\"item\":\"https:\/\/www.2020spaces.com\/fr\/formation\/2020-design-line\/2020-cam\/\"},{\"@type\":\"ListItem\",\"position\":5,\"name\":\"2020 CAM\u200b Formation \u00e0 distance\"}]},{\"@type\":\"WebSite\",\"@id\":\"https:\/\/www.2020spaces.com\/#website\",\"url\":\"https:\/\/www.2020spaces.com\/\",\"name\":\"2020\",\"description\":\"Making Spaces for Life\u2122\",\"potentialAction\":[{\"@type\":\"SearchAction\",\"target\":{\"@type\":\"EntryPoint\",\"urlTemplate\":\"https:\/\/www.2020spaces.com\/?s={search_term_string}\"},\"query-input\":{\"@type\":\"PropertyValueSpecification\",\"valueRequired\":true,\"valueName\":\"search_term_string\"}}],\"inLanguage\":\"fr-FR\"}]}<\/script>\n<!-- \/ Yoast SEO Premium plugin. -->","yoast_head_json":{"title":"2020 CAM\u200b \u2013 Formation \u00e0 distance | 2020 Spaces","description":"Inscrivez-vous pour un ou plusieurs cours en ligne anim\u00e9s par nos sp\u00e9cialistes afin de maximiser votre investissement sur le logiciel 2020.","robots":{"index":"index","follow":"follow","max-snippet":"max-snippet:-1","max-image-preview":"max-image-preview:large","max-video-preview":"max-video-preview:-1"},"canonical":"https:\/\/www.2020spaces.com\/fr\/formation\/2020-design-line\/2020-cam\/formation-distance\/","og_locale":"fr_FR","og_type":"article","og_title":"2020 CAM\u200b Formation \u00e0 distance","og_description":"Inscrivez-vous pour un ou plusieurs cours en ligne anim\u00e9s par nos sp\u00e9cialistes afin de maximiser votre investissement sur le logiciel 2020.","og_url":"https:\/\/www.2020spaces.com\/fr\/formation\/2020-design-line\/2020-cam\/formation-distance\/","og_site_name":"2020","article_publisher":"https:\/\/www.facebook.com\/2020spaces","article_modified_time":"2024-01-05T23:50:40+00:00","twitter_card":"summary_large_image","twitter_site":"@2020spaces","twitter_misc":{"Dur\u00e9e de lecture estim\u00e9e":"5 minutes"},"schema":{"@context":"https:\/\/schema.org","@graph":[{"@type":"WebPage","@id":"https:\/\/www.2020spaces.com\/fr\/formation\/2020-design-line\/2020-cam\/formation-distance\/","url":"https:\/\/www.2020spaces.com\/fr\/formation\/2020-design-line\/2020-cam\/formation-distance\/","name":"2020 CAM\u200b \u2013 Formation \u00e0 distance | 2020 Spaces","isPartOf":{"@id":"https:\/\/www.2020spaces.com\/#website"},"datePublished":"2018-11-06T20:53:13+00:00","dateModified":"2024-01-05T23:50:40+00:00","description":"Inscrivez-vous pour un ou plusieurs cours en ligne anim\u00e9s par nos sp\u00e9cialistes afin de maximiser votre investissement sur le logiciel 2020.","breadcrumb":{"@id":"https:\/\/www.2020spaces.com\/fr\/formation\/2020-design-line\/2020-cam\/formation-distance\/#breadcrumb"},"inLanguage":"fr-FR","potentialAction":[{"@type":"ReadAction","target":["https:\/\/www.2020spaces.com\/fr\/formation\/2020-design-line\/2020-cam\/formation-distance\/"]}]},{"@type":"BreadcrumbList","@id":"https:\/\/www.2020spaces.com\/fr\/formation\/2020-design-line\/2020-cam\/formation-distance\/#breadcrumb","itemListElement":[{"@type":"ListItem","position":1,"name":"Home","item":"https:\/\/www.2020spaces.com\/fr\/accueil-2-2\/"},{"@type":"ListItem","position":2,"name":"Formation 2020","item":"https:\/\/www.2020spaces.com\/fr\/formation\/"},{"@type":"ListItem","position":3,"name":"2020 Design Line","item":"https:\/\/www.2020spaces.com\/fr\/formation\/2020-design-line\/"},{"@type":"ListItem","position":4,"name":"2020 CAM","item":"https:\/\/www.2020spaces.com\/fr\/formation\/2020-design-line\/2020-cam\/"},{"@type":"ListItem","position":5,"name":"2020 CAM\u200b Formation \u00e0 distance"}]},{"@type":"WebSite","@id":"https:\/\/www.2020spaces.com\/#website","url":"https:\/\/www.2020spaces.com\/","name":"2020","description":"Making Spaces for Life\u2122","potentialAction":[{"@type":"SearchAction","target":{"@type":"EntryPoint","urlTemplate":"https:\/\/www.2020spaces.com\/?s={search_term_string}"},"query-input":{"@type":"PropertyValueSpecification","valueRequired":true,"valueName":"search_term_string"}}],"inLanguage":"fr-FR"}]}},"_links":{"self":[{"href":"https:\/\/www.2020spaces.com\/fr\/wp-json\/wp\/v2\/pages\/214592","targetHints":{"allow":["GET"]}}],"collection":[{"href":"https:\/\/www.2020spaces.com\/fr\/wp-json\/wp\/v2\/pages"}],"about":[{"href":"https:\/\/www.2020spaces.com\/fr\/wp-json\/wp\/v2\/types\/page"}],"author":[{"embeddable":true,"href":"https:\/\/www.2020spaces.com\/fr\/wp-json\/wp\/v2\/users\/26709"}],"replies":[{"embeddable":true,"href":"https:\/\/www.2020spaces.com\/fr\/wp-json\/wp\/v2\/comments?post=214592"}],"version-history":[{"count":0,"href":"https:\/\/www.2020spaces.com\/fr\/wp-json\/wp\/v2\/pages\/214592\/revisions"}],"up":[{"embeddable":true,"href":"https:\/\/www.2020spaces.com\/fr\/wp-json\/wp\/v2\/pages\/196281"}],"wp:attachment":[{"href":"https:\/\/www.2020spaces.com\/fr\/wp-json\/wp\/v2\/media?parent=214592"}],"wp:term":[{"taxonomy":"category","embeddable":true,"href":"https:\/\/www.2020spaces.com\/fr\/wp-json\/wp\/v2\/categories?post=214592"}],"curies":[{"name":"wp","href":"https:\/\/api.w.org\/{rel}","templated":true}]}}