{"id":219804,"date":"2018-11-19T12:10:43","date_gmt":"2018-11-19T17:10:43","guid":{"rendered":"https:\/\/www.2020spaces.com\/?page_id=219804"},"modified":"2023-05-04T06:37:59","modified_gmt":"2023-05-04T10:37:59","slug":"module-collaborate","status":"publish","type":"page","link":"https:\/\/www.2020spaces.com\/fr\/produits\/2020-ideal-spaces-fr\/module-collaborate\/","title":{"rendered":"Module additionnel Collaborate"},"content":{"rendered":"<div id=\"cs-content\" class=\"cs-content\"><\/div>\n","protected":false},"excerpt":{"rendered":"<p>2020 Ideal Spaces : Module additionnel Collaborate Avec le module 2020 Ideal Spaces Collaborate, vous pouvez offrir \u00e0 vos visiteurs d\u00e9j\u00e0 enregistr\u00e9s un emplacement unique pour stocker et acc\u00e9der \u00e0 tous les documents et \u00e9changes li\u00e9s \u00e0 leur projet. Les r\u00e9visions de conception, les photos et les discussions avec des &#8230; <\/p>\n<div><a href=\"https:\/\/www.2020spaces.com\/fr\/produits\/2020-ideal-spaces-fr\/module-collaborate\/\" class=\"more-link\">En savoir plus<\/a><\/div>\n","protected":false},"author":25194,"featured_media":0,"parent":9393,"menu_order":0,"comment_status":"closed","ping_status":"closed","template":"template-blank-4.php","meta":{"_bbp_topic_count":0,"_bbp_reply_count":0,"_bbp_total_topic_count":0,"_bbp_total_reply_count":0,"_bbp_voice_count":0,"_bbp_anonymous_reply_count":0,"_bbp_topic_count_hidden":0,"_bbp_reply_count_hidden":0,"_bbp_forum_subforum_count":0,"footnotes":""},"categories":[],"class_list":["post-219804","page","type-page","status-publish","hentry","no-post-thumbnail"],"pp_force_visibility":null,"pp_subpost_visibility":null,"pp_inherited_force_visibility":null,"pp_inherited_subpost_visibility":null,"yoast_head":"<!-- This site is optimized with the Yoast SEO Premium plugin v27.4 (Yoast SEO v27.4) - https:\/\/yoast.com\/product\/yoast-seo-premium-wordpress\/ -->\n<title>Module additionnel Collaborate | 2020 Ideal Spaces<\/title>\n<meta name=\"description\" content=\"Avec le module 2020 Ideal Spaces Collaborate, vous pouvez offrir \u00e0 vos visiteurs d\u00e9j\u00e0 enregistr\u00e9s un emplacement unique pour stocker\" \/>\n<meta name=\"robots\" content=\"index, follow, max-snippet:-1, max-image-preview:large, max-video-preview:-1\" \/>\n<link rel=\"canonical\" href=\"https:\/\/www.2020spaces.com\/fr\/produits\/2020-ideal-spaces-fr\/module-collaborate\/\" \/>\n<meta property=\"og:locale\" content=\"fr_FR\" \/>\n<meta property=\"og:type\" content=\"article\" \/>\n<meta property=\"og:title\" content=\"Module additionnel Collaborate\" \/>\n<meta property=\"og:description\" content=\"Avec le module 2020 Ideal Spaces Collaborate, vous pouvez offrir \u00e0 vos visiteurs d\u00e9j\u00e0 enregistr\u00e9s un emplacement unique pour stocker\" \/>\n<meta property=\"og:url\" content=\"https:\/\/www.2020spaces.com\/fr\/produits\/2020-ideal-spaces-fr\/module-collaborate\/\" \/>\n<meta property=\"og:site_name\" content=\"2020\" \/>\n<meta property=\"article:publisher\" content=\"https:\/\/www.facebook.com\/2020spaces\" \/>\n<meta property=\"article:modified_time\" content=\"2023-05-04T10:37:59+00:00\" \/>\n<meta property=\"og:image\" content=\"https:\/\/www.2020spaces.com\/wp-content\/uploads\/2018\/12\/Image_IdealSpaces_Collaborate_Consumer-Feature_01.png\" \/>\n<meta name=\"twitter:card\" content=\"summary_large_image\" \/>\n<meta name=\"twitter:site\" content=\"@2020spaces\" \/>\n<meta name=\"twitter:label1\" content=\"Dur\u00e9e de lecture estim\u00e9e\" \/>\n\t<meta name=\"twitter:data1\" content=\"2 minutes\" \/>\n<script type=\"application\/ld+json\" class=\"yoast-schema-graph\">{\"@context\":\"https:\\\/\\\/schema.org\",\"@graph\":[{\"@type\":\"WebPage\",\"@id\":\"https:\\\/\\\/www.2020spaces.com\\\/fr\\\/produits\\\/2020-ideal-spaces-fr\\\/module-collaborate\\\/\",\"url\":\"https:\\\/\\\/www.2020spaces.com\\\/fr\\\/produits\\\/2020-ideal-spaces-fr\\\/module-collaborate\\\/\",\"name\":\"Module additionnel Collaborate | 2020 Ideal Spaces\",\"isPartOf\":{\"@id\":\"https:\\\/\\\/www.2020spaces.com\\\/#website\"},\"primaryImageOfPage\":{\"@id\":\"https:\\\/\\\/www.2020spaces.com\\\/fr\\\/produits\\\/2020-ideal-spaces-fr\\\/module-collaborate\\\/#primaryimage\"},\"image\":{\"@id\":\"https:\\\/\\\/www.2020spaces.com\\\/fr\\\/produits\\\/2020-ideal-spaces-fr\\\/module-collaborate\\\/#primaryimage\"},\"thumbnailUrl\":\"https:\\\/\\\/www.2020spaces.com\\\/wp-content\\\/uploads\\\/2018\\\/12\\\/Image_IdealSpaces_Collaborate_Consumer-Feature_01.png\",\"datePublished\":\"2018-11-19T17:10:43+00:00\",\"dateModified\":\"2023-05-04T10:37:59+00:00\",\"description\":\"Avec le module 2020 Ideal Spaces Collaborate, vous pouvez offrir \u00e0 vos visiteurs d\u00e9j\u00e0 enregistr\u00e9s un emplacement unique pour stocker\",\"breadcrumb\":{\"@id\":\"https:\\\/\\\/www.2020spaces.com\\\/fr\\\/produits\\\/2020-ideal-spaces-fr\\\/module-collaborate\\\/#breadcrumb\"},\"inLanguage\":\"fr-FR\",\"potentialAction\":[{\"@type\":\"ReadAction\",\"target\":[\"https:\\\/\\\/www.2020spaces.com\\\/fr\\\/produits\\\/2020-ideal-spaces-fr\\\/module-collaborate\\\/\"]}]},{\"@type\":\"ImageObject\",\"inLanguage\":\"fr-FR\",\"@id\":\"https:\\\/\\\/www.2020spaces.com\\\/fr\\\/produits\\\/2020-ideal-spaces-fr\\\/module-collaborate\\\/#primaryimage\",\"url\":\"https:\\\/\\\/www.2020spaces.com\\\/wp-content\\\/uploads\\\/2018\\\/12\\\/Image_IdealSpaces_Collaborate_Consumer-Feature_01.png\",\"contentUrl\":\"https:\\\/\\\/www.2020spaces.com\\\/wp-content\\\/uploads\\\/2018\\\/12\\\/Image_IdealSpaces_Collaborate_Consumer-Feature_01.png\"},{\"@type\":\"BreadcrumbList\",\"@id\":\"https:\\\/\\\/www.2020spaces.com\\\/fr\\\/produits\\\/2020-ideal-spaces-fr\\\/module-collaborate\\\/#breadcrumb\",\"itemListElement\":[{\"@type\":\"ListItem\",\"position\":1,\"name\":\"Home\",\"item\":\"https:\\\/\\\/www.2020spaces.com\\\/fr\\\/accueil-2-2\\\/\"},{\"@type\":\"ListItem\",\"position\":2,\"name\":\"Produits 2020\",\"item\":\"https:\\\/\\\/www.2020spaces.com\\\/fr\\\/produits\\\/\"},{\"@type\":\"ListItem\",\"position\":3,\"name\":\"2020 Ideal Spaces\",\"item\":\"https:\\\/\\\/www.2020spaces.com\\\/fr\\\/produits\\\/2020-ideal-spaces-fr\\\/\"},{\"@type\":\"ListItem\",\"position\":4,\"name\":\"Module additionnel Collaborate\"}]},{\"@type\":\"WebSite\",\"@id\":\"https:\\\/\\\/www.2020spaces.com\\\/#website\",\"url\":\"https:\\\/\\\/www.2020spaces.com\\\/\",\"name\":\"2020\",\"description\":\"Making Spaces for Life\u2122\",\"potentialAction\":[{\"@type\":\"SearchAction\",\"target\":{\"@type\":\"EntryPoint\",\"urlTemplate\":\"https:\\\/\\\/www.2020spaces.com\\\/?s={search_term_string}\"},\"query-input\":{\"@type\":\"PropertyValueSpecification\",\"valueRequired\":true,\"valueName\":\"search_term_string\"}}],\"inLanguage\":\"fr-FR\"}]}<\/script>\n<!-- \/ Yoast SEO Premium plugin. -->","yoast_head_json":{"title":"Module additionnel Collaborate | 2020 Ideal Spaces","description":"Avec le module 2020 Ideal Spaces Collaborate, vous pouvez offrir \u00e0 vos visiteurs d\u00e9j\u00e0 enregistr\u00e9s un emplacement unique pour stocker","robots":{"index":"index","follow":"follow","max-snippet":"max-snippet:-1","max-image-preview":"max-image-preview:large","max-video-preview":"max-video-preview:-1"},"canonical":"https:\/\/www.2020spaces.com\/fr\/produits\/2020-ideal-spaces-fr\/module-collaborate\/","og_locale":"fr_FR","og_type":"article","og_title":"Module additionnel Collaborate","og_description":"Avec le module 2020 Ideal Spaces Collaborate, vous pouvez offrir \u00e0 vos visiteurs d\u00e9j\u00e0 enregistr\u00e9s un emplacement unique pour stocker","og_url":"https:\/\/www.2020spaces.com\/fr\/produits\/2020-ideal-spaces-fr\/module-collaborate\/","og_site_name":"2020","article_publisher":"https:\/\/www.facebook.com\/2020spaces","article_modified_time":"2023-05-04T10:37:59+00:00","og_image":[{"url":"https:\/\/www.2020spaces.com\/wp-content\/uploads\/2018\/12\/Image_IdealSpaces_Collaborate_Consumer-Feature_01.png","type":"","width":"","height":""}],"twitter_card":"summary_large_image","twitter_site":"@2020spaces","twitter_misc":{"Dur\u00e9e de lecture estim\u00e9e":"2 minutes"},"schema":{"@context":"https:\/\/schema.org","@graph":[{"@type":"WebPage","@id":"https:\/\/www.2020spaces.com\/fr\/produits\/2020-ideal-spaces-fr\/module-collaborate\/","url":"https:\/\/www.2020spaces.com\/fr\/produits\/2020-ideal-spaces-fr\/module-collaborate\/","name":"Module additionnel Collaborate | 2020 Ideal Spaces","isPartOf":{"@id":"https:\/\/www.2020spaces.com\/#website"},"primaryImageOfPage":{"@id":"https:\/\/www.2020spaces.com\/fr\/produits\/2020-ideal-spaces-fr\/module-collaborate\/#primaryimage"},"image":{"@id":"https:\/\/www.2020spaces.com\/fr\/produits\/2020-ideal-spaces-fr\/module-collaborate\/#primaryimage"},"thumbnailUrl":"https:\/\/www.2020spaces.com\/wp-content\/uploads\/2018\/12\/Image_IdealSpaces_Collaborate_Consumer-Feature_01.png","datePublished":"2018-11-19T17:10:43+00:00","dateModified":"2023-05-04T10:37:59+00:00","description":"Avec le module 2020 Ideal Spaces Collaborate, vous pouvez offrir \u00e0 vos visiteurs d\u00e9j\u00e0 enregistr\u00e9s un emplacement unique pour stocker","breadcrumb":{"@id":"https:\/\/www.2020spaces.com\/fr\/produits\/2020-ideal-spaces-fr\/module-collaborate\/#breadcrumb"},"inLanguage":"fr-FR","potentialAction":[{"@type":"ReadAction","target":["https:\/\/www.2020spaces.com\/fr\/produits\/2020-ideal-spaces-fr\/module-collaborate\/"]}]},{"@type":"ImageObject","inLanguage":"fr-FR","@id":"https:\/\/www.2020spaces.com\/fr\/produits\/2020-ideal-spaces-fr\/module-collaborate\/#primaryimage","url":"https:\/\/www.2020spaces.com\/wp-content\/uploads\/2018\/12\/Image_IdealSpaces_Collaborate_Consumer-Feature_01.png","contentUrl":"https:\/\/www.2020spaces.com\/wp-content\/uploads\/2018\/12\/Image_IdealSpaces_Collaborate_Consumer-Feature_01.png"},{"@type":"BreadcrumbList","@id":"https:\/\/www.2020spaces.com\/fr\/produits\/2020-ideal-spaces-fr\/module-collaborate\/#breadcrumb","itemListElement":[{"@type":"ListItem","position":1,"name":"Home","item":"https:\/\/www.2020spaces.com\/fr\/accueil-2-2\/"},{"@type":"ListItem","position":2,"name":"Produits 2020","item":"https:\/\/www.2020spaces.com\/fr\/produits\/"},{"@type":"ListItem","position":3,"name":"2020 Ideal Spaces","item":"https:\/\/www.2020spaces.com\/fr\/produits\/2020-ideal-spaces-fr\/"},{"@type":"ListItem","position":4,"name":"Module additionnel Collaborate"}]},{"@type":"WebSite","@id":"https:\/\/www.2020spaces.com\/#website","url":"https:\/\/www.2020spaces.com\/","name":"2020","description":"Making Spaces for Life\u2122","potentialAction":[{"@type":"SearchAction","target":{"@type":"EntryPoint","urlTemplate":"https:\/\/www.2020spaces.com\/?s={search_term_string}"},"query-input":{"@type":"PropertyValueSpecification","valueRequired":true,"valueName":"search_term_string"}}],"inLanguage":"fr-FR"}]}},"_links":{"self":[{"href":"https:\/\/www.2020spaces.com\/fr\/wp-json\/wp\/v2\/pages\/219804","targetHints":{"allow":["GET"]}}],"collection":[{"href":"https:\/\/www.2020spaces.com\/fr\/wp-json\/wp\/v2\/pages"}],"about":[{"href":"https:\/\/www.2020spaces.com\/fr\/wp-json\/wp\/v2\/types\/page"}],"author":[{"embeddable":true,"href":"https:\/\/www.2020spaces.com\/fr\/wp-json\/wp\/v2\/users\/25194"}],"replies":[{"embeddable":true,"href":"https:\/\/www.2020spaces.com\/fr\/wp-json\/wp\/v2\/comments?post=219804"}],"version-history":[{"count":0,"href":"https:\/\/www.2020spaces.com\/fr\/wp-json\/wp\/v2\/pages\/219804\/revisions"}],"up":[{"embeddable":true,"href":"https:\/\/www.2020spaces.com\/fr\/wp-json\/wp\/v2\/pages\/9393"}],"wp:attachment":[{"href":"https:\/\/www.2020spaces.com\/fr\/wp-json\/wp\/v2\/media?parent=219804"}],"wp:term":[{"taxonomy":"category","embeddable":true,"href":"https:\/\/www.2020spaces.com\/fr\/wp-json\/wp\/v2\/categories?post=219804"}],"curies":[{"name":"wp","href":"https:\/\/api.w.org\/{rel}","templated":true}]}}