{"id":220178,"date":"2018-11-19T12:35:49","date_gmt":"2018-11-19T17:35:49","guid":{"rendered":"https:\/\/www.2020spaces.com\/?page_id=220178"},"modified":"2020-12-01T14:56:36","modified_gmt":"2020-12-01T19:56:36","slug":"cloud-hosting","status":"publish","type":"page","link":"https:\/\/www.2020spaces.com\/fr\/produits\/2020-ideal-spaces-fr\/cloud-hosting\/","title":{"rendered":"Cloud Hosting"},"content":{"rendered":"<div id=\"cs-content\" class=\"cs-content\"><\/div>\n","protected":false},"excerpt":{"rendered":"<p>2020 Ideal Spaces : Cloud Hosting Avec le module 2020 Ideal Spaces h\u00e9bergement sur le Cloud, vous pouvez acc\u00e9der \u00e0 l&rsquo;application \u00e0 tout moment, n&rsquo;importe o\u00f9, avec un acc\u00e8s rapide et ininterrompu. Tirez parti des meilleurs services du Cloud quel que soit votre zone g\u00e9ographique. B\u00e9n\u00e9ficiez de mises \u00e0 jour &#8230; <\/p>\n<div><a href=\"https:\/\/www.2020spaces.com\/fr\/produits\/2020-ideal-spaces-fr\/cloud-hosting\/\" class=\"more-link\">En savoir plus<\/a><\/div>\n","protected":false},"author":25194,"featured_media":0,"parent":9393,"menu_order":0,"comment_status":"closed","ping_status":"closed","template":"template-blank-4.php","meta":{"_bbp_topic_count":0,"_bbp_reply_count":0,"_bbp_total_topic_count":0,"_bbp_total_reply_count":0,"_bbp_voice_count":0,"_bbp_anonymous_reply_count":0,"_bbp_topic_count_hidden":0,"_bbp_reply_count_hidden":0,"_bbp_forum_subforum_count":0,"footnotes":""},"categories":[],"class_list":["post-220178","page","type-page","status-publish","hentry","no-post-thumbnail"],"pp_force_visibility":null,"pp_subpost_visibility":null,"pp_inherited_force_visibility":null,"pp_inherited_subpost_visibility":null,"yoast_head":"<!-- This site is optimized with the Yoast SEO Premium plugin v26.7 (Yoast SEO v26.7) - https:\/\/yoast.com\/wordpress\/plugins\/seo\/ -->\n<title>H\u00e9bergement sur le Cloud | 2020 Ideal Spaces<\/title>\n<meta name=\"description\" content=\"Avec le module 2020 Ideal Spaces h\u00e9bergement sur le Cloud, vous pouvez acc\u00e9der \u00e0 l&#039;application \u00e0 tout moment, n&#039;importe o\u00f9, avec un acc\u00e8s rapide.\" \/>\n<meta name=\"robots\" content=\"index, follow, max-snippet:-1, max-image-preview:large, max-video-preview:-1\" \/>\n<link rel=\"canonical\" href=\"https:\/\/www.2020spaces.com\/fr\/produits\/2020-ideal-spaces-fr\/cloud-hosting\/\" \/>\n<meta property=\"og:locale\" content=\"fr_FR\" \/>\n<meta property=\"og:type\" content=\"article\" \/>\n<meta property=\"og:title\" content=\"H\u00e9bergement sur le Cloud | 2020 Ideal Spaces\" \/>\n<meta property=\"og:description\" content=\"Avec le module 2020 Ideal Spaces h\u00e9bergement sur le Cloud, vous pouvez acc\u00e9der \u00e0 l&#039;application \u00e0 tout moment, n&#039;importe o\u00f9, avec un acc\u00e8s rapide.\" \/>\n<meta property=\"og:url\" content=\"https:\/\/www.2020spaces.com\/fr\/produits\/2020-ideal-spaces-fr\/cloud-hosting\/\" \/>\n<meta property=\"og:site_name\" content=\"2020\" \/>\n<meta property=\"article:publisher\" content=\"https:\/\/www.facebook.com\/2020spaces\" \/>\n<meta property=\"article:modified_time\" content=\"2020-12-01T19:56:36+00:00\" \/>\n<meta property=\"og:image\" content=\"https:\/\/www.2020spaces.com\/wp-content\/uploads\/2018\/11\/Image_DevOps_800w-01.png\" \/>\n<meta name=\"twitter:card\" content=\"summary_large_image\" \/>\n<meta name=\"twitter:title\" content=\"H\u00e9bergement sur le Cloud | 2020 Ideal Spaces\" \/>\n<meta name=\"twitter:site\" content=\"@2020spaces\" \/>\n<meta name=\"twitter:label1\" content=\"Dur\u00e9e de lecture estim\u00e9e\" \/>\n\t<meta name=\"twitter:data1\" content=\"2 minutes\" \/>\n<script type=\"application\/ld+json\" class=\"yoast-schema-graph\">{\"@context\":\"https:\/\/schema.org\",\"@graph\":[{\"@type\":\"WebPage\",\"@id\":\"https:\/\/www.2020spaces.com\/fr\/produits\/2020-ideal-spaces-fr\/cloud-hosting\/\",\"url\":\"https:\/\/www.2020spaces.com\/fr\/produits\/2020-ideal-spaces-fr\/cloud-hosting\/\",\"name\":\"H\u00e9bergement sur le Cloud | 2020 Ideal Spaces\",\"isPartOf\":{\"@id\":\"https:\/\/www.2020spaces.com\/#website\"},\"primaryImageOfPage\":{\"@id\":\"https:\/\/www.2020spaces.com\/fr\/produits\/2020-ideal-spaces-fr\/cloud-hosting\/#primaryimage\"},\"image\":{\"@id\":\"https:\/\/www.2020spaces.com\/fr\/produits\/2020-ideal-spaces-fr\/cloud-hosting\/#primaryimage\"},\"thumbnailUrl\":\"https:\/\/www.2020spaces.com\/wp-content\/uploads\/2018\/11\/Image_DevOps_800w-01.png\",\"datePublished\":\"2018-11-19T17:35:49+00:00\",\"dateModified\":\"2020-12-01T19:56:36+00:00\",\"description\":\"Avec le module 2020 Ideal Spaces h\u00e9bergement sur le Cloud, vous pouvez acc\u00e9der \u00e0 l'application \u00e0 tout moment, n'importe o\u00f9, avec un acc\u00e8s rapide.\",\"breadcrumb\":{\"@id\":\"https:\/\/www.2020spaces.com\/fr\/produits\/2020-ideal-spaces-fr\/cloud-hosting\/#breadcrumb\"},\"inLanguage\":\"fr-FR\",\"potentialAction\":[{\"@type\":\"ReadAction\",\"target\":[\"https:\/\/www.2020spaces.com\/fr\/produits\/2020-ideal-spaces-fr\/cloud-hosting\/\"]}]},{\"@type\":\"ImageObject\",\"inLanguage\":\"fr-FR\",\"@id\":\"https:\/\/www.2020spaces.com\/fr\/produits\/2020-ideal-spaces-fr\/cloud-hosting\/#primaryimage\",\"url\":\"https:\/\/www.2020spaces.com\/wp-content\/uploads\/2018\/11\/Image_DevOps_800w-01.png\",\"contentUrl\":\"https:\/\/www.2020spaces.com\/wp-content\/uploads\/2018\/11\/Image_DevOps_800w-01.png\"},{\"@type\":\"BreadcrumbList\",\"@id\":\"https:\/\/www.2020spaces.com\/fr\/produits\/2020-ideal-spaces-fr\/cloud-hosting\/#breadcrumb\",\"itemListElement\":[{\"@type\":\"ListItem\",\"position\":1,\"name\":\"Home\",\"item\":\"https:\/\/www.2020spaces.com\/fr\/accueil-2-2\/\"},{\"@type\":\"ListItem\",\"position\":2,\"name\":\"Produits 2020\",\"item\":\"https:\/\/www.2020spaces.com\/fr\/produits\/\"},{\"@type\":\"ListItem\",\"position\":3,\"name\":\"2020 Ideal Spaces\",\"item\":\"https:\/\/www.2020spaces.com\/fr\/produits\/2020-ideal-spaces-fr\/\"},{\"@type\":\"ListItem\",\"position\":4,\"name\":\"Cloud Hosting\"}]},{\"@type\":\"WebSite\",\"@id\":\"https:\/\/www.2020spaces.com\/#website\",\"url\":\"https:\/\/www.2020spaces.com\/\",\"name\":\"2020\",\"description\":\"Making Spaces for Life\u2122\",\"potentialAction\":[{\"@type\":\"SearchAction\",\"target\":{\"@type\":\"EntryPoint\",\"urlTemplate\":\"https:\/\/www.2020spaces.com\/?s={search_term_string}\"},\"query-input\":{\"@type\":\"PropertyValueSpecification\",\"valueRequired\":true,\"valueName\":\"search_term_string\"}}],\"inLanguage\":\"fr-FR\"}]}<\/script>\n<!-- \/ Yoast SEO Premium plugin. -->","yoast_head_json":{"title":"H\u00e9bergement sur le Cloud | 2020 Ideal Spaces","description":"Avec le module 2020 Ideal Spaces h\u00e9bergement sur le Cloud, vous pouvez acc\u00e9der \u00e0 l'application \u00e0 tout moment, n'importe o\u00f9, avec un acc\u00e8s rapide.","robots":{"index":"index","follow":"follow","max-snippet":"max-snippet:-1","max-image-preview":"max-image-preview:large","max-video-preview":"max-video-preview:-1"},"canonical":"https:\/\/www.2020spaces.com\/fr\/produits\/2020-ideal-spaces-fr\/cloud-hosting\/","og_locale":"fr_FR","og_type":"article","og_title":"H\u00e9bergement sur le Cloud | 2020 Ideal Spaces","og_description":"Avec le module 2020 Ideal Spaces h\u00e9bergement sur le Cloud, vous pouvez acc\u00e9der \u00e0 l'application \u00e0 tout moment, n'importe o\u00f9, avec un acc\u00e8s rapide.","og_url":"https:\/\/www.2020spaces.com\/fr\/produits\/2020-ideal-spaces-fr\/cloud-hosting\/","og_site_name":"2020","article_publisher":"https:\/\/www.facebook.com\/2020spaces","article_modified_time":"2020-12-01T19:56:36+00:00","og_image":[{"url":"https:\/\/www.2020spaces.com\/wp-content\/uploads\/2018\/11\/Image_DevOps_800w-01.png","type":"","width":"","height":""}],"twitter_card":"summary_large_image","twitter_title":"H\u00e9bergement sur le Cloud | 2020 Ideal Spaces","twitter_site":"@2020spaces","twitter_misc":{"Dur\u00e9e de lecture estim\u00e9e":"2 minutes"},"schema":{"@context":"https:\/\/schema.org","@graph":[{"@type":"WebPage","@id":"https:\/\/www.2020spaces.com\/fr\/produits\/2020-ideal-spaces-fr\/cloud-hosting\/","url":"https:\/\/www.2020spaces.com\/fr\/produits\/2020-ideal-spaces-fr\/cloud-hosting\/","name":"H\u00e9bergement sur le Cloud | 2020 Ideal Spaces","isPartOf":{"@id":"https:\/\/www.2020spaces.com\/#website"},"primaryImageOfPage":{"@id":"https:\/\/www.2020spaces.com\/fr\/produits\/2020-ideal-spaces-fr\/cloud-hosting\/#primaryimage"},"image":{"@id":"https:\/\/www.2020spaces.com\/fr\/produits\/2020-ideal-spaces-fr\/cloud-hosting\/#primaryimage"},"thumbnailUrl":"https:\/\/www.2020spaces.com\/wp-content\/uploads\/2018\/11\/Image_DevOps_800w-01.png","datePublished":"2018-11-19T17:35:49+00:00","dateModified":"2020-12-01T19:56:36+00:00","description":"Avec le module 2020 Ideal Spaces h\u00e9bergement sur le Cloud, vous pouvez acc\u00e9der \u00e0 l'application \u00e0 tout moment, n'importe o\u00f9, avec un acc\u00e8s rapide.","breadcrumb":{"@id":"https:\/\/www.2020spaces.com\/fr\/produits\/2020-ideal-spaces-fr\/cloud-hosting\/#breadcrumb"},"inLanguage":"fr-FR","potentialAction":[{"@type":"ReadAction","target":["https:\/\/www.2020spaces.com\/fr\/produits\/2020-ideal-spaces-fr\/cloud-hosting\/"]}]},{"@type":"ImageObject","inLanguage":"fr-FR","@id":"https:\/\/www.2020spaces.com\/fr\/produits\/2020-ideal-spaces-fr\/cloud-hosting\/#primaryimage","url":"https:\/\/www.2020spaces.com\/wp-content\/uploads\/2018\/11\/Image_DevOps_800w-01.png","contentUrl":"https:\/\/www.2020spaces.com\/wp-content\/uploads\/2018\/11\/Image_DevOps_800w-01.png"},{"@type":"BreadcrumbList","@id":"https:\/\/www.2020spaces.com\/fr\/produits\/2020-ideal-spaces-fr\/cloud-hosting\/#breadcrumb","itemListElement":[{"@type":"ListItem","position":1,"name":"Home","item":"https:\/\/www.2020spaces.com\/fr\/accueil-2-2\/"},{"@type":"ListItem","position":2,"name":"Produits 2020","item":"https:\/\/www.2020spaces.com\/fr\/produits\/"},{"@type":"ListItem","position":3,"name":"2020 Ideal Spaces","item":"https:\/\/www.2020spaces.com\/fr\/produits\/2020-ideal-spaces-fr\/"},{"@type":"ListItem","position":4,"name":"Cloud Hosting"}]},{"@type":"WebSite","@id":"https:\/\/www.2020spaces.com\/#website","url":"https:\/\/www.2020spaces.com\/","name":"2020","description":"Making Spaces for Life\u2122","potentialAction":[{"@type":"SearchAction","target":{"@type":"EntryPoint","urlTemplate":"https:\/\/www.2020spaces.com\/?s={search_term_string}"},"query-input":{"@type":"PropertyValueSpecification","valueRequired":true,"valueName":"search_term_string"}}],"inLanguage":"fr-FR"}]}},"_links":{"self":[{"href":"https:\/\/www.2020spaces.com\/fr\/wp-json\/wp\/v2\/pages\/220178","targetHints":{"allow":["GET"]}}],"collection":[{"href":"https:\/\/www.2020spaces.com\/fr\/wp-json\/wp\/v2\/pages"}],"about":[{"href":"https:\/\/www.2020spaces.com\/fr\/wp-json\/wp\/v2\/types\/page"}],"author":[{"embeddable":true,"href":"https:\/\/www.2020spaces.com\/fr\/wp-json\/wp\/v2\/users\/25194"}],"replies":[{"embeddable":true,"href":"https:\/\/www.2020spaces.com\/fr\/wp-json\/wp\/v2\/comments?post=220178"}],"version-history":[{"count":0,"href":"https:\/\/www.2020spaces.com\/fr\/wp-json\/wp\/v2\/pages\/220178\/revisions"}],"up":[{"embeddable":true,"href":"https:\/\/www.2020spaces.com\/fr\/wp-json\/wp\/v2\/pages\/9393"}],"wp:attachment":[{"href":"https:\/\/www.2020spaces.com\/fr\/wp-json\/wp\/v2\/media?parent=220178"}],"wp:term":[{"taxonomy":"category","embeddable":true,"href":"https:\/\/www.2020spaces.com\/fr\/wp-json\/wp\/v2\/categories?post=220178"}],"curies":[{"name":"wp","href":"https:\/\/api.w.org\/{rel}","templated":true}]}}