{"id":228876,"date":"2019-03-12T09:55:46","date_gmt":"2019-03-12T13:55:46","guid":{"rendered":"https:\/\/www.2020spaces.com\/?page_id=228876"},"modified":"2023-03-30T11:23:28","modified_gmt":"2023-03-30T15:23:28","slug":"sadecc","status":"publish","type":"page","link":"https:\/\/www.2020spaces.com\/fr\/sadecc\/","title":{"rendered":"Sadecc 2021"},"content":{"rendered":"<div id=\"cs-content\" class=\"cs-content\"><\/div>\n","protected":false},"excerpt":{"rendered":"<p>SADECC 2021 1-4 Octobre 2021 | Paris | Stand B11Rendez-vous au salon de la cuisine\u202f! Depuis plus de 30 ans, 2020 vous accompagne dans la r\u00e9ussite de votre transformation digitale gr\u00e2ce \u00e0 nos solutions innovantes d\u00e9di\u00e9es \u00e0 l\u2019am\u00e9nagement d\u2019int\u00e9rieur. Rendez-vous au SADECC pour \u00e9changer avec notre \u00e9quipe et d\u00e9couvrir nos &#8230; <\/p>\n<div><a href=\"https:\/\/www.2020spaces.com\/fr\/sadecc\/\" class=\"more-link\">En savoir plus<\/a><\/div>\n","protected":false},"author":1,"featured_media":345222,"parent":0,"menu_order":0,"comment_status":"closed","ping_status":"closed","template":"template-blank-4.php","meta":{"_bbp_topic_count":0,"_bbp_reply_count":0,"_bbp_total_topic_count":0,"_bbp_total_reply_count":0,"_bbp_voice_count":0,"_bbp_anonymous_reply_count":0,"_bbp_topic_count_hidden":0,"_bbp_reply_count_hidden":0,"_bbp_forum_subforum_count":0,"footnotes":""},"categories":[],"class_list":["post-228876","page","type-page","status-publish","has-post-thumbnail","hentry"],"pp_force_visibility":null,"pp_subpost_visibility":null,"pp_inherited_force_visibility":null,"pp_inherited_subpost_visibility":null,"yoast_head":"<!-- This site is optimized with the Yoast SEO Premium plugin v27.4 (Yoast SEO v27.4) - https:\/\/yoast.com\/product\/yoast-seo-premium-wordpress\/ -->\n<title>SADECC 2021 | 2020 Spaces<\/title>\n<meta name=\"description\" content=\"Recontrez 2020 au SADECC 2019 - stand B8 et d\u00e9couvrez en avant-premi\u00e8re la nouvelle version 2020 Fusion v7. Demandez gratuitement une invitation!\" \/>\n<meta name=\"robots\" content=\"index, follow, max-snippet:-1, max-image-preview:large, max-video-preview:-1\" \/>\n<link rel=\"canonical\" href=\"https:\/\/www.2020spaces.com\/fr\/sadecc\/\" \/>\n<meta property=\"og:locale\" content=\"fr_FR\" \/>\n<meta property=\"og:type\" content=\"article\" \/>\n<meta property=\"og:title\" content=\"Retrouvez l\u2019\u00e9quipe 2020 au SADECC 2021\" \/>\n<meta property=\"og:description\" content=\"Rendez-vous au salon SADECC 2021 pour rencontrer l&#039;\u00e9quipe, d\u00e9couvrir nos nouveaut\u00e9s et repartir avec des goodies 2020 !\" \/>\n<meta property=\"og:url\" content=\"https:\/\/www.2020spaces.com\/fr\/sadecc\/\" \/>\n<meta property=\"og:site_name\" content=\"2020\" \/>\n<meta property=\"article:publisher\" content=\"https:\/\/www.facebook.com\/2020spaces\" \/>\n<meta property=\"article:modified_time\" content=\"2023-03-30T15:23:28+00:00\" \/>\n<meta property=\"og:image\" content=\"https:\/\/www.2020spaces.com\/wp-content\/uploads\/2021\/09\/Social_1200x630_Sadecc_01.jpg\" \/>\n\t<meta property=\"og:image:width\" content=\"1200\" \/>\n\t<meta property=\"og:image:height\" content=\"630\" \/>\n\t<meta property=\"og:image:type\" content=\"image\/jpeg\" \/>\n<meta name=\"twitter:card\" content=\"summary_large_image\" \/>\n<meta name=\"twitter:title\" content=\"Retrouvez l\u2019\u00e9quipe 2020 au SADECC 2021\" \/>\n<meta name=\"twitter:description\" content=\"Rendez-vous au salon SADECC 2021 pour rencontrer l&#039;\u00e9quipe, d\u00e9couvrir nos nouveaut\u00e9s et repartir avec des goodies 2020 !\" \/>\n<meta name=\"twitter:site\" content=\"@2020spaces\" \/>\n<meta name=\"twitter:label1\" content=\"Dur\u00e9e de lecture estim\u00e9e\" \/>\n\t<meta name=\"twitter:data1\" content=\"5 minutes\" \/>\n<script type=\"application\/ld+json\" class=\"yoast-schema-graph\">{\"@context\":\"https:\\\/\\\/schema.org\",\"@graph\":[{\"@type\":\"WebPage\",\"@id\":\"https:\\\/\\\/www.2020spaces.com\\\/fr\\\/sadecc\\\/\",\"url\":\"https:\\\/\\\/www.2020spaces.com\\\/fr\\\/sadecc\\\/\",\"name\":\"SADECC 2021 | 2020 Spaces\",\"isPartOf\":{\"@id\":\"https:\\\/\\\/www.2020spaces.com\\\/#website\"},\"primaryImageOfPage\":{\"@id\":\"https:\\\/\\\/www.2020spaces.com\\\/fr\\\/sadecc\\\/#primaryimage\"},\"image\":{\"@id\":\"https:\\\/\\\/www.2020spaces.com\\\/fr\\\/sadecc\\\/#primaryimage\"},\"thumbnailUrl\":\"https:\\\/\\\/www.2020spaces.com\\\/wp-content\\\/uploads\\\/2021\\\/09\\\/Featured_400x323_Sadecc.png\",\"datePublished\":\"2019-03-12T13:55:46+00:00\",\"dateModified\":\"2023-03-30T15:23:28+00:00\",\"description\":\"Recontrez 2020 au SADECC 2019 - stand B8 et d\u00e9couvrez en avant-premi\u00e8re la nouvelle version 2020 Fusion v7. Demandez gratuitement une invitation!\",\"breadcrumb\":{\"@id\":\"https:\\\/\\\/www.2020spaces.com\\\/fr\\\/sadecc\\\/#breadcrumb\"},\"inLanguage\":\"fr-FR\",\"potentialAction\":[{\"@type\":\"ReadAction\",\"target\":[\"https:\\\/\\\/www.2020spaces.com\\\/fr\\\/sadecc\\\/\"]}]},{\"@type\":\"ImageObject\",\"inLanguage\":\"fr-FR\",\"@id\":\"https:\\\/\\\/www.2020spaces.com\\\/fr\\\/sadecc\\\/#primaryimage\",\"url\":\"https:\\\/\\\/www.2020spaces.com\\\/wp-content\\\/uploads\\\/2021\\\/09\\\/Featured_400x323_Sadecc.png\",\"contentUrl\":\"https:\\\/\\\/www.2020spaces.com\\\/wp-content\\\/uploads\\\/2021\\\/09\\\/Featured_400x323_Sadecc.png\",\"width\":400,\"height\":323,\"caption\":\"Sadecc 2021\"},{\"@type\":\"BreadcrumbList\",\"@id\":\"https:\\\/\\\/www.2020spaces.com\\\/fr\\\/sadecc\\\/#breadcrumb\",\"itemListElement\":[{\"@type\":\"ListItem\",\"position\":1,\"name\":\"Home\",\"item\":\"https:\\\/\\\/www.2020spaces.com\\\/fr\\\/accueil-2-2\\\/\"},{\"@type\":\"ListItem\",\"position\":2,\"name\":\"Sadecc 2021\"}]},{\"@type\":\"WebSite\",\"@id\":\"https:\\\/\\\/www.2020spaces.com\\\/#website\",\"url\":\"https:\\\/\\\/www.2020spaces.com\\\/\",\"name\":\"2020\",\"description\":\"Making Spaces for Life\u2122\",\"potentialAction\":[{\"@type\":\"SearchAction\",\"target\":{\"@type\":\"EntryPoint\",\"urlTemplate\":\"https:\\\/\\\/www.2020spaces.com\\\/?s={search_term_string}\"},\"query-input\":{\"@type\":\"PropertyValueSpecification\",\"valueRequired\":true,\"valueName\":\"search_term_string\"}}],\"inLanguage\":\"fr-FR\"}]}<\/script>\n<!-- \/ Yoast SEO Premium plugin. -->","yoast_head_json":{"title":"SADECC 2021 | 2020 Spaces","description":"Recontrez 2020 au SADECC 2019 - stand B8 et d\u00e9couvrez en avant-premi\u00e8re la nouvelle version 2020 Fusion v7. Demandez gratuitement une invitation!","robots":{"index":"index","follow":"follow","max-snippet":"max-snippet:-1","max-image-preview":"max-image-preview:large","max-video-preview":"max-video-preview:-1"},"canonical":"https:\/\/www.2020spaces.com\/fr\/sadecc\/","og_locale":"fr_FR","og_type":"article","og_title":"Retrouvez l\u2019\u00e9quipe 2020 au SADECC 2021","og_description":"Rendez-vous au salon SADECC 2021 pour rencontrer l'\u00e9quipe, d\u00e9couvrir nos nouveaut\u00e9s et repartir avec des goodies 2020 !","og_url":"https:\/\/www.2020spaces.com\/fr\/sadecc\/","og_site_name":"2020","article_publisher":"https:\/\/www.facebook.com\/2020spaces","article_modified_time":"2023-03-30T15:23:28+00:00","og_image":[{"width":1200,"height":630,"url":"https:\/\/www.2020spaces.com\/wp-content\/uploads\/2021\/09\/Social_1200x630_Sadecc_01.jpg","type":"image\/jpeg"}],"twitter_card":"summary_large_image","twitter_title":"Retrouvez l\u2019\u00e9quipe 2020 au SADECC 2021","twitter_description":"Rendez-vous au salon SADECC 2021 pour rencontrer l'\u00e9quipe, d\u00e9couvrir nos nouveaut\u00e9s et repartir avec des goodies 2020 !","twitter_site":"@2020spaces","twitter_misc":{"Dur\u00e9e de lecture estim\u00e9e":"5 minutes"},"schema":{"@context":"https:\/\/schema.org","@graph":[{"@type":"WebPage","@id":"https:\/\/www.2020spaces.com\/fr\/sadecc\/","url":"https:\/\/www.2020spaces.com\/fr\/sadecc\/","name":"SADECC 2021 | 2020 Spaces","isPartOf":{"@id":"https:\/\/www.2020spaces.com\/#website"},"primaryImageOfPage":{"@id":"https:\/\/www.2020spaces.com\/fr\/sadecc\/#primaryimage"},"image":{"@id":"https:\/\/www.2020spaces.com\/fr\/sadecc\/#primaryimage"},"thumbnailUrl":"https:\/\/www.2020spaces.com\/wp-content\/uploads\/2021\/09\/Featured_400x323_Sadecc.png","datePublished":"2019-03-12T13:55:46+00:00","dateModified":"2023-03-30T15:23:28+00:00","description":"Recontrez 2020 au SADECC 2019 - stand B8 et d\u00e9couvrez en avant-premi\u00e8re la nouvelle version 2020 Fusion v7. Demandez gratuitement une invitation!","breadcrumb":{"@id":"https:\/\/www.2020spaces.com\/fr\/sadecc\/#breadcrumb"},"inLanguage":"fr-FR","potentialAction":[{"@type":"ReadAction","target":["https:\/\/www.2020spaces.com\/fr\/sadecc\/"]}]},{"@type":"ImageObject","inLanguage":"fr-FR","@id":"https:\/\/www.2020spaces.com\/fr\/sadecc\/#primaryimage","url":"https:\/\/www.2020spaces.com\/wp-content\/uploads\/2021\/09\/Featured_400x323_Sadecc.png","contentUrl":"https:\/\/www.2020spaces.com\/wp-content\/uploads\/2021\/09\/Featured_400x323_Sadecc.png","width":400,"height":323,"caption":"Sadecc 2021"},{"@type":"BreadcrumbList","@id":"https:\/\/www.2020spaces.com\/fr\/sadecc\/#breadcrumb","itemListElement":[{"@type":"ListItem","position":1,"name":"Home","item":"https:\/\/www.2020spaces.com\/fr\/accueil-2-2\/"},{"@type":"ListItem","position":2,"name":"Sadecc 2021"}]},{"@type":"WebSite","@id":"https:\/\/www.2020spaces.com\/#website","url":"https:\/\/www.2020spaces.com\/","name":"2020","description":"Making Spaces for Life\u2122","potentialAction":[{"@type":"SearchAction","target":{"@type":"EntryPoint","urlTemplate":"https:\/\/www.2020spaces.com\/?s={search_term_string}"},"query-input":{"@type":"PropertyValueSpecification","valueRequired":true,"valueName":"search_term_string"}}],"inLanguage":"fr-FR"}]}},"_links":{"self":[{"href":"https:\/\/www.2020spaces.com\/fr\/wp-json\/wp\/v2\/pages\/228876","targetHints":{"allow":["GET"]}}],"collection":[{"href":"https:\/\/www.2020spaces.com\/fr\/wp-json\/wp\/v2\/pages"}],"about":[{"href":"https:\/\/www.2020spaces.com\/fr\/wp-json\/wp\/v2\/types\/page"}],"author":[{"embeddable":true,"href":"https:\/\/www.2020spaces.com\/fr\/wp-json\/wp\/v2\/users\/1"}],"replies":[{"embeddable":true,"href":"https:\/\/www.2020spaces.com\/fr\/wp-json\/wp\/v2\/comments?post=228876"}],"version-history":[{"count":0,"href":"https:\/\/www.2020spaces.com\/fr\/wp-json\/wp\/v2\/pages\/228876\/revisions"}],"wp:featuredmedia":[{"embeddable":true,"href":"https:\/\/www.2020spaces.com\/fr\/wp-json\/wp\/v2\/media\/345222"}],"wp:attachment":[{"href":"https:\/\/www.2020spaces.com\/fr\/wp-json\/wp\/v2\/media?parent=228876"}],"wp:term":[{"taxonomy":"category","embeddable":true,"href":"https:\/\/www.2020spaces.com\/fr\/wp-json\/wp\/v2\/categories?post=228876"}],"curies":[{"name":"wp","href":"https:\/\/api.w.org\/{rel}","templated":true}]}}