{"id":235724,"date":"2019-03-05T13:43:11","date_gmt":"2019-03-05T18:43:11","guid":{"rendered":"https:\/\/www.2020spaces.com\/produits\/2020design\/system-requirements\/"},"modified":"2025-05-08T03:17:09","modified_gmt":"2025-05-08T07:17:09","slug":"system-requirements","status":"publish","type":"page","link":"https:\/\/www.2020spaces.com\/fr\/produits\/designflex\/system-requirements\/","title":{"rendered":"System Requirements"},"content":{"rendered":"<div id=\"cs-content\" class=\"cs-content\"><\/div>\n","protected":false},"excerpt":{"rendered":"<p>Configurations syst\u00e8me recommand\u00e9es pour la version 14 Syst\u00e8mes d&rsquo;exploitation activement pris en charge Syst\u00e8me d&rsquo;exploitation PC (64 bit) : Windows 11, Windows 10.Configurations mat\u00e9rielles recommand\u00e9es Processeur : Intel i7 (8 Core) ou mod\u00e8le AMD Ryzen 7.M\u00e9moire : 16 Go de m\u00e9moire \u00ab RAM \u00bb.Espace disque : SSD avec 20 Go &#8230; <\/p>\n<div><a href=\"https:\/\/www.2020spaces.com\/fr\/produits\/designflex\/system-requirements\/\" class=\"more-link\">En savoir plus<\/a><\/div>\n","protected":false},"author":1,"featured_media":0,"parent":9432,"menu_order":0,"comment_status":"closed","ping_status":"closed","template":"template-blank-4.php","meta":{"_bbp_topic_count":0,"_bbp_reply_count":0,"_bbp_total_topic_count":0,"_bbp_total_reply_count":0,"_bbp_voice_count":0,"_bbp_anonymous_reply_count":0,"_bbp_topic_count_hidden":0,"_bbp_reply_count_hidden":0,"_bbp_forum_subforum_count":0,"footnotes":""},"categories":[],"class_list":["post-235724","page","type-page","status-publish","hentry","no-post-thumbnail"],"pp_force_visibility":null,"pp_subpost_visibility":null,"pp_inherited_force_visibility":null,"pp_inherited_subpost_visibility":null,"yoast_head":"<!-- This site is optimized with the Yoast SEO Premium plugin v26.7 (Yoast SEO v26.7) - https:\/\/yoast.com\/wordpress\/plugins\/seo\/ -->\n<title>Syst\u00e8me requise | Design Flex<\/title>\n<meta name=\"description\" content=\"Configuration syst\u00e8me requise pour concevoir la cuisine et la salle de bains parfaites avec Design Flex.\" \/>\n<meta name=\"robots\" content=\"index, follow, max-snippet:-1, max-image-preview:large, max-video-preview:-1\" \/>\n<link rel=\"canonical\" href=\"https:\/\/www.2020spaces.com\/fr\/produits\/designflex\/system-requirements\/\" \/>\n<meta property=\"og:locale\" content=\"fr_FR\" \/>\n<meta property=\"og:type\" content=\"article\" \/>\n<meta property=\"og:title\" content=\"System Requirements\" \/>\n<meta property=\"og:description\" content=\"Configuration syst\u00e8me requise pour concevoir la cuisine et la salle de bains parfaites avec Design Flex.\" \/>\n<meta property=\"og:url\" content=\"https:\/\/www.2020spaces.com\/fr\/produits\/designflex\/system-requirements\/\" \/>\n<meta property=\"og:site_name\" content=\"2020\" \/>\n<meta property=\"article:publisher\" content=\"https:\/\/www.facebook.com\/2020spaces\" \/>\n<meta property=\"article:modified_time\" content=\"2025-05-08T07:17:09+00:00\" \/>\n<meta name=\"twitter:card\" content=\"summary_large_image\" \/>\n<meta name=\"twitter:site\" content=\"@2020spaces\" \/>\n<meta name=\"twitter:label1\" content=\"Dur\u00e9e de lecture estim\u00e9e\" \/>\n\t<meta name=\"twitter:data1\" content=\"1 minute\" \/>\n<script type=\"application\/ld+json\" class=\"yoast-schema-graph\">{\"@context\":\"https:\/\/schema.org\",\"@graph\":[{\"@type\":\"WebPage\",\"@id\":\"https:\/\/www.2020spaces.com\/fr\/produits\/designflex\/system-requirements\/\",\"url\":\"https:\/\/www.2020spaces.com\/fr\/produits\/designflex\/system-requirements\/\",\"name\":\"Syst\u00e8me requise | Design Flex\",\"isPartOf\":{\"@id\":\"https:\/\/www.2020spaces.com\/#website\"},\"datePublished\":\"2019-03-05T18:43:11+00:00\",\"dateModified\":\"2025-05-08T07:17:09+00:00\",\"description\":\"Configuration syst\u00e8me requise pour concevoir la cuisine et la salle de bains parfaites avec Design Flex.\",\"breadcrumb\":{\"@id\":\"https:\/\/www.2020spaces.com\/fr\/produits\/designflex\/system-requirements\/#breadcrumb\"},\"inLanguage\":\"fr-FR\",\"potentialAction\":[{\"@type\":\"ReadAction\",\"target\":[\"https:\/\/www.2020spaces.com\/fr\/produits\/designflex\/system-requirements\/\"]}]},{\"@type\":\"BreadcrumbList\",\"@id\":\"https:\/\/www.2020spaces.com\/fr\/produits\/designflex\/system-requirements\/#breadcrumb\",\"itemListElement\":[{\"@type\":\"ListItem\",\"position\":1,\"name\":\"Home\",\"item\":\"https:\/\/www.2020spaces.com\/fr\/accueil-2-2\/\"},{\"@type\":\"ListItem\",\"position\":2,\"name\":\"Produits 2020\",\"item\":\"https:\/\/www.2020spaces.com\/fr\/produits\/\"},{\"@type\":\"ListItem\",\"position\":3,\"name\":\"Design Flex\",\"item\":\"https:\/\/www.2020spaces.com\/fr\/produits\/designflex\/\"},{\"@type\":\"ListItem\",\"position\":4,\"name\":\"System Requirements\"}]},{\"@type\":\"WebSite\",\"@id\":\"https:\/\/www.2020spaces.com\/#website\",\"url\":\"https:\/\/www.2020spaces.com\/\",\"name\":\"2020\",\"description\":\"Making Spaces for Life\u2122\",\"potentialAction\":[{\"@type\":\"SearchAction\",\"target\":{\"@type\":\"EntryPoint\",\"urlTemplate\":\"https:\/\/www.2020spaces.com\/?s={search_term_string}\"},\"query-input\":{\"@type\":\"PropertyValueSpecification\",\"valueRequired\":true,\"valueName\":\"search_term_string\"}}],\"inLanguage\":\"fr-FR\"}]}<\/script>\n<!-- \/ Yoast SEO Premium plugin. -->","yoast_head_json":{"title":"Syst\u00e8me requise | Design Flex","description":"Configuration syst\u00e8me requise pour concevoir la cuisine et la salle de bains parfaites avec Design Flex.","robots":{"index":"index","follow":"follow","max-snippet":"max-snippet:-1","max-image-preview":"max-image-preview:large","max-video-preview":"max-video-preview:-1"},"canonical":"https:\/\/www.2020spaces.com\/fr\/produits\/designflex\/system-requirements\/","og_locale":"fr_FR","og_type":"article","og_title":"System Requirements","og_description":"Configuration syst\u00e8me requise pour concevoir la cuisine et la salle de bains parfaites avec Design Flex.","og_url":"https:\/\/www.2020spaces.com\/fr\/produits\/designflex\/system-requirements\/","og_site_name":"2020","article_publisher":"https:\/\/www.facebook.com\/2020spaces","article_modified_time":"2025-05-08T07:17:09+00:00","twitter_card":"summary_large_image","twitter_site":"@2020spaces","twitter_misc":{"Dur\u00e9e de lecture estim\u00e9e":"1 minute"},"schema":{"@context":"https:\/\/schema.org","@graph":[{"@type":"WebPage","@id":"https:\/\/www.2020spaces.com\/fr\/produits\/designflex\/system-requirements\/","url":"https:\/\/www.2020spaces.com\/fr\/produits\/designflex\/system-requirements\/","name":"Syst\u00e8me requise | Design Flex","isPartOf":{"@id":"https:\/\/www.2020spaces.com\/#website"},"datePublished":"2019-03-05T18:43:11+00:00","dateModified":"2025-05-08T07:17:09+00:00","description":"Configuration syst\u00e8me requise pour concevoir la cuisine et la salle de bains parfaites avec Design Flex.","breadcrumb":{"@id":"https:\/\/www.2020spaces.com\/fr\/produits\/designflex\/system-requirements\/#breadcrumb"},"inLanguage":"fr-FR","potentialAction":[{"@type":"ReadAction","target":["https:\/\/www.2020spaces.com\/fr\/produits\/designflex\/system-requirements\/"]}]},{"@type":"BreadcrumbList","@id":"https:\/\/www.2020spaces.com\/fr\/produits\/designflex\/system-requirements\/#breadcrumb","itemListElement":[{"@type":"ListItem","position":1,"name":"Home","item":"https:\/\/www.2020spaces.com\/fr\/accueil-2-2\/"},{"@type":"ListItem","position":2,"name":"Produits 2020","item":"https:\/\/www.2020spaces.com\/fr\/produits\/"},{"@type":"ListItem","position":3,"name":"Design Flex","item":"https:\/\/www.2020spaces.com\/fr\/produits\/designflex\/"},{"@type":"ListItem","position":4,"name":"System Requirements"}]},{"@type":"WebSite","@id":"https:\/\/www.2020spaces.com\/#website","url":"https:\/\/www.2020spaces.com\/","name":"2020","description":"Making Spaces for Life\u2122","potentialAction":[{"@type":"SearchAction","target":{"@type":"EntryPoint","urlTemplate":"https:\/\/www.2020spaces.com\/?s={search_term_string}"},"query-input":{"@type":"PropertyValueSpecification","valueRequired":true,"valueName":"search_term_string"}}],"inLanguage":"fr-FR"}]}},"_links":{"self":[{"href":"https:\/\/www.2020spaces.com\/fr\/wp-json\/wp\/v2\/pages\/235724","targetHints":{"allow":["GET"]}}],"collection":[{"href":"https:\/\/www.2020spaces.com\/fr\/wp-json\/wp\/v2\/pages"}],"about":[{"href":"https:\/\/www.2020spaces.com\/fr\/wp-json\/wp\/v2\/types\/page"}],"author":[{"embeddable":true,"href":"https:\/\/www.2020spaces.com\/fr\/wp-json\/wp\/v2\/users\/1"}],"replies":[{"embeddable":true,"href":"https:\/\/www.2020spaces.com\/fr\/wp-json\/wp\/v2\/comments?post=235724"}],"version-history":[{"count":0,"href":"https:\/\/www.2020spaces.com\/fr\/wp-json\/wp\/v2\/pages\/235724\/revisions"}],"up":[{"embeddable":true,"href":"https:\/\/www.2020spaces.com\/fr\/wp-json\/wp\/v2\/pages\/9432"}],"wp:attachment":[{"href":"https:\/\/www.2020spaces.com\/fr\/wp-json\/wp\/v2\/media?parent=235724"}],"wp:term":[{"taxonomy":"category","embeddable":true,"href":"https:\/\/www.2020spaces.com\/fr\/wp-json\/wp\/v2\/categories?post=235724"}],"curies":[{"name":"wp","href":"https:\/\/api.w.org\/{rel}","templated":true}]}}