{"id":237727,"date":"2019-04-11T09:19:03","date_gmt":"2019-04-11T13:19:03","guid":{"rendered":"https:\/\/www.2020spaces.com\/?page_id=237727"},"modified":"2023-05-25T05:35:01","modified_gmt":"2023-05-25T09:35:01","slug":"v7","status":"publish","type":"page","link":"https:\/\/www.2020spaces.com\/fr\/produits\/2020fusionlive\/v7\/","title":{"rendered":"2020 Fusion V7"},"content":{"rendered":"<div id=\"cs-content\" class=\"cs-content\"><\/div>\n","protected":false},"excerpt":{"rendered":"<p>Nouvelles Fonctionnalit\u00e9s et Am\u00e9liorations de 2020 Fusion 7Impressionnez avec PublicationCette nouvelle option de rendu 2020 Fusion inclut des effets de reflets et d\u2019ombres adoucis, ainsi qu\u2019une image beaucoup plus fine. Ces magnifiques rendus n\u2019ont pas fini d\u2019\u00e9pater vos clients ! Cr\u00e9ez des panoramas multi-points \u00e0 360\u00b0 La fonction Panorama 360\u00b0 &#8230; <\/p>\n<div><a href=\"https:\/\/www.2020spaces.com\/fr\/customers\/2020-fusion-spotlight-client-maxime-veysseyre\/\" class=\"more-link\">En savoir plus<\/a><\/div>\n","protected":false},"author":40205,"featured_media":239452,"parent":9441,"menu_order":0,"comment_status":"closed","ping_status":"closed","template":"template-blank-4.php","meta":{"_bbp_topic_count":0,"_bbp_reply_count":0,"_bbp_total_topic_count":0,"_bbp_total_reply_count":0,"_bbp_voice_count":0,"_bbp_anonymous_reply_count":0,"_bbp_topic_count_hidden":0,"_bbp_reply_count_hidden":0,"_bbp_forum_subforum_count":0,"footnotes":""},"categories":[],"class_list":["post-237727","page","type-page","status-publish","has-post-thumbnail","hentry","x-portfolio-cbcb41333df397dc9ae655aa4d3a3dd0","x-portfolio-9eb2d6cc89a438b78f5b645cfd8d0c0f"],"pp_force_visibility":null,"pp_subpost_visibility":null,"pp_inherited_force_visibility":null,"pp_inherited_subpost_visibility":null,"yoast_head":"<!-- This site is optimized with the Yoast SEO Premium plugin v27.4 (Yoast SEO v27.4) - https:\/\/yoast.com\/product\/yoast-seo-premium-wordpress\/ -->\n<title>Nouveaut\u00e9s du logiciel 2020 Fusion<\/title>\n<meta name=\"description\" content=\"D\u00e9couvrez les nouveaut\u00e9s de la version 7 du logiciel de conception de cuisine et salle de bain 2020 Fusion. Essayez gratuitement.\" \/>\n<meta name=\"robots\" content=\"index, follow, max-snippet:-1, max-image-preview:large, max-video-preview:-1\" \/>\n<link rel=\"canonical\" href=\"https:\/\/www.2020spaces.com\/fr\/produits\/2020fusionlive\/v7\/\" \/>\n<meta property=\"og:locale\" content=\"fr_FR\" \/>\n<meta property=\"og:type\" content=\"article\" \/>\n<meta property=\"og:title\" content=\"2020 Fusion V7\" \/>\n<meta property=\"og:description\" content=\"D\u00e9couvrez les nouveaut\u00e9s de la version 7 du logiciel de conception de cuisine et salle de bain 2020 Fusion. Essayez gratuitement.\" \/>\n<meta property=\"og:url\" content=\"https:\/\/www.2020spaces.com\/fr\/produits\/2020fusionlive\/v7\/\" \/>\n<meta property=\"og:site_name\" content=\"2020\" \/>\n<meta property=\"article:publisher\" content=\"https:\/\/www.facebook.com\/2020spaces\" \/>\n<meta property=\"article:modified_time\" content=\"2023-05-25T09:35:01+00:00\" \/>\n<meta property=\"og:image\" content=\"https:\/\/www.2020spaces.com\/wp-content\/uploads\/2019\/03\/Social_1200x630_Fusion-v7_ComingSpring.jpg\" \/>\n\t<meta property=\"og:image:width\" content=\"1200\" \/>\n\t<meta property=\"og:image:height\" content=\"630\" \/>\n\t<meta property=\"og:image:type\" content=\"image\/jpeg\" \/>\n<meta name=\"twitter:card\" content=\"summary_large_image\" \/>\n<meta name=\"twitter:site\" content=\"@2020spaces\" \/>\n<meta name=\"twitter:label1\" content=\"Dur\u00e9e de lecture estim\u00e9e\" \/>\n\t<meta name=\"twitter:data1\" content=\"11 minutes\" \/>\n<script type=\"application\/ld+json\" class=\"yoast-schema-graph\">{\"@context\":\"https:\\\/\\\/schema.org\",\"@graph\":[{\"@type\":\"WebPage\",\"@id\":\"https:\\\/\\\/www.2020spaces.com\\\/fr\\\/produits\\\/2020fusionlive\\\/v7\\\/\",\"url\":\"https:\\\/\\\/www.2020spaces.com\\\/fr\\\/produits\\\/2020fusionlive\\\/v7\\\/\",\"name\":\"Nouveaut\u00e9s du logiciel 2020 Fusion\",\"isPartOf\":{\"@id\":\"https:\\\/\\\/www.2020spaces.com\\\/#website\"},\"primaryImageOfPage\":{\"@id\":\"https:\\\/\\\/www.2020spaces.com\\\/fr\\\/produits\\\/2020fusionlive\\\/v7\\\/#primaryimage\"},\"image\":{\"@id\":\"https:\\\/\\\/www.2020spaces.com\\\/fr\\\/produits\\\/2020fusionlive\\\/v7\\\/#primaryimage\"},\"thumbnailUrl\":\"https:\\\/\\\/www.2020spaces.com\\\/wp-content\\\/uploads\\\/2019\\\/05\\\/SupportPage_FusionV7_800x600.jpg\",\"datePublished\":\"2019-04-11T13:19:03+00:00\",\"dateModified\":\"2023-05-25T09:35:01+00:00\",\"description\":\"D\u00e9couvrez les nouveaut\u00e9s de la version 7 du logiciel de conception de cuisine et salle de bain 2020 Fusion. Essayez gratuitement.\",\"breadcrumb\":{\"@id\":\"https:\\\/\\\/www.2020spaces.com\\\/fr\\\/produits\\\/2020fusionlive\\\/v7\\\/#breadcrumb\"},\"inLanguage\":\"fr-FR\",\"potentialAction\":[{\"@type\":\"ReadAction\",\"target\":[\"https:\\\/\\\/www.2020spaces.com\\\/fr\\\/produits\\\/2020fusionlive\\\/v7\\\/\"]}]},{\"@type\":\"ImageObject\",\"inLanguage\":\"fr-FR\",\"@id\":\"https:\\\/\\\/www.2020spaces.com\\\/fr\\\/produits\\\/2020fusionlive\\\/v7\\\/#primaryimage\",\"url\":\"https:\\\/\\\/www.2020spaces.com\\\/wp-content\\\/uploads\\\/2019\\\/05\\\/SupportPage_FusionV7_800x600.jpg\",\"contentUrl\":\"https:\\\/\\\/www.2020spaces.com\\\/wp-content\\\/uploads\\\/2019\\\/05\\\/SupportPage_FusionV7_800x600.jpg\",\"width\":800,\"height\":600},{\"@type\":\"BreadcrumbList\",\"@id\":\"https:\\\/\\\/www.2020spaces.com\\\/fr\\\/produits\\\/2020fusionlive\\\/v7\\\/#breadcrumb\",\"itemListElement\":[{\"@type\":\"ListItem\",\"position\":1,\"name\":\"Home\",\"item\":\"https:\\\/\\\/www.2020spaces.com\\\/fr\\\/accueil-2-2\\\/\"},{\"@type\":\"ListItem\",\"position\":2,\"name\":\"Produits 2020\",\"item\":\"https:\\\/\\\/www.2020spaces.com\\\/fr\\\/produits\\\/\"},{\"@type\":\"ListItem\",\"position\":3,\"name\":\"2020 Fusion\",\"item\":\"https:\\\/\\\/www.2020spaces.com\\\/fr\\\/produits\\\/2020fusionlive\\\/\"},{\"@type\":\"ListItem\",\"position\":4,\"name\":\"2020 Fusion V7\"}]},{\"@type\":\"WebSite\",\"@id\":\"https:\\\/\\\/www.2020spaces.com\\\/#website\",\"url\":\"https:\\\/\\\/www.2020spaces.com\\\/\",\"name\":\"2020\",\"description\":\"Making Spaces for Life\u2122\",\"potentialAction\":[{\"@type\":\"SearchAction\",\"target\":{\"@type\":\"EntryPoint\",\"urlTemplate\":\"https:\\\/\\\/www.2020spaces.com\\\/?s={search_term_string}\"},\"query-input\":{\"@type\":\"PropertyValueSpecification\",\"valueRequired\":true,\"valueName\":\"search_term_string\"}}],\"inLanguage\":\"fr-FR\"}]}<\/script>\n<!-- \/ Yoast SEO Premium plugin. -->","yoast_head_json":{"title":"Nouveaut\u00e9s du logiciel 2020 Fusion","description":"D\u00e9couvrez les nouveaut\u00e9s de la version 7 du logiciel de conception de cuisine et salle de bain 2020 Fusion. Essayez gratuitement.","robots":{"index":"index","follow":"follow","max-snippet":"max-snippet:-1","max-image-preview":"max-image-preview:large","max-video-preview":"max-video-preview:-1"},"canonical":"https:\/\/www.2020spaces.com\/fr\/produits\/2020fusionlive\/v7\/","og_locale":"fr_FR","og_type":"article","og_title":"2020 Fusion V7","og_description":"D\u00e9couvrez les nouveaut\u00e9s de la version 7 du logiciel de conception de cuisine et salle de bain 2020 Fusion. Essayez gratuitement.","og_url":"https:\/\/www.2020spaces.com\/fr\/produits\/2020fusionlive\/v7\/","og_site_name":"2020","article_publisher":"https:\/\/www.facebook.com\/2020spaces","article_modified_time":"2023-05-25T09:35:01+00:00","og_image":[{"width":1200,"height":630,"url":"https:\/\/www.2020spaces.com\/wp-content\/uploads\/2019\/03\/Social_1200x630_Fusion-v7_ComingSpring.jpg","type":"image\/jpeg"}],"twitter_card":"summary_large_image","twitter_site":"@2020spaces","twitter_misc":{"Dur\u00e9e de lecture estim\u00e9e":"11 minutes"},"schema":{"@context":"https:\/\/schema.org","@graph":[{"@type":"WebPage","@id":"https:\/\/www.2020spaces.com\/fr\/produits\/2020fusionlive\/v7\/","url":"https:\/\/www.2020spaces.com\/fr\/produits\/2020fusionlive\/v7\/","name":"Nouveaut\u00e9s du logiciel 2020 Fusion","isPartOf":{"@id":"https:\/\/www.2020spaces.com\/#website"},"primaryImageOfPage":{"@id":"https:\/\/www.2020spaces.com\/fr\/produits\/2020fusionlive\/v7\/#primaryimage"},"image":{"@id":"https:\/\/www.2020spaces.com\/fr\/produits\/2020fusionlive\/v7\/#primaryimage"},"thumbnailUrl":"https:\/\/www.2020spaces.com\/wp-content\/uploads\/2019\/05\/SupportPage_FusionV7_800x600.jpg","datePublished":"2019-04-11T13:19:03+00:00","dateModified":"2023-05-25T09:35:01+00:00","description":"D\u00e9couvrez les nouveaut\u00e9s de la version 7 du logiciel de conception de cuisine et salle de bain 2020 Fusion. Essayez gratuitement.","breadcrumb":{"@id":"https:\/\/www.2020spaces.com\/fr\/produits\/2020fusionlive\/v7\/#breadcrumb"},"inLanguage":"fr-FR","potentialAction":[{"@type":"ReadAction","target":["https:\/\/www.2020spaces.com\/fr\/produits\/2020fusionlive\/v7\/"]}]},{"@type":"ImageObject","inLanguage":"fr-FR","@id":"https:\/\/www.2020spaces.com\/fr\/produits\/2020fusionlive\/v7\/#primaryimage","url":"https:\/\/www.2020spaces.com\/wp-content\/uploads\/2019\/05\/SupportPage_FusionV7_800x600.jpg","contentUrl":"https:\/\/www.2020spaces.com\/wp-content\/uploads\/2019\/05\/SupportPage_FusionV7_800x600.jpg","width":800,"height":600},{"@type":"BreadcrumbList","@id":"https:\/\/www.2020spaces.com\/fr\/produits\/2020fusionlive\/v7\/#breadcrumb","itemListElement":[{"@type":"ListItem","position":1,"name":"Home","item":"https:\/\/www.2020spaces.com\/fr\/accueil-2-2\/"},{"@type":"ListItem","position":2,"name":"Produits 2020","item":"https:\/\/www.2020spaces.com\/fr\/produits\/"},{"@type":"ListItem","position":3,"name":"2020 Fusion","item":"https:\/\/www.2020spaces.com\/fr\/produits\/2020fusionlive\/"},{"@type":"ListItem","position":4,"name":"2020 Fusion V7"}]},{"@type":"WebSite","@id":"https:\/\/www.2020spaces.com\/#website","url":"https:\/\/www.2020spaces.com\/","name":"2020","description":"Making Spaces for Life\u2122","potentialAction":[{"@type":"SearchAction","target":{"@type":"EntryPoint","urlTemplate":"https:\/\/www.2020spaces.com\/?s={search_term_string}"},"query-input":{"@type":"PropertyValueSpecification","valueRequired":true,"valueName":"search_term_string"}}],"inLanguage":"fr-FR"}]}},"_links":{"self":[{"href":"https:\/\/www.2020spaces.com\/fr\/wp-json\/wp\/v2\/pages\/237727","targetHints":{"allow":["GET"]}}],"collection":[{"href":"https:\/\/www.2020spaces.com\/fr\/wp-json\/wp\/v2\/pages"}],"about":[{"href":"https:\/\/www.2020spaces.com\/fr\/wp-json\/wp\/v2\/types\/page"}],"author":[{"embeddable":true,"href":"https:\/\/www.2020spaces.com\/fr\/wp-json\/wp\/v2\/users\/40205"}],"replies":[{"embeddable":true,"href":"https:\/\/www.2020spaces.com\/fr\/wp-json\/wp\/v2\/comments?post=237727"}],"version-history":[{"count":0,"href":"https:\/\/www.2020spaces.com\/fr\/wp-json\/wp\/v2\/pages\/237727\/revisions"}],"up":[{"embeddable":true,"href":"https:\/\/www.2020spaces.com\/fr\/wp-json\/wp\/v2\/pages\/9441"}],"wp:featuredmedia":[{"embeddable":true,"href":"https:\/\/www.2020spaces.com\/fr\/wp-json\/wp\/v2\/media\/239452"}],"wp:attachment":[{"href":"https:\/\/www.2020spaces.com\/fr\/wp-json\/wp\/v2\/media?parent=237727"}],"wp:term":[{"taxonomy":"category","embeddable":true,"href":"https:\/\/www.2020spaces.com\/fr\/wp-json\/wp\/v2\/categories?post=237727"}],"curies":[{"name":"wp","href":"https:\/\/api.w.org\/{rel}","templated":true}]}}