{"id":241845,"date":"2018-02-19T14:19:14","date_gmt":"2018-02-19T19:19:14","guid":{"rendered":"https:\/\/www.2020spaces.com\/produits\/2020fusion-fr\/2020-interactive-panoramas\/"},"modified":"2023-04-25T06:30:34","modified_gmt":"2023-04-25T10:30:34","slug":"panoramas-interactifs","status":"publish","type":"page","link":"https:\/\/www.2020spaces.com\/fr\/produits\/2020fusionlive\/panoramas-interactifs\/","title":{"rendered":"2020 Fusion Panoramas interactifs"},"content":{"rendered":"<div id=\"cs-content\" class=\"cs-content\"><\/div>\n","protected":false},"excerpt":{"rendered":"<p>Panoramas 2020 Fusion LiveObtenez la derni&egrave;re version du logiciel d&rsquo;am&eacute;nagement de cuisine et de salle de bains 2020 Fusion Live et offrez &agrave; vos clients une exp&eacute;rience 3D immersive qui les plongera au c&oelig;ur de leur nouvel espace de vie ! 2020 Fusion Live envoie automatiquement un lien par email &#8230; <\/p>\n<div><a href=\"https:\/\/www.2020spaces.com\/fr\/produits\/2020fusionlive\/panoramas-interactifs\/\" class=\"more-link\">En savoir plus<\/a><\/div>\n","protected":false},"author":26709,"featured_media":0,"parent":9441,"menu_order":0,"comment_status":"closed","ping_status":"closed","template":"template-blank-4.php","meta":{"_bbp_topic_count":0,"_bbp_reply_count":0,"_bbp_total_topic_count":0,"_bbp_total_reply_count":0,"_bbp_voice_count":0,"_bbp_anonymous_reply_count":0,"_bbp_topic_count_hidden":0,"_bbp_reply_count_hidden":0,"_bbp_forum_subforum_count":0,"footnotes":""},"categories":[],"class_list":["post-241845","page","type-page","status-publish","hentry","no-post-thumbnail"],"pp_force_visibility":null,"pp_subpost_visibility":null,"pp_inherited_force_visibility":null,"pp_inherited_subpost_visibility":null,"yoast_head":"<!-- This site is optimized with the Yoast SEO Premium plugin v27.4 (Yoast SEO v27.4) - https:\/\/yoast.com\/product\/yoast-seo-premium-wordpress\/ -->\n<title>2020 Fusion 360 Panoramas interactifs | 2020Spaces.com<\/title>\n<meta name=\"description\" content=\"D\u00e9couvrez le panorama \u00e0 360 degr\u00e9s de la salle de bain de la cuisine 2020 Fusion, qui offre une exp\u00e9rience immersive en 3D qui donne\" \/>\n<meta name=\"robots\" content=\"index, follow, max-snippet:-1, max-image-preview:large, max-video-preview:-1\" \/>\n<link rel=\"canonical\" href=\"https:\/\/www.2020spaces.com\/fr\/produits\/2020fusionlive\/panoramas-interactifs\/\" \/>\n<meta property=\"og:locale\" content=\"fr_FR\" \/>\n<meta property=\"og:type\" content=\"article\" \/>\n<meta property=\"og:title\" content=\"2020 Fusion Panoramas interactifs\" \/>\n<meta property=\"og:description\" content=\"D\u00e9couvrez le panorama \u00e0 360 degr\u00e9s de la salle de bain de la cuisine 2020 Fusion, qui offre une exp\u00e9rience immersive en 3D qui donne\" \/>\n<meta property=\"og:url\" content=\"https:\/\/www.2020spaces.com\/fr\/produits\/2020fusionlive\/panoramas-interactifs\/\" \/>\n<meta property=\"og:site_name\" content=\"2020\" \/>\n<meta property=\"article:publisher\" content=\"https:\/\/www.facebook.com\/2020spaces\" \/>\n<meta property=\"article:modified_time\" content=\"2023-04-25T10:30:34+00:00\" \/>\n<meta name=\"twitter:card\" content=\"summary_large_image\" \/>\n<meta name=\"twitter:site\" content=\"@2020spaces\" \/>\n<meta name=\"twitter:label1\" content=\"Dur\u00e9e de lecture estim\u00e9e\" \/>\n\t<meta name=\"twitter:data1\" content=\"6 minutes\" \/>\n<script type=\"application\/ld+json\" class=\"yoast-schema-graph\">{\"@context\":\"https:\\\/\\\/schema.org\",\"@graph\":[{\"@type\":\"WebPage\",\"@id\":\"https:\\\/\\\/www.2020spaces.com\\\/fr\\\/produits\\\/2020fusionlive\\\/panoramas-interactifs\\\/\",\"url\":\"https:\\\/\\\/www.2020spaces.com\\\/fr\\\/produits\\\/2020fusionlive\\\/panoramas-interactifs\\\/\",\"name\":\"2020 Fusion 360 Panoramas interactifs | 2020Spaces.com\",\"isPartOf\":{\"@id\":\"https:\\\/\\\/www.2020spaces.com\\\/#website\"},\"datePublished\":\"2018-02-19T19:19:14+00:00\",\"dateModified\":\"2023-04-25T10:30:34+00:00\",\"description\":\"D\u00e9couvrez le panorama \u00e0 360 degr\u00e9s de la salle de bain de la cuisine 2020 Fusion, qui offre une exp\u00e9rience immersive en 3D qui donne\",\"breadcrumb\":{\"@id\":\"https:\\\/\\\/www.2020spaces.com\\\/fr\\\/produits\\\/2020fusionlive\\\/panoramas-interactifs\\\/#breadcrumb\"},\"inLanguage\":\"fr-FR\",\"potentialAction\":[{\"@type\":\"ReadAction\",\"target\":[\"https:\\\/\\\/www.2020spaces.com\\\/fr\\\/produits\\\/2020fusionlive\\\/panoramas-interactifs\\\/\"]}]},{\"@type\":\"BreadcrumbList\",\"@id\":\"https:\\\/\\\/www.2020spaces.com\\\/fr\\\/produits\\\/2020fusionlive\\\/panoramas-interactifs\\\/#breadcrumb\",\"itemListElement\":[{\"@type\":\"ListItem\",\"position\":1,\"name\":\"Home\",\"item\":\"https:\\\/\\\/www.2020spaces.com\\\/fr\\\/accueil-2-2\\\/\"},{\"@type\":\"ListItem\",\"position\":2,\"name\":\"Produits 2020\",\"item\":\"https:\\\/\\\/www.2020spaces.com\\\/fr\\\/produits\\\/\"},{\"@type\":\"ListItem\",\"position\":3,\"name\":\"2020 Fusion\",\"item\":\"https:\\\/\\\/www.2020spaces.com\\\/fr\\\/produits\\\/2020fusionlive\\\/\"},{\"@type\":\"ListItem\",\"position\":4,\"name\":\"2020 Fusion Panoramas interactifs\"}]},{\"@type\":\"WebSite\",\"@id\":\"https:\\\/\\\/www.2020spaces.com\\\/#website\",\"url\":\"https:\\\/\\\/www.2020spaces.com\\\/\",\"name\":\"2020\",\"description\":\"Making Spaces for Life\u2122\",\"potentialAction\":[{\"@type\":\"SearchAction\",\"target\":{\"@type\":\"EntryPoint\",\"urlTemplate\":\"https:\\\/\\\/www.2020spaces.com\\\/?s={search_term_string}\"},\"query-input\":{\"@type\":\"PropertyValueSpecification\",\"valueRequired\":true,\"valueName\":\"search_term_string\"}}],\"inLanguage\":\"fr-FR\"}]}<\/script>\n<!-- \/ Yoast SEO Premium plugin. -->","yoast_head_json":{"title":"2020 Fusion 360 Panoramas interactifs | 2020Spaces.com","description":"D\u00e9couvrez le panorama \u00e0 360 degr\u00e9s de la salle de bain de la cuisine 2020 Fusion, qui offre une exp\u00e9rience immersive en 3D qui donne","robots":{"index":"index","follow":"follow","max-snippet":"max-snippet:-1","max-image-preview":"max-image-preview:large","max-video-preview":"max-video-preview:-1"},"canonical":"https:\/\/www.2020spaces.com\/fr\/produits\/2020fusionlive\/panoramas-interactifs\/","og_locale":"fr_FR","og_type":"article","og_title":"2020 Fusion Panoramas interactifs","og_description":"D\u00e9couvrez le panorama \u00e0 360 degr\u00e9s de la salle de bain de la cuisine 2020 Fusion, qui offre une exp\u00e9rience immersive en 3D qui donne","og_url":"https:\/\/www.2020spaces.com\/fr\/produits\/2020fusionlive\/panoramas-interactifs\/","og_site_name":"2020","article_publisher":"https:\/\/www.facebook.com\/2020spaces","article_modified_time":"2023-04-25T10:30:34+00:00","twitter_card":"summary_large_image","twitter_site":"@2020spaces","twitter_misc":{"Dur\u00e9e de lecture estim\u00e9e":"6 minutes"},"schema":{"@context":"https:\/\/schema.org","@graph":[{"@type":"WebPage","@id":"https:\/\/www.2020spaces.com\/fr\/produits\/2020fusionlive\/panoramas-interactifs\/","url":"https:\/\/www.2020spaces.com\/fr\/produits\/2020fusionlive\/panoramas-interactifs\/","name":"2020 Fusion 360 Panoramas interactifs | 2020Spaces.com","isPartOf":{"@id":"https:\/\/www.2020spaces.com\/#website"},"datePublished":"2018-02-19T19:19:14+00:00","dateModified":"2023-04-25T10:30:34+00:00","description":"D\u00e9couvrez le panorama \u00e0 360 degr\u00e9s de la salle de bain de la cuisine 2020 Fusion, qui offre une exp\u00e9rience immersive en 3D qui donne","breadcrumb":{"@id":"https:\/\/www.2020spaces.com\/fr\/produits\/2020fusionlive\/panoramas-interactifs\/#breadcrumb"},"inLanguage":"fr-FR","potentialAction":[{"@type":"ReadAction","target":["https:\/\/www.2020spaces.com\/fr\/produits\/2020fusionlive\/panoramas-interactifs\/"]}]},{"@type":"BreadcrumbList","@id":"https:\/\/www.2020spaces.com\/fr\/produits\/2020fusionlive\/panoramas-interactifs\/#breadcrumb","itemListElement":[{"@type":"ListItem","position":1,"name":"Home","item":"https:\/\/www.2020spaces.com\/fr\/accueil-2-2\/"},{"@type":"ListItem","position":2,"name":"Produits 2020","item":"https:\/\/www.2020spaces.com\/fr\/produits\/"},{"@type":"ListItem","position":3,"name":"2020 Fusion","item":"https:\/\/www.2020spaces.com\/fr\/produits\/2020fusionlive\/"},{"@type":"ListItem","position":4,"name":"2020 Fusion Panoramas interactifs"}]},{"@type":"WebSite","@id":"https:\/\/www.2020spaces.com\/#website","url":"https:\/\/www.2020spaces.com\/","name":"2020","description":"Making Spaces for Life\u2122","potentialAction":[{"@type":"SearchAction","target":{"@type":"EntryPoint","urlTemplate":"https:\/\/www.2020spaces.com\/?s={search_term_string}"},"query-input":{"@type":"PropertyValueSpecification","valueRequired":true,"valueName":"search_term_string"}}],"inLanguage":"fr-FR"}]}},"_links":{"self":[{"href":"https:\/\/www.2020spaces.com\/fr\/wp-json\/wp\/v2\/pages\/241845","targetHints":{"allow":["GET"]}}],"collection":[{"href":"https:\/\/www.2020spaces.com\/fr\/wp-json\/wp\/v2\/pages"}],"about":[{"href":"https:\/\/www.2020spaces.com\/fr\/wp-json\/wp\/v2\/types\/page"}],"author":[{"embeddable":true,"href":"https:\/\/www.2020spaces.com\/fr\/wp-json\/wp\/v2\/users\/26709"}],"replies":[{"embeddable":true,"href":"https:\/\/www.2020spaces.com\/fr\/wp-json\/wp\/v2\/comments?post=241845"}],"version-history":[{"count":0,"href":"https:\/\/www.2020spaces.com\/fr\/wp-json\/wp\/v2\/pages\/241845\/revisions"}],"up":[{"embeddable":true,"href":"https:\/\/www.2020spaces.com\/fr\/wp-json\/wp\/v2\/pages\/9441"}],"wp:attachment":[{"href":"https:\/\/www.2020spaces.com\/fr\/wp-json\/wp\/v2\/media?parent=241845"}],"wp:term":[{"taxonomy":"category","embeddable":true,"href":"https:\/\/www.2020spaces.com\/fr\/wp-json\/wp\/v2\/categories?post=241845"}],"curies":[{"name":"wp","href":"https:\/\/api.w.org\/{rel}","templated":true}]}}