{"id":243497,"date":"2018-08-17T16:40:16","date_gmt":"2018-08-17T20:40:16","guid":{"rendered":"https:\/\/www.2020spaces.com\/produits\/2020design\/inspiration-awards\/"},"modified":"2024-06-13T02:25:16","modified_gmt":"2024-06-13T06:25:16","slug":"inspiration-concours","status":"publish","type":"page","link":"https:\/\/www.2020spaces.com\/fr\/produits\/designflex\/inspiration-concours\/","title":{"rendered":"Inspiration Concours 2019"},"content":{"rendered":"<div id=\"cs-content\" class=\"cs-content\"><\/div>\n","protected":false},"excerpt":{"rendered":"<p>Concours Inspiration 2020pour 2020 Design Live Soumettez vos designsCOMMANDIT\u00c9 PAR: COMMANDIT\u00c9 PAR:Kohler Avanity Signature Kitchen Suits Elmira Stove WorksLe concours d\u00e9bute le\u202f21 septembre 2020 et prend fin le\u202f30 octobre 2020Les gagnants seront annonc\u00e9s le 18 novembre 2020Soumettez vos designsr\u00e8gles et r\u00e9glementationsDe quelle fa\u00e7on vos designs inspirent-ils chaleur, cr\u00e9ativit\u00e9 et fonctionnalit\u00e9? &#8230; <\/p>\n<div><a href=\"https:\/\/www.2020spaces.com\/fr\/produits\/designflex\/inspiration-concours\/\" class=\"more-link\">En savoir plus<\/a><\/div>\n","protected":false},"author":1,"featured_media":296544,"parent":9432,"menu_order":0,"comment_status":"closed","ping_status":"closed","template":"template-blank-4.php","meta":{"_bbp_topic_count":0,"_bbp_reply_count":0,"_bbp_total_topic_count":0,"_bbp_total_reply_count":0,"_bbp_voice_count":0,"_bbp_anonymous_reply_count":0,"_bbp_topic_count_hidden":0,"_bbp_reply_count_hidden":0,"_bbp_forum_subforum_count":0,"footnotes":""},"categories":[],"class_list":["post-243497","page","type-page","status-publish","has-post-thumbnail","hentry"],"pp_force_visibility":null,"pp_subpost_visibility":null,"pp_inherited_force_visibility":null,"pp_inherited_subpost_visibility":null,"yoast_head":"<!-- This site is optimized with the Yoast SEO Premium plugin v27.4 (Yoast SEO v27.4) - https:\/\/yoast.com\/product\/yoast-seo-premium-wordpress\/ -->\n<title>Inspiration Concours 2020 | 2020 Design Live<\/title>\n<meta name=\"description\" content=\"Que vous cr\u00e9ez une cuisine traditionnelle, une salle de bains contemporaine ou une garde-robe d\u00e9cadente, de quelle fa\u00e7on transformez-vous\" \/>\n<meta name=\"robots\" content=\"index, follow, max-snippet:-1, max-image-preview:large, max-video-preview:-1\" \/>\n<link rel=\"canonical\" href=\"https:\/\/www.2020spaces.com\/fr\/produits\/designflex\/inspiration-concours\/\" \/>\n<meta property=\"og:locale\" content=\"fr_FR\" \/>\n<meta property=\"og:type\" content=\"article\" \/>\n<meta property=\"og:title\" content=\"Inspiration Concours 2019\" \/>\n<meta property=\"og:description\" content=\"Que vous cr\u00e9ez une cuisine traditionnelle, une salle de bains contemporaine ou une garde-robe d\u00e9cadente, de quelle fa\u00e7on transformez-vous un espace en foyer invitant? D\u00e9montrez le !\" \/>\n<meta property=\"og:url\" content=\"https:\/\/www.2020spaces.com\/fr\/produits\/designflex\/inspiration-concours\/\" \/>\n<meta property=\"og:site_name\" content=\"2020\" \/>\n<meta property=\"article:publisher\" content=\"https:\/\/www.facebook.com\/2020spaces\" \/>\n<meta property=\"article:modified_time\" content=\"2024-06-13T06:25:16+00:00\" \/>\n<meta property=\"og:image\" content=\"https:\/\/www.2020spaces.com\/wp-content\/uploads\/2020\/09\/Social_1200x630_Contest_EN-sponsors.jpg\" \/>\n<meta name=\"twitter:card\" content=\"summary_large_image\" \/>\n<meta name=\"twitter:title\" content=\"Inspiration Concours 2019\" \/>\n<meta name=\"twitter:image\" content=\"https:\/\/www.2020spaces.com\/wp-content\/uploads\/2020\/09\/Social_1200x630_Contest_EN-sponsors.jpg\" \/>\n<meta name=\"twitter:site\" content=\"@2020spaces\" \/>\n<meta name=\"twitter:label1\" content=\"Dur\u00e9e de lecture estim\u00e9e\" \/>\n\t<meta name=\"twitter:data1\" content=\"7 minutes\" \/>\n<script type=\"application\/ld+json\" class=\"yoast-schema-graph\">{\"@context\":\"https:\\\/\\\/schema.org\",\"@graph\":[{\"@type\":\"WebPage\",\"@id\":\"https:\\\/\\\/www.2020spaces.com\\\/fr\\\/produits\\\/designflex\\\/inspiration-concours\\\/\",\"url\":\"https:\\\/\\\/www.2020spaces.com\\\/fr\\\/produits\\\/designflex\\\/inspiration-concours\\\/\",\"name\":\"Inspiration Concours 2020 | 2020 Design Live\",\"isPartOf\":{\"@id\":\"https:\\\/\\\/www.2020spaces.com\\\/#website\"},\"primaryImageOfPage\":{\"@id\":\"https:\\\/\\\/www.2020spaces.com\\\/fr\\\/produits\\\/designflex\\\/inspiration-concours\\\/#primaryimage\"},\"image\":{\"@id\":\"https:\\\/\\\/www.2020spaces.com\\\/fr\\\/produits\\\/designflex\\\/inspiration-concours\\\/#primaryimage\"},\"thumbnailUrl\":\"https:\\\/\\\/www.2020spaces.com\\\/wp-content\\\/uploads\\\/2020\\\/09\\\/Featured_400x323_Contest_EN.jpg\",\"datePublished\":\"2018-08-17T20:40:16+00:00\",\"dateModified\":\"2024-06-13T06:25:16+00:00\",\"description\":\"Que vous cr\u00e9ez une cuisine traditionnelle, une salle de bains contemporaine ou une garde-robe d\u00e9cadente, de quelle fa\u00e7on transformez-vous\",\"breadcrumb\":{\"@id\":\"https:\\\/\\\/www.2020spaces.com\\\/fr\\\/produits\\\/designflex\\\/inspiration-concours\\\/#breadcrumb\"},\"inLanguage\":\"fr-FR\",\"potentialAction\":[{\"@type\":\"ReadAction\",\"target\":[\"https:\\\/\\\/www.2020spaces.com\\\/fr\\\/produits\\\/designflex\\\/inspiration-concours\\\/\"]}]},{\"@type\":\"ImageObject\",\"inLanguage\":\"fr-FR\",\"@id\":\"https:\\\/\\\/www.2020spaces.com\\\/fr\\\/produits\\\/designflex\\\/inspiration-concours\\\/#primaryimage\",\"url\":\"https:\\\/\\\/www.2020spaces.com\\\/wp-content\\\/uploads\\\/2020\\\/09\\\/Featured_400x323_Contest_EN.jpg\",\"contentUrl\":\"https:\\\/\\\/www.2020spaces.com\\\/wp-content\\\/uploads\\\/2020\\\/09\\\/Featured_400x323_Contest_EN.jpg\",\"width\":400,\"height\":323,\"caption\":\"2020 Design Live | Inspiration Contest\"},{\"@type\":\"BreadcrumbList\",\"@id\":\"https:\\\/\\\/www.2020spaces.com\\\/fr\\\/produits\\\/designflex\\\/inspiration-concours\\\/#breadcrumb\",\"itemListElement\":[{\"@type\":\"ListItem\",\"position\":1,\"name\":\"Home\",\"item\":\"https:\\\/\\\/www.2020spaces.com\\\/fr\\\/accueil-2-2\\\/\"},{\"@type\":\"ListItem\",\"position\":2,\"name\":\"Produits 2020\",\"item\":\"https:\\\/\\\/www.2020spaces.com\\\/fr\\\/produits\\\/\"},{\"@type\":\"ListItem\",\"position\":3,\"name\":\"Design Flex\",\"item\":\"https:\\\/\\\/www.2020spaces.com\\\/fr\\\/produits\\\/designflex\\\/\"},{\"@type\":\"ListItem\",\"position\":4,\"name\":\"Inspiration Concours 2019\"}]},{\"@type\":\"WebSite\",\"@id\":\"https:\\\/\\\/www.2020spaces.com\\\/#website\",\"url\":\"https:\\\/\\\/www.2020spaces.com\\\/\",\"name\":\"2020\",\"description\":\"Making Spaces for Life\u2122\",\"potentialAction\":[{\"@type\":\"SearchAction\",\"target\":{\"@type\":\"EntryPoint\",\"urlTemplate\":\"https:\\\/\\\/www.2020spaces.com\\\/?s={search_term_string}\"},\"query-input\":{\"@type\":\"PropertyValueSpecification\",\"valueRequired\":true,\"valueName\":\"search_term_string\"}}],\"inLanguage\":\"fr-FR\"}]}<\/script>\n<!-- \/ Yoast SEO Premium plugin. -->","yoast_head_json":{"title":"Inspiration Concours 2020 | 2020 Design Live","description":"Que vous cr\u00e9ez une cuisine traditionnelle, une salle de bains contemporaine ou une garde-robe d\u00e9cadente, de quelle fa\u00e7on transformez-vous","robots":{"index":"index","follow":"follow","max-snippet":"max-snippet:-1","max-image-preview":"max-image-preview:large","max-video-preview":"max-video-preview:-1"},"canonical":"https:\/\/www.2020spaces.com\/fr\/produits\/designflex\/inspiration-concours\/","og_locale":"fr_FR","og_type":"article","og_title":"Inspiration Concours 2019","og_description":"Que vous cr\u00e9ez une cuisine traditionnelle, une salle de bains contemporaine ou une garde-robe d\u00e9cadente, de quelle fa\u00e7on transformez-vous un espace en foyer invitant? D\u00e9montrez le !","og_url":"https:\/\/www.2020spaces.com\/fr\/produits\/designflex\/inspiration-concours\/","og_site_name":"2020","article_publisher":"https:\/\/www.facebook.com\/2020spaces","article_modified_time":"2024-06-13T06:25:16+00:00","og_image":[{"url":"https:\/\/www.2020spaces.com\/wp-content\/uploads\/2020\/09\/Social_1200x630_Contest_EN-sponsors.jpg","type":"","width":"","height":""}],"twitter_card":"summary_large_image","twitter_title":"Inspiration Concours 2019","twitter_image":"https:\/\/www.2020spaces.com\/wp-content\/uploads\/2020\/09\/Social_1200x630_Contest_EN-sponsors.jpg","twitter_site":"@2020spaces","twitter_misc":{"Dur\u00e9e de lecture estim\u00e9e":"7 minutes"},"schema":{"@context":"https:\/\/schema.org","@graph":[{"@type":"WebPage","@id":"https:\/\/www.2020spaces.com\/fr\/produits\/designflex\/inspiration-concours\/","url":"https:\/\/www.2020spaces.com\/fr\/produits\/designflex\/inspiration-concours\/","name":"Inspiration Concours 2020 | 2020 Design Live","isPartOf":{"@id":"https:\/\/www.2020spaces.com\/#website"},"primaryImageOfPage":{"@id":"https:\/\/www.2020spaces.com\/fr\/produits\/designflex\/inspiration-concours\/#primaryimage"},"image":{"@id":"https:\/\/www.2020spaces.com\/fr\/produits\/designflex\/inspiration-concours\/#primaryimage"},"thumbnailUrl":"https:\/\/www.2020spaces.com\/wp-content\/uploads\/2020\/09\/Featured_400x323_Contest_EN.jpg","datePublished":"2018-08-17T20:40:16+00:00","dateModified":"2024-06-13T06:25:16+00:00","description":"Que vous cr\u00e9ez une cuisine traditionnelle, une salle de bains contemporaine ou une garde-robe d\u00e9cadente, de quelle fa\u00e7on transformez-vous","breadcrumb":{"@id":"https:\/\/www.2020spaces.com\/fr\/produits\/designflex\/inspiration-concours\/#breadcrumb"},"inLanguage":"fr-FR","potentialAction":[{"@type":"ReadAction","target":["https:\/\/www.2020spaces.com\/fr\/produits\/designflex\/inspiration-concours\/"]}]},{"@type":"ImageObject","inLanguage":"fr-FR","@id":"https:\/\/www.2020spaces.com\/fr\/produits\/designflex\/inspiration-concours\/#primaryimage","url":"https:\/\/www.2020spaces.com\/wp-content\/uploads\/2020\/09\/Featured_400x323_Contest_EN.jpg","contentUrl":"https:\/\/www.2020spaces.com\/wp-content\/uploads\/2020\/09\/Featured_400x323_Contest_EN.jpg","width":400,"height":323,"caption":"2020 Design Live | Inspiration Contest"},{"@type":"BreadcrumbList","@id":"https:\/\/www.2020spaces.com\/fr\/produits\/designflex\/inspiration-concours\/#breadcrumb","itemListElement":[{"@type":"ListItem","position":1,"name":"Home","item":"https:\/\/www.2020spaces.com\/fr\/accueil-2-2\/"},{"@type":"ListItem","position":2,"name":"Produits 2020","item":"https:\/\/www.2020spaces.com\/fr\/produits\/"},{"@type":"ListItem","position":3,"name":"Design Flex","item":"https:\/\/www.2020spaces.com\/fr\/produits\/designflex\/"},{"@type":"ListItem","position":4,"name":"Inspiration Concours 2019"}]},{"@type":"WebSite","@id":"https:\/\/www.2020spaces.com\/#website","url":"https:\/\/www.2020spaces.com\/","name":"2020","description":"Making Spaces for Life\u2122","potentialAction":[{"@type":"SearchAction","target":{"@type":"EntryPoint","urlTemplate":"https:\/\/www.2020spaces.com\/?s={search_term_string}"},"query-input":{"@type":"PropertyValueSpecification","valueRequired":true,"valueName":"search_term_string"}}],"inLanguage":"fr-FR"}]}},"_links":{"self":[{"href":"https:\/\/www.2020spaces.com\/fr\/wp-json\/wp\/v2\/pages\/243497","targetHints":{"allow":["GET"]}}],"collection":[{"href":"https:\/\/www.2020spaces.com\/fr\/wp-json\/wp\/v2\/pages"}],"about":[{"href":"https:\/\/www.2020spaces.com\/fr\/wp-json\/wp\/v2\/types\/page"}],"author":[{"embeddable":true,"href":"https:\/\/www.2020spaces.com\/fr\/wp-json\/wp\/v2\/users\/1"}],"replies":[{"embeddable":true,"href":"https:\/\/www.2020spaces.com\/fr\/wp-json\/wp\/v2\/comments?post=243497"}],"version-history":[{"count":0,"href":"https:\/\/www.2020spaces.com\/fr\/wp-json\/wp\/v2\/pages\/243497\/revisions"}],"up":[{"embeddable":true,"href":"https:\/\/www.2020spaces.com\/fr\/wp-json\/wp\/v2\/pages\/9432"}],"wp:featuredmedia":[{"embeddable":true,"href":"https:\/\/www.2020spaces.com\/fr\/wp-json\/wp\/v2\/media\/296544"}],"wp:attachment":[{"href":"https:\/\/www.2020spaces.com\/fr\/wp-json\/wp\/v2\/media?parent=243497"}],"wp:term":[{"taxonomy":"category","embeddable":true,"href":"https:\/\/www.2020spaces.com\/fr\/wp-json\/wp\/v2\/categories?post=243497"}],"curies":[{"name":"wp","href":"https:\/\/api.w.org\/{rel}","templated":true}]}}