{"id":252587,"date":"2019-10-10T11:14:34","date_gmt":"2019-10-10T15:14:34","guid":{"rendered":"https:\/\/www.2020spaces.com\/?page_id=252587"},"modified":"2025-04-27T01:36:55","modified_gmt":"2025-04-27T05:36:55","slug":"batimat","status":"publish","type":"page","link":"https:\/\/www.2020spaces.com\/fr\/batimat\/","title":{"rendered":"Batimat 2019"},"content":{"rendered":"<div id=\"cs-content\" class=\"cs-content\"><\/div>\n","protected":false},"excerpt":{"rendered":"<p>&nbsp;\u00cates-vous un fabricant? &nbsp;\u00cates-vous un designer? &nbsp;\u00cates-vous un d\u00e9taillant? De la conception \u00e0 la fabrication, \u00e0 chaque \u00e9tape de votre projet, 2020 propose une solution logicielle pour vous accompagner\u202f! Obtenez un badge gratuit 2020 Design LineLe pack 2020 pour les fabricants2020 Design Line est la combinaison de nos 3 produits &#8230; <\/p>\n<div><a href=\"https:\/\/www.2020spaces.com\/fr\/customers\/2020-fusion-spotlight-christian-meubles\/\" class=\"more-link\">En savoir plus<\/a><\/div>\n","protected":false},"author":1,"featured_media":252588,"parent":0,"menu_order":0,"comment_status":"closed","ping_status":"closed","template":"template-blank-4.php","meta":{"_bbp_topic_count":0,"_bbp_reply_count":0,"_bbp_total_topic_count":0,"_bbp_total_reply_count":0,"_bbp_voice_count":0,"_bbp_anonymous_reply_count":0,"_bbp_topic_count_hidden":0,"_bbp_reply_count_hidden":0,"_bbp_forum_subforum_count":0,"footnotes":""},"categories":[],"class_list":["post-252587","page","type-page","status-publish","has-post-thumbnail","hentry","x-portfolio-cbcb41333df397dc9ae655aa4d3a3dd0","x-portfolio-9eb2d6cc89a438b78f5b645cfd8d0c0f"],"pp_force_visibility":null,"pp_subpost_visibility":null,"pp_inherited_force_visibility":null,"pp_inherited_subpost_visibility":null,"yoast_head":"<!-- This site is optimized with the Yoast SEO Premium plugin v27.4 (Yoast SEO v27.4) - https:\/\/yoast.com\/product\/yoast-seo-premium-wordpress\/ -->\n<title>2020 participe au salon BATIMAT 2019 | Stand N058, Hall 5A<\/title>\n<meta name=\"description\" content=\"Retrouvez 2020 au salon BATIMAT qui aura lieu du 4 au 8 Novembre 2019, au Parc des Expositions de Paris Nord Villepinte.\" \/>\n<meta name=\"robots\" content=\"index, follow, max-snippet:-1, max-image-preview:large, max-video-preview:-1\" \/>\n<link rel=\"canonical\" href=\"https:\/\/www.2020spaces.com\/fr\/batimat\/\" \/>\n<meta property=\"og:locale\" content=\"fr_FR\" \/>\n<meta property=\"og:type\" content=\"article\" \/>\n<meta property=\"og:title\" content=\"2020 participe au salon BATIMAT 2019 | Stand N058, Hall 5A\" \/>\n<meta property=\"og:description\" content=\"Retrouvez 2020 au salon BATIMAT qui aura lieu du 4 au 8 Novembre 2019, au Parc des Expositions de Paris Nord Villepinte. Obtenez un badge gratuit pour venir nous rencontrer.\" \/>\n<meta property=\"og:url\" content=\"https:\/\/www.2020spaces.com\/fr\/batimat\/\" \/>\n<meta property=\"og:site_name\" content=\"2020\" \/>\n<meta property=\"article:publisher\" content=\"https:\/\/www.facebook.com\/2020spaces\" \/>\n<meta property=\"article:modified_time\" content=\"2025-04-27T05:36:55+00:00\" \/>\n<meta property=\"og:image\" content=\"https:\/\/www.2020spaces.com\/wp-content\/uploads\/2019\/10\/Social_1200x630_Batimat.jpg\" \/>\n\t<meta property=\"og:image:width\" content=\"1200\" \/>\n\t<meta property=\"og:image:height\" content=\"630\" \/>\n\t<meta property=\"og:image:type\" content=\"image\/jpeg\" \/>\n<meta name=\"twitter:card\" content=\"summary_large_image\" \/>\n<meta name=\"twitter:title\" content=\"Batimat 2019\" \/>\n<meta name=\"twitter:site\" content=\"@2020spaces\" \/>\n<meta name=\"twitter:label1\" content=\"Dur\u00e9e de lecture estim\u00e9e\" \/>\n\t<meta name=\"twitter:data1\" content=\"2 minutes\" \/>\n<script type=\"application\/ld+json\" class=\"yoast-schema-graph\">{\"@context\":\"https:\\\/\\\/schema.org\",\"@graph\":[{\"@type\":\"WebPage\",\"@id\":\"https:\\\/\\\/www.2020spaces.com\\\/fr\\\/batimat\\\/\",\"url\":\"https:\\\/\\\/www.2020spaces.com\\\/fr\\\/batimat\\\/\",\"name\":\"2020 participe au salon BATIMAT 2019 | Stand N058, Hall 5A\",\"isPartOf\":{\"@id\":\"https:\\\/\\\/www.2020spaces.com\\\/#website\"},\"primaryImageOfPage\":{\"@id\":\"https:\\\/\\\/www.2020spaces.com\\\/fr\\\/batimat\\\/#primaryimage\"},\"image\":{\"@id\":\"https:\\\/\\\/www.2020spaces.com\\\/fr\\\/batimat\\\/#primaryimage\"},\"thumbnailUrl\":\"https:\\\/\\\/www.2020spaces.com\\\/wp-content\\\/uploads\\\/2019\\\/10\\\/Featured_400x323_Batimat.jpg\",\"datePublished\":\"2019-10-10T15:14:34+00:00\",\"dateModified\":\"2025-04-27T05:36:55+00:00\",\"description\":\"Retrouvez 2020 au salon BATIMAT qui aura lieu du 4 au 8 Novembre 2019, au Parc des Expositions de Paris Nord Villepinte.\",\"breadcrumb\":{\"@id\":\"https:\\\/\\\/www.2020spaces.com\\\/fr\\\/batimat\\\/#breadcrumb\"},\"inLanguage\":\"fr-FR\",\"potentialAction\":[{\"@type\":\"ReadAction\",\"target\":[\"https:\\\/\\\/www.2020spaces.com\\\/fr\\\/batimat\\\/\"]}]},{\"@type\":\"ImageObject\",\"inLanguage\":\"fr-FR\",\"@id\":\"https:\\\/\\\/www.2020spaces.com\\\/fr\\\/batimat\\\/#primaryimage\",\"url\":\"https:\\\/\\\/www.2020spaces.com\\\/wp-content\\\/uploads\\\/2019\\\/10\\\/Featured_400x323_Batimat.jpg\",\"contentUrl\":\"https:\\\/\\\/www.2020spaces.com\\\/wp-content\\\/uploads\\\/2019\\\/10\\\/Featured_400x323_Batimat.jpg\",\"width\":400,\"height\":323,\"caption\":\"Featured Batimat\"},{\"@type\":\"BreadcrumbList\",\"@id\":\"https:\\\/\\\/www.2020spaces.com\\\/fr\\\/batimat\\\/#breadcrumb\",\"itemListElement\":[{\"@type\":\"ListItem\",\"position\":1,\"name\":\"Home\",\"item\":\"https:\\\/\\\/www.2020spaces.com\\\/fr\\\/accueil-2-2\\\/\"},{\"@type\":\"ListItem\",\"position\":2,\"name\":\"Batimat 2019\"}]},{\"@type\":\"WebSite\",\"@id\":\"https:\\\/\\\/www.2020spaces.com\\\/#website\",\"url\":\"https:\\\/\\\/www.2020spaces.com\\\/\",\"name\":\"2020\",\"description\":\"Making Spaces for Life\u2122\",\"potentialAction\":[{\"@type\":\"SearchAction\",\"target\":{\"@type\":\"EntryPoint\",\"urlTemplate\":\"https:\\\/\\\/www.2020spaces.com\\\/?s={search_term_string}\"},\"query-input\":{\"@type\":\"PropertyValueSpecification\",\"valueRequired\":true,\"valueName\":\"search_term_string\"}}],\"inLanguage\":\"fr-FR\"}]}<\/script>\n<!-- \/ Yoast SEO Premium plugin. -->","yoast_head_json":{"title":"2020 participe au salon BATIMAT 2019 | Stand N058, Hall 5A","description":"Retrouvez 2020 au salon BATIMAT qui aura lieu du 4 au 8 Novembre 2019, au Parc des Expositions de Paris Nord Villepinte.","robots":{"index":"index","follow":"follow","max-snippet":"max-snippet:-1","max-image-preview":"max-image-preview:large","max-video-preview":"max-video-preview:-1"},"canonical":"https:\/\/www.2020spaces.com\/fr\/batimat\/","og_locale":"fr_FR","og_type":"article","og_title":"2020 participe au salon BATIMAT 2019 | Stand N058, Hall 5A","og_description":"Retrouvez 2020 au salon BATIMAT qui aura lieu du 4 au 8 Novembre 2019, au Parc des Expositions de Paris Nord Villepinte. Obtenez un badge gratuit pour venir nous rencontrer.","og_url":"https:\/\/www.2020spaces.com\/fr\/batimat\/","og_site_name":"2020","article_publisher":"https:\/\/www.facebook.com\/2020spaces","article_modified_time":"2025-04-27T05:36:55+00:00","og_image":[{"width":1200,"height":630,"url":"https:\/\/www.2020spaces.com\/wp-content\/uploads\/2019\/10\/Social_1200x630_Batimat.jpg","type":"image\/jpeg"}],"twitter_card":"summary_large_image","twitter_title":"Batimat 2019","twitter_site":"@2020spaces","twitter_misc":{"Dur\u00e9e de lecture estim\u00e9e":"2 minutes"},"schema":{"@context":"https:\/\/schema.org","@graph":[{"@type":"WebPage","@id":"https:\/\/www.2020spaces.com\/fr\/batimat\/","url":"https:\/\/www.2020spaces.com\/fr\/batimat\/","name":"2020 participe au salon BATIMAT 2019 | Stand N058, Hall 5A","isPartOf":{"@id":"https:\/\/www.2020spaces.com\/#website"},"primaryImageOfPage":{"@id":"https:\/\/www.2020spaces.com\/fr\/batimat\/#primaryimage"},"image":{"@id":"https:\/\/www.2020spaces.com\/fr\/batimat\/#primaryimage"},"thumbnailUrl":"https:\/\/www.2020spaces.com\/wp-content\/uploads\/2019\/10\/Featured_400x323_Batimat.jpg","datePublished":"2019-10-10T15:14:34+00:00","dateModified":"2025-04-27T05:36:55+00:00","description":"Retrouvez 2020 au salon BATIMAT qui aura lieu du 4 au 8 Novembre 2019, au Parc des Expositions de Paris Nord Villepinte.","breadcrumb":{"@id":"https:\/\/www.2020spaces.com\/fr\/batimat\/#breadcrumb"},"inLanguage":"fr-FR","potentialAction":[{"@type":"ReadAction","target":["https:\/\/www.2020spaces.com\/fr\/batimat\/"]}]},{"@type":"ImageObject","inLanguage":"fr-FR","@id":"https:\/\/www.2020spaces.com\/fr\/batimat\/#primaryimage","url":"https:\/\/www.2020spaces.com\/wp-content\/uploads\/2019\/10\/Featured_400x323_Batimat.jpg","contentUrl":"https:\/\/www.2020spaces.com\/wp-content\/uploads\/2019\/10\/Featured_400x323_Batimat.jpg","width":400,"height":323,"caption":"Featured Batimat"},{"@type":"BreadcrumbList","@id":"https:\/\/www.2020spaces.com\/fr\/batimat\/#breadcrumb","itemListElement":[{"@type":"ListItem","position":1,"name":"Home","item":"https:\/\/www.2020spaces.com\/fr\/accueil-2-2\/"},{"@type":"ListItem","position":2,"name":"Batimat 2019"}]},{"@type":"WebSite","@id":"https:\/\/www.2020spaces.com\/#website","url":"https:\/\/www.2020spaces.com\/","name":"2020","description":"Making Spaces for Life\u2122","potentialAction":[{"@type":"SearchAction","target":{"@type":"EntryPoint","urlTemplate":"https:\/\/www.2020spaces.com\/?s={search_term_string}"},"query-input":{"@type":"PropertyValueSpecification","valueRequired":true,"valueName":"search_term_string"}}],"inLanguage":"fr-FR"}]}},"_links":{"self":[{"href":"https:\/\/www.2020spaces.com\/fr\/wp-json\/wp\/v2\/pages\/252587","targetHints":{"allow":["GET"]}}],"collection":[{"href":"https:\/\/www.2020spaces.com\/fr\/wp-json\/wp\/v2\/pages"}],"about":[{"href":"https:\/\/www.2020spaces.com\/fr\/wp-json\/wp\/v2\/types\/page"}],"author":[{"embeddable":true,"href":"https:\/\/www.2020spaces.com\/fr\/wp-json\/wp\/v2\/users\/1"}],"replies":[{"embeddable":true,"href":"https:\/\/www.2020spaces.com\/fr\/wp-json\/wp\/v2\/comments?post=252587"}],"version-history":[{"count":0,"href":"https:\/\/www.2020spaces.com\/fr\/wp-json\/wp\/v2\/pages\/252587\/revisions"}],"wp:featuredmedia":[{"embeddable":true,"href":"https:\/\/www.2020spaces.com\/fr\/wp-json\/wp\/v2\/media\/252588"}],"wp:attachment":[{"href":"https:\/\/www.2020spaces.com\/fr\/wp-json\/wp\/v2\/media?parent=252587"}],"wp:term":[{"taxonomy":"category","embeddable":true,"href":"https:\/\/www.2020spaces.com\/fr\/wp-json\/wp\/v2\/categories?post=252587"}],"curies":[{"name":"wp","href":"https:\/\/api.w.org\/{rel}","templated":true}]}}