{"id":258414,"date":"2019-11-01T10:41:49","date_gmt":"2019-11-01T14:41:49","guid":{"rendered":"https:\/\/www.2020spaces.com\/?page_id=258414"},"modified":"2023-09-20T20:19:31","modified_gmt":"2023-09-21T00:19:31","slug":"payez-vos-factures","status":"publish","type":"page","link":"https:\/\/www.2020spaces.com\/fr\/payez-vos-factures\/","title":{"rendered":"Payez vos factures"},"content":{"rendered":"<div id=\"cs-content\" class=\"cs-content\"><\/div>\n","protected":false},"excerpt":{"rendered":"<p>Payez vos factures en ligne Suivez ces deux \u00e9tapes faciles et payez vos factures et achetez des places suppl\u00e9mentaires via votre compte.Cr\u00e9ez votre compte Cyncly Ouvrir un compteAssociez votre compte \u00e0 votre facture Visualisez la d\u00e9moN&rsquo;oubliez pas que tous les abonnements doivent rester actifs afin de pouvoir continuer \u00e0 utiliser &#8230; <\/p>\n<div><a href=\"https:\/\/www.2020spaces.com\/fr\/payez-vos-factures\/\" class=\"more-link\">En savoir plus<\/a><\/div>\n","protected":false},"author":25194,"featured_media":0,"parent":0,"menu_order":0,"comment_status":"closed","ping_status":"closed","template":"template-blank-5.php","meta":{"_bbp_topic_count":0,"_bbp_reply_count":0,"_bbp_total_topic_count":0,"_bbp_total_reply_count":0,"_bbp_voice_count":0,"_bbp_anonymous_reply_count":0,"_bbp_topic_count_hidden":0,"_bbp_reply_count_hidden":0,"_bbp_forum_subforum_count":0,"footnotes":""},"categories":[],"class_list":["post-258414","page","type-page","status-publish","hentry","no-post-thumbnail"],"pp_force_visibility":null,"pp_subpost_visibility":null,"pp_inherited_force_visibility":null,"pp_inherited_subpost_visibility":null,"yoast_head":"<!-- This site is optimized with the Yoast SEO Premium plugin v27.4 (Yoast SEO v27.4) - https:\/\/yoast.com\/product\/yoast-seo-premium-wordpress\/ -->\n<title>Payez vos factures - 2020<\/title>\n<meta name=\"description\" content=\"Payez vos factures en ligne. Suivez ces deux \u00e9tapes faciles et payez vos factures et achetez des places suppl\u00e9mentaires via votre compte.\" \/>\n<meta name=\"robots\" content=\"index, follow, max-snippet:-1, max-image-preview:large, max-video-preview:-1\" \/>\n<link rel=\"canonical\" href=\"https:\/\/www.2020spaces.com\/fr\/payez-vos-factures\/\" \/>\n<meta property=\"og:locale\" content=\"fr_FR\" \/>\n<meta property=\"og:type\" content=\"article\" \/>\n<meta property=\"og:title\" content=\"Payez vos factures\" \/>\n<meta property=\"og:description\" content=\"Payez vos factures en ligne. Suivez ces deux \u00e9tapes faciles et payez vos factures et achetez des places suppl\u00e9mentaires via votre compte.\" \/>\n<meta property=\"og:url\" content=\"https:\/\/www.2020spaces.com\/fr\/payez-vos-factures\/\" \/>\n<meta property=\"og:site_name\" content=\"2020\" \/>\n<meta property=\"article:publisher\" content=\"https:\/\/www.facebook.com\/2020spaces\" \/>\n<meta property=\"article:modified_time\" content=\"2023-09-21T00:19:31+00:00\" \/>\n<meta name=\"twitter:card\" content=\"summary_large_image\" \/>\n<meta name=\"twitter:site\" content=\"@2020spaces\" \/>\n<meta name=\"twitter:label1\" content=\"Dur\u00e9e de lecture estim\u00e9e\" \/>\n\t<meta name=\"twitter:data1\" content=\"1 minute\" \/>\n<script type=\"application\/ld+json\" class=\"yoast-schema-graph\">{\"@context\":\"https:\\\/\\\/schema.org\",\"@graph\":[{\"@type\":\"WebPage\",\"@id\":\"https:\\\/\\\/www.2020spaces.com\\\/fr\\\/payez-vos-factures\\\/\",\"url\":\"https:\\\/\\\/www.2020spaces.com\\\/fr\\\/payez-vos-factures\\\/\",\"name\":\"Payez vos factures - 2020\",\"isPartOf\":{\"@id\":\"https:\\\/\\\/www.2020spaces.com\\\/#website\"},\"datePublished\":\"2019-11-01T14:41:49+00:00\",\"dateModified\":\"2023-09-21T00:19:31+00:00\",\"description\":\"Payez vos factures en ligne. Suivez ces deux \u00e9tapes faciles et payez vos factures et achetez des places suppl\u00e9mentaires via votre compte.\",\"breadcrumb\":{\"@id\":\"https:\\\/\\\/www.2020spaces.com\\\/fr\\\/payez-vos-factures\\\/#breadcrumb\"},\"inLanguage\":\"fr-FR\",\"potentialAction\":[{\"@type\":\"ReadAction\",\"target\":[\"https:\\\/\\\/www.2020spaces.com\\\/fr\\\/payez-vos-factures\\\/\"]}]},{\"@type\":\"BreadcrumbList\",\"@id\":\"https:\\\/\\\/www.2020spaces.com\\\/fr\\\/payez-vos-factures\\\/#breadcrumb\",\"itemListElement\":[{\"@type\":\"ListItem\",\"position\":1,\"name\":\"Home\",\"item\":\"https:\\\/\\\/www.2020spaces.com\\\/fr\\\/accueil-2-2\\\/\"},{\"@type\":\"ListItem\",\"position\":2,\"name\":\"Payez vos factures\"}]},{\"@type\":\"WebSite\",\"@id\":\"https:\\\/\\\/www.2020spaces.com\\\/#website\",\"url\":\"https:\\\/\\\/www.2020spaces.com\\\/\",\"name\":\"2020\",\"description\":\"Making Spaces for Life\u2122\",\"potentialAction\":[{\"@type\":\"SearchAction\",\"target\":{\"@type\":\"EntryPoint\",\"urlTemplate\":\"https:\\\/\\\/www.2020spaces.com\\\/?s={search_term_string}\"},\"query-input\":{\"@type\":\"PropertyValueSpecification\",\"valueRequired\":true,\"valueName\":\"search_term_string\"}}],\"inLanguage\":\"fr-FR\"}]}<\/script>\n<!-- \/ Yoast SEO Premium plugin. -->","yoast_head_json":{"title":"Payez vos factures - 2020","description":"Payez vos factures en ligne. Suivez ces deux \u00e9tapes faciles et payez vos factures et achetez des places suppl\u00e9mentaires via votre compte.","robots":{"index":"index","follow":"follow","max-snippet":"max-snippet:-1","max-image-preview":"max-image-preview:large","max-video-preview":"max-video-preview:-1"},"canonical":"https:\/\/www.2020spaces.com\/fr\/payez-vos-factures\/","og_locale":"fr_FR","og_type":"article","og_title":"Payez vos factures","og_description":"Payez vos factures en ligne. Suivez ces deux \u00e9tapes faciles et payez vos factures et achetez des places suppl\u00e9mentaires via votre compte.","og_url":"https:\/\/www.2020spaces.com\/fr\/payez-vos-factures\/","og_site_name":"2020","article_publisher":"https:\/\/www.facebook.com\/2020spaces","article_modified_time":"2023-09-21T00:19:31+00:00","twitter_card":"summary_large_image","twitter_site":"@2020spaces","twitter_misc":{"Dur\u00e9e de lecture estim\u00e9e":"1 minute"},"schema":{"@context":"https:\/\/schema.org","@graph":[{"@type":"WebPage","@id":"https:\/\/www.2020spaces.com\/fr\/payez-vos-factures\/","url":"https:\/\/www.2020spaces.com\/fr\/payez-vos-factures\/","name":"Payez vos factures - 2020","isPartOf":{"@id":"https:\/\/www.2020spaces.com\/#website"},"datePublished":"2019-11-01T14:41:49+00:00","dateModified":"2023-09-21T00:19:31+00:00","description":"Payez vos factures en ligne. Suivez ces deux \u00e9tapes faciles et payez vos factures et achetez des places suppl\u00e9mentaires via votre compte.","breadcrumb":{"@id":"https:\/\/www.2020spaces.com\/fr\/payez-vos-factures\/#breadcrumb"},"inLanguage":"fr-FR","potentialAction":[{"@type":"ReadAction","target":["https:\/\/www.2020spaces.com\/fr\/payez-vos-factures\/"]}]},{"@type":"BreadcrumbList","@id":"https:\/\/www.2020spaces.com\/fr\/payez-vos-factures\/#breadcrumb","itemListElement":[{"@type":"ListItem","position":1,"name":"Home","item":"https:\/\/www.2020spaces.com\/fr\/accueil-2-2\/"},{"@type":"ListItem","position":2,"name":"Payez vos factures"}]},{"@type":"WebSite","@id":"https:\/\/www.2020spaces.com\/#website","url":"https:\/\/www.2020spaces.com\/","name":"2020","description":"Making Spaces for Life\u2122","potentialAction":[{"@type":"SearchAction","target":{"@type":"EntryPoint","urlTemplate":"https:\/\/www.2020spaces.com\/?s={search_term_string}"},"query-input":{"@type":"PropertyValueSpecification","valueRequired":true,"valueName":"search_term_string"}}],"inLanguage":"fr-FR"}]}},"_links":{"self":[{"href":"https:\/\/www.2020spaces.com\/fr\/wp-json\/wp\/v2\/pages\/258414","targetHints":{"allow":["GET"]}}],"collection":[{"href":"https:\/\/www.2020spaces.com\/fr\/wp-json\/wp\/v2\/pages"}],"about":[{"href":"https:\/\/www.2020spaces.com\/fr\/wp-json\/wp\/v2\/types\/page"}],"author":[{"embeddable":true,"href":"https:\/\/www.2020spaces.com\/fr\/wp-json\/wp\/v2\/users\/25194"}],"replies":[{"embeddable":true,"href":"https:\/\/www.2020spaces.com\/fr\/wp-json\/wp\/v2\/comments?post=258414"}],"version-history":[{"count":0,"href":"https:\/\/www.2020spaces.com\/fr\/wp-json\/wp\/v2\/pages\/258414\/revisions"}],"wp:attachment":[{"href":"https:\/\/www.2020spaces.com\/fr\/wp-json\/wp\/v2\/media?parent=258414"}],"wp:term":[{"taxonomy":"category","embeddable":true,"href":"https:\/\/www.2020spaces.com\/fr\/wp-json\/wp\/v2\/categories?post=258414"}],"curies":[{"name":"wp","href":"https:\/\/api.w.org\/{rel}","templated":true}]}}