{"id":259932,"date":"2019-11-29T08:52:25","date_gmt":"2019-11-29T13:52:25","guid":{"rendered":"https:\/\/www.2020spaces.com\/referral\/"},"modified":"2024-01-05T19:03:59","modified_gmt":"2024-01-06T00:03:59","slug":"recommandez","status":"publish","type":"page","link":"https:\/\/www.2020spaces.com\/fr\/recommandez\/","title":{"rendered":"Recommandez 2020 \u00e0 un ami"},"content":{"rendered":"<div id=\"cs-content\" class=\"cs-content\"><\/div>\n","protected":false},"excerpt":{"rendered":"<p>Recommandez 2020 \u00e0 un amiPartagez votre exp\u00e9rience et faites-vous r\u00e9compenserSi vous connaissez un professionnel de l&rsquo;industrie qui b\u00e9n\u00e9ficierait de l\u2019utilisation d&rsquo;un des logiciels 2020 pour leur entreprise, faites-le nous savoir! 2020 vous offre \u00e0 vous et votre ami une carte cadeau d&rsquo;une valeur de 50$ \/ 50\u20ac.*Les 50 $ seront &#8230; <\/p>\n<div><a href=\"https:\/\/www.2020spaces.com\/fr\/recommandez\/\" class=\"more-link\">En savoir plus<\/a><\/div>\n","protected":false},"author":26709,"featured_media":259936,"parent":0,"menu_order":0,"comment_status":"closed","ping_status":"closed","template":"template-blank-4.php","meta":{"_bbp_topic_count":0,"_bbp_reply_count":0,"_bbp_total_topic_count":0,"_bbp_total_reply_count":0,"_bbp_voice_count":0,"_bbp_anonymous_reply_count":0,"_bbp_topic_count_hidden":0,"_bbp_reply_count_hidden":0,"_bbp_forum_subforum_count":0,"footnotes":""},"categories":[],"class_list":["post-259932","page","type-page","status-publish","has-post-thumbnail","hentry"],"pp_force_visibility":null,"pp_subpost_visibility":null,"pp_inherited_force_visibility":null,"pp_inherited_subpost_visibility":null,"yoast_head":"<!-- This site is optimized with the Yoast SEO Premium plugin v27.4 (Yoast SEO v27.4) - https:\/\/yoast.com\/product\/yoast-seo-premium-wordpress\/ -->\n<title>Partagez votre exp\u00e9rience et faites-vous r\u00e9compenser<\/title>\n<meta name=\"description\" content=\"Si vous connaissez un professionnel de l\u2019industrie qui b\u00e9n\u00e9ficierait de l\u2019utilisation d\u2019un des logiciels 2020 pour leur entreprise\" \/>\n<meta name=\"robots\" content=\"noindex, nofollow\" \/>\n<meta property=\"og:locale\" content=\"fr_FR\" \/>\n<meta property=\"og:type\" content=\"article\" \/>\n<meta property=\"og:title\" content=\"Partagez votre exp\u00e9rience et faites-vous r\u00e9compenser | Parrainez un ami | 2020 Spaces\" \/>\n<meta property=\"og:description\" content=\"Si vous connaissez un professionnel de l\u2019industrie qui b\u00e9n\u00e9ficierait de l\u2019utilisation d\u2019un des logiciels 2020 pour leur entreprise, faites-le nous savoir! 2020 vous offre \u00e0 vous et votre ami une carte cadeau Amazon d\u2019une valeur de 50$ \/ 50\u20ac.\" \/>\n<meta property=\"og:url\" content=\"https:\/\/www.2020spaces.com\/fr\/recommandez\/\" \/>\n<meta property=\"og:site_name\" content=\"2020\" \/>\n<meta property=\"article:publisher\" content=\"https:\/\/www.facebook.com\/2020spaces\" \/>\n<meta property=\"article:modified_time\" content=\"2024-01-06T00:03:59+00:00\" \/>\n<meta property=\"og:image\" content=\"https:\/\/www.2020spaces.com\/wp-content\/uploads\/2019\/11\/Social_1200x630_ReferFriend.jpg\" \/>\n\t<meta property=\"og:image:width\" content=\"1200\" \/>\n\t<meta property=\"og:image:height\" content=\"630\" \/>\n\t<meta property=\"og:image:type\" content=\"image\/jpeg\" \/>\n<meta name=\"twitter:card\" content=\"summary_large_image\" \/>\n<meta name=\"twitter:title\" content=\"Recommandez 2020 \u00e0 un ami\" \/>\n<meta name=\"twitter:site\" content=\"@2020spaces\" \/>\n<meta name=\"twitter:label1\" content=\"Dur\u00e9e de lecture estim\u00e9e\" \/>\n\t<meta name=\"twitter:data1\" content=\"2 minutes\" \/>\n<script type=\"application\/ld+json\" class=\"yoast-schema-graph\">{\"@context\":\"https:\\\/\\\/schema.org\",\"@graph\":[{\"@type\":\"WebPage\",\"@id\":\"https:\\\/\\\/www.2020spaces.com\\\/fr\\\/recommandez\\\/\",\"url\":\"https:\\\/\\\/www.2020spaces.com\\\/fr\\\/recommandez\\\/\",\"name\":\"Partagez votre exp\u00e9rience et faites-vous r\u00e9compenser\",\"isPartOf\":{\"@id\":\"https:\\\/\\\/www.2020spaces.com\\\/#website\"},\"primaryImageOfPage\":{\"@id\":\"https:\\\/\\\/www.2020spaces.com\\\/fr\\\/recommandez\\\/#primaryimage\"},\"image\":{\"@id\":\"https:\\\/\\\/www.2020spaces.com\\\/fr\\\/recommandez\\\/#primaryimage\"},\"thumbnailUrl\":\"https:\\\/\\\/www.2020spaces.com\\\/wp-content\\\/uploads\\\/2019\\\/11\\\/Featured_400x323_ReferFriend.jpg\",\"datePublished\":\"2019-11-29T13:52:25+00:00\",\"dateModified\":\"2024-01-06T00:03:59+00:00\",\"description\":\"Si vous connaissez un professionnel de l\u2019industrie qui b\u00e9n\u00e9ficierait de l\u2019utilisation d\u2019un des logiciels 2020 pour leur entreprise\",\"breadcrumb\":{\"@id\":\"https:\\\/\\\/www.2020spaces.com\\\/fr\\\/recommandez\\\/#breadcrumb\"},\"inLanguage\":\"fr-FR\",\"potentialAction\":[{\"@type\":\"ReadAction\",\"target\":[\"https:\\\/\\\/www.2020spaces.com\\\/fr\\\/recommandez\\\/\"]}]},{\"@type\":\"ImageObject\",\"inLanguage\":\"fr-FR\",\"@id\":\"https:\\\/\\\/www.2020spaces.com\\\/fr\\\/recommandez\\\/#primaryimage\",\"url\":\"https:\\\/\\\/www.2020spaces.com\\\/wp-content\\\/uploads\\\/2019\\\/11\\\/Featured_400x323_ReferFriend.jpg\",\"contentUrl\":\"https:\\\/\\\/www.2020spaces.com\\\/wp-content\\\/uploads\\\/2019\\\/11\\\/Featured_400x323_ReferFriend.jpg\",\"width\":400,\"height\":323},{\"@type\":\"BreadcrumbList\",\"@id\":\"https:\\\/\\\/www.2020spaces.com\\\/fr\\\/recommandez\\\/#breadcrumb\",\"itemListElement\":[{\"@type\":\"ListItem\",\"position\":1,\"name\":\"Home\",\"item\":\"https:\\\/\\\/www.2020spaces.com\\\/fr\\\/accueil-2-2\\\/\"},{\"@type\":\"ListItem\",\"position\":2,\"name\":\"Recommandez 2020 \u00e0 un ami\"}]},{\"@type\":\"WebSite\",\"@id\":\"https:\\\/\\\/www.2020spaces.com\\\/#website\",\"url\":\"https:\\\/\\\/www.2020spaces.com\\\/\",\"name\":\"2020\",\"description\":\"Making Spaces for Life\u2122\",\"potentialAction\":[{\"@type\":\"SearchAction\",\"target\":{\"@type\":\"EntryPoint\",\"urlTemplate\":\"https:\\\/\\\/www.2020spaces.com\\\/?s={search_term_string}\"},\"query-input\":{\"@type\":\"PropertyValueSpecification\",\"valueRequired\":true,\"valueName\":\"search_term_string\"}}],\"inLanguage\":\"fr-FR\"}]}<\/script>\n<!-- \/ Yoast SEO Premium plugin. -->","yoast_head_json":{"title":"Partagez votre exp\u00e9rience et faites-vous r\u00e9compenser","description":"Si vous connaissez un professionnel de l\u2019industrie qui b\u00e9n\u00e9ficierait de l\u2019utilisation d\u2019un des logiciels 2020 pour leur entreprise","robots":{"index":"noindex","follow":"nofollow"},"og_locale":"fr_FR","og_type":"article","og_title":"Partagez votre exp\u00e9rience et faites-vous r\u00e9compenser | Parrainez un ami | 2020 Spaces","og_description":"Si vous connaissez un professionnel de l\u2019industrie qui b\u00e9n\u00e9ficierait de l\u2019utilisation d\u2019un des logiciels 2020 pour leur entreprise, faites-le nous savoir! 2020 vous offre \u00e0 vous et votre ami une carte cadeau Amazon d\u2019une valeur de 50$ \/ 50\u20ac.","og_url":"https:\/\/www.2020spaces.com\/fr\/recommandez\/","og_site_name":"2020","article_publisher":"https:\/\/www.facebook.com\/2020spaces","article_modified_time":"2024-01-06T00:03:59+00:00","og_image":[{"width":1200,"height":630,"url":"https:\/\/www.2020spaces.com\/wp-content\/uploads\/2019\/11\/Social_1200x630_ReferFriend.jpg","type":"image\/jpeg"}],"twitter_card":"summary_large_image","twitter_title":"Recommandez 2020 \u00e0 un ami","twitter_site":"@2020spaces","twitter_misc":{"Dur\u00e9e de lecture estim\u00e9e":"2 minutes"},"schema":{"@context":"https:\/\/schema.org","@graph":[{"@type":"WebPage","@id":"https:\/\/www.2020spaces.com\/fr\/recommandez\/","url":"https:\/\/www.2020spaces.com\/fr\/recommandez\/","name":"Partagez votre exp\u00e9rience et faites-vous r\u00e9compenser","isPartOf":{"@id":"https:\/\/www.2020spaces.com\/#website"},"primaryImageOfPage":{"@id":"https:\/\/www.2020spaces.com\/fr\/recommandez\/#primaryimage"},"image":{"@id":"https:\/\/www.2020spaces.com\/fr\/recommandez\/#primaryimage"},"thumbnailUrl":"https:\/\/www.2020spaces.com\/wp-content\/uploads\/2019\/11\/Featured_400x323_ReferFriend.jpg","datePublished":"2019-11-29T13:52:25+00:00","dateModified":"2024-01-06T00:03:59+00:00","description":"Si vous connaissez un professionnel de l\u2019industrie qui b\u00e9n\u00e9ficierait de l\u2019utilisation d\u2019un des logiciels 2020 pour leur entreprise","breadcrumb":{"@id":"https:\/\/www.2020spaces.com\/fr\/recommandez\/#breadcrumb"},"inLanguage":"fr-FR","potentialAction":[{"@type":"ReadAction","target":["https:\/\/www.2020spaces.com\/fr\/recommandez\/"]}]},{"@type":"ImageObject","inLanguage":"fr-FR","@id":"https:\/\/www.2020spaces.com\/fr\/recommandez\/#primaryimage","url":"https:\/\/www.2020spaces.com\/wp-content\/uploads\/2019\/11\/Featured_400x323_ReferFriend.jpg","contentUrl":"https:\/\/www.2020spaces.com\/wp-content\/uploads\/2019\/11\/Featured_400x323_ReferFriend.jpg","width":400,"height":323},{"@type":"BreadcrumbList","@id":"https:\/\/www.2020spaces.com\/fr\/recommandez\/#breadcrumb","itemListElement":[{"@type":"ListItem","position":1,"name":"Home","item":"https:\/\/www.2020spaces.com\/fr\/accueil-2-2\/"},{"@type":"ListItem","position":2,"name":"Recommandez 2020 \u00e0 un ami"}]},{"@type":"WebSite","@id":"https:\/\/www.2020spaces.com\/#website","url":"https:\/\/www.2020spaces.com\/","name":"2020","description":"Making Spaces for Life\u2122","potentialAction":[{"@type":"SearchAction","target":{"@type":"EntryPoint","urlTemplate":"https:\/\/www.2020spaces.com\/?s={search_term_string}"},"query-input":{"@type":"PropertyValueSpecification","valueRequired":true,"valueName":"search_term_string"}}],"inLanguage":"fr-FR"}]}},"_links":{"self":[{"href":"https:\/\/www.2020spaces.com\/fr\/wp-json\/wp\/v2\/pages\/259932","targetHints":{"allow":["GET"]}}],"collection":[{"href":"https:\/\/www.2020spaces.com\/fr\/wp-json\/wp\/v2\/pages"}],"about":[{"href":"https:\/\/www.2020spaces.com\/fr\/wp-json\/wp\/v2\/types\/page"}],"author":[{"embeddable":true,"href":"https:\/\/www.2020spaces.com\/fr\/wp-json\/wp\/v2\/users\/26709"}],"replies":[{"embeddable":true,"href":"https:\/\/www.2020spaces.com\/fr\/wp-json\/wp\/v2\/comments?post=259932"}],"version-history":[{"count":0,"href":"https:\/\/www.2020spaces.com\/fr\/wp-json\/wp\/v2\/pages\/259932\/revisions"}],"wp:featuredmedia":[{"embeddable":true,"href":"https:\/\/www.2020spaces.com\/fr\/wp-json\/wp\/v2\/media\/259936"}],"wp:attachment":[{"href":"https:\/\/www.2020spaces.com\/fr\/wp-json\/wp\/v2\/media?parent=259932"}],"wp:term":[{"taxonomy":"category","embeddable":true,"href":"https:\/\/www.2020spaces.com\/fr\/wp-json\/wp\/v2\/categories?post=259932"}],"curies":[{"name":"wp","href":"https:\/\/api.w.org\/{rel}","templated":true}]}}