{"id":322758,"date":"2021-04-15T08:15:11","date_gmt":"2021-04-15T12:15:11","guid":{"rendered":"https:\/\/www.2020spaces.com\/2020-global-inspiration-contest\/"},"modified":"2023-05-15T05:31:23","modified_gmt":"2023-05-15T09:31:23","slug":"2020-inspiration-concours-mondial","status":"publish","type":"page","link":"https:\/\/www.2020spaces.com\/fr\/2020-inspiration-concours-mondial\/","title":{"rendered":"2020 Inspiration Concours Mondial"},"content":{"rendered":"<div id=\"cs-content\" class=\"cs-content\"><\/div>\n","protected":false},"excerpt":{"rendered":"<p>Participez \u00e0 notre concours mondial pour les concepteurs de cuisines, de salles de bains et de bureaux. Participer au concoursSponsoris\u00e9 par :Nous voulons voir vos cr\u00e9ations les plus inspirantes et les plus \u00e9tonnantes ! Ce concours est ouvert aux clients 2020 et Compusoft \u00e0 travers le monde. Participez \u00e0 notre &#8230; <\/p>\n<div><a href=\"https:\/\/www.2020spaces.com\/fr\/2020-inspiration-concours-mondial\/\" class=\"more-link\">En savoir plus<\/a><\/div>\n","protected":false},"author":26709,"featured_media":363437,"parent":0,"menu_order":0,"comment_status":"closed","ping_status":"closed","template":"template-blank-6.php","meta":{"_bbp_topic_count":0,"_bbp_reply_count":0,"_bbp_total_topic_count":0,"_bbp_total_reply_count":0,"_bbp_voice_count":0,"_bbp_anonymous_reply_count":0,"_bbp_topic_count_hidden":0,"_bbp_reply_count_hidden":0,"_bbp_forum_subforum_count":0,"footnotes":""},"categories":[],"class_list":["post-322758","page","type-page","status-publish","has-post-thumbnail","hentry"],"pp_force_visibility":null,"pp_subpost_visibility":null,"pp_inherited_force_visibility":null,"pp_inherited_subpost_visibility":null,"yoast_head":"<!-- This site is optimized with the Yoast SEO Premium plugin v27.4 (Yoast SEO v27.4) - https:\/\/yoast.com\/product\/yoast-seo-premium-wordpress\/ -->\n<title>2020 Inspiration Concours Mondial | 2020 Spaces<\/title>\n<meta name=\"description\" content=\"2020 et Compusoft, le principal fournisseur de logiciels de conception de cuisines, de salles de bains et de bureaux, organise un concours\" \/>\n<meta name=\"robots\" content=\"index, follow, max-snippet:-1, max-image-preview:large, max-video-preview:-1\" \/>\n<link rel=\"canonical\" href=\"https:\/\/www.2020spaces.com\/fr\/2020-inspiration-concours-mondial\/\" \/>\n<meta property=\"og:locale\" content=\"fr_FR\" \/>\n<meta property=\"og:type\" content=\"article\" \/>\n<meta property=\"og:title\" content=\"2020 Inspiration Concours Mondial | 2020 Spaces\" \/>\n<meta property=\"og:description\" content=\"2020 et Compusoft, le principal fournisseur de logiciels de conception de cuisines, de salles de bains et de bureaux, organise un concours mondial d&#039;inspiration pour tous ses clients concepteurs.\" \/>\n<meta property=\"og:url\" content=\"https:\/\/www.2020spaces.com\/fr\/2020-inspiration-concours-mondial\/\" \/>\n<meta property=\"og:site_name\" content=\"2020\" \/>\n<meta property=\"article:publisher\" content=\"https:\/\/www.facebook.com\/2020spaces\" \/>\n<meta property=\"article:modified_time\" content=\"2023-05-15T09:31:23+00:00\" \/>\n<meta property=\"og:image\" content=\"https:\/\/www.2020spaces.com\/wp-content\/uploads\/2022\/04\/Social_1200x630_GlobalContest2022_General_FR.jpg\" \/>\n\t<meta property=\"og:image:width\" content=\"1200\" \/>\n\t<meta property=\"og:image:height\" content=\"630\" \/>\n\t<meta property=\"og:image:type\" content=\"image\/jpeg\" \/>\n<meta name=\"twitter:card\" content=\"summary_large_image\" \/>\n<meta name=\"twitter:title\" content=\"2020 Inspiration Concours Mondial | 2020 Spaces\" \/>\n<meta name=\"twitter:description\" content=\"2020 et Compusoft, le principal fournisseur de logiciels de conception de cuisines, de salles de bains et de bureaux, organise un concours mondial d&#039;inspiration pour tous ses clients concepteurs.\" \/>\n<meta name=\"twitter:image\" content=\"https:\/\/www.2020spaces.com\/wp-content\/uploads\/2022\/04\/Social_1200x630_GlobalContest2022_General_FR.jpg\" \/>\n<meta name=\"twitter:site\" content=\"@2020spaces\" \/>\n<meta name=\"twitter:label1\" content=\"Dur\u00e9e de lecture estim\u00e9e\" \/>\n\t<meta name=\"twitter:data1\" content=\"4 minutes\" \/>\n<script type=\"application\/ld+json\" class=\"yoast-schema-graph\">{\"@context\":\"https:\\\/\\\/schema.org\",\"@graph\":[{\"@type\":\"WebPage\",\"@id\":\"https:\\\/\\\/www.2020spaces.com\\\/fr\\\/2020-inspiration-concours-mondial\\\/\",\"url\":\"https:\\\/\\\/www.2020spaces.com\\\/fr\\\/2020-inspiration-concours-mondial\\\/\",\"name\":\"2020 Inspiration Concours Mondial | 2020 Spaces\",\"isPartOf\":{\"@id\":\"https:\\\/\\\/www.2020spaces.com\\\/#website\"},\"primaryImageOfPage\":{\"@id\":\"https:\\\/\\\/www.2020spaces.com\\\/fr\\\/2020-inspiration-concours-mondial\\\/#primaryimage\"},\"image\":{\"@id\":\"https:\\\/\\\/www.2020spaces.com\\\/fr\\\/2020-inspiration-concours-mondial\\\/#primaryimage\"},\"thumbnailUrl\":\"https:\\\/\\\/www.2020spaces.com\\\/wp-content\\\/uploads\\\/2022\\\/04\\\/Featured_400x323_GlobalContest2022_General_FR.jpg\",\"datePublished\":\"2021-04-15T12:15:11+00:00\",\"dateModified\":\"2023-05-15T09:31:23+00:00\",\"description\":\"2020 et Compusoft, le principal fournisseur de logiciels de conception de cuisines, de salles de bains et de bureaux, organise un concours\",\"breadcrumb\":{\"@id\":\"https:\\\/\\\/www.2020spaces.com\\\/fr\\\/2020-inspiration-concours-mondial\\\/#breadcrumb\"},\"inLanguage\":\"fr-FR\",\"potentialAction\":[{\"@type\":\"ReadAction\",\"target\":[\"https:\\\/\\\/www.2020spaces.com\\\/fr\\\/2020-inspiration-concours-mondial\\\/\"]}]},{\"@type\":\"ImageObject\",\"inLanguage\":\"fr-FR\",\"@id\":\"https:\\\/\\\/www.2020spaces.com\\\/fr\\\/2020-inspiration-concours-mondial\\\/#primaryimage\",\"url\":\"https:\\\/\\\/www.2020spaces.com\\\/wp-content\\\/uploads\\\/2022\\\/04\\\/Featured_400x323_GlobalContest2022_General_FR.jpg\",\"contentUrl\":\"https:\\\/\\\/www.2020spaces.com\\\/wp-content\\\/uploads\\\/2022\\\/04\\\/Featured_400x323_GlobalContest2022_General_FR.jpg\",\"width\":400,\"height\":323,\"caption\":\"Compusoft + 2020 Inspiration Concours Mondial\"},{\"@type\":\"BreadcrumbList\",\"@id\":\"https:\\\/\\\/www.2020spaces.com\\\/fr\\\/2020-inspiration-concours-mondial\\\/#breadcrumb\",\"itemListElement\":[{\"@type\":\"ListItem\",\"position\":1,\"name\":\"Home\",\"item\":\"https:\\\/\\\/www.2020spaces.com\\\/fr\\\/accueil-2-2\\\/\"},{\"@type\":\"ListItem\",\"position\":2,\"name\":\"2020 Inspiration Concours Mondial\"}]},{\"@type\":\"WebSite\",\"@id\":\"https:\\\/\\\/www.2020spaces.com\\\/#website\",\"url\":\"https:\\\/\\\/www.2020spaces.com\\\/\",\"name\":\"2020\",\"description\":\"Making Spaces for Life\u2122\",\"potentialAction\":[{\"@type\":\"SearchAction\",\"target\":{\"@type\":\"EntryPoint\",\"urlTemplate\":\"https:\\\/\\\/www.2020spaces.com\\\/?s={search_term_string}\"},\"query-input\":{\"@type\":\"PropertyValueSpecification\",\"valueRequired\":true,\"valueName\":\"search_term_string\"}}],\"inLanguage\":\"fr-FR\"}]}<\/script>\n<!-- \/ Yoast SEO Premium plugin. -->","yoast_head_json":{"title":"2020 Inspiration Concours Mondial | 2020 Spaces","description":"2020 et Compusoft, le principal fournisseur de logiciels de conception de cuisines, de salles de bains et de bureaux, organise un concours","robots":{"index":"index","follow":"follow","max-snippet":"max-snippet:-1","max-image-preview":"max-image-preview:large","max-video-preview":"max-video-preview:-1"},"canonical":"https:\/\/www.2020spaces.com\/fr\/2020-inspiration-concours-mondial\/","og_locale":"fr_FR","og_type":"article","og_title":"2020 Inspiration Concours Mondial | 2020 Spaces","og_description":"2020 et Compusoft, le principal fournisseur de logiciels de conception de cuisines, de salles de bains et de bureaux, organise un concours mondial d'inspiration pour tous ses clients concepteurs.","og_url":"https:\/\/www.2020spaces.com\/fr\/2020-inspiration-concours-mondial\/","og_site_name":"2020","article_publisher":"https:\/\/www.facebook.com\/2020spaces","article_modified_time":"2023-05-15T09:31:23+00:00","og_image":[{"width":1200,"height":630,"url":"https:\/\/www.2020spaces.com\/wp-content\/uploads\/2022\/04\/Social_1200x630_GlobalContest2022_General_FR.jpg","type":"image\/jpeg"}],"twitter_card":"summary_large_image","twitter_title":"2020 Inspiration Concours Mondial | 2020 Spaces","twitter_description":"2020 et Compusoft, le principal fournisseur de logiciels de conception de cuisines, de salles de bains et de bureaux, organise un concours mondial d'inspiration pour tous ses clients concepteurs.","twitter_image":"https:\/\/www.2020spaces.com\/wp-content\/uploads\/2022\/04\/Social_1200x630_GlobalContest2022_General_FR.jpg","twitter_site":"@2020spaces","twitter_misc":{"Dur\u00e9e de lecture estim\u00e9e":"4 minutes"},"schema":{"@context":"https:\/\/schema.org","@graph":[{"@type":"WebPage","@id":"https:\/\/www.2020spaces.com\/fr\/2020-inspiration-concours-mondial\/","url":"https:\/\/www.2020spaces.com\/fr\/2020-inspiration-concours-mondial\/","name":"2020 Inspiration Concours Mondial | 2020 Spaces","isPartOf":{"@id":"https:\/\/www.2020spaces.com\/#website"},"primaryImageOfPage":{"@id":"https:\/\/www.2020spaces.com\/fr\/2020-inspiration-concours-mondial\/#primaryimage"},"image":{"@id":"https:\/\/www.2020spaces.com\/fr\/2020-inspiration-concours-mondial\/#primaryimage"},"thumbnailUrl":"https:\/\/www.2020spaces.com\/wp-content\/uploads\/2022\/04\/Featured_400x323_GlobalContest2022_General_FR.jpg","datePublished":"2021-04-15T12:15:11+00:00","dateModified":"2023-05-15T09:31:23+00:00","description":"2020 et Compusoft, le principal fournisseur de logiciels de conception de cuisines, de salles de bains et de bureaux, organise un concours","breadcrumb":{"@id":"https:\/\/www.2020spaces.com\/fr\/2020-inspiration-concours-mondial\/#breadcrumb"},"inLanguage":"fr-FR","potentialAction":[{"@type":"ReadAction","target":["https:\/\/www.2020spaces.com\/fr\/2020-inspiration-concours-mondial\/"]}]},{"@type":"ImageObject","inLanguage":"fr-FR","@id":"https:\/\/www.2020spaces.com\/fr\/2020-inspiration-concours-mondial\/#primaryimage","url":"https:\/\/www.2020spaces.com\/wp-content\/uploads\/2022\/04\/Featured_400x323_GlobalContest2022_General_FR.jpg","contentUrl":"https:\/\/www.2020spaces.com\/wp-content\/uploads\/2022\/04\/Featured_400x323_GlobalContest2022_General_FR.jpg","width":400,"height":323,"caption":"Compusoft + 2020 Inspiration Concours Mondial"},{"@type":"BreadcrumbList","@id":"https:\/\/www.2020spaces.com\/fr\/2020-inspiration-concours-mondial\/#breadcrumb","itemListElement":[{"@type":"ListItem","position":1,"name":"Home","item":"https:\/\/www.2020spaces.com\/fr\/accueil-2-2\/"},{"@type":"ListItem","position":2,"name":"2020 Inspiration Concours Mondial"}]},{"@type":"WebSite","@id":"https:\/\/www.2020spaces.com\/#website","url":"https:\/\/www.2020spaces.com\/","name":"2020","description":"Making Spaces for Life\u2122","potentialAction":[{"@type":"SearchAction","target":{"@type":"EntryPoint","urlTemplate":"https:\/\/www.2020spaces.com\/?s={search_term_string}"},"query-input":{"@type":"PropertyValueSpecification","valueRequired":true,"valueName":"search_term_string"}}],"inLanguage":"fr-FR"}]}},"_links":{"self":[{"href":"https:\/\/www.2020spaces.com\/fr\/wp-json\/wp\/v2\/pages\/322758","targetHints":{"allow":["GET"]}}],"collection":[{"href":"https:\/\/www.2020spaces.com\/fr\/wp-json\/wp\/v2\/pages"}],"about":[{"href":"https:\/\/www.2020spaces.com\/fr\/wp-json\/wp\/v2\/types\/page"}],"author":[{"embeddable":true,"href":"https:\/\/www.2020spaces.com\/fr\/wp-json\/wp\/v2\/users\/26709"}],"replies":[{"embeddable":true,"href":"https:\/\/www.2020spaces.com\/fr\/wp-json\/wp\/v2\/comments?post=322758"}],"version-history":[{"count":0,"href":"https:\/\/www.2020spaces.com\/fr\/wp-json\/wp\/v2\/pages\/322758\/revisions"}],"wp:featuredmedia":[{"embeddable":true,"href":"https:\/\/www.2020spaces.com\/fr\/wp-json\/wp\/v2\/media\/363437"}],"wp:attachment":[{"href":"https:\/\/www.2020spaces.com\/fr\/wp-json\/wp\/v2\/media?parent=322758"}],"wp:term":[{"taxonomy":"category","embeddable":true,"href":"https:\/\/www.2020spaces.com\/fr\/wp-json\/wp\/v2\/categories?post=322758"}],"curies":[{"name":"wp","href":"https:\/\/api.w.org\/{rel}","templated":true}]}}