{"id":336252,"date":"2021-06-15T07:31:21","date_gmt":"2021-06-15T11:31:21","guid":{"rendered":"https:\/\/www.2020spaces.com\/?page_id=336252"},"modified":"2024-09-09T02:27:49","modified_gmt":"2024-09-09T06:27:49","slug":"gallery","status":"publish","type":"page","link":"https:\/\/www.2020spaces.com\/fr\/2020-inspiration-concours-mondial\/gallery\/","title":{"rendered":"Gallery"},"content":{"rendered":"<div id=\"cs-content\" class=\"cs-content\"><\/div>\n","protected":false},"excerpt":{"rendered":"<p>Galerie des prix 2021 Des designers d&rsquo;int\u00e9rieur du monde entier ont soumis leurs plus beaux designs cr\u00e9\u00e9s \u00e0 l&rsquo;aide des solutions 2020. Avec plus de 450 soumissions dans 9 cat\u00e9gories, nous sommes pr\u00eats \u00e0 annoncer les gagnants !D\u00e9couvrez les gagnants.Explorez les projets par cat\u00e9gorie.Cliquez sur une cat\u00e9gorie pour explorer tous &#8230; <\/p>\n<div><a href=\"https:\/\/www.2020spaces.com\/fr\/2020-inspiration-concours-mondial\/gallery\/\" class=\"more-link\">En savoir plus<\/a><\/div>\n","protected":false},"author":25194,"featured_media":324129,"parent":322758,"menu_order":0,"comment_status":"closed","ping_status":"closed","template":"template-blank-4.php","meta":{"_bbp_topic_count":0,"_bbp_reply_count":0,"_bbp_total_topic_count":0,"_bbp_total_reply_count":0,"_bbp_voice_count":0,"_bbp_anonymous_reply_count":0,"_bbp_topic_count_hidden":0,"_bbp_reply_count_hidden":0,"_bbp_forum_subforum_count":0,"footnotes":""},"categories":[],"class_list":["post-336252","page","type-page","status-publish","has-post-thumbnail","hentry"],"pp_force_visibility":null,"pp_subpost_visibility":null,"pp_inherited_force_visibility":null,"pp_inherited_subpost_visibility":null,"yoast_head":"<!-- This site is optimized with the Yoast SEO Premium plugin v27.4 (Yoast SEO v27.4) - https:\/\/yoast.com\/product\/yoast-seo-premium-wordpress\/ -->\n<title>2020-inspiration-concours-mondial |Gallery<\/title>\n<meta name=\"description\" content=\"Des designers d&#039;int\u00e9rieur du monde entier ont soumis leurs plus beaux designs cr\u00e9\u00e9s \u00e0 l&#039;aide des solutions 2020. Plus de 450 soumissions dans 9 cat\u00e9gories.\" \/>\n<meta name=\"robots\" content=\"index, follow, max-snippet:-1, max-image-preview:large, max-video-preview:-1\" \/>\n<link rel=\"canonical\" href=\"https:\/\/www.2020spaces.com\/fr\/2020-inspiration-concours-mondial\/gallery\/\" \/>\n<meta property=\"og:locale\" content=\"fr_FR\" \/>\n<meta property=\"og:type\" content=\"article\" \/>\n<meta property=\"og:title\" content=\"Gallery\" \/>\n<meta property=\"og:description\" content=\"Des designers d&#039;int\u00e9rieur du monde entier ont soumis leurs plus beaux designs cr\u00e9\u00e9s \u00e0 l&#039;aide des solutions 2020. Plus de 450 soumissions dans 9 cat\u00e9gories.\" \/>\n<meta property=\"og:url\" content=\"https:\/\/www.2020spaces.com\/fr\/2020-inspiration-concours-mondial\/gallery\/\" \/>\n<meta property=\"og:site_name\" content=\"2020\" \/>\n<meta property=\"article:publisher\" content=\"https:\/\/www.facebook.com\/2020spaces\" \/>\n<meta property=\"article:modified_time\" content=\"2024-09-09T06:27:49+00:00\" \/>\n<meta property=\"og:image\" content=\"https:\/\/www.2020spaces.com\/wp-content\/uploads\/2021\/04\/Featured_400x323_ContestUpload-1.jpg\" \/>\n\t<meta property=\"og:image:width\" content=\"401\" \/>\n\t<meta property=\"og:image:height\" content=\"323\" \/>\n\t<meta property=\"og:image:type\" content=\"image\/jpeg\" \/>\n<meta name=\"twitter:card\" content=\"summary_large_image\" \/>\n<meta name=\"twitter:site\" content=\"@2020spaces\" \/>\n<meta name=\"twitter:label1\" content=\"Dur\u00e9e de lecture estim\u00e9e\" \/>\n\t<meta name=\"twitter:data1\" content=\"128 minutes\" \/>\n<script type=\"application\/ld+json\" class=\"yoast-schema-graph\">{\"@context\":\"https:\\\/\\\/schema.org\",\"@graph\":[{\"@type\":\"WebPage\",\"@id\":\"https:\\\/\\\/www.2020spaces.com\\\/fr\\\/2020-inspiration-concours-mondial\\\/gallery\\\/\",\"url\":\"https:\\\/\\\/www.2020spaces.com\\\/fr\\\/2020-inspiration-concours-mondial\\\/gallery\\\/\",\"name\":\"2020-inspiration-concours-mondial |Gallery\",\"isPartOf\":{\"@id\":\"https:\\\/\\\/www.2020spaces.com\\\/#website\"},\"primaryImageOfPage\":{\"@id\":\"https:\\\/\\\/www.2020spaces.com\\\/fr\\\/2020-inspiration-concours-mondial\\\/gallery\\\/#primaryimage\"},\"image\":{\"@id\":\"https:\\\/\\\/www.2020spaces.com\\\/fr\\\/2020-inspiration-concours-mondial\\\/gallery\\\/#primaryimage\"},\"thumbnailUrl\":\"https:\\\/\\\/www.2020spaces.com\\\/wp-content\\\/uploads\\\/2021\\\/04\\\/Featured_400x323_ContestUpload-1.jpg\",\"datePublished\":\"2021-06-15T11:31:21+00:00\",\"dateModified\":\"2024-09-09T06:27:49+00:00\",\"description\":\"Des designers d'int\u00e9rieur du monde entier ont soumis leurs plus beaux designs cr\u00e9\u00e9s \u00e0 l'aide des solutions 2020. Plus de 450 soumissions dans 9 cat\u00e9gories.\",\"breadcrumb\":{\"@id\":\"https:\\\/\\\/www.2020spaces.com\\\/fr\\\/2020-inspiration-concours-mondial\\\/gallery\\\/#breadcrumb\"},\"inLanguage\":\"fr-FR\",\"potentialAction\":[{\"@type\":\"ReadAction\",\"target\":[\"https:\\\/\\\/www.2020spaces.com\\\/fr\\\/2020-inspiration-concours-mondial\\\/gallery\\\/\"]}]},{\"@type\":\"ImageObject\",\"inLanguage\":\"fr-FR\",\"@id\":\"https:\\\/\\\/www.2020spaces.com\\\/fr\\\/2020-inspiration-concours-mondial\\\/gallery\\\/#primaryimage\",\"url\":\"https:\\\/\\\/www.2020spaces.com\\\/wp-content\\\/uploads\\\/2021\\\/04\\\/Featured_400x323_ContestUpload-1.jpg\",\"contentUrl\":\"https:\\\/\\\/www.2020spaces.com\\\/wp-content\\\/uploads\\\/2021\\\/04\\\/Featured_400x323_ContestUpload-1.jpg\",\"width\":401,\"height\":323,\"caption\":\"2020 Inspiration Global Contest\"},{\"@type\":\"BreadcrumbList\",\"@id\":\"https:\\\/\\\/www.2020spaces.com\\\/fr\\\/2020-inspiration-concours-mondial\\\/gallery\\\/#breadcrumb\",\"itemListElement\":[{\"@type\":\"ListItem\",\"position\":1,\"name\":\"Home\",\"item\":\"https:\\\/\\\/www.2020spaces.com\\\/fr\\\/accueil-2-2\\\/\"},{\"@type\":\"ListItem\",\"position\":2,\"name\":\"2020 Inspiration Concours Mondial\",\"item\":\"https:\\\/\\\/www.2020spaces.com\\\/fr\\\/2020-inspiration-concours-mondial\\\/\"},{\"@type\":\"ListItem\",\"position\":3,\"name\":\"Gallery\"}]},{\"@type\":\"WebSite\",\"@id\":\"https:\\\/\\\/www.2020spaces.com\\\/#website\",\"url\":\"https:\\\/\\\/www.2020spaces.com\\\/\",\"name\":\"2020\",\"description\":\"Making Spaces for Life\u2122\",\"potentialAction\":[{\"@type\":\"SearchAction\",\"target\":{\"@type\":\"EntryPoint\",\"urlTemplate\":\"https:\\\/\\\/www.2020spaces.com\\\/?s={search_term_string}\"},\"query-input\":{\"@type\":\"PropertyValueSpecification\",\"valueRequired\":true,\"valueName\":\"search_term_string\"}}],\"inLanguage\":\"fr-FR\"}]}<\/script>\n<!-- \/ Yoast SEO Premium plugin. -->","yoast_head_json":{"title":"2020-inspiration-concours-mondial |Gallery","description":"Des designers d'int\u00e9rieur du monde entier ont soumis leurs plus beaux designs cr\u00e9\u00e9s \u00e0 l'aide des solutions 2020. Plus de 450 soumissions dans 9 cat\u00e9gories.","robots":{"index":"index","follow":"follow","max-snippet":"max-snippet:-1","max-image-preview":"max-image-preview:large","max-video-preview":"max-video-preview:-1"},"canonical":"https:\/\/www.2020spaces.com\/fr\/2020-inspiration-concours-mondial\/gallery\/","og_locale":"fr_FR","og_type":"article","og_title":"Gallery","og_description":"Des designers d'int\u00e9rieur du monde entier ont soumis leurs plus beaux designs cr\u00e9\u00e9s \u00e0 l'aide des solutions 2020. Plus de 450 soumissions dans 9 cat\u00e9gories.","og_url":"https:\/\/www.2020spaces.com\/fr\/2020-inspiration-concours-mondial\/gallery\/","og_site_name":"2020","article_publisher":"https:\/\/www.facebook.com\/2020spaces","article_modified_time":"2024-09-09T06:27:49+00:00","og_image":[{"width":401,"height":323,"url":"https:\/\/www.2020spaces.com\/wp-content\/uploads\/2021\/04\/Featured_400x323_ContestUpload-1.jpg","type":"image\/jpeg"}],"twitter_card":"summary_large_image","twitter_site":"@2020spaces","twitter_misc":{"Dur\u00e9e de lecture estim\u00e9e":"128 minutes"},"schema":{"@context":"https:\/\/schema.org","@graph":[{"@type":"WebPage","@id":"https:\/\/www.2020spaces.com\/fr\/2020-inspiration-concours-mondial\/gallery\/","url":"https:\/\/www.2020spaces.com\/fr\/2020-inspiration-concours-mondial\/gallery\/","name":"2020-inspiration-concours-mondial |Gallery","isPartOf":{"@id":"https:\/\/www.2020spaces.com\/#website"},"primaryImageOfPage":{"@id":"https:\/\/www.2020spaces.com\/fr\/2020-inspiration-concours-mondial\/gallery\/#primaryimage"},"image":{"@id":"https:\/\/www.2020spaces.com\/fr\/2020-inspiration-concours-mondial\/gallery\/#primaryimage"},"thumbnailUrl":"https:\/\/www.2020spaces.com\/wp-content\/uploads\/2021\/04\/Featured_400x323_ContestUpload-1.jpg","datePublished":"2021-06-15T11:31:21+00:00","dateModified":"2024-09-09T06:27:49+00:00","description":"Des designers d'int\u00e9rieur du monde entier ont soumis leurs plus beaux designs cr\u00e9\u00e9s \u00e0 l'aide des solutions 2020. Plus de 450 soumissions dans 9 cat\u00e9gories.","breadcrumb":{"@id":"https:\/\/www.2020spaces.com\/fr\/2020-inspiration-concours-mondial\/gallery\/#breadcrumb"},"inLanguage":"fr-FR","potentialAction":[{"@type":"ReadAction","target":["https:\/\/www.2020spaces.com\/fr\/2020-inspiration-concours-mondial\/gallery\/"]}]},{"@type":"ImageObject","inLanguage":"fr-FR","@id":"https:\/\/www.2020spaces.com\/fr\/2020-inspiration-concours-mondial\/gallery\/#primaryimage","url":"https:\/\/www.2020spaces.com\/wp-content\/uploads\/2021\/04\/Featured_400x323_ContestUpload-1.jpg","contentUrl":"https:\/\/www.2020spaces.com\/wp-content\/uploads\/2021\/04\/Featured_400x323_ContestUpload-1.jpg","width":401,"height":323,"caption":"2020 Inspiration Global Contest"},{"@type":"BreadcrumbList","@id":"https:\/\/www.2020spaces.com\/fr\/2020-inspiration-concours-mondial\/gallery\/#breadcrumb","itemListElement":[{"@type":"ListItem","position":1,"name":"Home","item":"https:\/\/www.2020spaces.com\/fr\/accueil-2-2\/"},{"@type":"ListItem","position":2,"name":"2020 Inspiration Concours Mondial","item":"https:\/\/www.2020spaces.com\/fr\/2020-inspiration-concours-mondial\/"},{"@type":"ListItem","position":3,"name":"Gallery"}]},{"@type":"WebSite","@id":"https:\/\/www.2020spaces.com\/#website","url":"https:\/\/www.2020spaces.com\/","name":"2020","description":"Making Spaces for Life\u2122","potentialAction":[{"@type":"SearchAction","target":{"@type":"EntryPoint","urlTemplate":"https:\/\/www.2020spaces.com\/?s={search_term_string}"},"query-input":{"@type":"PropertyValueSpecification","valueRequired":true,"valueName":"search_term_string"}}],"inLanguage":"fr-FR"}]}},"_links":{"self":[{"href":"https:\/\/www.2020spaces.com\/fr\/wp-json\/wp\/v2\/pages\/336252","targetHints":{"allow":["GET"]}}],"collection":[{"href":"https:\/\/www.2020spaces.com\/fr\/wp-json\/wp\/v2\/pages"}],"about":[{"href":"https:\/\/www.2020spaces.com\/fr\/wp-json\/wp\/v2\/types\/page"}],"author":[{"embeddable":true,"href":"https:\/\/www.2020spaces.com\/fr\/wp-json\/wp\/v2\/users\/25194"}],"replies":[{"embeddable":true,"href":"https:\/\/www.2020spaces.com\/fr\/wp-json\/wp\/v2\/comments?post=336252"}],"version-history":[{"count":0,"href":"https:\/\/www.2020spaces.com\/fr\/wp-json\/wp\/v2\/pages\/336252\/revisions"}],"up":[{"embeddable":true,"href":"https:\/\/www.2020spaces.com\/fr\/wp-json\/wp\/v2\/pages\/322758"}],"wp:featuredmedia":[{"embeddable":true,"href":"https:\/\/www.2020spaces.com\/fr\/wp-json\/wp\/v2\/media\/324129"}],"wp:attachment":[{"href":"https:\/\/www.2020spaces.com\/fr\/wp-json\/wp\/v2\/media?parent=336252"}],"wp:term":[{"taxonomy":"category","embeddable":true,"href":"https:\/\/www.2020spaces.com\/fr\/wp-json\/wp\/v2\/categories?post=336252"}],"curies":[{"name":"wp","href":"https:\/\/api.w.org\/{rel}","templated":true}]}}