{"id":336342,"date":"2021-03-09T07:14:47","date_gmt":"2021-03-09T12:14:47","guid":{"rendered":"https:\/\/www.2020spaces.com\/produits\/2020fusion-fr\/system-requirements\/"},"modified":"2021-10-04T09:03:39","modified_gmt":"2021-10-04T13:03:39","slug":"configuration-requise","status":"publish","type":"page","link":"https:\/\/www.2020spaces.com\/fr\/produits\/2020fusionlive\/configuration-requise\/","title":{"rendered":"Configuration requise pour 2020 Fusion Live"},"content":{"rendered":"<div id=\"cs-content\" class=\"cs-content\"><\/div>\n","protected":false},"excerpt":{"rendered":"<p>Configuration requise pour la version 8Syst\u00e8mes d&rsquo;exploitation support\u00e9s PC : Windows 10, Windows 11, Serveur Windows 2016\/2019\/2022 MAC (Intel) : macOS 11 Big Sur, ou plus r\u00e9cent, utilisant Bootcamp 6.1 ou plus r\u00e9cent, &#038; Windows 10 Sp\u00e9cifications mat\u00e9rielles recommand\u00e9es Processeur : Intel i5 \u2013 7\u00e8me g\u00e9n\u00e9ration (Quad Core), ou sup\u00e9rieur &#8230; <\/p>\n<div><a href=\"https:\/\/www.2020spaces.com\/fr\/produits\/2020fusionlive\/configuration-requise\/\" class=\"more-link\">En savoir plus<\/a><\/div>\n","protected":false},"author":26709,"featured_media":0,"parent":9441,"menu_order":0,"comment_status":"closed","ping_status":"closed","template":"template-blank-1.php","meta":{"_bbp_topic_count":0,"_bbp_reply_count":0,"_bbp_total_topic_count":0,"_bbp_total_reply_count":0,"_bbp_voice_count":0,"_bbp_anonymous_reply_count":0,"_bbp_topic_count_hidden":0,"_bbp_reply_count_hidden":0,"_bbp_forum_subforum_count":0,"footnotes":""},"categories":[],"class_list":["post-336342","page","type-page","status-publish","hentry","no-post-thumbnail"],"pp_force_visibility":null,"pp_subpost_visibility":null,"pp_inherited_force_visibility":null,"pp_inherited_subpost_visibility":null,"yoast_head":"<!-- This site is optimized with the Yoast SEO Premium plugin v26.7 (Yoast SEO v26.7) - https:\/\/yoast.com\/wordpress\/plugins\/seo\/ -->\n<title>Configuration requise pour 2020 Fusion Live | 2020<\/title>\n<meta name=\"description\" content=\"Prenez connaissance des syst\u00e8mes d&#039;exploitation support\u00e9s et recommandations mat\u00e9rielles pour l&#039;utilisation de 2020 Fusion Live.\" \/>\n<meta name=\"robots\" content=\"index, follow, max-snippet:-1, max-image-preview:large, max-video-preview:-1\" \/>\n<link rel=\"canonical\" href=\"https:\/\/www.2020spaces.com\/fr\/produits\/2020fusionlive\/configuration-requise\/\" \/>\n<meta property=\"og:locale\" content=\"fr_FR\" \/>\n<meta property=\"og:type\" content=\"article\" \/>\n<meta property=\"og:title\" content=\"Configuration requise pour 2020 Fusion Live | 2020\" \/>\n<meta property=\"og:description\" content=\"Prenez connaissance des syst\u00e8mes d&#039;exploitation support\u00e9s et recommandations mat\u00e9rielles pour l&#039;utilisation de 2020 Fusion Live.\" \/>\n<meta property=\"og:url\" content=\"https:\/\/www.2020spaces.com\/fr\/produits\/2020fusionlive\/configuration-requise\/\" \/>\n<meta property=\"og:site_name\" content=\"2020\" \/>\n<meta property=\"article:publisher\" content=\"https:\/\/www.facebook.com\/2020spaces\" \/>\n<meta property=\"article:modified_time\" content=\"2021-10-04T13:03:39+00:00\" \/>\n<meta name=\"twitter:card\" content=\"summary_large_image\" \/>\n<meta name=\"twitter:title\" content=\"Configuration requise pour 2020 Fusion Live | 2020\" \/>\n<meta name=\"twitter:description\" content=\"Prenez connaissance des syst\u00e8mes d&#039;exploitation support\u00e9s et recommandations mat\u00e9rielles pour l&#039;utilisation de 2020 Fusion Live.\" \/>\n<meta name=\"twitter:site\" content=\"@2020spaces\" \/>\n<meta name=\"twitter:label1\" content=\"Dur\u00e9e de lecture estim\u00e9e\" \/>\n\t<meta name=\"twitter:data1\" content=\"2 minutes\" \/>\n<script type=\"application\/ld+json\" class=\"yoast-schema-graph\">{\"@context\":\"https:\/\/schema.org\",\"@graph\":[{\"@type\":\"WebPage\",\"@id\":\"https:\/\/www.2020spaces.com\/fr\/produits\/2020fusionlive\/configuration-requise\/\",\"url\":\"https:\/\/www.2020spaces.com\/fr\/produits\/2020fusionlive\/configuration-requise\/\",\"name\":\"Configuration requise pour 2020 Fusion Live | 2020\",\"isPartOf\":{\"@id\":\"https:\/\/www.2020spaces.com\/#website\"},\"datePublished\":\"2021-03-09T12:14:47+00:00\",\"dateModified\":\"2021-10-04T13:03:39+00:00\",\"description\":\"Prenez connaissance des syst\u00e8mes d'exploitation support\u00e9s et recommandations mat\u00e9rielles pour l'utilisation de 2020 Fusion Live.\",\"breadcrumb\":{\"@id\":\"https:\/\/www.2020spaces.com\/fr\/produits\/2020fusionlive\/configuration-requise\/#breadcrumb\"},\"inLanguage\":\"fr-FR\",\"potentialAction\":[{\"@type\":\"ReadAction\",\"target\":[\"https:\/\/www.2020spaces.com\/fr\/produits\/2020fusionlive\/configuration-requise\/\"]}]},{\"@type\":\"BreadcrumbList\",\"@id\":\"https:\/\/www.2020spaces.com\/fr\/produits\/2020fusionlive\/configuration-requise\/#breadcrumb\",\"itemListElement\":[{\"@type\":\"ListItem\",\"position\":1,\"name\":\"Home\",\"item\":\"https:\/\/www.2020spaces.com\/fr\/accueil-2-2\/\"},{\"@type\":\"ListItem\",\"position\":2,\"name\":\"Produits 2020\",\"item\":\"https:\/\/www.2020spaces.com\/fr\/produits\/\"},{\"@type\":\"ListItem\",\"position\":3,\"name\":\"2020 Fusion\",\"item\":\"https:\/\/www.2020spaces.com\/fr\/produits\/2020fusionlive\/\"},{\"@type\":\"ListItem\",\"position\":4,\"name\":\"Configuration requise pour 2020 Fusion Live\"}]},{\"@type\":\"WebSite\",\"@id\":\"https:\/\/www.2020spaces.com\/#website\",\"url\":\"https:\/\/www.2020spaces.com\/\",\"name\":\"2020\",\"description\":\"Making Spaces for Life\u2122\",\"potentialAction\":[{\"@type\":\"SearchAction\",\"target\":{\"@type\":\"EntryPoint\",\"urlTemplate\":\"https:\/\/www.2020spaces.com\/?s={search_term_string}\"},\"query-input\":{\"@type\":\"PropertyValueSpecification\",\"valueRequired\":true,\"valueName\":\"search_term_string\"}}],\"inLanguage\":\"fr-FR\"}]}<\/script>\n<!-- \/ Yoast SEO Premium plugin. -->","yoast_head_json":{"title":"Configuration requise pour 2020 Fusion Live | 2020","description":"Prenez connaissance des syst\u00e8mes d'exploitation support\u00e9s et recommandations mat\u00e9rielles pour l'utilisation de 2020 Fusion Live.","robots":{"index":"index","follow":"follow","max-snippet":"max-snippet:-1","max-image-preview":"max-image-preview:large","max-video-preview":"max-video-preview:-1"},"canonical":"https:\/\/www.2020spaces.com\/fr\/produits\/2020fusionlive\/configuration-requise\/","og_locale":"fr_FR","og_type":"article","og_title":"Configuration requise pour 2020 Fusion Live | 2020","og_description":"Prenez connaissance des syst\u00e8mes d'exploitation support\u00e9s et recommandations mat\u00e9rielles pour l'utilisation de 2020 Fusion Live.","og_url":"https:\/\/www.2020spaces.com\/fr\/produits\/2020fusionlive\/configuration-requise\/","og_site_name":"2020","article_publisher":"https:\/\/www.facebook.com\/2020spaces","article_modified_time":"2021-10-04T13:03:39+00:00","twitter_card":"summary_large_image","twitter_title":"Configuration requise pour 2020 Fusion Live | 2020","twitter_description":"Prenez connaissance des syst\u00e8mes d'exploitation support\u00e9s et recommandations mat\u00e9rielles pour l'utilisation de 2020 Fusion Live.","twitter_site":"@2020spaces","twitter_misc":{"Dur\u00e9e de lecture estim\u00e9e":"2 minutes"},"schema":{"@context":"https:\/\/schema.org","@graph":[{"@type":"WebPage","@id":"https:\/\/www.2020spaces.com\/fr\/produits\/2020fusionlive\/configuration-requise\/","url":"https:\/\/www.2020spaces.com\/fr\/produits\/2020fusionlive\/configuration-requise\/","name":"Configuration requise pour 2020 Fusion Live | 2020","isPartOf":{"@id":"https:\/\/www.2020spaces.com\/#website"},"datePublished":"2021-03-09T12:14:47+00:00","dateModified":"2021-10-04T13:03:39+00:00","description":"Prenez connaissance des syst\u00e8mes d'exploitation support\u00e9s et recommandations mat\u00e9rielles pour l'utilisation de 2020 Fusion Live.","breadcrumb":{"@id":"https:\/\/www.2020spaces.com\/fr\/produits\/2020fusionlive\/configuration-requise\/#breadcrumb"},"inLanguage":"fr-FR","potentialAction":[{"@type":"ReadAction","target":["https:\/\/www.2020spaces.com\/fr\/produits\/2020fusionlive\/configuration-requise\/"]}]},{"@type":"BreadcrumbList","@id":"https:\/\/www.2020spaces.com\/fr\/produits\/2020fusionlive\/configuration-requise\/#breadcrumb","itemListElement":[{"@type":"ListItem","position":1,"name":"Home","item":"https:\/\/www.2020spaces.com\/fr\/accueil-2-2\/"},{"@type":"ListItem","position":2,"name":"Produits 2020","item":"https:\/\/www.2020spaces.com\/fr\/produits\/"},{"@type":"ListItem","position":3,"name":"2020 Fusion","item":"https:\/\/www.2020spaces.com\/fr\/produits\/2020fusionlive\/"},{"@type":"ListItem","position":4,"name":"Configuration requise pour 2020 Fusion Live"}]},{"@type":"WebSite","@id":"https:\/\/www.2020spaces.com\/#website","url":"https:\/\/www.2020spaces.com\/","name":"2020","description":"Making Spaces for Life\u2122","potentialAction":[{"@type":"SearchAction","target":{"@type":"EntryPoint","urlTemplate":"https:\/\/www.2020spaces.com\/?s={search_term_string}"},"query-input":{"@type":"PropertyValueSpecification","valueRequired":true,"valueName":"search_term_string"}}],"inLanguage":"fr-FR"}]}},"_links":{"self":[{"href":"https:\/\/www.2020spaces.com\/fr\/wp-json\/wp\/v2\/pages\/336342","targetHints":{"allow":["GET"]}}],"collection":[{"href":"https:\/\/www.2020spaces.com\/fr\/wp-json\/wp\/v2\/pages"}],"about":[{"href":"https:\/\/www.2020spaces.com\/fr\/wp-json\/wp\/v2\/types\/page"}],"author":[{"embeddable":true,"href":"https:\/\/www.2020spaces.com\/fr\/wp-json\/wp\/v2\/users\/26709"}],"replies":[{"embeddable":true,"href":"https:\/\/www.2020spaces.com\/fr\/wp-json\/wp\/v2\/comments?post=336342"}],"version-history":[{"count":0,"href":"https:\/\/www.2020spaces.com\/fr\/wp-json\/wp\/v2\/pages\/336342\/revisions"}],"up":[{"embeddable":true,"href":"https:\/\/www.2020spaces.com\/fr\/wp-json\/wp\/v2\/pages\/9441"}],"wp:attachment":[{"href":"https:\/\/www.2020spaces.com\/fr\/wp-json\/wp\/v2\/media?parent=336342"}],"wp:term":[{"taxonomy":"category","embeddable":true,"href":"https:\/\/www.2020spaces.com\/fr\/wp-json\/wp\/v2\/categories?post=336342"}],"curies":[{"name":"wp","href":"https:\/\/api.w.org\/{rel}","templated":true}]}}