{"id":358801,"date":"2020-12-30T14:19:34","date_gmt":"2020-12-30T19:19:34","guid":{"rendered":"https:\/\/www.2020spaces.com\/2020-design-live-products-page\/"},"modified":"2025-05-11T03:08:20","modified_gmt":"2025-05-11T07:08:20","slug":"2020-design-flex-products-page","status":"publish","type":"page","link":"https:\/\/www.2020spaces.com\/fr\/2020-design-flex-products-page\/","title":{"rendered":"2020 Design Flex Products Page"},"content":{"rendered":"<h2 style=\"font-weight: bold; margin: 0 0 10px; font-size: 171.4%;\">2020 Design Flex<\/h2>\n<p>Le logiciel de conception de cuisines et de salles de bains 2020 Design Flex est une solution de planification et de visualisation de l&rsquo;espace avec des catalogues de fabricants int\u00e9gr\u00e9s et des capacit\u00e9s de rendu 3D qui aident les concepteurs d&rsquo;int\u00e9rieur \u00e0 cr\u00e9er de magnifiques espaces.<\/p>\n","protected":false},"excerpt":{"rendered":"<p>2020 Design Flex Le logiciel de conception de cuisines et de salles de bains 2020 Design Flex est une solution de planification et de visualisation de l&rsquo;espace avec des catalogues de fabricants int\u00e9gr\u00e9s et des capacit\u00e9s de rendu 3D qui aident les concepteurs d&rsquo;int\u00e9rieur \u00e0 cr\u00e9er de magnifiques espaces.<\/p>\n","protected":false},"author":26709,"featured_media":354735,"parent":0,"menu_order":0,"comment_status":"closed","ping_status":"closed","template":"template-blank-1.php","meta":{"_bbp_topic_count":0,"_bbp_reply_count":0,"_bbp_total_topic_count":0,"_bbp_total_reply_count":0,"_bbp_voice_count":0,"_bbp_anonymous_reply_count":0,"_bbp_topic_count_hidden":0,"_bbp_reply_count_hidden":0,"_bbp_forum_subforum_count":0,"footnotes":""},"categories":[15465,15466],"class_list":["post-358801","page","type-page","status-publish","has-post-thumbnail","hentry","category-2020-design-live-2-fr","category-interior-design-fr"],"pp_force_visibility":null,"pp_subpost_visibility":null,"pp_inherited_force_visibility":null,"pp_inherited_subpost_visibility":null,"yoast_head":"<!-- This site is optimized with the Yoast SEO Premium plugin v26.7 (Yoast SEO v26.7) - https:\/\/yoast.com\/wordpress\/plugins\/seo\/ -->\n<title>2020 Design Flex Products Page | 2020<\/title>\n<meta name=\"description\" content=\"Le logiciel de conception de cuisines et de salles de bains 2020 Design Flex est une solution de planification et de visualisation.\" \/>\n<meta name=\"robots\" content=\"index, follow, max-snippet:-1, max-image-preview:large, max-video-preview:-1\" \/>\n<link rel=\"canonical\" href=\"https:\/\/www.2020spaces.com\/fr\/2020-design-flex-products-page\/\" \/>\n<meta property=\"og:locale\" content=\"fr_FR\" \/>\n<meta property=\"og:type\" content=\"article\" \/>\n<meta property=\"og:title\" content=\"2020 Design Flex Products Page\" \/>\n<meta property=\"og:description\" content=\"Le logiciel de conception de cuisines et de salles de bains 2020 Design Flex est une solution de planification et de visualisation.\" \/>\n<meta property=\"og:url\" content=\"https:\/\/www.2020spaces.com\/fr\/2020-design-flex-products-page\/\" \/>\n<meta property=\"og:site_name\" content=\"2020\" \/>\n<meta property=\"article:publisher\" content=\"https:\/\/www.facebook.com\/2020spaces\" \/>\n<meta property=\"article:modified_time\" content=\"2025-05-11T07:08:20+00:00\" \/>\n<meta property=\"og:image\" content=\"https:\/\/www.2020spaces.com\/wp-content\/uploads\/2022\/01\/2020-Design-Live.png\" \/>\n\t<meta property=\"og:image:width\" content=\"400\" \/>\n\t<meta property=\"og:image:height\" content=\"323\" \/>\n\t<meta property=\"og:image:type\" content=\"image\/png\" \/>\n<meta name=\"twitter:card\" content=\"summary_large_image\" \/>\n<meta name=\"twitter:site\" content=\"@2020spaces\" \/>\n<meta name=\"twitter:label1\" content=\"Dur\u00e9e de lecture estim\u00e9e\" \/>\n\t<meta name=\"twitter:data1\" content=\"1 minute\" \/>\n<script type=\"application\/ld+json\" class=\"yoast-schema-graph\">{\"@context\":\"https:\/\/schema.org\",\"@graph\":[{\"@type\":\"WebPage\",\"@id\":\"https:\/\/www.2020spaces.com\/fr\/2020-design-flex-products-page\/\",\"url\":\"https:\/\/www.2020spaces.com\/fr\/2020-design-flex-products-page\/\",\"name\":\"2020 Design Flex Products Page | 2020\",\"isPartOf\":{\"@id\":\"https:\/\/www.2020spaces.com\/#website\"},\"primaryImageOfPage\":{\"@id\":\"https:\/\/www.2020spaces.com\/fr\/2020-design-flex-products-page\/#primaryimage\"},\"image\":{\"@id\":\"https:\/\/www.2020spaces.com\/fr\/2020-design-flex-products-page\/#primaryimage\"},\"thumbnailUrl\":\"https:\/\/www.2020spaces.com\/wp-content\/uploads\/2022\/01\/2020-Design-Live.png\",\"datePublished\":\"2020-12-30T19:19:34+00:00\",\"dateModified\":\"2025-05-11T07:08:20+00:00\",\"description\":\"Le logiciel de conception de cuisines et de salles de bains 2020 Design Flex est une solution de planification et de visualisation.\",\"breadcrumb\":{\"@id\":\"https:\/\/www.2020spaces.com\/fr\/2020-design-flex-products-page\/#breadcrumb\"},\"inLanguage\":\"fr-FR\",\"potentialAction\":[{\"@type\":\"ReadAction\",\"target\":[\"https:\/\/www.2020spaces.com\/fr\/2020-design-flex-products-page\/\"]}]},{\"@type\":\"ImageObject\",\"inLanguage\":\"fr-FR\",\"@id\":\"https:\/\/www.2020spaces.com\/fr\/2020-design-flex-products-page\/#primaryimage\",\"url\":\"https:\/\/www.2020spaces.com\/wp-content\/uploads\/2022\/01\/2020-Design-Live.png\",\"contentUrl\":\"https:\/\/www.2020spaces.com\/wp-content\/uploads\/2022\/01\/2020-Design-Live.png\",\"width\":400,\"height\":323,\"caption\":\"2020 Design Live\"},{\"@type\":\"BreadcrumbList\",\"@id\":\"https:\/\/www.2020spaces.com\/fr\/2020-design-flex-products-page\/#breadcrumb\",\"itemListElement\":[{\"@type\":\"ListItem\",\"position\":1,\"name\":\"Home\",\"item\":\"https:\/\/www.2020spaces.com\/fr\/accueil-2-2\/\"},{\"@type\":\"ListItem\",\"position\":2,\"name\":\"2020 Design Flex Products Page\"}]},{\"@type\":\"WebSite\",\"@id\":\"https:\/\/www.2020spaces.com\/#website\",\"url\":\"https:\/\/www.2020spaces.com\/\",\"name\":\"2020\",\"description\":\"Making Spaces for Life\u2122\",\"potentialAction\":[{\"@type\":\"SearchAction\",\"target\":{\"@type\":\"EntryPoint\",\"urlTemplate\":\"https:\/\/www.2020spaces.com\/?s={search_term_string}\"},\"query-input\":{\"@type\":\"PropertyValueSpecification\",\"valueRequired\":true,\"valueName\":\"search_term_string\"}}],\"inLanguage\":\"fr-FR\"}]}<\/script>\n<!-- \/ Yoast SEO Premium plugin. -->","yoast_head_json":{"title":"2020 Design Flex Products Page | 2020","description":"Le logiciel de conception de cuisines et de salles de bains 2020 Design Flex est une solution de planification et de visualisation.","robots":{"index":"index","follow":"follow","max-snippet":"max-snippet:-1","max-image-preview":"max-image-preview:large","max-video-preview":"max-video-preview:-1"},"canonical":"https:\/\/www.2020spaces.com\/fr\/2020-design-flex-products-page\/","og_locale":"fr_FR","og_type":"article","og_title":"2020 Design Flex Products Page","og_description":"Le logiciel de conception de cuisines et de salles de bains 2020 Design Flex est une solution de planification et de visualisation.","og_url":"https:\/\/www.2020spaces.com\/fr\/2020-design-flex-products-page\/","og_site_name":"2020","article_publisher":"https:\/\/www.facebook.com\/2020spaces","article_modified_time":"2025-05-11T07:08:20+00:00","og_image":[{"width":400,"height":323,"url":"https:\/\/www.2020spaces.com\/wp-content\/uploads\/2022\/01\/2020-Design-Live.png","type":"image\/png"}],"twitter_card":"summary_large_image","twitter_site":"@2020spaces","twitter_misc":{"Dur\u00e9e de lecture estim\u00e9e":"1 minute"},"schema":{"@context":"https:\/\/schema.org","@graph":[{"@type":"WebPage","@id":"https:\/\/www.2020spaces.com\/fr\/2020-design-flex-products-page\/","url":"https:\/\/www.2020spaces.com\/fr\/2020-design-flex-products-page\/","name":"2020 Design Flex Products Page | 2020","isPartOf":{"@id":"https:\/\/www.2020spaces.com\/#website"},"primaryImageOfPage":{"@id":"https:\/\/www.2020spaces.com\/fr\/2020-design-flex-products-page\/#primaryimage"},"image":{"@id":"https:\/\/www.2020spaces.com\/fr\/2020-design-flex-products-page\/#primaryimage"},"thumbnailUrl":"https:\/\/www.2020spaces.com\/wp-content\/uploads\/2022\/01\/2020-Design-Live.png","datePublished":"2020-12-30T19:19:34+00:00","dateModified":"2025-05-11T07:08:20+00:00","description":"Le logiciel de conception de cuisines et de salles de bains 2020 Design Flex est une solution de planification et de visualisation.","breadcrumb":{"@id":"https:\/\/www.2020spaces.com\/fr\/2020-design-flex-products-page\/#breadcrumb"},"inLanguage":"fr-FR","potentialAction":[{"@type":"ReadAction","target":["https:\/\/www.2020spaces.com\/fr\/2020-design-flex-products-page\/"]}]},{"@type":"ImageObject","inLanguage":"fr-FR","@id":"https:\/\/www.2020spaces.com\/fr\/2020-design-flex-products-page\/#primaryimage","url":"https:\/\/www.2020spaces.com\/wp-content\/uploads\/2022\/01\/2020-Design-Live.png","contentUrl":"https:\/\/www.2020spaces.com\/wp-content\/uploads\/2022\/01\/2020-Design-Live.png","width":400,"height":323,"caption":"2020 Design Live"},{"@type":"BreadcrumbList","@id":"https:\/\/www.2020spaces.com\/fr\/2020-design-flex-products-page\/#breadcrumb","itemListElement":[{"@type":"ListItem","position":1,"name":"Home","item":"https:\/\/www.2020spaces.com\/fr\/accueil-2-2\/"},{"@type":"ListItem","position":2,"name":"2020 Design Flex Products Page"}]},{"@type":"WebSite","@id":"https:\/\/www.2020spaces.com\/#website","url":"https:\/\/www.2020spaces.com\/","name":"2020","description":"Making Spaces for Life\u2122","potentialAction":[{"@type":"SearchAction","target":{"@type":"EntryPoint","urlTemplate":"https:\/\/www.2020spaces.com\/?s={search_term_string}"},"query-input":{"@type":"PropertyValueSpecification","valueRequired":true,"valueName":"search_term_string"}}],"inLanguage":"fr-FR"}]}},"_links":{"self":[{"href":"https:\/\/www.2020spaces.com\/fr\/wp-json\/wp\/v2\/pages\/358801","targetHints":{"allow":["GET"]}}],"collection":[{"href":"https:\/\/www.2020spaces.com\/fr\/wp-json\/wp\/v2\/pages"}],"about":[{"href":"https:\/\/www.2020spaces.com\/fr\/wp-json\/wp\/v2\/types\/page"}],"author":[{"embeddable":true,"href":"https:\/\/www.2020spaces.com\/fr\/wp-json\/wp\/v2\/users\/26709"}],"replies":[{"embeddable":true,"href":"https:\/\/www.2020spaces.com\/fr\/wp-json\/wp\/v2\/comments?post=358801"}],"version-history":[{"count":0,"href":"https:\/\/www.2020spaces.com\/fr\/wp-json\/wp\/v2\/pages\/358801\/revisions"}],"wp:featuredmedia":[{"embeddable":true,"href":"https:\/\/www.2020spaces.com\/fr\/wp-json\/wp\/v2\/media\/354735"}],"wp:attachment":[{"href":"https:\/\/www.2020spaces.com\/fr\/wp-json\/wp\/v2\/media?parent=358801"}],"wp:term":[{"taxonomy":"category","embeddable":true,"href":"https:\/\/www.2020spaces.com\/fr\/wp-json\/wp\/v2\/categories?post=358801"}],"curies":[{"name":"wp","href":"https:\/\/api.w.org\/{rel}","templated":true}]}}