{"id":359597,"date":"2021-01-07T12:13:41","date_gmt":"2021-01-07T17:13:41","guid":{"rendered":"https:\/\/www.2020spaces.com\/2020-icovia-products-page\/"},"modified":"2023-06-23T03:07:39","modified_gmt":"2023-06-23T07:07:39","slug":"2020-icovia-products-page","status":"publish","type":"page","link":"https:\/\/www.2020spaces.com\/fr\/2020-icovia-products-page\/","title":{"rendered":"2020 Icovia Products Page"},"content":{"rendered":"<h1 style=\"font-weight: bold; margin: 0 0 10px; font-size: 171.4%;\">2020 Icovia<\/h1>\n<p>2020 Icovia est un concepteur de pi\u00e8ces en ligne facile \u00e0 utiliser, bas\u00e9 sur le Web, que tout le monde peut utiliser. En tant que propri\u00e9taire ou designer, vous pouvez utiliser 2020 Icovia pour planifier votre prochaine r\u00e9novation ou concevoir une nouvelle pi\u00e8ce \u00e0 partir de z\u00e9ro.<\/p>\n","protected":false},"excerpt":{"rendered":"<p>2020 Icovia 2020 Icovia est un concepteur de pi\u00e8ces en ligne facile \u00e0 utiliser, bas\u00e9 sur le Web, que tout le monde peut utiliser. En tant que propri\u00e9taire ou designer, vous pouvez utiliser 2020 Icovia pour planifier votre prochaine r\u00e9novation ou concevoir une nouvelle pi\u00e8ce \u00e0 partir de z\u00e9ro.<\/p>\n","protected":false},"author":26709,"featured_media":354782,"parent":0,"menu_order":0,"comment_status":"closed","ping_status":"closed","template":"template-blank-1.php","meta":{"_bbp_topic_count":0,"_bbp_reply_count":0,"_bbp_total_topic_count":0,"_bbp_total_reply_count":0,"_bbp_voice_count":0,"_bbp_anonymous_reply_count":0,"_bbp_topic_count_hidden":0,"_bbp_reply_count_hidden":0,"_bbp_forum_subforum_count":0,"footnotes":""},"categories":[15495,15484],"class_list":["post-359597","page","type-page","status-publish","has-post-thumbnail","hentry","category-2020-icovia-fr","category-online-engagement-fr"],"pp_force_visibility":null,"pp_subpost_visibility":null,"pp_inherited_force_visibility":null,"pp_inherited_subpost_visibility":null,"yoast_head":"<!-- This site is optimized with the Yoast SEO Premium plugin v27.4 (Yoast SEO v27.4) - https:\/\/yoast.com\/product\/yoast-seo-premium-wordpress\/ -->\n<title>2020 Icovia Products Page | 2020<\/title>\n<meta name=\"description\" content=\"2020 Icovia 2020 Icovia est un concepteur de pi\u00e8ces en ligne facile \u00e0 utiliser, bas\u00e9 sur le Web, que tout le monde peut utiliser.\" \/>\n<meta name=\"robots\" content=\"index, follow, max-snippet:-1, max-image-preview:large, max-video-preview:-1\" \/>\n<link rel=\"canonical\" href=\"https:\/\/www.2020spaces.com\/fr\/2020-icovia-products-page\/\" \/>\n<meta property=\"og:locale\" content=\"fr_FR\" \/>\n<meta property=\"og:type\" content=\"article\" \/>\n<meta property=\"og:title\" content=\"2020 Icovia Products Page\" \/>\n<meta property=\"og:description\" content=\"2020 Icovia 2020 Icovia est un concepteur de pi\u00e8ces en ligne facile \u00e0 utiliser, bas\u00e9 sur le Web, que tout le monde peut utiliser.\" \/>\n<meta property=\"og:url\" content=\"https:\/\/www.2020spaces.com\/fr\/2020-icovia-products-page\/\" \/>\n<meta property=\"og:site_name\" content=\"2020\" \/>\n<meta property=\"article:publisher\" content=\"https:\/\/www.facebook.com\/2020spaces\" \/>\n<meta property=\"article:modified_time\" content=\"2023-06-23T07:07:39+00:00\" \/>\n<meta property=\"og:image\" content=\"https:\/\/www.2020spaces.com\/wp-content\/uploads\/2022\/01\/2020_icovia_logo.png\" \/>\n\t<meta property=\"og:image:width\" content=\"400\" \/>\n\t<meta property=\"og:image:height\" content=\"270\" \/>\n\t<meta property=\"og:image:type\" content=\"image\/png\" \/>\n<meta name=\"twitter:card\" content=\"summary_large_image\" \/>\n<meta name=\"twitter:site\" content=\"@2020spaces\" \/>\n<meta name=\"twitter:label1\" content=\"Dur\u00e9e de lecture estim\u00e9e\" \/>\n\t<meta name=\"twitter:data1\" content=\"1 minute\" \/>\n<script type=\"application\/ld+json\" class=\"yoast-schema-graph\">{\"@context\":\"https:\\\/\\\/schema.org\",\"@graph\":[{\"@type\":\"WebPage\",\"@id\":\"https:\\\/\\\/www.2020spaces.com\\\/fr\\\/2020-icovia-products-page\\\/\",\"url\":\"https:\\\/\\\/www.2020spaces.com\\\/fr\\\/2020-icovia-products-page\\\/\",\"name\":\"2020 Icovia Products Page | 2020\",\"isPartOf\":{\"@id\":\"https:\\\/\\\/www.2020spaces.com\\\/#website\"},\"primaryImageOfPage\":{\"@id\":\"https:\\\/\\\/www.2020spaces.com\\\/fr\\\/2020-icovia-products-page\\\/#primaryimage\"},\"image\":{\"@id\":\"https:\\\/\\\/www.2020spaces.com\\\/fr\\\/2020-icovia-products-page\\\/#primaryimage\"},\"thumbnailUrl\":\"https:\\\/\\\/www.2020spaces.com\\\/wp-content\\\/uploads\\\/2022\\\/01\\\/2020_icovia_logo.png\",\"datePublished\":\"2021-01-07T17:13:41+00:00\",\"dateModified\":\"2023-06-23T07:07:39+00:00\",\"description\":\"2020 Icovia 2020 Icovia est un concepteur de pi\u00e8ces en ligne facile \u00e0 utiliser, bas\u00e9 sur le Web, que tout le monde peut utiliser.\",\"breadcrumb\":{\"@id\":\"https:\\\/\\\/www.2020spaces.com\\\/fr\\\/2020-icovia-products-page\\\/#breadcrumb\"},\"inLanguage\":\"fr-FR\",\"potentialAction\":[{\"@type\":\"ReadAction\",\"target\":[\"https:\\\/\\\/www.2020spaces.com\\\/fr\\\/2020-icovia-products-page\\\/\"]}]},{\"@type\":\"ImageObject\",\"inLanguage\":\"fr-FR\",\"@id\":\"https:\\\/\\\/www.2020spaces.com\\\/fr\\\/2020-icovia-products-page\\\/#primaryimage\",\"url\":\"https:\\\/\\\/www.2020spaces.com\\\/wp-content\\\/uploads\\\/2022\\\/01\\\/2020_icovia_logo.png\",\"contentUrl\":\"https:\\\/\\\/www.2020spaces.com\\\/wp-content\\\/uploads\\\/2022\\\/01\\\/2020_icovia_logo.png\",\"width\":400,\"height\":270,\"caption\":\"2020 Icovia Logo\"},{\"@type\":\"BreadcrumbList\",\"@id\":\"https:\\\/\\\/www.2020spaces.com\\\/fr\\\/2020-icovia-products-page\\\/#breadcrumb\",\"itemListElement\":[{\"@type\":\"ListItem\",\"position\":1,\"name\":\"Home\",\"item\":\"https:\\\/\\\/www.2020spaces.com\\\/fr\\\/accueil-2-2\\\/\"},{\"@type\":\"ListItem\",\"position\":2,\"name\":\"2020 Icovia Products Page\"}]},{\"@type\":\"WebSite\",\"@id\":\"https:\\\/\\\/www.2020spaces.com\\\/#website\",\"url\":\"https:\\\/\\\/www.2020spaces.com\\\/\",\"name\":\"2020\",\"description\":\"Making Spaces for Life\u2122\",\"potentialAction\":[{\"@type\":\"SearchAction\",\"target\":{\"@type\":\"EntryPoint\",\"urlTemplate\":\"https:\\\/\\\/www.2020spaces.com\\\/?s={search_term_string}\"},\"query-input\":{\"@type\":\"PropertyValueSpecification\",\"valueRequired\":true,\"valueName\":\"search_term_string\"}}],\"inLanguage\":\"fr-FR\"}]}<\/script>\n<!-- \/ Yoast SEO Premium plugin. -->","yoast_head_json":{"title":"2020 Icovia Products Page | 2020","description":"2020 Icovia 2020 Icovia est un concepteur de pi\u00e8ces en ligne facile \u00e0 utiliser, bas\u00e9 sur le Web, que tout le monde peut utiliser.","robots":{"index":"index","follow":"follow","max-snippet":"max-snippet:-1","max-image-preview":"max-image-preview:large","max-video-preview":"max-video-preview:-1"},"canonical":"https:\/\/www.2020spaces.com\/fr\/2020-icovia-products-page\/","og_locale":"fr_FR","og_type":"article","og_title":"2020 Icovia Products Page","og_description":"2020 Icovia 2020 Icovia est un concepteur de pi\u00e8ces en ligne facile \u00e0 utiliser, bas\u00e9 sur le Web, que tout le monde peut utiliser.","og_url":"https:\/\/www.2020spaces.com\/fr\/2020-icovia-products-page\/","og_site_name":"2020","article_publisher":"https:\/\/www.facebook.com\/2020spaces","article_modified_time":"2023-06-23T07:07:39+00:00","og_image":[{"width":400,"height":270,"url":"https:\/\/www.2020spaces.com\/wp-content\/uploads\/2022\/01\/2020_icovia_logo.png","type":"image\/png"}],"twitter_card":"summary_large_image","twitter_site":"@2020spaces","twitter_misc":{"Dur\u00e9e de lecture estim\u00e9e":"1 minute"},"schema":{"@context":"https:\/\/schema.org","@graph":[{"@type":"WebPage","@id":"https:\/\/www.2020spaces.com\/fr\/2020-icovia-products-page\/","url":"https:\/\/www.2020spaces.com\/fr\/2020-icovia-products-page\/","name":"2020 Icovia Products Page | 2020","isPartOf":{"@id":"https:\/\/www.2020spaces.com\/#website"},"primaryImageOfPage":{"@id":"https:\/\/www.2020spaces.com\/fr\/2020-icovia-products-page\/#primaryimage"},"image":{"@id":"https:\/\/www.2020spaces.com\/fr\/2020-icovia-products-page\/#primaryimage"},"thumbnailUrl":"https:\/\/www.2020spaces.com\/wp-content\/uploads\/2022\/01\/2020_icovia_logo.png","datePublished":"2021-01-07T17:13:41+00:00","dateModified":"2023-06-23T07:07:39+00:00","description":"2020 Icovia 2020 Icovia est un concepteur de pi\u00e8ces en ligne facile \u00e0 utiliser, bas\u00e9 sur le Web, que tout le monde peut utiliser.","breadcrumb":{"@id":"https:\/\/www.2020spaces.com\/fr\/2020-icovia-products-page\/#breadcrumb"},"inLanguage":"fr-FR","potentialAction":[{"@type":"ReadAction","target":["https:\/\/www.2020spaces.com\/fr\/2020-icovia-products-page\/"]}]},{"@type":"ImageObject","inLanguage":"fr-FR","@id":"https:\/\/www.2020spaces.com\/fr\/2020-icovia-products-page\/#primaryimage","url":"https:\/\/www.2020spaces.com\/wp-content\/uploads\/2022\/01\/2020_icovia_logo.png","contentUrl":"https:\/\/www.2020spaces.com\/wp-content\/uploads\/2022\/01\/2020_icovia_logo.png","width":400,"height":270,"caption":"2020 Icovia Logo"},{"@type":"BreadcrumbList","@id":"https:\/\/www.2020spaces.com\/fr\/2020-icovia-products-page\/#breadcrumb","itemListElement":[{"@type":"ListItem","position":1,"name":"Home","item":"https:\/\/www.2020spaces.com\/fr\/accueil-2-2\/"},{"@type":"ListItem","position":2,"name":"2020 Icovia Products Page"}]},{"@type":"WebSite","@id":"https:\/\/www.2020spaces.com\/#website","url":"https:\/\/www.2020spaces.com\/","name":"2020","description":"Making Spaces for Life\u2122","potentialAction":[{"@type":"SearchAction","target":{"@type":"EntryPoint","urlTemplate":"https:\/\/www.2020spaces.com\/?s={search_term_string}"},"query-input":{"@type":"PropertyValueSpecification","valueRequired":true,"valueName":"search_term_string"}}],"inLanguage":"fr-FR"}]}},"_links":{"self":[{"href":"https:\/\/www.2020spaces.com\/fr\/wp-json\/wp\/v2\/pages\/359597","targetHints":{"allow":["GET"]}}],"collection":[{"href":"https:\/\/www.2020spaces.com\/fr\/wp-json\/wp\/v2\/pages"}],"about":[{"href":"https:\/\/www.2020spaces.com\/fr\/wp-json\/wp\/v2\/types\/page"}],"author":[{"embeddable":true,"href":"https:\/\/www.2020spaces.com\/fr\/wp-json\/wp\/v2\/users\/26709"}],"replies":[{"embeddable":true,"href":"https:\/\/www.2020spaces.com\/fr\/wp-json\/wp\/v2\/comments?post=359597"}],"version-history":[{"count":0,"href":"https:\/\/www.2020spaces.com\/fr\/wp-json\/wp\/v2\/pages\/359597\/revisions"}],"wp:featuredmedia":[{"embeddable":true,"href":"https:\/\/www.2020spaces.com\/fr\/wp-json\/wp\/v2\/media\/354782"}],"wp:attachment":[{"href":"https:\/\/www.2020spaces.com\/fr\/wp-json\/wp\/v2\/media?parent=359597"}],"wp:term":[{"taxonomy":"category","embeddable":true,"href":"https:\/\/www.2020spaces.com\/fr\/wp-json\/wp\/v2\/categories?post=359597"}],"curies":[{"name":"wp","href":"https:\/\/api.w.org\/{rel}","templated":true}]}}