{"id":418776,"date":"2023-01-17T14:21:30","date_gmt":"2023-01-17T19:21:30","guid":{"rendered":"https:\/\/www.2020spaces.com\/?page_id=418776"},"modified":"2025-06-08T14:19:31","modified_gmt":"2025-06-08T18:19:31","slug":"2020-design-flex-demo","status":"publish","type":"page","link":"https:\/\/www.2020spaces.com\/fr\/2020-design-flex-demo\/","title":{"rendered":"Design Flex Product Demo"},"content":{"rendered":"<div id=\"cs-content\" class=\"cs-content\"><\/div>\n","protected":false},"excerpt":{"rendered":"<p>Get a Design Flex Demo Today! Design Flex is the future of kitchen and bath design software. Now you can view our exclusive demo to see for yourself.You\u2019ll get a look at our top features in action and discover how to make your design process more efficient, close more sales, &#8230; <\/p>\n<div><a href=\"https:\/\/www.2020spaces.com\/fr\/2020-design-flex-demo\/\" class=\"more-link\">En savoir plus<\/a><\/div>\n","protected":false},"author":59581,"featured_media":0,"parent":0,"menu_order":0,"comment_status":"closed","ping_status":"closed","template":"template-blank-6.php","meta":{"_bbp_topic_count":0,"_bbp_reply_count":0,"_bbp_total_topic_count":0,"_bbp_total_reply_count":0,"_bbp_voice_count":0,"_bbp_anonymous_reply_count":0,"_bbp_topic_count_hidden":0,"_bbp_reply_count_hidden":0,"_bbp_forum_subforum_count":0,"footnotes":""},"categories":[],"class_list":["post-418776","page","type-page","status-publish","hentry","no-post-thumbnail"],"pp_force_visibility":null,"pp_subpost_visibility":null,"pp_inherited_force_visibility":null,"pp_inherited_subpost_visibility":null,"yoast_head":"<!-- This site is optimized with the Yoast SEO Premium plugin v27.4 (Yoast SEO v27.4) - https:\/\/yoast.com\/product\/yoast-seo-premium-wordpress\/ -->\n<title>Design Flex: Voir une d\u00e9mo ! | 2020<\/title>\n<meta name=\"description\" content=\"D\u00e9couvrez comment le logiciel Design Flex pour les concepteurs de cuisine et de salle de bains peut vous aider \u00e0 impressionner\" \/>\n<meta name=\"robots\" content=\"index, follow, max-snippet:-1, max-image-preview:large, max-video-preview:-1\" \/>\n<link rel=\"canonical\" href=\"https:\/\/www.2020spaces.com\/fr\/2020-design-flex-demo\/\" \/>\n<meta property=\"og:locale\" content=\"fr_FR\" \/>\n<meta property=\"og:type\" content=\"article\" \/>\n<meta property=\"og:title\" content=\"Design Flex Product Demo\" \/>\n<meta property=\"og:description\" content=\"D\u00e9couvrez comment le logiciel Design Flex pour les concepteurs de cuisine et de salle de bains peut vous aider \u00e0 impressionner\" \/>\n<meta property=\"og:url\" content=\"https:\/\/www.2020spaces.com\/fr\/2020-design-flex-demo\/\" \/>\n<meta property=\"og:site_name\" content=\"2020\" \/>\n<meta property=\"article:publisher\" content=\"https:\/\/www.facebook.com\/2020spaces\" \/>\n<meta property=\"article:modified_time\" content=\"2025-06-08T18:19:31+00:00\" \/>\n<meta name=\"twitter:card\" content=\"summary_large_image\" \/>\n<meta name=\"twitter:site\" content=\"@2020spaces\" \/>\n<meta name=\"twitter:label1\" content=\"Dur\u00e9e de lecture estim\u00e9e\" \/>\n\t<meta name=\"twitter:data1\" content=\"1 minute\" \/>\n<script type=\"application\/ld+json\" class=\"yoast-schema-graph\">{\"@context\":\"https:\\\/\\\/schema.org\",\"@graph\":[{\"@type\":\"WebPage\",\"@id\":\"https:\\\/\\\/www.2020spaces.com\\\/fr\\\/2020-design-flex-demo\\\/\",\"url\":\"https:\\\/\\\/www.2020spaces.com\\\/fr\\\/2020-design-flex-demo\\\/\",\"name\":\"Design Flex: Voir une d\u00e9mo ! | 2020\",\"isPartOf\":{\"@id\":\"https:\\\/\\\/www.2020spaces.com\\\/#website\"},\"datePublished\":\"2023-01-17T19:21:30+00:00\",\"dateModified\":\"2025-06-08T18:19:31+00:00\",\"description\":\"D\u00e9couvrez comment le logiciel Design Flex pour les concepteurs de cuisine et de salle de bains peut vous aider \u00e0 impressionner\",\"breadcrumb\":{\"@id\":\"https:\\\/\\\/www.2020spaces.com\\\/fr\\\/2020-design-flex-demo\\\/#breadcrumb\"},\"inLanguage\":\"fr-FR\",\"potentialAction\":[{\"@type\":\"ReadAction\",\"target\":[\"https:\\\/\\\/www.2020spaces.com\\\/fr\\\/2020-design-flex-demo\\\/\"]}]},{\"@type\":\"BreadcrumbList\",\"@id\":\"https:\\\/\\\/www.2020spaces.com\\\/fr\\\/2020-design-flex-demo\\\/#breadcrumb\",\"itemListElement\":[{\"@type\":\"ListItem\",\"position\":1,\"name\":\"Home\",\"item\":\"https:\\\/\\\/www.2020spaces.com\\\/fr\\\/accueil-2-2\\\/\"},{\"@type\":\"ListItem\",\"position\":2,\"name\":\"Design Flex Product Demo\"}]},{\"@type\":\"WebSite\",\"@id\":\"https:\\\/\\\/www.2020spaces.com\\\/#website\",\"url\":\"https:\\\/\\\/www.2020spaces.com\\\/\",\"name\":\"2020\",\"description\":\"Making Spaces for Life\u2122\",\"potentialAction\":[{\"@type\":\"SearchAction\",\"target\":{\"@type\":\"EntryPoint\",\"urlTemplate\":\"https:\\\/\\\/www.2020spaces.com\\\/?s={search_term_string}\"},\"query-input\":{\"@type\":\"PropertyValueSpecification\",\"valueRequired\":true,\"valueName\":\"search_term_string\"}}],\"inLanguage\":\"fr-FR\"}]}<\/script>\n<!-- \/ Yoast SEO Premium plugin. -->","yoast_head_json":{"title":"Design Flex: Voir une d\u00e9mo ! | 2020","description":"D\u00e9couvrez comment le logiciel Design Flex pour les concepteurs de cuisine et de salle de bains peut vous aider \u00e0 impressionner","robots":{"index":"index","follow":"follow","max-snippet":"max-snippet:-1","max-image-preview":"max-image-preview:large","max-video-preview":"max-video-preview:-1"},"canonical":"https:\/\/www.2020spaces.com\/fr\/2020-design-flex-demo\/","og_locale":"fr_FR","og_type":"article","og_title":"Design Flex Product Demo","og_description":"D\u00e9couvrez comment le logiciel Design Flex pour les concepteurs de cuisine et de salle de bains peut vous aider \u00e0 impressionner","og_url":"https:\/\/www.2020spaces.com\/fr\/2020-design-flex-demo\/","og_site_name":"2020","article_publisher":"https:\/\/www.facebook.com\/2020spaces","article_modified_time":"2025-06-08T18:19:31+00:00","twitter_card":"summary_large_image","twitter_site":"@2020spaces","twitter_misc":{"Dur\u00e9e de lecture estim\u00e9e":"1 minute"},"schema":{"@context":"https:\/\/schema.org","@graph":[{"@type":"WebPage","@id":"https:\/\/www.2020spaces.com\/fr\/2020-design-flex-demo\/","url":"https:\/\/www.2020spaces.com\/fr\/2020-design-flex-demo\/","name":"Design Flex: Voir une d\u00e9mo ! | 2020","isPartOf":{"@id":"https:\/\/www.2020spaces.com\/#website"},"datePublished":"2023-01-17T19:21:30+00:00","dateModified":"2025-06-08T18:19:31+00:00","description":"D\u00e9couvrez comment le logiciel Design Flex pour les concepteurs de cuisine et de salle de bains peut vous aider \u00e0 impressionner","breadcrumb":{"@id":"https:\/\/www.2020spaces.com\/fr\/2020-design-flex-demo\/#breadcrumb"},"inLanguage":"fr-FR","potentialAction":[{"@type":"ReadAction","target":["https:\/\/www.2020spaces.com\/fr\/2020-design-flex-demo\/"]}]},{"@type":"BreadcrumbList","@id":"https:\/\/www.2020spaces.com\/fr\/2020-design-flex-demo\/#breadcrumb","itemListElement":[{"@type":"ListItem","position":1,"name":"Home","item":"https:\/\/www.2020spaces.com\/fr\/accueil-2-2\/"},{"@type":"ListItem","position":2,"name":"Design Flex Product Demo"}]},{"@type":"WebSite","@id":"https:\/\/www.2020spaces.com\/#website","url":"https:\/\/www.2020spaces.com\/","name":"2020","description":"Making Spaces for Life\u2122","potentialAction":[{"@type":"SearchAction","target":{"@type":"EntryPoint","urlTemplate":"https:\/\/www.2020spaces.com\/?s={search_term_string}"},"query-input":{"@type":"PropertyValueSpecification","valueRequired":true,"valueName":"search_term_string"}}],"inLanguage":"fr-FR"}]}},"_links":{"self":[{"href":"https:\/\/www.2020spaces.com\/fr\/wp-json\/wp\/v2\/pages\/418776","targetHints":{"allow":["GET"]}}],"collection":[{"href":"https:\/\/www.2020spaces.com\/fr\/wp-json\/wp\/v2\/pages"}],"about":[{"href":"https:\/\/www.2020spaces.com\/fr\/wp-json\/wp\/v2\/types\/page"}],"author":[{"embeddable":true,"href":"https:\/\/www.2020spaces.com\/fr\/wp-json\/wp\/v2\/users\/59581"}],"replies":[{"embeddable":true,"href":"https:\/\/www.2020spaces.com\/fr\/wp-json\/wp\/v2\/comments?post=418776"}],"version-history":[{"count":0,"href":"https:\/\/www.2020spaces.com\/fr\/wp-json\/wp\/v2\/pages\/418776\/revisions"}],"wp:attachment":[{"href":"https:\/\/www.2020spaces.com\/fr\/wp-json\/wp\/v2\/media?parent=418776"}],"wp:term":[{"taxonomy":"category","embeddable":true,"href":"https:\/\/www.2020spaces.com\/fr\/wp-json\/wp\/v2\/categories?post=418776"}],"curies":[{"name":"wp","href":"https:\/\/api.w.org\/{rel}","templated":true}]}}