{"id":438443,"date":"2024-05-07T08:30:32","date_gmt":"2024-05-07T12:30:32","guid":{"rendered":"https:\/\/www.2020spaces.com\/success-plan-agreement\/"},"modified":"2024-05-27T11:15:53","modified_gmt":"2024-05-27T15:15:53","slug":"success-plan-agreement","status":"publish","type":"page","link":"https:\/\/www.2020spaces.com\/fr\/success-plan-agreement\/","title":{"rendered":"Success Plan Agreement"},"content":{"rendered":"<div id=\"cs-content\" class=\"cs-content\"><\/div>\n","protected":false},"excerpt":{"rendered":"<p>Accord sur le service Enterprise Success Plan Gestionnaire de la r\u00e9ussite des clients. Un Customer Success Manager (\u00a0\u00bb CSM \u00ab\u00a0) sera affect\u00e9 \u00e0 votre compte afin d&rsquo;assurer la coordination et l&rsquo;assistance pour les questions relatives \u00e0 nos solutions, au contenu, \u00e0 l&rsquo;architecture et au d\u00e9ploiement du Logiciel. Vous d\u00e9signerez votre &#8230; <\/p>\n<div><a href=\"https:\/\/www.2020spaces.com\/fr\/success-plan-agreement\/\" class=\"more-link\">En savoir plus<\/a><\/div>\n","protected":false},"author":26709,"featured_media":0,"parent":0,"menu_order":0,"comment_status":"closed","ping_status":"closed","template":"template-blank-4.php","meta":{"_bbp_topic_count":0,"_bbp_reply_count":0,"_bbp_total_topic_count":0,"_bbp_total_reply_count":0,"_bbp_voice_count":0,"_bbp_anonymous_reply_count":0,"_bbp_topic_count_hidden":0,"_bbp_reply_count_hidden":0,"_bbp_forum_subforum_count":0,"footnotes":""},"categories":[],"class_list":["post-438443","page","type-page","status-publish","hentry","no-post-thumbnail"],"pp_force_visibility":null,"pp_subpost_visibility":null,"pp_inherited_force_visibility":null,"pp_inherited_subpost_visibility":null,"yoast_head":"<!-- This site is optimized with the Yoast SEO Premium plugin v26.7 (Yoast SEO v26.7) - https:\/\/yoast.com\/wordpress\/plugins\/seo\/ -->\n<title>Success Plan Agreement - 2020<\/title>\n<meta name=\"robots\" content=\"index, follow, max-snippet:-1, max-image-preview:large, max-video-preview:-1\" \/>\n<link rel=\"canonical\" href=\"https:\/\/www.2020spaces.com\/fr\/success-plan-agreement\/\" \/>\n<meta property=\"og:locale\" content=\"fr_FR\" \/>\n<meta property=\"og:type\" content=\"article\" \/>\n<meta property=\"og:title\" content=\"Success Plan Agreement\" \/>\n<meta property=\"og:description\" content=\"Accord sur le service Enterprise Success Plan Gestionnaire de la r\u00e9ussite des clients. Un Customer Success Manager (&quot; CSM &quot;) sera affect\u00e9 \u00e0 votre compte afin d&#039;assurer la coordination et l&#039;assistance pour les questions relatives \u00e0 nos solutions, au contenu, \u00e0 l&#039;architecture et au d\u00e9ploiement du Logiciel. Vous d\u00e9signerez votre ... En savoir plus\" \/>\n<meta property=\"og:url\" content=\"https:\/\/www.2020spaces.com\/fr\/success-plan-agreement\/\" \/>\n<meta property=\"og:site_name\" content=\"2020\" \/>\n<meta property=\"article:publisher\" content=\"https:\/\/www.facebook.com\/2020spaces\" \/>\n<meta property=\"article:modified_time\" content=\"2024-05-27T15:15:53+00:00\" \/>\n<meta name=\"twitter:card\" content=\"summary_large_image\" \/>\n<meta name=\"twitter:site\" content=\"@2020spaces\" \/>\n<meta name=\"twitter:label1\" content=\"Dur\u00e9e de lecture estim\u00e9e\" \/>\n\t<meta name=\"twitter:data1\" content=\"3 minutes\" \/>\n<script type=\"application\/ld+json\" class=\"yoast-schema-graph\">{\"@context\":\"https:\/\/schema.org\",\"@graph\":[{\"@type\":\"WebPage\",\"@id\":\"https:\/\/www.2020spaces.com\/fr\/success-plan-agreement\/\",\"url\":\"https:\/\/www.2020spaces.com\/fr\/success-plan-agreement\/\",\"name\":\"Success Plan Agreement - 2020\",\"isPartOf\":{\"@id\":\"https:\/\/www.2020spaces.com\/#website\"},\"datePublished\":\"2024-05-07T12:30:32+00:00\",\"dateModified\":\"2024-05-27T15:15:53+00:00\",\"breadcrumb\":{\"@id\":\"https:\/\/www.2020spaces.com\/fr\/success-plan-agreement\/#breadcrumb\"},\"inLanguage\":\"fr-FR\",\"potentialAction\":[{\"@type\":\"ReadAction\",\"target\":[\"https:\/\/www.2020spaces.com\/fr\/success-plan-agreement\/\"]}]},{\"@type\":\"BreadcrumbList\",\"@id\":\"https:\/\/www.2020spaces.com\/fr\/success-plan-agreement\/#breadcrumb\",\"itemListElement\":[{\"@type\":\"ListItem\",\"position\":1,\"name\":\"Home\",\"item\":\"https:\/\/www.2020spaces.com\/fr\/accueil-2-2\/\"},{\"@type\":\"ListItem\",\"position\":2,\"name\":\"Success Plan Agreement\"}]},{\"@type\":\"WebSite\",\"@id\":\"https:\/\/www.2020spaces.com\/#website\",\"url\":\"https:\/\/www.2020spaces.com\/\",\"name\":\"2020\",\"description\":\"Making Spaces for Life\u2122\",\"potentialAction\":[{\"@type\":\"SearchAction\",\"target\":{\"@type\":\"EntryPoint\",\"urlTemplate\":\"https:\/\/www.2020spaces.com\/?s={search_term_string}\"},\"query-input\":{\"@type\":\"PropertyValueSpecification\",\"valueRequired\":true,\"valueName\":\"search_term_string\"}}],\"inLanguage\":\"fr-FR\"}]}<\/script>\n<!-- \/ Yoast SEO Premium plugin. -->","yoast_head_json":{"title":"Success Plan Agreement - 2020","robots":{"index":"index","follow":"follow","max-snippet":"max-snippet:-1","max-image-preview":"max-image-preview:large","max-video-preview":"max-video-preview:-1"},"canonical":"https:\/\/www.2020spaces.com\/fr\/success-plan-agreement\/","og_locale":"fr_FR","og_type":"article","og_title":"Success Plan Agreement","og_description":"Accord sur le service Enterprise Success Plan Gestionnaire de la r\u00e9ussite des clients. Un Customer Success Manager (\" CSM \") sera affect\u00e9 \u00e0 votre compte afin d'assurer la coordination et l'assistance pour les questions relatives \u00e0 nos solutions, au contenu, \u00e0 l'architecture et au d\u00e9ploiement du Logiciel. Vous d\u00e9signerez votre ... En savoir plus","og_url":"https:\/\/www.2020spaces.com\/fr\/success-plan-agreement\/","og_site_name":"2020","article_publisher":"https:\/\/www.facebook.com\/2020spaces","article_modified_time":"2024-05-27T15:15:53+00:00","twitter_card":"summary_large_image","twitter_site":"@2020spaces","twitter_misc":{"Dur\u00e9e de lecture estim\u00e9e":"3 minutes"},"schema":{"@context":"https:\/\/schema.org","@graph":[{"@type":"WebPage","@id":"https:\/\/www.2020spaces.com\/fr\/success-plan-agreement\/","url":"https:\/\/www.2020spaces.com\/fr\/success-plan-agreement\/","name":"Success Plan Agreement - 2020","isPartOf":{"@id":"https:\/\/www.2020spaces.com\/#website"},"datePublished":"2024-05-07T12:30:32+00:00","dateModified":"2024-05-27T15:15:53+00:00","breadcrumb":{"@id":"https:\/\/www.2020spaces.com\/fr\/success-plan-agreement\/#breadcrumb"},"inLanguage":"fr-FR","potentialAction":[{"@type":"ReadAction","target":["https:\/\/www.2020spaces.com\/fr\/success-plan-agreement\/"]}]},{"@type":"BreadcrumbList","@id":"https:\/\/www.2020spaces.com\/fr\/success-plan-agreement\/#breadcrumb","itemListElement":[{"@type":"ListItem","position":1,"name":"Home","item":"https:\/\/www.2020spaces.com\/fr\/accueil-2-2\/"},{"@type":"ListItem","position":2,"name":"Success Plan Agreement"}]},{"@type":"WebSite","@id":"https:\/\/www.2020spaces.com\/#website","url":"https:\/\/www.2020spaces.com\/","name":"2020","description":"Making Spaces for Life\u2122","potentialAction":[{"@type":"SearchAction","target":{"@type":"EntryPoint","urlTemplate":"https:\/\/www.2020spaces.com\/?s={search_term_string}"},"query-input":{"@type":"PropertyValueSpecification","valueRequired":true,"valueName":"search_term_string"}}],"inLanguage":"fr-FR"}]}},"_links":{"self":[{"href":"https:\/\/www.2020spaces.com\/fr\/wp-json\/wp\/v2\/pages\/438443","targetHints":{"allow":["GET"]}}],"collection":[{"href":"https:\/\/www.2020spaces.com\/fr\/wp-json\/wp\/v2\/pages"}],"about":[{"href":"https:\/\/www.2020spaces.com\/fr\/wp-json\/wp\/v2\/types\/page"}],"author":[{"embeddable":true,"href":"https:\/\/www.2020spaces.com\/fr\/wp-json\/wp\/v2\/users\/26709"}],"replies":[{"embeddable":true,"href":"https:\/\/www.2020spaces.com\/fr\/wp-json\/wp\/v2\/comments?post=438443"}],"version-history":[{"count":0,"href":"https:\/\/www.2020spaces.com\/fr\/wp-json\/wp\/v2\/pages\/438443\/revisions"}],"wp:attachment":[{"href":"https:\/\/www.2020spaces.com\/fr\/wp-json\/wp\/v2\/media?parent=438443"}],"wp:term":[{"taxonomy":"category","embeddable":true,"href":"https:\/\/www.2020spaces.com\/fr\/wp-json\/wp\/v2\/categories?post=438443"}],"curies":[{"name":"wp","href":"https:\/\/api.w.org\/{rel}","templated":true}]}}