{"id":47287,"date":"2014-05-16T00:51:38","date_gmt":"2014-05-16T04:51:38","guid":{"rendered":"https:\/\/www.2020spaces.com\/?page_id=47287"},"modified":"2021-04-06T10:55:13","modified_gmt":"2021-04-06T14:55:13","slug":"carrieres","status":"publish","type":"page","link":"https:\/\/www.2020spaces.com\/fr\/propos-de-nous\/carrieres\/","title":{"rendered":"Carrieres"},"content":{"rendered":"<div id=\"cs-content\" class=\"cs-content\"><\/div>\n","protected":false},"excerpt":{"rendered":"<p>2020 recrute!Voir toutes les offres d&#8217;emploi &nbsp;Travailler chez 2020 &nbsp;La vie chez 2020 &nbsp;Les avantages &nbsp;Employ\u00e9 en vedette Travailler chez 2020Fond\u00e9e en 1987 et bas\u00e9e \u00e0 Laval, Qu\u00e9bec, Canada, 2020 emploie plus de 500 personnes et op\u00e8re dans neuf pays. 2020 aide les concepteurs, les d\u00e9taillants et les fabricants professionnels &#8230; <\/p>\n<div><a href=\"https:\/\/www.2020spaces.com\/fr\/propos-de-nous\/carrieres\/\" class=\"more-link\">En savoir plus<\/a><\/div>\n","protected":false},"author":1,"featured_media":0,"parent":9386,"menu_order":0,"comment_status":"open","ping_status":"closed","template":"template-blank-4.php","meta":{"_bbp_topic_count":0,"_bbp_reply_count":0,"_bbp_total_topic_count":0,"_bbp_total_reply_count":0,"_bbp_voice_count":0,"_bbp_anonymous_reply_count":0,"_bbp_topic_count_hidden":0,"_bbp_reply_count_hidden":0,"_bbp_forum_subforum_count":0,"footnotes":""},"categories":[],"class_list":["post-47287","page","type-page","status-publish","hentry","no-post-thumbnail"],"pp_force_visibility":null,"pp_subpost_visibility":null,"pp_inherited_force_visibility":null,"pp_inherited_subpost_visibility":null,"yoast_head":"<!-- This site is optimized with the Yoast SEO Premium plugin v27.4 (Yoast SEO v27.4) - https:\/\/yoast.com\/product\/yoast-seo-premium-wordpress\/ -->\n<title>Carri\u00e8res chez 2020 !<\/title>\n<meta name=\"description\" content=\"Cr\u00e9\u00e9e en 1987 avec son si\u00e8ge social \u00e0 Laval, Qu\u00e9bec, 2020 embauche plus de 500 employ\u00e9s et est implant\u00e9e dans 9 pays. Travaillez chez 2020!\" \/>\n<meta name=\"robots\" content=\"index, follow, max-snippet:-1, max-image-preview:large, max-video-preview:-1\" \/>\n<link rel=\"canonical\" href=\"https:\/\/www.2020spaces.com\/fr\/propos-de-nous\/carrieres\/\" \/>\n<meta property=\"og:locale\" content=\"fr_FR\" \/>\n<meta property=\"og:type\" content=\"article\" \/>\n<meta property=\"og:title\" content=\"Carrieres\" \/>\n<meta property=\"og:description\" content=\"Cr\u00e9\u00e9e en 1987 avec son si\u00e8ge social \u00e0 Laval, Qu\u00e9bec, 2020 embauche plus de 500 employ\u00e9s et est implant\u00e9e dans 9 pays. Travaillez chez 2020!\" \/>\n<meta property=\"og:url\" content=\"https:\/\/www.2020spaces.com\/fr\/propos-de-nous\/carrieres\/\" \/>\n<meta property=\"og:site_name\" content=\"2020\" \/>\n<meta property=\"article:publisher\" content=\"https:\/\/www.facebook.com\/2020spaces\" \/>\n<meta property=\"article:modified_time\" content=\"2021-04-06T14:55:13+00:00\" \/>\n<meta name=\"twitter:card\" content=\"summary_large_image\" \/>\n<meta name=\"twitter:site\" content=\"@2020spaces\" \/>\n<meta name=\"twitter:label1\" content=\"Dur\u00e9e de lecture estim\u00e9e\" \/>\n\t<meta name=\"twitter:data1\" content=\"17 minutes\" \/>\n<script type=\"application\/ld+json\" class=\"yoast-schema-graph\">{\"@context\":\"https:\\\/\\\/schema.org\",\"@graph\":[{\"@type\":\"WebPage\",\"@id\":\"https:\\\/\\\/www.2020spaces.com\\\/fr\\\/propos-de-nous\\\/carrieres\\\/\",\"url\":\"https:\\\/\\\/www.2020spaces.com\\\/fr\\\/propos-de-nous\\\/carrieres\\\/\",\"name\":\"Carri\u00e8res chez 2020 !\",\"isPartOf\":{\"@id\":\"https:\\\/\\\/www.2020spaces.com\\\/#website\"},\"datePublished\":\"2014-05-16T04:51:38+00:00\",\"dateModified\":\"2021-04-06T14:55:13+00:00\",\"description\":\"Cr\u00e9\u00e9e en 1987 avec son si\u00e8ge social \u00e0 Laval, Qu\u00e9bec, 2020 embauche plus de 500 employ\u00e9s et est implant\u00e9e dans 9 pays. Travaillez chez 2020!\",\"breadcrumb\":{\"@id\":\"https:\\\/\\\/www.2020spaces.com\\\/fr\\\/propos-de-nous\\\/carrieres\\\/#breadcrumb\"},\"inLanguage\":\"fr-FR\",\"potentialAction\":[{\"@type\":\"ReadAction\",\"target\":[\"https:\\\/\\\/www.2020spaces.com\\\/fr\\\/propos-de-nous\\\/carrieres\\\/\"]}]},{\"@type\":\"BreadcrumbList\",\"@id\":\"https:\\\/\\\/www.2020spaces.com\\\/fr\\\/propos-de-nous\\\/carrieres\\\/#breadcrumb\",\"itemListElement\":[{\"@type\":\"ListItem\",\"position\":1,\"name\":\"Home\",\"item\":\"https:\\\/\\\/www.2020spaces.com\\\/fr\\\/accueil-2-2\\\/\"},{\"@type\":\"ListItem\",\"position\":2,\"name\":\"\u00e0 propos de nous\",\"item\":\"https:\\\/\\\/www.2020spaces.com\\\/fr\\\/propos-de-nous\\\/\"},{\"@type\":\"ListItem\",\"position\":3,\"name\":\"Carrieres\"}]},{\"@type\":\"WebSite\",\"@id\":\"https:\\\/\\\/www.2020spaces.com\\\/#website\",\"url\":\"https:\\\/\\\/www.2020spaces.com\\\/\",\"name\":\"2020\",\"description\":\"Making Spaces for Life\u2122\",\"potentialAction\":[{\"@type\":\"SearchAction\",\"target\":{\"@type\":\"EntryPoint\",\"urlTemplate\":\"https:\\\/\\\/www.2020spaces.com\\\/?s={search_term_string}\"},\"query-input\":{\"@type\":\"PropertyValueSpecification\",\"valueRequired\":true,\"valueName\":\"search_term_string\"}}],\"inLanguage\":\"fr-FR\"}]}<\/script>\n<!-- \/ Yoast SEO Premium plugin. -->","yoast_head_json":{"title":"Carri\u00e8res chez 2020 !","description":"Cr\u00e9\u00e9e en 1987 avec son si\u00e8ge social \u00e0 Laval, Qu\u00e9bec, 2020 embauche plus de 500 employ\u00e9s et est implant\u00e9e dans 9 pays. Travaillez chez 2020!","robots":{"index":"index","follow":"follow","max-snippet":"max-snippet:-1","max-image-preview":"max-image-preview:large","max-video-preview":"max-video-preview:-1"},"canonical":"https:\/\/www.2020spaces.com\/fr\/propos-de-nous\/carrieres\/","og_locale":"fr_FR","og_type":"article","og_title":"Carrieres","og_description":"Cr\u00e9\u00e9e en 1987 avec son si\u00e8ge social \u00e0 Laval, Qu\u00e9bec, 2020 embauche plus de 500 employ\u00e9s et est implant\u00e9e dans 9 pays. Travaillez chez 2020!","og_url":"https:\/\/www.2020spaces.com\/fr\/propos-de-nous\/carrieres\/","og_site_name":"2020","article_publisher":"https:\/\/www.facebook.com\/2020spaces","article_modified_time":"2021-04-06T14:55:13+00:00","twitter_card":"summary_large_image","twitter_site":"@2020spaces","twitter_misc":{"Dur\u00e9e de lecture estim\u00e9e":"17 minutes"},"schema":{"@context":"https:\/\/schema.org","@graph":[{"@type":"WebPage","@id":"https:\/\/www.2020spaces.com\/fr\/propos-de-nous\/carrieres\/","url":"https:\/\/www.2020spaces.com\/fr\/propos-de-nous\/carrieres\/","name":"Carri\u00e8res chez 2020 !","isPartOf":{"@id":"https:\/\/www.2020spaces.com\/#website"},"datePublished":"2014-05-16T04:51:38+00:00","dateModified":"2021-04-06T14:55:13+00:00","description":"Cr\u00e9\u00e9e en 1987 avec son si\u00e8ge social \u00e0 Laval, Qu\u00e9bec, 2020 embauche plus de 500 employ\u00e9s et est implant\u00e9e dans 9 pays. Travaillez chez 2020!","breadcrumb":{"@id":"https:\/\/www.2020spaces.com\/fr\/propos-de-nous\/carrieres\/#breadcrumb"},"inLanguage":"fr-FR","potentialAction":[{"@type":"ReadAction","target":["https:\/\/www.2020spaces.com\/fr\/propos-de-nous\/carrieres\/"]}]},{"@type":"BreadcrumbList","@id":"https:\/\/www.2020spaces.com\/fr\/propos-de-nous\/carrieres\/#breadcrumb","itemListElement":[{"@type":"ListItem","position":1,"name":"Home","item":"https:\/\/www.2020spaces.com\/fr\/accueil-2-2\/"},{"@type":"ListItem","position":2,"name":"\u00e0 propos de nous","item":"https:\/\/www.2020spaces.com\/fr\/propos-de-nous\/"},{"@type":"ListItem","position":3,"name":"Carrieres"}]},{"@type":"WebSite","@id":"https:\/\/www.2020spaces.com\/#website","url":"https:\/\/www.2020spaces.com\/","name":"2020","description":"Making Spaces for Life\u2122","potentialAction":[{"@type":"SearchAction","target":{"@type":"EntryPoint","urlTemplate":"https:\/\/www.2020spaces.com\/?s={search_term_string}"},"query-input":{"@type":"PropertyValueSpecification","valueRequired":true,"valueName":"search_term_string"}}],"inLanguage":"fr-FR"}]}},"_links":{"self":[{"href":"https:\/\/www.2020spaces.com\/fr\/wp-json\/wp\/v2\/pages\/47287","targetHints":{"allow":["GET"]}}],"collection":[{"href":"https:\/\/www.2020spaces.com\/fr\/wp-json\/wp\/v2\/pages"}],"about":[{"href":"https:\/\/www.2020spaces.com\/fr\/wp-json\/wp\/v2\/types\/page"}],"author":[{"embeddable":true,"href":"https:\/\/www.2020spaces.com\/fr\/wp-json\/wp\/v2\/users\/1"}],"replies":[{"embeddable":true,"href":"https:\/\/www.2020spaces.com\/fr\/wp-json\/wp\/v2\/comments?post=47287"}],"version-history":[{"count":0,"href":"https:\/\/www.2020spaces.com\/fr\/wp-json\/wp\/v2\/pages\/47287\/revisions"}],"up":[{"embeddable":true,"href":"https:\/\/www.2020spaces.com\/fr\/wp-json\/wp\/v2\/pages\/9386"}],"wp:attachment":[{"href":"https:\/\/www.2020spaces.com\/fr\/wp-json\/wp\/v2\/media?parent=47287"}],"wp:term":[{"taxonomy":"category","embeddable":true,"href":"https:\/\/www.2020spaces.com\/fr\/wp-json\/wp\/v2\/categories?post=47287"}],"curies":[{"name":"wp","href":"https:\/\/api.w.org\/{rel}","templated":true}]}}