{"id":53898,"date":"2022-12-22T12:45:24","date_gmt":"2022-12-22T17:45:24","guid":{"rendered":"https:\/\/www.2020spaces.com\/community-2\/"},"modified":"2023-06-09T03:34:06","modified_gmt":"2023-06-09T07:34:06","slug":"communaute","status":"publish","type":"page","link":"https:\/\/www.2020spaces.com\/fr\/communaute\/","title":{"rendered":"2020 Communaute"},"content":{"rendered":"<div class=\"wpb-content-wrapper\">[vc_row inner_container=\u00a0\u00bbtrue\u00a0\u00bb padding_top=\u00a0\u00bb0px\u00a0\u00bb padding_bottom=\u00a0\u00bb0px\u00a0\u00bb border=\u00a0\u00bbnone\u00a0\u00bb][vc_column width=\u00a0\u00bb1\/1&Prime;][vc_row_inner inner_container=\u00a0\u00bbtrue\u00a0\u00bb padding_top=\u00a0\u00bb0px\u00a0\u00bb padding_bottom=\u00a0\u00bb0px\u00a0\u00bb border=\u00a0\u00bbnone\u00a0\u00bb][vc_column_inner width=\u00a0\u00bb1\/1&Prime;]<h1  class=\"h-custom-headline center-text h1\" style=\"font-size: 4em; text-align: center;font-weight: bold;\"><span>Communaut\u00e9 2020<\/span><\/h1><p>Bienvenue dans la Communaut\u00e9 2020, un lieu o\u00f9 les utilisateurs de solutions 2020 peuvent chatter, \u00e9changer des id\u00e9es et poser des questions, entre eux et avec nous. Cette communaut\u00e9 est une excellente ressource pour les designers professionnels et les adeptes de l\u2019industrie qui souhaitent cr\u00e9er des liens avec leurs pairs, trouver des r\u00e9ponses rapidement \u00e0 leurs questions, partager des astuces, tirer parti de pr\u00e9cieux conseils et davantage. Combinant forums, blogues, trucs, astuces et les meilleures pratiques, nous sommes heureux de vous pr\u00e9senter notre nouvelle communaut\u00e9 ! Il s\u2019agit sans doute de votre premi\u00e8re visite, alors nous vous sugg\u00e9rons quelques \u00e9l\u00e9ments pour vous lancer :<\/p>\n[\/vc_column_inner][\/vc_row_inner][\/vc_column][\/vc_row][vc_row inner_container=\u00a0\u00bbtrue\u00a0\u00bb padding_top=\u00a0\u00bb0px\u00a0\u00bb padding_bottom=\u00a0\u00bb0px\u00a0\u00bb border=\u00a0\u00bbnone\u00a0\u00bb no_margin=\u00a0\u00bbtrue\u00a0\u00bb][vc_column width=\u00a0\u00bb1\/1&Prime;][vc_row_inner inner_container=\u00a0\u00bbtrue\u00a0\u00bb padding_top=\u00a0\u00bb0px\u00a0\u00bb padding_bottom=\u00a0\u00bb0px\u00a0\u00bb border=\u00a0\u00bbnone\u00a0\u00bb][vc_column_inner width=\u00a0\u00bb1\/3&Prime;]<h2 id=\"find\" class=\"h-custom-headline h2\" ><span>\n<p style=\"text-align: center;\"><strong>Inscription <\/strong><\/p>\n<\/span><\/h2><p style=\"text-align: center;\"><a title=\"Register\" href=\"\/fr\/inscription\/\"><i  class=\"x-icon x-icon-check-circle\" style=\"text-align: center;      font-size:100px;\" data-x-icon-s=\"&#xf058;\" aria-hidden=\"true\"><\/i><\/a><\/p>\n<p>C\u2019est gratuit et en vous inscrivant au site, vous pouvez participer \u00e0 des forums, commenter et partager vos points de vue, ainsi que pendre contact avec d\u2019autres utilisateurs qui partagent des int\u00e9r\u00eats similaires aux v\u00f4tres. <a title=\"2020 \u2013 Registration\" href=\"https:\/\/www.2020spaces.com\/fr\/inscription\/\" target=\"_blank\" rel=\"noopener noreferrer\">Inscrivez-vous ici.<\/a><\/p>\n[\/vc_column_inner][vc_column_inner width=\u00a0\u00bb1\/3&Prime;]<h2 id=\"find\" class=\"h-custom-headline h2\" ><span>\n<p style=\"text-align: center;\"><b>Forums<\/b><\/p>\n<\/span><\/h2><p style=\"text-align: center;\"><a title=\"Forums\" href=\"\/fr\/forums\"><i  class=\"x-icon x-icon-comments-o\" style=\"text-align: center;      font-size:100px;\" data-x-icon-s=\"&#xf086;\" aria-hidden=\"true\"><\/i><\/a><\/p>\n<p>Obtenez des r\u00e9ponses \u00e0 vos questions relatives aux solutions 2020. Si vous ne trouvez pas une r\u00e9ponse, posez votre question. <a title=\"Forums\" href=\"\/fr\/forums\/\" target=\"_blank\" rel=\"noopener noreferrer\">Lisez les discussions.<\/a><\/p>\n[\/vc_column_inner][vc_column_inner width=\u00a0\u00bb1\/3&Prime;]<h2 id=\"find\" class=\"h-custom-headline h2\" ><span>\n<p style=\"text-align: center;\"><strong>Directives<\/strong><\/p>\n<\/span><\/h2><p style=\"text-align: center;\"><a title=\"2020 Community Guidelines\" href=\"https:\/\/www.2020spaces.com\/wp-content\/uploads\/2015\/10\/2020-community-guidelines-fr.pdf\" target=\"_blank\" rel=\"noopener noreferrer\"><i  class=\"x-icon x-icon-book\" style=\"text-align: center;      font-size:100px;\" data-x-icon-s=\"&#xf02d;\" aria-hidden=\"true\"><\/i><\/a><\/p>\n<p>Prenez un moment pour lire nos suggestions pour vous assurer que vous profitez au mieux de votre exp\u00e9rience. <a title=\"2020 Community Guidelines\" href=\"https:\/\/www.2020spaces.com\/wp-content\/uploads\/2015\/10\/2020-Community-Guidelines-FR-20151029.pdf\" target=\"blank\" rel=\"noopener noreferrer\">Directives de la Communaut\u00e9 2020.<\/a><\/p>\n[\/vc_column_inner][\/vc_row_inner][\/vc_column][\/vc_row][vc_row][vc_column width=\u00a0\u00bb1\/1&Prime;]<hr  class=\"x-gap\" style=\"margin: 50px 0 0 0;\">[\/vc_column][\/vc_row]\n<\/div>","protected":false},"excerpt":{"rendered":"<p>[vc_row inner_container=\u00a0\u00bbtrue\u00a0\u00bb padding_top=\u00a0\u00bb0px\u00a0\u00bb padding_bottom=\u00a0\u00bb0px\u00a0\u00bb border=\u00a0\u00bbnone\u00a0\u00bb][vc_column width=\u00a0\u00bb1\/1&Prime;][vc_row_inner inner_container=\u00a0\u00bbtrue\u00a0\u00bb padding_top=\u00a0\u00bb0px\u00a0\u00bb padding_bottom=\u00a0\u00bb0px\u00a0\u00bb border=\u00a0\u00bbnone\u00a0\u00bb][vc_column_inner width=\u00a0\u00bb1\/1&Prime;][\/vc_column_inner][\/vc_row_inner][\/vc_column][\/vc_row][vc_row inner_container=\u00a0\u00bbtrue\u00a0\u00bb padding_top=\u00a0\u00bb0px\u00a0\u00bb padding_bottom=\u00a0\u00bb0px\u00a0\u00bb border=\u00a0\u00bbnone\u00a0\u00bb no_margin=\u00a0\u00bbtrue\u00a0\u00bb][vc_column width=\u00a0\u00bb1\/1&Prime;][vc_row_inner inner_container=\u00a0\u00bbtrue\u00a0\u00bb padding_top=\u00a0\u00bb0px\u00a0\u00bb padding_bottom=\u00a0\u00bb0px\u00a0\u00bb border=\u00a0\u00bbnone\u00a0\u00bb][vc_column_inner width=\u00a0\u00bb1\/3&Prime;][\/vc_column_inner][vc_column_inner width=\u00a0\u00bb1\/3&Prime;][\/vc_column_inner][vc_column_inner width=\u00a0\u00bb1\/3&Prime;][\/vc_column_inner][\/vc_row_inner][\/vc_column][\/vc_row][vc_row][vc_column width=\u00a0\u00bb1\/1&Prime;][\/vc_column][\/vc_row]<\/p>\n","protected":false},"author":1,"featured_media":0,"parent":0,"menu_order":0,"comment_status":"closed","ping_status":"closed","template":"template-blank-4.php","meta":{"_bbp_topic_count":0,"_bbp_reply_count":0,"_bbp_total_topic_count":0,"_bbp_total_reply_count":0,"_bbp_voice_count":0,"_bbp_anonymous_reply_count":0,"_bbp_topic_count_hidden":0,"_bbp_reply_count_hidden":0,"_bbp_forum_subforum_count":0,"footnotes":""},"categories":[],"class_list":["post-53898","page","type-page","status-publish","hentry","no-post-thumbnail"],"pp_force_visibility":null,"pp_subpost_visibility":null,"pp_inherited_force_visibility":null,"pp_inherited_subpost_visibility":null,"yoast_head":"<!-- This site is optimized with the Yoast SEO Premium plugin v27.4 (Yoast SEO v27.4) - https:\/\/yoast.com\/product\/yoast-seo-premium-wordpress\/ -->\n<title>Communaut\u00e9 2020 - Bienvenue dans la Communaut\u00e9 2020<\/title>\n<meta name=\"description\" content=\"2020 Community - the place where users of 2020 interior design &amp; furniture software solutions can chat, exchange ideas &amp; ask questions with the 2020 team.\" \/>\n<meta name=\"robots\" content=\"index, follow, max-snippet:-1, max-image-preview:large, max-video-preview:-1\" \/>\n<link rel=\"canonical\" href=\"https:\/\/www.2020spaces.com\/fr\/communaute\/\" \/>\n<meta property=\"og:locale\" content=\"fr_FR\" \/>\n<meta property=\"og:type\" content=\"article\" \/>\n<meta property=\"og:title\" content=\"2020 Communaute\" \/>\n<meta property=\"og:description\" content=\"2020 Community - the place where users of 2020 interior design &amp; furniture software solutions can chat, exchange ideas &amp; ask questions with the 2020 team.\" \/>\n<meta property=\"og:url\" content=\"https:\/\/www.2020spaces.com\/fr\/communaute\/\" \/>\n<meta property=\"og:site_name\" content=\"2020\" \/>\n<meta property=\"article:publisher\" content=\"https:\/\/www.facebook.com\/2020spaces\" \/>\n<meta property=\"article:modified_time\" content=\"2023-06-09T07:34:06+00:00\" \/>\n<meta name=\"twitter:card\" content=\"summary_large_image\" \/>\n<meta name=\"twitter:site\" content=\"@2020spaces\" \/>\n<meta name=\"twitter:label1\" content=\"Dur\u00e9e de lecture estim\u00e9e\" \/>\n\t<meta name=\"twitter:data1\" content=\"2 minutes\" \/>\n<script type=\"application\/ld+json\" class=\"yoast-schema-graph\">{\"@context\":\"https:\\\/\\\/schema.org\",\"@graph\":[{\"@type\":\"WebPage\",\"@id\":\"https:\\\/\\\/www.2020spaces.com\\\/fr\\\/communaute\\\/\",\"url\":\"https:\\\/\\\/www.2020spaces.com\\\/fr\\\/communaute\\\/\",\"name\":\"Communaut\u00e9 2020 - Bienvenue dans la Communaut\u00e9 2020\",\"isPartOf\":{\"@id\":\"https:\\\/\\\/www.2020spaces.com\\\/#website\"},\"datePublished\":\"2022-12-22T17:45:24+00:00\",\"dateModified\":\"2023-06-09T07:34:06+00:00\",\"description\":\"2020 Community - the place where users of 2020 interior design & furniture software solutions can chat, exchange ideas & ask questions with the 2020 team.\",\"breadcrumb\":{\"@id\":\"https:\\\/\\\/www.2020spaces.com\\\/fr\\\/communaute\\\/#breadcrumb\"},\"inLanguage\":\"fr-FR\",\"potentialAction\":[{\"@type\":\"ReadAction\",\"target\":[\"https:\\\/\\\/www.2020spaces.com\\\/fr\\\/communaute\\\/\"]}]},{\"@type\":\"BreadcrumbList\",\"@id\":\"https:\\\/\\\/www.2020spaces.com\\\/fr\\\/communaute\\\/#breadcrumb\",\"itemListElement\":[{\"@type\":\"ListItem\",\"position\":1,\"name\":\"Home\",\"item\":\"https:\\\/\\\/www.2020spaces.com\\\/fr\\\/accueil-2-2\\\/\"},{\"@type\":\"ListItem\",\"position\":2,\"name\":\"2020 Communaute\"}]},{\"@type\":\"WebSite\",\"@id\":\"https:\\\/\\\/www.2020spaces.com\\\/#website\",\"url\":\"https:\\\/\\\/www.2020spaces.com\\\/\",\"name\":\"2020\",\"description\":\"Making Spaces for Life\u2122\",\"potentialAction\":[{\"@type\":\"SearchAction\",\"target\":{\"@type\":\"EntryPoint\",\"urlTemplate\":\"https:\\\/\\\/www.2020spaces.com\\\/?s={search_term_string}\"},\"query-input\":{\"@type\":\"PropertyValueSpecification\",\"valueRequired\":true,\"valueName\":\"search_term_string\"}}],\"inLanguage\":\"fr-FR\"}]}<\/script>\n<!-- \/ Yoast SEO Premium plugin. -->","yoast_head_json":{"title":"Communaut\u00e9 2020 - Bienvenue dans la Communaut\u00e9 2020","description":"2020 Community - the place where users of 2020 interior design & furniture software solutions can chat, exchange ideas & ask questions with the 2020 team.","robots":{"index":"index","follow":"follow","max-snippet":"max-snippet:-1","max-image-preview":"max-image-preview:large","max-video-preview":"max-video-preview:-1"},"canonical":"https:\/\/www.2020spaces.com\/fr\/communaute\/","og_locale":"fr_FR","og_type":"article","og_title":"2020 Communaute","og_description":"2020 Community - the place where users of 2020 interior design & furniture software solutions can chat, exchange ideas & ask questions with the 2020 team.","og_url":"https:\/\/www.2020spaces.com\/fr\/communaute\/","og_site_name":"2020","article_publisher":"https:\/\/www.facebook.com\/2020spaces","article_modified_time":"2023-06-09T07:34:06+00:00","twitter_card":"summary_large_image","twitter_site":"@2020spaces","twitter_misc":{"Dur\u00e9e de lecture estim\u00e9e":"2 minutes"},"schema":{"@context":"https:\/\/schema.org","@graph":[{"@type":"WebPage","@id":"https:\/\/www.2020spaces.com\/fr\/communaute\/","url":"https:\/\/www.2020spaces.com\/fr\/communaute\/","name":"Communaut\u00e9 2020 - Bienvenue dans la Communaut\u00e9 2020","isPartOf":{"@id":"https:\/\/www.2020spaces.com\/#website"},"datePublished":"2022-12-22T17:45:24+00:00","dateModified":"2023-06-09T07:34:06+00:00","description":"2020 Community - the place where users of 2020 interior design & furniture software solutions can chat, exchange ideas & ask questions with the 2020 team.","breadcrumb":{"@id":"https:\/\/www.2020spaces.com\/fr\/communaute\/#breadcrumb"},"inLanguage":"fr-FR","potentialAction":[{"@type":"ReadAction","target":["https:\/\/www.2020spaces.com\/fr\/communaute\/"]}]},{"@type":"BreadcrumbList","@id":"https:\/\/www.2020spaces.com\/fr\/communaute\/#breadcrumb","itemListElement":[{"@type":"ListItem","position":1,"name":"Home","item":"https:\/\/www.2020spaces.com\/fr\/accueil-2-2\/"},{"@type":"ListItem","position":2,"name":"2020 Communaute"}]},{"@type":"WebSite","@id":"https:\/\/www.2020spaces.com\/#website","url":"https:\/\/www.2020spaces.com\/","name":"2020","description":"Making Spaces for Life\u2122","potentialAction":[{"@type":"SearchAction","target":{"@type":"EntryPoint","urlTemplate":"https:\/\/www.2020spaces.com\/?s={search_term_string}"},"query-input":{"@type":"PropertyValueSpecification","valueRequired":true,"valueName":"search_term_string"}}],"inLanguage":"fr-FR"}]}},"_links":{"self":[{"href":"https:\/\/www.2020spaces.com\/fr\/wp-json\/wp\/v2\/pages\/53898","targetHints":{"allow":["GET"]}}],"collection":[{"href":"https:\/\/www.2020spaces.com\/fr\/wp-json\/wp\/v2\/pages"}],"about":[{"href":"https:\/\/www.2020spaces.com\/fr\/wp-json\/wp\/v2\/types\/page"}],"author":[{"embeddable":true,"href":"https:\/\/www.2020spaces.com\/fr\/wp-json\/wp\/v2\/users\/1"}],"replies":[{"embeddable":true,"href":"https:\/\/www.2020spaces.com\/fr\/wp-json\/wp\/v2\/comments?post=53898"}],"version-history":[{"count":0,"href":"https:\/\/www.2020spaces.com\/fr\/wp-json\/wp\/v2\/pages\/53898\/revisions"}],"wp:attachment":[{"href":"https:\/\/www.2020spaces.com\/fr\/wp-json\/wp\/v2\/media?parent=53898"}],"wp:term":[{"taxonomy":"category","embeddable":true,"href":"https:\/\/www.2020spaces.com\/fr\/wp-json\/wp\/v2\/categories?post=53898"}],"curies":[{"name":"wp","href":"https:\/\/api.w.org\/{rel}","templated":true}]}}