{"id":87023,"date":"2016-05-30T11:18:04","date_gmt":"2016-05-30T15:18:04","guid":{"rendered":"https:\/\/www.2020spaces.com\/fr\/?page_id=87023"},"modified":"2021-11-01T14:39:34","modified_gmt":"2021-11-01T18:39:34","slug":"2020designline","status":"publish","type":"page","link":"https:\/\/www.2020spaces.com\/fr\/2020designline\/","title":{"rendered":"2020 Design Line"},"content":{"rendered":"<div id=\"cs-content\" class=\"cs-content\"><\/div>\n","protected":false},"excerpt":{"rendered":"<p>Demander une d\u00e9moObtenir un devisBoostez vos ventes, concevez vos meubles et pilotez votre machine num\u00e9rique gr\u00e2ce \u00e0 2020 Design Line. Boostez vos ventes, concevez vos meubles et pilotez votre machine num\u00e9rique gr\u00e2ce \u00e0 2020 Design Line.Demander une d\u00e9moObtenir un devis &nbsp;Fonctionnalit\u00e9s &nbsp;T\u00e9moignages &nbsp;Ressources &nbsp;Tarifs &nbsp;Formations 2020 Design Line, la suite &#8230; <\/p>\n<div><a href=\"https:\/\/www.2020spaces.com\/fr\/2020designline\/\" class=\"more-link\">En savoir plus<\/a><\/div>\n","protected":false},"author":1,"featured_media":340332,"parent":0,"menu_order":0,"comment_status":"closed","ping_status":"closed","template":"template-blank-4.php","meta":{"_bbp_topic_count":0,"_bbp_reply_count":0,"_bbp_total_topic_count":0,"_bbp_total_reply_count":0,"_bbp_voice_count":0,"_bbp_anonymous_reply_count":0,"_bbp_topic_count_hidden":0,"_bbp_reply_count_hidden":0,"_bbp_forum_subforum_count":0,"footnotes":""},"categories":[],"class_list":["post-87023","page","type-page","status-publish","has-post-thumbnail","hentry"],"pp_force_visibility":null,"pp_subpost_visibility":null,"pp_inherited_force_visibility":null,"pp_inherited_subpost_visibility":null,"yoast_head":"<!-- This site is optimized with the Yoast SEO Premium plugin v26.7 (Yoast SEO v26.7) - https:\/\/yoast.com\/wordpress\/plugins\/seo\/ -->\n<title>2020 Design Line : La suite logicielle pour les agenceurs &amp; fabricants<\/title>\n<meta name=\"description\" content=\"Concevez vos meubles et pilotez votre commande num\u00e9rique gr\u00e2ce \u00e0 2020 Design Line, la suite logicielle d\u00e9di\u00e9e aux agenceurs, fabricants et menuisiers.\" \/>\n<meta name=\"robots\" content=\"index, follow, max-snippet:-1, max-image-preview:large, max-video-preview:-1\" \/>\n<link rel=\"canonical\" href=\"https:\/\/www.2020spaces.com\/fr\/2020designline\/\" \/>\n<meta property=\"og:locale\" content=\"fr_FR\" \/>\n<meta property=\"og:type\" content=\"article\" \/>\n<meta property=\"og:title\" content=\"2020 Design Line \u2013 La suite logicielle d\u00e9di\u00e9e aux agenceurs et fabricants\" \/>\n<meta property=\"og:description\" content=\"Concevez vos meubles et pilotez votre commande num\u00e9rique gr\u00e2ce \u00e0 2020 Design Line, la suite logicielle d\u00e9di\u00e9e aux agenceurs, fabricants et menuisiers.\" \/>\n<meta property=\"og:url\" content=\"https:\/\/www.2020spaces.com\/fr\/2020designline\/\" \/>\n<meta property=\"og:site_name\" content=\"2020\" \/>\n<meta property=\"article:publisher\" content=\"https:\/\/www.facebook.com\/2020spaces\" \/>\n<meta property=\"article:modified_time\" content=\"2021-11-01T18:39:34+00:00\" \/>\n<meta property=\"og:image\" content=\"https:\/\/www.2020spaces.com\/wp-content\/uploads\/2021\/08\/designline_1200x630.jpg\" \/>\n\t<meta property=\"og:image:width\" content=\"1200\" \/>\n\t<meta property=\"og:image:height\" content=\"630\" \/>\n\t<meta property=\"og:image:type\" content=\"image\/jpeg\" \/>\n<meta name=\"twitter:card\" content=\"summary_large_image\" \/>\n<meta name=\"twitter:title\" content=\"2020 Design Line \u2013 La suite logicielle d\u00e9di\u00e9e aux agenceurs et fabricants\" \/>\n<meta name=\"twitter:description\" content=\"Concevez vos meubles et pilotez votre commande num\u00e9rique gr\u00e2ce \u00e0 2020 Design Line, la suite logicielle d\u00e9di\u00e9e aux agenceurs, fabricants et menuisiers.\" \/>\n<meta name=\"twitter:image\" content=\"https:\/\/www.2020spaces.com\/wp-content\/uploads\/2021\/08\/designline_1200x630.jpg\" \/>\n<meta name=\"twitter:site\" content=\"@2020spaces\" \/>\n<meta name=\"twitter:label1\" content=\"Dur\u00e9e de lecture estim\u00e9e\" \/>\n\t<meta name=\"twitter:data1\" content=\"10 minutes\" \/>\n<script type=\"application\/ld+json\" class=\"yoast-schema-graph\">{\"@context\":\"https:\/\/schema.org\",\"@graph\":[{\"@type\":\"WebPage\",\"@id\":\"https:\/\/www.2020spaces.com\/fr\/2020designline\/\",\"url\":\"https:\/\/www.2020spaces.com\/fr\/2020designline\/\",\"name\":\"2020 Design Line : La suite logicielle pour les agenceurs & fabricants\",\"isPartOf\":{\"@id\":\"https:\/\/www.2020spaces.com\/#website\"},\"primaryImageOfPage\":{\"@id\":\"https:\/\/www.2020spaces.com\/fr\/2020designline\/#primaryimage\"},\"image\":{\"@id\":\"https:\/\/www.2020spaces.com\/fr\/2020designline\/#primaryimage\"},\"thumbnailUrl\":\"https:\/\/www.2020spaces.com\/wp-content\/uploads\/2021\/08\/designline_400x323.jpg\",\"datePublished\":\"2016-05-30T15:18:04+00:00\",\"dateModified\":\"2021-11-01T18:39:34+00:00\",\"description\":\"Concevez vos meubles et pilotez votre commande num\u00e9rique gr\u00e2ce \u00e0 2020 Design Line, la suite logicielle d\u00e9di\u00e9e aux agenceurs, fabricants et menuisiers.\",\"breadcrumb\":{\"@id\":\"https:\/\/www.2020spaces.com\/fr\/2020designline\/#breadcrumb\"},\"inLanguage\":\"fr-FR\",\"potentialAction\":[{\"@type\":\"ReadAction\",\"target\":[\"https:\/\/www.2020spaces.com\/fr\/2020designline\/\"]}]},{\"@type\":\"ImageObject\",\"inLanguage\":\"fr-FR\",\"@id\":\"https:\/\/www.2020spaces.com\/fr\/2020designline\/#primaryimage\",\"url\":\"https:\/\/www.2020spaces.com\/wp-content\/uploads\/2021\/08\/designline_400x323.jpg\",\"contentUrl\":\"https:\/\/www.2020spaces.com\/wp-content\/uploads\/2021\/08\/designline_400x323.jpg\",\"width\":400,\"height\":323,\"caption\":\"2020 Design Line\"},{\"@type\":\"BreadcrumbList\",\"@id\":\"https:\/\/www.2020spaces.com\/fr\/2020designline\/#breadcrumb\",\"itemListElement\":[{\"@type\":\"ListItem\",\"position\":1,\"name\":\"Home\",\"item\":\"https:\/\/www.2020spaces.com\/fr\/accueil-2-2\/\"},{\"@type\":\"ListItem\",\"position\":2,\"name\":\"2020 Design Line\"}]},{\"@type\":\"WebSite\",\"@id\":\"https:\/\/www.2020spaces.com\/#website\",\"url\":\"https:\/\/www.2020spaces.com\/\",\"name\":\"2020\",\"description\":\"Making Spaces for Life\u2122\",\"potentialAction\":[{\"@type\":\"SearchAction\",\"target\":{\"@type\":\"EntryPoint\",\"urlTemplate\":\"https:\/\/www.2020spaces.com\/?s={search_term_string}\"},\"query-input\":{\"@type\":\"PropertyValueSpecification\",\"valueRequired\":true,\"valueName\":\"search_term_string\"}}],\"inLanguage\":\"fr-FR\"}]}<\/script>\n<!-- \/ Yoast SEO Premium plugin. -->","yoast_head_json":{"title":"2020 Design Line : La suite logicielle pour les agenceurs & fabricants","description":"Concevez vos meubles et pilotez votre commande num\u00e9rique gr\u00e2ce \u00e0 2020 Design Line, la suite logicielle d\u00e9di\u00e9e aux agenceurs, fabricants et menuisiers.","robots":{"index":"index","follow":"follow","max-snippet":"max-snippet:-1","max-image-preview":"max-image-preview:large","max-video-preview":"max-video-preview:-1"},"canonical":"https:\/\/www.2020spaces.com\/fr\/2020designline\/","og_locale":"fr_FR","og_type":"article","og_title":"2020 Design Line \u2013 La suite logicielle d\u00e9di\u00e9e aux agenceurs et fabricants","og_description":"Concevez vos meubles et pilotez votre commande num\u00e9rique gr\u00e2ce \u00e0 2020 Design Line, la suite logicielle d\u00e9di\u00e9e aux agenceurs, fabricants et menuisiers.","og_url":"https:\/\/www.2020spaces.com\/fr\/2020designline\/","og_site_name":"2020","article_publisher":"https:\/\/www.facebook.com\/2020spaces","article_modified_time":"2021-11-01T18:39:34+00:00","og_image":[{"width":1200,"height":630,"url":"https:\/\/www.2020spaces.com\/wp-content\/uploads\/2021\/08\/designline_1200x630.jpg","type":"image\/jpeg"}],"twitter_card":"summary_large_image","twitter_title":"2020 Design Line \u2013 La suite logicielle d\u00e9di\u00e9e aux agenceurs et fabricants","twitter_description":"Concevez vos meubles et pilotez votre commande num\u00e9rique gr\u00e2ce \u00e0 2020 Design Line, la suite logicielle d\u00e9di\u00e9e aux agenceurs, fabricants et menuisiers.","twitter_image":"https:\/\/www.2020spaces.com\/wp-content\/uploads\/2021\/08\/designline_1200x630.jpg","twitter_site":"@2020spaces","twitter_misc":{"Dur\u00e9e de lecture estim\u00e9e":"10 minutes"},"schema":{"@context":"https:\/\/schema.org","@graph":[{"@type":"WebPage","@id":"https:\/\/www.2020spaces.com\/fr\/2020designline\/","url":"https:\/\/www.2020spaces.com\/fr\/2020designline\/","name":"2020 Design Line : La suite logicielle pour les agenceurs & fabricants","isPartOf":{"@id":"https:\/\/www.2020spaces.com\/#website"},"primaryImageOfPage":{"@id":"https:\/\/www.2020spaces.com\/fr\/2020designline\/#primaryimage"},"image":{"@id":"https:\/\/www.2020spaces.com\/fr\/2020designline\/#primaryimage"},"thumbnailUrl":"https:\/\/www.2020spaces.com\/wp-content\/uploads\/2021\/08\/designline_400x323.jpg","datePublished":"2016-05-30T15:18:04+00:00","dateModified":"2021-11-01T18:39:34+00:00","description":"Concevez vos meubles et pilotez votre commande num\u00e9rique gr\u00e2ce \u00e0 2020 Design Line, la suite logicielle d\u00e9di\u00e9e aux agenceurs, fabricants et menuisiers.","breadcrumb":{"@id":"https:\/\/www.2020spaces.com\/fr\/2020designline\/#breadcrumb"},"inLanguage":"fr-FR","potentialAction":[{"@type":"ReadAction","target":["https:\/\/www.2020spaces.com\/fr\/2020designline\/"]}]},{"@type":"ImageObject","inLanguage":"fr-FR","@id":"https:\/\/www.2020spaces.com\/fr\/2020designline\/#primaryimage","url":"https:\/\/www.2020spaces.com\/wp-content\/uploads\/2021\/08\/designline_400x323.jpg","contentUrl":"https:\/\/www.2020spaces.com\/wp-content\/uploads\/2021\/08\/designline_400x323.jpg","width":400,"height":323,"caption":"2020 Design Line"},{"@type":"BreadcrumbList","@id":"https:\/\/www.2020spaces.com\/fr\/2020designline\/#breadcrumb","itemListElement":[{"@type":"ListItem","position":1,"name":"Home","item":"https:\/\/www.2020spaces.com\/fr\/accueil-2-2\/"},{"@type":"ListItem","position":2,"name":"2020 Design Line"}]},{"@type":"WebSite","@id":"https:\/\/www.2020spaces.com\/#website","url":"https:\/\/www.2020spaces.com\/","name":"2020","description":"Making Spaces for Life\u2122","potentialAction":[{"@type":"SearchAction","target":{"@type":"EntryPoint","urlTemplate":"https:\/\/www.2020spaces.com\/?s={search_term_string}"},"query-input":{"@type":"PropertyValueSpecification","valueRequired":true,"valueName":"search_term_string"}}],"inLanguage":"fr-FR"}]}},"_links":{"self":[{"href":"https:\/\/www.2020spaces.com\/fr\/wp-json\/wp\/v2\/pages\/87023","targetHints":{"allow":["GET"]}}],"collection":[{"href":"https:\/\/www.2020spaces.com\/fr\/wp-json\/wp\/v2\/pages"}],"about":[{"href":"https:\/\/www.2020spaces.com\/fr\/wp-json\/wp\/v2\/types\/page"}],"author":[{"embeddable":true,"href":"https:\/\/www.2020spaces.com\/fr\/wp-json\/wp\/v2\/users\/1"}],"replies":[{"embeddable":true,"href":"https:\/\/www.2020spaces.com\/fr\/wp-json\/wp\/v2\/comments?post=87023"}],"version-history":[{"count":0,"href":"https:\/\/www.2020spaces.com\/fr\/wp-json\/wp\/v2\/pages\/87023\/revisions"}],"wp:featuredmedia":[{"embeddable":true,"href":"https:\/\/www.2020spaces.com\/fr\/wp-json\/wp\/v2\/media\/340332"}],"wp:attachment":[{"href":"https:\/\/www.2020spaces.com\/fr\/wp-json\/wp\/v2\/media?parent=87023"}],"wp:term":[{"taxonomy":"category","embeddable":true,"href":"https:\/\/www.2020spaces.com\/fr\/wp-json\/wp\/v2\/categories?post=87023"}],"curies":[{"name":"wp","href":"https:\/\/api.w.org\/{rel}","templated":true}]}}