{"id":87087,"date":"2016-05-03T14:04:06","date_gmt":"2016-05-03T18:04:06","guid":{"rendered":"https:\/\/www.2020spaces.com\/fr\/?page_id=87087"},"modified":"2023-05-30T05:18:56","modified_gmt":"2023-05-30T09:18:56","slug":"france-support-2020","status":"publish","type":"page","link":"https:\/\/www.2020spaces.com\/fr\/france-support-2020\/","title":{"rendered":"France Assistance"},"content":{"rendered":"<div class=\"wpb-content-wrapper\">[vc_row no_margin=\u00a0\u00bbtrue\u00a0\u00bb padding_top=\u00a0\u00bb0px\u00a0\u00bb padding_bottom=\u00a0\u00bb0px\u00a0\u00bb border=\u00a0\u00bbnone\u00a0\u00bb][vc_column width=\u00a0\u00bb1\/1&Prime;]<img decoding=\"async\"  class=\"x-img x-img-none none\"  src=\"https:\/\/www.2020spaces.com\/wp-content\/uploads\/2016\/05\/Banner_Support_25000x700.jpg\" alt=\"2020 Assistance\">[\/vc_column][\/vc_row]\n[vc_row padding_top=\u00a0\u00bb0px\u00a0\u00bb padding_bottom=\u00a0\u00bb0px\u00a0\u00bb border=\u00a0\u00bbnone\u00a0\u00bb bg_color=\u00a0\u00bb#ffffff\u00a0\u00bb][vc_column width=\u00a0\u00bb1\/1&Prime;][vc_row_inner inner_container=\u00a0\u00bbtrue\u00a0\u00bb padding_top=\u00a0\u00bb0px\u00a0\u00bb padding_bottom=\u00a0\u00bb0px\u00a0\u00bb border=\u00a0\u00bbnone\u00a0\u00bb][vc_column_inner width=\u00a0\u00bb1\/1&Prime;]<h1 style=\"text-align: center;\">Vous avez des questions.<br \/>\nNous avons les r\u00e9ponses.<\/h1>\n<hr  class=\"x-gap\" style=\"margin: 2.626em 0 0 0;\">[\/vc_column_inner][\/vc_row_inner][vc_row_inner inner_container=\u00a0\u00bbtrue\u00a0\u00bb padding_top=\u00a0\u00bb0px\u00a0\u00bb padding_bottom=\u00a0\u00bb0px\u00a0\u00bb border=\u00a0\u00bbnone\u00a0\u00bb][vc_column_inner width=\u00a0\u00bb1\/2&Prime; fade_animation=\u00a0\u00bbin\u00a0\u00bb fade_animation_offset=\u00a0\u00bb45px\u00a0\u00bb style=\u00a0\u00bbtext-align:center;\u00a0\u00bb]<h3 style=\"text-align: center;\"><strong>Soutien technique<\/strong><\/h3>\n<p style=\"text-align: center;\">Vous avez des questions?<br \/>\nNous avons les r\u00e9ponses<\/p>\n<p><i  class=\"x-icon x-icon-envelope\" data-x-icon-s=\"&#xf0e0;\" aria-hidden=\"true\"><\/i>\u00a0<strong><a href=\"mailto:supportfr@2020spaces.com\">supportfr@2020spaces.com<\/a><\/strong><br \/>\n<i  class=\"x-icon x-icon-phone\" data-x-icon-s=\"&#xf095;\" aria-hidden=\"true\"><\/i> +33 (0)4 93 06 00 00<\/p>\n<p style=\"text-align: center;\"><strong>Hours: <\/strong>Du lundi au jeudi de 8h00 \u00e0 12h00 et de 14h00 \u00e0 18h00 et le vendredi de 8h00 \u00e0 12 et de 14h00 \u00e0 17h00<\/p>\n[\/vc_column_inner][vc_column_inner width=\u00a0\u00bb1\/2&Prime; fade_animation=\u00a0\u00bbin\u00a0\u00bb fade_animation_offset=\u00a0\u00bb45px\u00a0\u00bb style=\u00a0\u00bbtext-align:center;\u00a0\u00bb]<h3 style=\"text-align: center;\">\u00a0<strong>Communaut\u00e9 2020<\/strong><\/h3>\n<p style=\"text-align: center;\">La Communaut\u00e9 2020 est un lieu o\u00f9 les utilisateurs de solutions 2020 peuvent chatter, \u00e9changer des id\u00e9es et poser des questions entre eux et avec nous.<\/p>\n<a  class=\"x-btn x-btn-rounded x-btn-large\"  href=\"https:\/\/www.2020spaces.com\/fr\/communaute\/\"  target=\"_blank\" rel=\"noopener noreferrer\"   data-options=\"thumbnail: ''\">\n<p style=\"text-align: center;\">\u00a0Inscrivez-vous \u00e0 la Communaut\u00e9 2020<\/p>\n<\/a>[\/vc_column_inner][\/vc_row_inner][\/vc_column][\/vc_row][vc_row][vc_column width=\u00a0\u00bb1\/1&Prime;]<h3 id=\"Support_produit\" class=\"h-custom-headline center-text h3 accent\" ><span>\n<p>Support produit<\/p>\n<\/span><\/h3>[vc_row_inner inner_container=\u00a0\u00bbtrue\u00a0\u00bb padding_top=\u00a0\u00bb0px\u00a0\u00bb padding_bottom=\u00a0\u00bb0px\u00a0\u00bb border=\u00a0\u00bbnone\u00a0\u00bb][vc_column_inner width=\u00a0\u00bb1\/2&Prime;]<div id=\"Support\" class=\"x-accordion\" ><div  class=\"x-accordion-group\" style=\"background-color:#fff;\"><div class=\"x-accordion-heading\"><a id=\"tab-69dfaef8cabe4\" class=\"x-accordion-toggle\" role=\"tab\" data-x-toggle=\"collapse-b\" data-x-toggleable=\"69dfaef8cabe4\" aria-selected=\"true\" aria-expanded=\"true\" aria-controls=\"panel-69dfaef8cabe4\"><i class='x-framework-icon x-shortcode-accordion-icon' data-x-icon-s='&#x2b;' aria-hidden=true><\/i><span>2020 CAD<\/span><\/a><\/div><div id=\"panel-69dfaef8cabe4\" class=\"x-accordion-body\" role=\"tabpanel\" data-x-toggle-collapse=\"1\" data-x-toggleable=\"69dfaef8cabe4\" aria-hidden=\"false\" aria-labelledby=\"tab-69dfaef8cabe4\"><div class=\"x-accordion-inner\"><strong>Soutien technique<\/strong><br \/>\n<i  class=\"x-icon x-icon-envelope\" data-x-icon-s=\"&#xf0e0;\" aria-hidden=\"true\"><\/i><strong><a href=\"mailto:supportfr@2020spaces.com\"> supportfr@2020spaces.com<\/a><\/strong><br \/>\n<i  class=\"x-icon x-icon-phone\" data-x-icon-s=\"&#xf095;\" aria-hidden=\"true\"><\/i> +33 (0)4 93 06 00 00 \u2013 choix 4<\/p>\n<p><strong>T\u00e9l\u00e9chargement et Mises \u00e0 jours<\/strong><br \/>\nT\u00e9l\u00e9charger les derni\u00e8res versions du logiciel :\u00a0<a target=\"_blank\" href=\"https:\/\/2020france.net\/\" rel=\"noopener noreferrer\" class=\"urlextern\" title=\"https:\/\/2020france.net\/\">https:\/\/2020france.net\/<\/a><\/p>\n<p><strong>Manuels<\/strong><br \/>\n<a target=\"_blank\" href=\"https:\/\/www.2020spaces.com\/wp-content\/uploads\/2016\/05\/2020-CAD-InstallationGuide-France_201604.pdf\" rel=\"noopener noreferrer\">Guide d\u00b4 Installation<\/a><br \/>\nManuel d&rsquo;utilisation<br \/>\n<a target=\"_blank\" href=\"https:\/\/doccad.2020france.net\/doku.php?id=fr:cad:tuto\" rel=\"noopener noreferrer\">Tutoriels<\/a><\/p>\n<p><strong>Wizards<\/strong><br \/>\n<a target=\"_blank\" href=\"https:\/\/doccad.2020france.net\/doku.php?id=fr:wizards:help\" rel=\"noopener noreferrer\">Manuel d&rsquo;utilisation<\/a><\/div><\/div><\/div><div  class=\"x-accordion-group\" style=\"background-color:#fff;\"><div class=\"x-accordion-heading\"><a id=\"tab-69dfaef8cac8b\" class=\"x-accordion-toggle\" role=\"tab\" data-x-toggle=\"collapse-b\" data-x-toggleable=\"69dfaef8cac8b\" aria-selected=\"true\" aria-expanded=\"true\" aria-controls=\"panel-69dfaef8cac8b\"><i class='x-framework-icon x-shortcode-accordion-icon' data-x-icon-s='&#x2b;' aria-hidden=true><\/i><span>2020 CAM<\/span><\/a><\/div><div id=\"panel-69dfaef8cac8b\" class=\"x-accordion-body\" role=\"tabpanel\" data-x-toggle-collapse=\"1\" data-x-toggleable=\"69dfaef8cac8b\" aria-hidden=\"false\" aria-labelledby=\"tab-69dfaef8cac8b\"><div class=\"x-accordion-inner\"><strong>Soutien technique<\/strong><br \/>\n<i  class=\"x-icon x-icon-envelope\" data-x-icon-s=\"&#xf0e0;\" aria-hidden=\"true\"><\/i><strong><a href=\"mailto:supportfr@2020spaces.com\"> supportfr@2020spaces.com<\/a><\/strong><br \/>\n<i  class=\"x-icon x-icon-phone\" data-x-icon-s=\"&#xf095;\" aria-hidden=\"true\"><\/i> +33 (0)4 93 06 00 00 \u2013 choix 5<\/div><\/div><\/div><\/div>[\/vc_column_inner][vc_column_inner width=\u00a0\u00bb1\/2&Prime;]<div id=\"Support\" class=\"x-accordion\" ><div  class=\"x-accordion-group\" style=\"background-color:#fff;\"><div class=\"x-accordion-heading\"><a id=\"tab-69dfaef8cad4a\" class=\"x-accordion-toggle\" role=\"tab\" data-x-toggle=\"collapse-b\" data-x-toggleable=\"69dfaef8cad4a\" aria-selected=\"true\" aria-expanded=\"true\" aria-controls=\"panel-69dfaef8cad4a\"><i class='x-framework-icon x-shortcode-accordion-icon' data-x-icon-s='&#x2b;' aria-hidden=true><\/i><span>2020 Design<\/span><\/a><\/div><div id=\"panel-69dfaef8cad4a\" class=\"x-accordion-body\" role=\"tabpanel\" data-x-toggle-collapse=\"1\" data-x-toggleable=\"69dfaef8cad4a\" aria-hidden=\"false\" aria-labelledby=\"tab-69dfaef8cad4a\"><div class=\"x-accordion-inner\"><strong>Soutien technique<\/strong><br \/>\n<i  class=\"x-icon x-icon-envelope\" data-x-icon-s=\"&#xf0e0;\" aria-hidden=\"true\"><\/i>\u00a0<strong><a href=\"mailto:supportfr@2020spaces.com\">supportfr@2020spaces.com<\/a><\/strong><br \/>\n<i  class=\"x-icon x-icon-phone\" data-x-icon-s=\"&#xf095;\" aria-hidden=\"true\"><\/i> +33 (0)4 93 06 00 00 \u2013 choix\u00a03<\/p>\n<p><strong>T\u00e9l\u00e9charger<\/strong><br \/>\n<a target=\"_blank\" href=\"https:\/\/www.2020.net\" rel=\"noopener noreferrer\">Mise \u00e1 jour du logiciel et catalogues<\/a><br \/>\n<a target=\"_blank\" href=\"https:\/\/www.2020spaces.com\/fr\/support\/install\/\" rel=\"noopener noreferrer\">Guides d&rsquo;installations et guides techniques<\/a><\/div><\/div><\/div><div  class=\"x-accordion-group\" style=\"background-color:#fff;\"><div class=\"x-accordion-heading\"><a id=\"tab-69dfaef8cadc4\" class=\"x-accordion-toggle\" role=\"tab\" data-x-toggle=\"collapse-b\" data-x-toggleable=\"69dfaef8cadc4\" aria-selected=\"true\" aria-expanded=\"true\" aria-controls=\"panel-69dfaef8cadc4\"><i class='x-framework-icon x-shortcode-accordion-icon' data-x-icon-s='&#x2b;' aria-hidden=true><\/i><span>2020 Fusion<\/span><\/a><\/div><div id=\"panel-69dfaef8cadc4\" class=\"x-accordion-body\" role=\"tabpanel\" data-x-toggle-collapse=\"1\" data-x-toggleable=\"69dfaef8cadc4\" aria-hidden=\"false\" aria-labelledby=\"tab-69dfaef8cadc4\"><div class=\"x-accordion-inner\"><strong>Soutien technique<\/strong><br \/>\n<i  class=\"x-icon x-icon-envelope\" data-x-icon-s=\"&#xf0e0;\" aria-hidden=\"true\"><\/i>\u00a0<strong><a href=\"mailto:supportfr@2020spaces.com\">supportfr@2020spaces.com<\/a><\/strong><br \/>\n<i  class=\"x-icon x-icon-phone\" data-x-icon-s=\"&#xf095;\" aria-hidden=\"true\"><\/i> +33 (0)4 93 06 00 00 \u2013 choix 1<\/p>\n<p><strong>T\u00e9l\u00e9charger<\/strong><br \/>\nMise \u00e1 jour du logiciel et catalogues<br \/>\n<a target=\"_blank\" href=\"https:\/\/www.2020spaces.com\/fr\/support\/install\/\" rel=\"noopener noreferrer\">Guides d&rsquo;installations et guides techniques<\/a><\/div><\/div><\/div><\/div>[\/vc_column_inner][\/vc_row_inner][\/vc_column][\/vc_row]\n<\/div>","protected":false},"excerpt":{"rendered":"<p>[vc_row no_margin=\u00a0\u00bbtrue\u00a0\u00bb padding_top=\u00a0\u00bb0px\u00a0\u00bb padding_bottom=\u00a0\u00bb0px\u00a0\u00bb border=\u00a0\u00bbnone\u00a0\u00bb][vc_column width=\u00a0\u00bb1\/1&Prime;][\/vc_column][\/vc_row] [vc_row padding_top=\u00a0\u00bb0px\u00a0\u00bb padding_bottom=\u00a0\u00bb0px\u00a0\u00bb border=\u00a0\u00bbnone\u00a0\u00bb bg_color=\u00a0\u00bb#ffffff\u00a0\u00bb][vc_column width=\u00a0\u00bb1\/1&Prime;][vc_row_inner inner_container=\u00a0\u00bbtrue\u00a0\u00bb padding_top=\u00a0\u00bb0px\u00a0\u00bb padding_bottom=\u00a0\u00bb0px\u00a0\u00bb border=\u00a0\u00bbnone\u00a0\u00bb][vc_column_inner width=\u00a0\u00bb1\/1&Prime;][\/vc_column_inner][\/vc_row_inner][vc_row_inner inner_container=\u00a0\u00bbtrue\u00a0\u00bb padding_top=\u00a0\u00bb0px\u00a0\u00bb padding_bottom=\u00a0\u00bb0px\u00a0\u00bb border=\u00a0\u00bbnone\u00a0\u00bb][vc_column_inner width=\u00a0\u00bb1\/2&Prime; fade_animation=\u00a0\u00bbin\u00a0\u00bb fade_animation_offset=\u00a0\u00bb45px\u00a0\u00bb style=\u00a0\u00bbtext-align:center;\u00a0\u00bb][\/vc_column_inner][vc_column_inner width=\u00a0\u00bb1\/2&Prime; fade_animation=\u00a0\u00bbin\u00a0\u00bb fade_animation_offset=\u00a0\u00bb45px\u00a0\u00bb style=\u00a0\u00bbtext-align:center;\u00a0\u00bb][\/vc_column_inner][\/vc_row_inner][\/vc_column][\/vc_row][vc_row][vc_column width=\u00a0\u00bb1\/1&Prime;][vc_row_inner inner_container=\u00a0\u00bbtrue\u00a0\u00bb padding_top=\u00a0\u00bb0px\u00a0\u00bb padding_bottom=\u00a0\u00bb0px\u00a0\u00bb border=\u00a0\u00bbnone\u00a0\u00bb][vc_column_inner width=\u00a0\u00bb1\/2&Prime;][\/vc_column_inner][vc_column_inner width=\u00a0\u00bb1\/2&Prime;][\/vc_column_inner][\/vc_row_inner][\/vc_column][\/vc_row]<\/p>\n","protected":false},"author":1,"featured_media":0,"parent":0,"menu_order":0,"comment_status":"closed","ping_status":"closed","template":"template-blank-4.php","meta":{"_bbp_topic_count":0,"_bbp_reply_count":0,"_bbp_total_topic_count":0,"_bbp_total_reply_count":0,"_bbp_voice_count":0,"_bbp_anonymous_reply_count":0,"_bbp_topic_count_hidden":0,"_bbp_reply_count_hidden":0,"_bbp_forum_subforum_count":0,"footnotes":""},"categories":[],"class_list":["post-87087","page","type-page","status-publish","hentry","no-post-thumbnail"],"pp_force_visibility":null,"pp_subpost_visibility":null,"pp_inherited_force_visibility":null,"pp_inherited_subpost_visibility":null,"yoast_head":"<!-- This site is optimized with the Yoast SEO Premium plugin v26.7 (Yoast SEO v26.7) - https:\/\/yoast.com\/wordpress\/plugins\/seo\/ -->\n<title>France Assistance - 2020<\/title>\n<meta name=\"description\" content=\"D\u00e9couvrez nos programmes d&#039;assistance et de maintenance pour la France. Vous avez des questions. Nous avons les r\u00e9ponses.\" \/>\n<meta name=\"robots\" content=\"index, follow, max-snippet:-1, max-image-preview:large, max-video-preview:-1\" \/>\n<link rel=\"canonical\" href=\"https:\/\/www.2020spaces.com\/fr\/france-support-2020\/\" \/>\n<meta property=\"og:locale\" content=\"fr_FR\" \/>\n<meta property=\"og:type\" content=\"article\" \/>\n<meta property=\"og:title\" content=\"France Assistance\" \/>\n<meta property=\"og:description\" content=\"D\u00e9couvrez nos programmes d&#039;assistance et de maintenance pour la France. Vous avez des questions. Nous avons les r\u00e9ponses.\" \/>\n<meta property=\"og:url\" content=\"https:\/\/www.2020spaces.com\/fr\/france-support-2020\/\" \/>\n<meta property=\"og:site_name\" content=\"2020\" \/>\n<meta property=\"article:publisher\" content=\"https:\/\/www.facebook.com\/2020spaces\" \/>\n<meta property=\"article:modified_time\" content=\"2023-05-30T09:18:56+00:00\" \/>\n<meta name=\"twitter:card\" content=\"summary_large_image\" \/>\n<meta name=\"twitter:site\" content=\"@2020spaces\" \/>\n<meta name=\"twitter:label1\" content=\"Dur\u00e9e de lecture estim\u00e9e\" \/>\n\t<meta name=\"twitter:data1\" content=\"2 minutes\" \/>\n<script type=\"application\/ld+json\" class=\"yoast-schema-graph\">{\"@context\":\"https:\/\/schema.org\",\"@graph\":[{\"@type\":\"WebPage\",\"@id\":\"https:\/\/www.2020spaces.com\/fr\/france-support-2020\/\",\"url\":\"https:\/\/www.2020spaces.com\/fr\/france-support-2020\/\",\"name\":\"France Assistance - 2020\",\"isPartOf\":{\"@id\":\"https:\/\/www.2020spaces.com\/#website\"},\"datePublished\":\"2016-05-03T18:04:06+00:00\",\"dateModified\":\"2023-05-30T09:18:56+00:00\",\"description\":\"D\u00e9couvrez nos programmes d'assistance et de maintenance pour la France. Vous avez des questions. Nous avons les r\u00e9ponses.\",\"breadcrumb\":{\"@id\":\"https:\/\/www.2020spaces.com\/fr\/france-support-2020\/#breadcrumb\"},\"inLanguage\":\"fr-FR\",\"potentialAction\":[{\"@type\":\"ReadAction\",\"target\":[\"https:\/\/www.2020spaces.com\/fr\/france-support-2020\/\"]}]},{\"@type\":\"BreadcrumbList\",\"@id\":\"https:\/\/www.2020spaces.com\/fr\/france-support-2020\/#breadcrumb\",\"itemListElement\":[{\"@type\":\"ListItem\",\"position\":1,\"name\":\"Home\",\"item\":\"https:\/\/www.2020spaces.com\/fr\/accueil-2-2\/\"},{\"@type\":\"ListItem\",\"position\":2,\"name\":\"France Assistance\"}]},{\"@type\":\"WebSite\",\"@id\":\"https:\/\/www.2020spaces.com\/#website\",\"url\":\"https:\/\/www.2020spaces.com\/\",\"name\":\"2020\",\"description\":\"Making Spaces for Life\u2122\",\"potentialAction\":[{\"@type\":\"SearchAction\",\"target\":{\"@type\":\"EntryPoint\",\"urlTemplate\":\"https:\/\/www.2020spaces.com\/?s={search_term_string}\"},\"query-input\":{\"@type\":\"PropertyValueSpecification\",\"valueRequired\":true,\"valueName\":\"search_term_string\"}}],\"inLanguage\":\"fr-FR\"}]}<\/script>\n<!-- \/ Yoast SEO Premium plugin. -->","yoast_head_json":{"title":"France Assistance - 2020","description":"D\u00e9couvrez nos programmes d'assistance et de maintenance pour la France. Vous avez des questions. Nous avons les r\u00e9ponses.","robots":{"index":"index","follow":"follow","max-snippet":"max-snippet:-1","max-image-preview":"max-image-preview:large","max-video-preview":"max-video-preview:-1"},"canonical":"https:\/\/www.2020spaces.com\/fr\/france-support-2020\/","og_locale":"fr_FR","og_type":"article","og_title":"France Assistance","og_description":"D\u00e9couvrez nos programmes d'assistance et de maintenance pour la France. Vous avez des questions. Nous avons les r\u00e9ponses.","og_url":"https:\/\/www.2020spaces.com\/fr\/france-support-2020\/","og_site_name":"2020","article_publisher":"https:\/\/www.facebook.com\/2020spaces","article_modified_time":"2023-05-30T09:18:56+00:00","twitter_card":"summary_large_image","twitter_site":"@2020spaces","twitter_misc":{"Dur\u00e9e de lecture estim\u00e9e":"2 minutes"},"schema":{"@context":"https:\/\/schema.org","@graph":[{"@type":"WebPage","@id":"https:\/\/www.2020spaces.com\/fr\/france-support-2020\/","url":"https:\/\/www.2020spaces.com\/fr\/france-support-2020\/","name":"France Assistance - 2020","isPartOf":{"@id":"https:\/\/www.2020spaces.com\/#website"},"datePublished":"2016-05-03T18:04:06+00:00","dateModified":"2023-05-30T09:18:56+00:00","description":"D\u00e9couvrez nos programmes d'assistance et de maintenance pour la France. Vous avez des questions. Nous avons les r\u00e9ponses.","breadcrumb":{"@id":"https:\/\/www.2020spaces.com\/fr\/france-support-2020\/#breadcrumb"},"inLanguage":"fr-FR","potentialAction":[{"@type":"ReadAction","target":["https:\/\/www.2020spaces.com\/fr\/france-support-2020\/"]}]},{"@type":"BreadcrumbList","@id":"https:\/\/www.2020spaces.com\/fr\/france-support-2020\/#breadcrumb","itemListElement":[{"@type":"ListItem","position":1,"name":"Home","item":"https:\/\/www.2020spaces.com\/fr\/accueil-2-2\/"},{"@type":"ListItem","position":2,"name":"France Assistance"}]},{"@type":"WebSite","@id":"https:\/\/www.2020spaces.com\/#website","url":"https:\/\/www.2020spaces.com\/","name":"2020","description":"Making Spaces for Life\u2122","potentialAction":[{"@type":"SearchAction","target":{"@type":"EntryPoint","urlTemplate":"https:\/\/www.2020spaces.com\/?s={search_term_string}"},"query-input":{"@type":"PropertyValueSpecification","valueRequired":true,"valueName":"search_term_string"}}],"inLanguage":"fr-FR"}]}},"_links":{"self":[{"href":"https:\/\/www.2020spaces.com\/fr\/wp-json\/wp\/v2\/pages\/87087","targetHints":{"allow":["GET"]}}],"collection":[{"href":"https:\/\/www.2020spaces.com\/fr\/wp-json\/wp\/v2\/pages"}],"about":[{"href":"https:\/\/www.2020spaces.com\/fr\/wp-json\/wp\/v2\/types\/page"}],"author":[{"embeddable":true,"href":"https:\/\/www.2020spaces.com\/fr\/wp-json\/wp\/v2\/users\/1"}],"replies":[{"embeddable":true,"href":"https:\/\/www.2020spaces.com\/fr\/wp-json\/wp\/v2\/comments?post=87087"}],"version-history":[{"count":0,"href":"https:\/\/www.2020spaces.com\/fr\/wp-json\/wp\/v2\/pages\/87087\/revisions"}],"wp:attachment":[{"href":"https:\/\/www.2020spaces.com\/fr\/wp-json\/wp\/v2\/media?parent=87087"}],"wp:term":[{"taxonomy":"category","embeddable":true,"href":"https:\/\/www.2020spaces.com\/fr\/wp-json\/wp\/v2\/categories?post=87087"}],"curies":[{"name":"wp","href":"https:\/\/api.w.org\/{rel}","templated":true}]}}