{"id":9386,"date":"2014-06-05T15:08:35","date_gmt":"2014-06-05T19:08:35","guid":{"rendered":"https:\/\/www.2020spaces.com\/?page_id=9386"},"modified":"2024-04-01T17:34:04","modified_gmt":"2024-04-01T21:34:04","slug":"propos-de-nous","status":"publish","type":"page","link":"https:\/\/www.2020spaces.com\/fr\/propos-de-nous\/","title":{"rendered":"\u00e0 propos de nous"},"content":{"rendered":"<div id=\"cs-content\" class=\"cs-content\"><\/div>\n","protected":false},"excerpt":{"rendered":"<p>\u00c0 propos de nous \u00c0 propos de 2020 2020, une entreprise de Cyncly, fournit des logiciels, des services et du contenu pour aider les concepteurs professionnels, les d\u00e9taillants et les fabricants \u00e0 donner vie \u00e0 leurs id\u00e9es, \u00e0 inspirer l&rsquo;innovation et \u00e0 rationaliser les processus. Notre liste de produits de &#8230; <\/p>\n<div><a href=\"https:\/\/www.2020spaces.com\/fr\/propos-de-nous\/\" class=\"more-link\">En savoir plus<\/a><\/div>\n","protected":false},"author":1,"featured_media":0,"parent":0,"menu_order":0,"comment_status":"closed","ping_status":"closed","template":"template-blank-4.php","meta":{"_bbp_topic_count":0,"_bbp_reply_count":0,"_bbp_total_topic_count":0,"_bbp_total_reply_count":0,"_bbp_voice_count":0,"_bbp_anonymous_reply_count":0,"_bbp_topic_count_hidden":0,"_bbp_reply_count_hidden":0,"_bbp_forum_subforum_count":0,"footnotes":""},"categories":[],"class_list":["post-9386","page","type-page","status-publish","hentry","no-post-thumbnail"],"pp_force_visibility":null,"pp_subpost_visibility":null,"pp_inherited_force_visibility":null,"pp_inherited_subpost_visibility":null,"yoast_head":"<!-- This site is optimized with the Yoast SEO Premium plugin v27.4 (Yoast SEO v27.4) - https:\/\/yoast.com\/product\/yoast-seo-premium-wordpress\/ -->\n<title>2020 \u00c0 propos de nous<\/title>\n<meta name=\"description\" content=\"2020 aide les professionnels du design &amp; les fabricants des industries de l&#039;am\u00e9nagement r\u00e9sidentiel &amp; du meuble \u00e0 capturer des id\u00e9es &amp; inspirer l&#039;innovation\" \/>\n<meta name=\"robots\" content=\"index, follow, max-snippet:-1, max-image-preview:large, max-video-preview:-1\" \/>\n<link rel=\"canonical\" href=\"https:\/\/www.2020spaces.com\/fr\/propos-de-nous\/\" \/>\n<meta property=\"og:locale\" content=\"fr_FR\" \/>\n<meta property=\"og:type\" content=\"article\" \/>\n<meta property=\"og:title\" content=\"\u00e0 propos de nous\" \/>\n<meta property=\"og:description\" content=\"2020 aide les professionnels du design &amp; les fabricants des industries de l&#039;am\u00e9nagement r\u00e9sidentiel &amp; du meuble \u00e0 capturer des id\u00e9es &amp; inspirer l&#039;innovation\" \/>\n<meta property=\"og:url\" content=\"https:\/\/www.2020spaces.com\/fr\/propos-de-nous\/\" \/>\n<meta property=\"og:site_name\" content=\"2020\" \/>\n<meta property=\"article:publisher\" content=\"https:\/\/www.facebook.com\/2020spaces\" \/>\n<meta property=\"article:modified_time\" content=\"2024-04-01T21:34:04+00:00\" \/>\n<meta name=\"twitter:card\" content=\"summary_large_image\" \/>\n<meta name=\"twitter:site\" content=\"@2020spaces\" \/>\n<meta name=\"twitter:label1\" content=\"Dur\u00e9e de lecture estim\u00e9e\" \/>\n\t<meta name=\"twitter:data1\" content=\"3 minutes\" \/>\n<script type=\"application\/ld+json\" class=\"yoast-schema-graph\">{\"@context\":\"https:\\\/\\\/schema.org\",\"@graph\":[{\"@type\":\"WebPage\",\"@id\":\"https:\\\/\\\/www.2020spaces.com\\\/fr\\\/propos-de-nous\\\/\",\"url\":\"https:\\\/\\\/www.2020spaces.com\\\/fr\\\/propos-de-nous\\\/\",\"name\":\"2020 \u00c0 propos de nous\",\"isPartOf\":{\"@id\":\"https:\\\/\\\/www.2020spaces.com\\\/#website\"},\"datePublished\":\"2014-06-05T19:08:35+00:00\",\"dateModified\":\"2024-04-01T21:34:04+00:00\",\"description\":\"2020 aide les professionnels du design & les fabricants des industries de l'am\u00e9nagement r\u00e9sidentiel & du meuble \u00e0 capturer des id\u00e9es & inspirer l'innovation\",\"breadcrumb\":{\"@id\":\"https:\\\/\\\/www.2020spaces.com\\\/fr\\\/propos-de-nous\\\/#breadcrumb\"},\"inLanguage\":\"fr-FR\",\"potentialAction\":[{\"@type\":\"ReadAction\",\"target\":[\"https:\\\/\\\/www.2020spaces.com\\\/fr\\\/propos-de-nous\\\/\"]}]},{\"@type\":\"BreadcrumbList\",\"@id\":\"https:\\\/\\\/www.2020spaces.com\\\/fr\\\/propos-de-nous\\\/#breadcrumb\",\"itemListElement\":[{\"@type\":\"ListItem\",\"position\":1,\"name\":\"Home\",\"item\":\"https:\\\/\\\/www.2020spaces.com\\\/fr\\\/accueil-2-2\\\/\"},{\"@type\":\"ListItem\",\"position\":2,\"name\":\"\u00e0 propos de nous\"}]},{\"@type\":\"WebSite\",\"@id\":\"https:\\\/\\\/www.2020spaces.com\\\/#website\",\"url\":\"https:\\\/\\\/www.2020spaces.com\\\/\",\"name\":\"2020\",\"description\":\"Making Spaces for Life\u2122\",\"potentialAction\":[{\"@type\":\"SearchAction\",\"target\":{\"@type\":\"EntryPoint\",\"urlTemplate\":\"https:\\\/\\\/www.2020spaces.com\\\/?s={search_term_string}\"},\"query-input\":{\"@type\":\"PropertyValueSpecification\",\"valueRequired\":true,\"valueName\":\"search_term_string\"}}],\"inLanguage\":\"fr-FR\"}]}<\/script>\n<!-- \/ Yoast SEO Premium plugin. -->","yoast_head_json":{"title":"2020 \u00c0 propos de nous","description":"2020 aide les professionnels du design & les fabricants des industries de l'am\u00e9nagement r\u00e9sidentiel & du meuble \u00e0 capturer des id\u00e9es & inspirer l'innovation","robots":{"index":"index","follow":"follow","max-snippet":"max-snippet:-1","max-image-preview":"max-image-preview:large","max-video-preview":"max-video-preview:-1"},"canonical":"https:\/\/www.2020spaces.com\/fr\/propos-de-nous\/","og_locale":"fr_FR","og_type":"article","og_title":"\u00e0 propos de nous","og_description":"2020 aide les professionnels du design & les fabricants des industries de l'am\u00e9nagement r\u00e9sidentiel & du meuble \u00e0 capturer des id\u00e9es & inspirer l'innovation","og_url":"https:\/\/www.2020spaces.com\/fr\/propos-de-nous\/","og_site_name":"2020","article_publisher":"https:\/\/www.facebook.com\/2020spaces","article_modified_time":"2024-04-01T21:34:04+00:00","twitter_card":"summary_large_image","twitter_site":"@2020spaces","twitter_misc":{"Dur\u00e9e de lecture estim\u00e9e":"3 minutes"},"schema":{"@context":"https:\/\/schema.org","@graph":[{"@type":"WebPage","@id":"https:\/\/www.2020spaces.com\/fr\/propos-de-nous\/","url":"https:\/\/www.2020spaces.com\/fr\/propos-de-nous\/","name":"2020 \u00c0 propos de nous","isPartOf":{"@id":"https:\/\/www.2020spaces.com\/#website"},"datePublished":"2014-06-05T19:08:35+00:00","dateModified":"2024-04-01T21:34:04+00:00","description":"2020 aide les professionnels du design & les fabricants des industries de l'am\u00e9nagement r\u00e9sidentiel & du meuble \u00e0 capturer des id\u00e9es & inspirer l'innovation","breadcrumb":{"@id":"https:\/\/www.2020spaces.com\/fr\/propos-de-nous\/#breadcrumb"},"inLanguage":"fr-FR","potentialAction":[{"@type":"ReadAction","target":["https:\/\/www.2020spaces.com\/fr\/propos-de-nous\/"]}]},{"@type":"BreadcrumbList","@id":"https:\/\/www.2020spaces.com\/fr\/propos-de-nous\/#breadcrumb","itemListElement":[{"@type":"ListItem","position":1,"name":"Home","item":"https:\/\/www.2020spaces.com\/fr\/accueil-2-2\/"},{"@type":"ListItem","position":2,"name":"\u00e0 propos de nous"}]},{"@type":"WebSite","@id":"https:\/\/www.2020spaces.com\/#website","url":"https:\/\/www.2020spaces.com\/","name":"2020","description":"Making Spaces for Life\u2122","potentialAction":[{"@type":"SearchAction","target":{"@type":"EntryPoint","urlTemplate":"https:\/\/www.2020spaces.com\/?s={search_term_string}"},"query-input":{"@type":"PropertyValueSpecification","valueRequired":true,"valueName":"search_term_string"}}],"inLanguage":"fr-FR"}]}},"_links":{"self":[{"href":"https:\/\/www.2020spaces.com\/fr\/wp-json\/wp\/v2\/pages\/9386","targetHints":{"allow":["GET"]}}],"collection":[{"href":"https:\/\/www.2020spaces.com\/fr\/wp-json\/wp\/v2\/pages"}],"about":[{"href":"https:\/\/www.2020spaces.com\/fr\/wp-json\/wp\/v2\/types\/page"}],"author":[{"embeddable":true,"href":"https:\/\/www.2020spaces.com\/fr\/wp-json\/wp\/v2\/users\/1"}],"replies":[{"embeddable":true,"href":"https:\/\/www.2020spaces.com\/fr\/wp-json\/wp\/v2\/comments?post=9386"}],"version-history":[{"count":0,"href":"https:\/\/www.2020spaces.com\/fr\/wp-json\/wp\/v2\/pages\/9386\/revisions"}],"wp:attachment":[{"href":"https:\/\/www.2020spaces.com\/fr\/wp-json\/wp\/v2\/media?parent=9386"}],"wp:term":[{"taxonomy":"category","embeddable":true,"href":"https:\/\/www.2020spaces.com\/fr\/wp-json\/wp\/v2\/categories?post=9386"}],"curies":[{"name":"wp","href":"https:\/\/api.w.org\/{rel}","templated":true}]}}