{"id":9393,"date":"2014-05-27T07:40:10","date_gmt":"2014-05-27T11:40:10","guid":{"rendered":"https:\/\/www.2020spaces.com\/?page_id=9393"},"modified":"2024-04-02T10:15:47","modified_gmt":"2024-04-02T14:15:47","slug":"2020-ideal-spaces-fr","status":"publish","type":"page","link":"https:\/\/www.2020spaces.com\/fr\/produits\/2020-ideal-spaces-fr\/","title":{"rendered":"2020 Ideal Spaces"},"content":{"rendered":"<div id=\"cs-content\" class=\"cs-content\"><\/div>\n","protected":false},"excerpt":{"rendered":"<p>2020 Ideal Spaces La solution en ligne d\u2019engagement des consommateurs d\u00e9di\u00e9e aux d\u00e9taillants, e-commer\u00e7ants et fabricants du secteur de l\u2019agencement. Niveau PME, ETI et Grande Entreprise.Contactez-nousDemandez une d\u00e9mo Engagez. Inspirez. Vendez. 2020 Ideal Spaces est un configurateur en ligne destin\u00e9 aux particuliers. Il augmente de mani\u00e8re exponentielle l&rsquo;engagement avec les &#8230; <\/p>\n<div><a href=\"https:\/\/www.2020spaces.com\/fr\/produits\/2020-ideal-spaces-fr\/\" class=\"more-link\">En savoir plus<\/a><\/div>\n","protected":false},"author":1,"featured_media":322017,"parent":9434,"menu_order":0,"comment_status":"open","ping_status":"closed","template":"template-blank-4.php","meta":{"_bbp_topic_count":0,"_bbp_reply_count":0,"_bbp_total_topic_count":0,"_bbp_total_reply_count":0,"_bbp_voice_count":0,"_bbp_anonymous_reply_count":0,"_bbp_topic_count_hidden":0,"_bbp_reply_count_hidden":0,"_bbp_forum_subforum_count":0,"footnotes":""},"categories":[],"class_list":["post-9393","page","type-page","status-publish","has-post-thumbnail","hentry"],"pp_force_visibility":null,"pp_subpost_visibility":null,"pp_inherited_force_visibility":null,"pp_inherited_subpost_visibility":null,"yoast_head":"<!-- This site is optimized with the Yoast SEO Premium plugin v27.4 (Yoast SEO v27.4) - https:\/\/yoast.com\/product\/yoast-seo-premium-wordpress\/ -->\n<title>2020 Ideal Spaces \u2013 Solution en ligne d&#039;engagement | 2020<\/title>\n<meta name=\"description\" content=\"2020 Ideal Spaces est une solution en ligne d\u2019engagement des consommateurs d\u00e9di\u00e9e aux d\u00e9taillants, e-commer\u00e7ants et fabricants du secteur de l\u2019agencement.\" \/>\n<meta name=\"robots\" content=\"index, follow, max-snippet:-1, max-image-preview:large, max-video-preview:-1\" \/>\n<link rel=\"canonical\" href=\"https:\/\/www.2020spaces.com\/fr\/produits\/2020-ideal-spaces-fr\/\" \/>\n<meta property=\"og:locale\" content=\"fr_FR\" \/>\n<meta property=\"og:type\" content=\"article\" \/>\n<meta property=\"og:title\" content=\"2020 Ideal Spaces \u2013 Solution en ligne d&#039;engagement | 2020\" \/>\n<meta property=\"og:description\" content=\"2020 Ideal Spaces est une solution en ligne d\u2019engagement des consommateurs d\u00e9di\u00e9e aux d\u00e9taillants, e-commer\u00e7ants et fabricants du secteur de l\u2019agencement.\" \/>\n<meta property=\"og:url\" content=\"https:\/\/www.2020spaces.com\/fr\/produits\/2020-ideal-spaces-fr\/\" \/>\n<meta property=\"og:site_name\" content=\"2020\" \/>\n<meta property=\"article:publisher\" content=\"https:\/\/www.facebook.com\/2020spaces\" \/>\n<meta property=\"article:modified_time\" content=\"2024-04-02T14:15:47+00:00\" \/>\n<meta property=\"og:image\" content=\"https:\/\/www.2020spaces.com\/wp-content\/uploads\/2021\/03\/Social_1200x630_IdealSpaces_Monitor_2021.jpg\" \/>\n\t<meta property=\"og:image:width\" content=\"1200\" \/>\n\t<meta property=\"og:image:height\" content=\"630\" \/>\n\t<meta property=\"og:image:type\" content=\"image\/jpeg\" \/>\n<meta name=\"twitter:card\" content=\"summary_large_image\" \/>\n<meta name=\"twitter:title\" content=\"2020 Ideal Spaces \u2013 Solution en ligne d&#039;engagement | 2020\" \/>\n<meta name=\"twitter:description\" content=\"2020 Ideal Spaces est une solution en ligne d\u2019engagement des consommateurs d\u00e9di\u00e9e aux d\u00e9taillants, e-commer\u00e7ants et fabricants du secteur de l\u2019agencement.\" \/>\n<meta name=\"twitter:image\" content=\"https:\/\/www.2020spaces.com\/wp-content\/uploads\/2021\/03\/Social_1200x630_IdealSpaces_Monitor_2021.jpg\" \/>\n<meta name=\"twitter:site\" content=\"@2020spaces\" \/>\n<meta name=\"twitter:label1\" content=\"Dur\u00e9e de lecture estim\u00e9e\" \/>\n\t<meta name=\"twitter:data1\" content=\"15 minutes\" \/>\n<script type=\"application\/ld+json\" class=\"yoast-schema-graph\">{\"@context\":\"https:\\\/\\\/schema.org\",\"@graph\":[{\"@type\":\"WebPage\",\"@id\":\"https:\\\/\\\/www.2020spaces.com\\\/fr\\\/produits\\\/2020-ideal-spaces-fr\\\/\",\"url\":\"https:\\\/\\\/www.2020spaces.com\\\/fr\\\/produits\\\/2020-ideal-spaces-fr\\\/\",\"name\":\"2020 Ideal Spaces \u2013 Solution en ligne d'engagement | 2020\",\"isPartOf\":{\"@id\":\"https:\\\/\\\/www.2020spaces.com\\\/#website\"},\"primaryImageOfPage\":{\"@id\":\"https:\\\/\\\/www.2020spaces.com\\\/fr\\\/produits\\\/2020-ideal-spaces-fr\\\/#primaryimage\"},\"image\":{\"@id\":\"https:\\\/\\\/www.2020spaces.com\\\/fr\\\/produits\\\/2020-ideal-spaces-fr\\\/#primaryimage\"},\"thumbnailUrl\":\"https:\\\/\\\/www.2020spaces.com\\\/wp-content\\\/uploads\\\/2021\\\/03\\\/Featured_400x323_IdealSpaces_Monitor_2021.jpg\",\"datePublished\":\"2014-05-27T11:40:10+00:00\",\"dateModified\":\"2024-04-02T14:15:47+00:00\",\"description\":\"2020 Ideal Spaces est une solution en ligne d\u2019engagement des consommateurs d\u00e9di\u00e9e aux d\u00e9taillants, e-commer\u00e7ants et fabricants du secteur de l\u2019agencement.\",\"breadcrumb\":{\"@id\":\"https:\\\/\\\/www.2020spaces.com\\\/fr\\\/produits\\\/2020-ideal-spaces-fr\\\/#breadcrumb\"},\"inLanguage\":\"fr-FR\",\"potentialAction\":[{\"@type\":\"ReadAction\",\"target\":[\"https:\\\/\\\/www.2020spaces.com\\\/fr\\\/produits\\\/2020-ideal-spaces-fr\\\/\"]}]},{\"@type\":\"ImageObject\",\"inLanguage\":\"fr-FR\",\"@id\":\"https:\\\/\\\/www.2020spaces.com\\\/fr\\\/produits\\\/2020-ideal-spaces-fr\\\/#primaryimage\",\"url\":\"https:\\\/\\\/www.2020spaces.com\\\/wp-content\\\/uploads\\\/2021\\\/03\\\/Featured_400x323_IdealSpaces_Monitor_2021.jpg\",\"contentUrl\":\"https:\\\/\\\/www.2020spaces.com\\\/wp-content\\\/uploads\\\/2021\\\/03\\\/Featured_400x323_IdealSpaces_Monitor_2021.jpg\",\"width\":400,\"height\":323,\"caption\":\"2020 Ideal Spaces\"},{\"@type\":\"BreadcrumbList\",\"@id\":\"https:\\\/\\\/www.2020spaces.com\\\/fr\\\/produits\\\/2020-ideal-spaces-fr\\\/#breadcrumb\",\"itemListElement\":[{\"@type\":\"ListItem\",\"position\":1,\"name\":\"Home\",\"item\":\"https:\\\/\\\/www.2020spaces.com\\\/fr\\\/accueil-2-2\\\/\"},{\"@type\":\"ListItem\",\"position\":2,\"name\":\"Produits 2020\",\"item\":\"https:\\\/\\\/www.2020spaces.com\\\/fr\\\/produits\\\/\"},{\"@type\":\"ListItem\",\"position\":3,\"name\":\"2020 Ideal Spaces\"}]},{\"@type\":\"WebSite\",\"@id\":\"https:\\\/\\\/www.2020spaces.com\\\/#website\",\"url\":\"https:\\\/\\\/www.2020spaces.com\\\/\",\"name\":\"2020\",\"description\":\"Making Spaces for Life\u2122\",\"potentialAction\":[{\"@type\":\"SearchAction\",\"target\":{\"@type\":\"EntryPoint\",\"urlTemplate\":\"https:\\\/\\\/www.2020spaces.com\\\/?s={search_term_string}\"},\"query-input\":{\"@type\":\"PropertyValueSpecification\",\"valueRequired\":true,\"valueName\":\"search_term_string\"}}],\"inLanguage\":\"fr-FR\"}]}<\/script>\n<!-- \/ Yoast SEO Premium plugin. -->","yoast_head_json":{"title":"2020 Ideal Spaces \u2013 Solution en ligne d'engagement | 2020","description":"2020 Ideal Spaces est une solution en ligne d\u2019engagement des consommateurs d\u00e9di\u00e9e aux d\u00e9taillants, e-commer\u00e7ants et fabricants du secteur de l\u2019agencement.","robots":{"index":"index","follow":"follow","max-snippet":"max-snippet:-1","max-image-preview":"max-image-preview:large","max-video-preview":"max-video-preview:-1"},"canonical":"https:\/\/www.2020spaces.com\/fr\/produits\/2020-ideal-spaces-fr\/","og_locale":"fr_FR","og_type":"article","og_title":"2020 Ideal Spaces \u2013 Solution en ligne d'engagement | 2020","og_description":"2020 Ideal Spaces est une solution en ligne d\u2019engagement des consommateurs d\u00e9di\u00e9e aux d\u00e9taillants, e-commer\u00e7ants et fabricants du secteur de l\u2019agencement.","og_url":"https:\/\/www.2020spaces.com\/fr\/produits\/2020-ideal-spaces-fr\/","og_site_name":"2020","article_publisher":"https:\/\/www.facebook.com\/2020spaces","article_modified_time":"2024-04-02T14:15:47+00:00","og_image":[{"width":1200,"height":630,"url":"https:\/\/www.2020spaces.com\/wp-content\/uploads\/2021\/03\/Social_1200x630_IdealSpaces_Monitor_2021.jpg","type":"image\/jpeg"}],"twitter_card":"summary_large_image","twitter_title":"2020 Ideal Spaces \u2013 Solution en ligne d'engagement | 2020","twitter_description":"2020 Ideal Spaces est une solution en ligne d\u2019engagement des consommateurs d\u00e9di\u00e9e aux d\u00e9taillants, e-commer\u00e7ants et fabricants du secteur de l\u2019agencement.","twitter_image":"https:\/\/www.2020spaces.com\/wp-content\/uploads\/2021\/03\/Social_1200x630_IdealSpaces_Monitor_2021.jpg","twitter_site":"@2020spaces","twitter_misc":{"Dur\u00e9e de lecture estim\u00e9e":"15 minutes"},"schema":{"@context":"https:\/\/schema.org","@graph":[{"@type":"WebPage","@id":"https:\/\/www.2020spaces.com\/fr\/produits\/2020-ideal-spaces-fr\/","url":"https:\/\/www.2020spaces.com\/fr\/produits\/2020-ideal-spaces-fr\/","name":"2020 Ideal Spaces \u2013 Solution en ligne d'engagement | 2020","isPartOf":{"@id":"https:\/\/www.2020spaces.com\/#website"},"primaryImageOfPage":{"@id":"https:\/\/www.2020spaces.com\/fr\/produits\/2020-ideal-spaces-fr\/#primaryimage"},"image":{"@id":"https:\/\/www.2020spaces.com\/fr\/produits\/2020-ideal-spaces-fr\/#primaryimage"},"thumbnailUrl":"https:\/\/www.2020spaces.com\/wp-content\/uploads\/2021\/03\/Featured_400x323_IdealSpaces_Monitor_2021.jpg","datePublished":"2014-05-27T11:40:10+00:00","dateModified":"2024-04-02T14:15:47+00:00","description":"2020 Ideal Spaces est une solution en ligne d\u2019engagement des consommateurs d\u00e9di\u00e9e aux d\u00e9taillants, e-commer\u00e7ants et fabricants du secteur de l\u2019agencement.","breadcrumb":{"@id":"https:\/\/www.2020spaces.com\/fr\/produits\/2020-ideal-spaces-fr\/#breadcrumb"},"inLanguage":"fr-FR","potentialAction":[{"@type":"ReadAction","target":["https:\/\/www.2020spaces.com\/fr\/produits\/2020-ideal-spaces-fr\/"]}]},{"@type":"ImageObject","inLanguage":"fr-FR","@id":"https:\/\/www.2020spaces.com\/fr\/produits\/2020-ideal-spaces-fr\/#primaryimage","url":"https:\/\/www.2020spaces.com\/wp-content\/uploads\/2021\/03\/Featured_400x323_IdealSpaces_Monitor_2021.jpg","contentUrl":"https:\/\/www.2020spaces.com\/wp-content\/uploads\/2021\/03\/Featured_400x323_IdealSpaces_Monitor_2021.jpg","width":400,"height":323,"caption":"2020 Ideal Spaces"},{"@type":"BreadcrumbList","@id":"https:\/\/www.2020spaces.com\/fr\/produits\/2020-ideal-spaces-fr\/#breadcrumb","itemListElement":[{"@type":"ListItem","position":1,"name":"Home","item":"https:\/\/www.2020spaces.com\/fr\/accueil-2-2\/"},{"@type":"ListItem","position":2,"name":"Produits 2020","item":"https:\/\/www.2020spaces.com\/fr\/produits\/"},{"@type":"ListItem","position":3,"name":"2020 Ideal Spaces"}]},{"@type":"WebSite","@id":"https:\/\/www.2020spaces.com\/#website","url":"https:\/\/www.2020spaces.com\/","name":"2020","description":"Making Spaces for Life\u2122","potentialAction":[{"@type":"SearchAction","target":{"@type":"EntryPoint","urlTemplate":"https:\/\/www.2020spaces.com\/?s={search_term_string}"},"query-input":{"@type":"PropertyValueSpecification","valueRequired":true,"valueName":"search_term_string"}}],"inLanguage":"fr-FR"}]}},"_links":{"self":[{"href":"https:\/\/www.2020spaces.com\/fr\/wp-json\/wp\/v2\/pages\/9393","targetHints":{"allow":["GET"]}}],"collection":[{"href":"https:\/\/www.2020spaces.com\/fr\/wp-json\/wp\/v2\/pages"}],"about":[{"href":"https:\/\/www.2020spaces.com\/fr\/wp-json\/wp\/v2\/types\/page"}],"author":[{"embeddable":true,"href":"https:\/\/www.2020spaces.com\/fr\/wp-json\/wp\/v2\/users\/1"}],"replies":[{"embeddable":true,"href":"https:\/\/www.2020spaces.com\/fr\/wp-json\/wp\/v2\/comments?post=9393"}],"version-history":[{"count":0,"href":"https:\/\/www.2020spaces.com\/fr\/wp-json\/wp\/v2\/pages\/9393\/revisions"}],"up":[{"embeddable":true,"href":"https:\/\/www.2020spaces.com\/fr\/wp-json\/wp\/v2\/pages\/9434"}],"wp:featuredmedia":[{"embeddable":true,"href":"https:\/\/www.2020spaces.com\/fr\/wp-json\/wp\/v2\/media\/322017"}],"wp:attachment":[{"href":"https:\/\/www.2020spaces.com\/fr\/wp-json\/wp\/v2\/media?parent=9393"}],"wp:term":[{"taxonomy":"category","embeddable":true,"href":"https:\/\/www.2020spaces.com\/fr\/wp-json\/wp\/v2\/categories?post=9393"}],"curies":[{"name":"wp","href":"https:\/\/api.w.org\/{rel}","templated":true}]}}