{"id":9434,"date":"2022-03-22T14:00:17","date_gmt":"2022-03-22T18:00:17","guid":{"rendered":"https:\/\/www.2020spaces.com\/?page_id=9434"},"modified":"2023-10-31T15:32:46","modified_gmt":"2023-10-31T19:32:46","slug":"produits","status":"publish","type":"page","link":"https:\/\/www.2020spaces.com\/fr\/produits\/","title":{"rendered":"Produits 2020"},"content":{"rendered":"<div id=\"cs-content\" class=\"cs-content\"><\/div>\n","protected":false},"excerpt":{"rendered":"<p>Produits Find the right product for Trouvez le bon produit pour Le portefeuille de produits 2020 offre une large gamme d&rsquo;outils de productivit\u00e9 et de solutions d&rsquo;entreprise ax\u00e9s sur la conception et la planification d&rsquo;espaces r\u00e9sidentiels et commerciaux ainsi que sur la fabrication de meubles.Choisissez votre produit Que vous soyez &#8230; <\/p>\n<div><a href=\"https:\/\/www.2020spaces.com\/fr\/produits\/\" class=\"more-link\">En savoir plus<\/a><\/div>\n","protected":false},"author":26709,"featured_media":359306,"parent":0,"menu_order":0,"comment_status":"open","ping_status":"closed","template":"template-blank-4.php","meta":{"_bbp_topic_count":0,"_bbp_reply_count":0,"_bbp_total_topic_count":0,"_bbp_total_reply_count":0,"_bbp_voice_count":0,"_bbp_anonymous_reply_count":0,"_bbp_topic_count_hidden":0,"_bbp_reply_count_hidden":0,"_bbp_forum_subforum_count":0,"footnotes":""},"categories":[],"class_list":["post-9434","page","type-page","status-publish","has-post-thumbnail","hentry"],"pp_force_visibility":null,"pp_subpost_visibility":null,"pp_inherited_force_visibility":null,"pp_inherited_subpost_visibility":null,"yoast_head":"<!-- This site is optimized with the Yoast SEO Premium plugin v27.4 (Yoast SEO v27.4) - https:\/\/yoast.com\/product\/yoast-seo-premium-wordpress\/ -->\n<title>Tous nos logiciels de design et conception | 2020<\/title>\n<meta name=\"description\" content=\"Le portefeuille de produits 2020 offre une large gamme d&#039;outils de productivit\u00e9 et de solutions d&#039;entreprise ax\u00e9s sur la conception\" \/>\n<meta name=\"robots\" content=\"index, follow, max-snippet:-1, max-image-preview:large, max-video-preview:-1\" \/>\n<link rel=\"canonical\" href=\"https:\/\/www.2020spaces.com\/fr\/produits\/\" \/>\n<meta property=\"og:locale\" content=\"fr_FR\" \/>\n<meta property=\"og:type\" content=\"article\" \/>\n<meta property=\"og:title\" content=\"Produits 2020\" \/>\n<meta property=\"og:description\" content=\"Le portefeuille de produits 2020 offre une large gamme d&#039;outils de productivit\u00e9 et de solutions d&#039;entreprise ax\u00e9s sur la conception\" \/>\n<meta property=\"og:url\" content=\"https:\/\/www.2020spaces.com\/fr\/produits\/\" \/>\n<meta property=\"og:site_name\" content=\"2020\" \/>\n<meta property=\"article:publisher\" content=\"https:\/\/www.facebook.com\/2020spaces\" \/>\n<meta property=\"article:modified_time\" content=\"2023-10-31T19:32:46+00:00\" \/>\n<meta property=\"og:image\" content=\"https:\/\/www.2020spaces.com\/wp-content\/uploads\/2022\/02\/Social_1200x630_Product-Selection-.jpg\" \/>\n<meta name=\"twitter:card\" content=\"summary_large_image\" \/>\n<meta name=\"twitter:site\" content=\"@2020spaces\" \/>\n<meta name=\"twitter:label1\" content=\"Dur\u00e9e de lecture estim\u00e9e\" \/>\n\t<meta name=\"twitter:data1\" content=\"1 minute\" \/>\n<script type=\"application\/ld+json\" class=\"yoast-schema-graph\">{\"@context\":\"https:\\\/\\\/schema.org\",\"@graph\":[{\"@type\":\"WebPage\",\"@id\":\"https:\\\/\\\/www.2020spaces.com\\\/fr\\\/produits\\\/\",\"url\":\"https:\\\/\\\/www.2020spaces.com\\\/fr\\\/produits\\\/\",\"name\":\"Tous nos logiciels de design et conception | 2020\",\"isPartOf\":{\"@id\":\"https:\\\/\\\/www.2020spaces.com\\\/#website\"},\"primaryImageOfPage\":{\"@id\":\"https:\\\/\\\/www.2020spaces.com\\\/fr\\\/produits\\\/#primaryimage\"},\"image\":{\"@id\":\"https:\\\/\\\/www.2020spaces.com\\\/fr\\\/produits\\\/#primaryimage\"},\"thumbnailUrl\":\"https:\\\/\\\/www.2020spaces.com\\\/wp-content\\\/uploads\\\/2022\\\/02\\\/Featured_400x323_Product-Selection.jpg\",\"datePublished\":\"2022-03-22T18:00:17+00:00\",\"dateModified\":\"2023-10-31T19:32:46+00:00\",\"description\":\"Le portefeuille de produits 2020 offre une large gamme d'outils de productivit\u00e9 et de solutions d'entreprise ax\u00e9s sur la conception\",\"breadcrumb\":{\"@id\":\"https:\\\/\\\/www.2020spaces.com\\\/fr\\\/produits\\\/#breadcrumb\"},\"inLanguage\":\"fr-FR\",\"potentialAction\":[{\"@type\":\"ReadAction\",\"target\":[\"https:\\\/\\\/www.2020spaces.com\\\/fr\\\/produits\\\/\"]}]},{\"@type\":\"ImageObject\",\"inLanguage\":\"fr-FR\",\"@id\":\"https:\\\/\\\/www.2020spaces.com\\\/fr\\\/produits\\\/#primaryimage\",\"url\":\"https:\\\/\\\/www.2020spaces.com\\\/wp-content\\\/uploads\\\/2022\\\/02\\\/Featured_400x323_Product-Selection.jpg\",\"contentUrl\":\"https:\\\/\\\/www.2020spaces.com\\\/wp-content\\\/uploads\\\/2022\\\/02\\\/Featured_400x323_Product-Selection.jpg\",\"width\":400,\"height\":323,\"caption\":\"2020 Products Page\"},{\"@type\":\"BreadcrumbList\",\"@id\":\"https:\\\/\\\/www.2020spaces.com\\\/fr\\\/produits\\\/#breadcrumb\",\"itemListElement\":[{\"@type\":\"ListItem\",\"position\":1,\"name\":\"Home\",\"item\":\"https:\\\/\\\/www.2020spaces.com\\\/fr\\\/accueil-2-2\\\/\"},{\"@type\":\"ListItem\",\"position\":2,\"name\":\"Produits 2020\"}]},{\"@type\":\"WebSite\",\"@id\":\"https:\\\/\\\/www.2020spaces.com\\\/#website\",\"url\":\"https:\\\/\\\/www.2020spaces.com\\\/\",\"name\":\"2020\",\"description\":\"Making Spaces for Life\u2122\",\"potentialAction\":[{\"@type\":\"SearchAction\",\"target\":{\"@type\":\"EntryPoint\",\"urlTemplate\":\"https:\\\/\\\/www.2020spaces.com\\\/?s={search_term_string}\"},\"query-input\":{\"@type\":\"PropertyValueSpecification\",\"valueRequired\":true,\"valueName\":\"search_term_string\"}}],\"inLanguage\":\"fr-FR\"}]}<\/script>\n<!-- \/ Yoast SEO Premium plugin. -->","yoast_head_json":{"title":"Tous nos logiciels de design et conception | 2020","description":"Le portefeuille de produits 2020 offre une large gamme d'outils de productivit\u00e9 et de solutions d'entreprise ax\u00e9s sur la conception","robots":{"index":"index","follow":"follow","max-snippet":"max-snippet:-1","max-image-preview":"max-image-preview:large","max-video-preview":"max-video-preview:-1"},"canonical":"https:\/\/www.2020spaces.com\/fr\/produits\/","og_locale":"fr_FR","og_type":"article","og_title":"Produits 2020","og_description":"Le portefeuille de produits 2020 offre une large gamme d'outils de productivit\u00e9 et de solutions d'entreprise ax\u00e9s sur la conception","og_url":"https:\/\/www.2020spaces.com\/fr\/produits\/","og_site_name":"2020","article_publisher":"https:\/\/www.facebook.com\/2020spaces","article_modified_time":"2023-10-31T19:32:46+00:00","og_image":[{"url":"https:\/\/www.2020spaces.com\/wp-content\/uploads\/2022\/02\/Social_1200x630_Product-Selection-.jpg","type":"","width":"","height":""}],"twitter_card":"summary_large_image","twitter_site":"@2020spaces","twitter_misc":{"Dur\u00e9e de lecture estim\u00e9e":"1 minute"},"schema":{"@context":"https:\/\/schema.org","@graph":[{"@type":"WebPage","@id":"https:\/\/www.2020spaces.com\/fr\/produits\/","url":"https:\/\/www.2020spaces.com\/fr\/produits\/","name":"Tous nos logiciels de design et conception | 2020","isPartOf":{"@id":"https:\/\/www.2020spaces.com\/#website"},"primaryImageOfPage":{"@id":"https:\/\/www.2020spaces.com\/fr\/produits\/#primaryimage"},"image":{"@id":"https:\/\/www.2020spaces.com\/fr\/produits\/#primaryimage"},"thumbnailUrl":"https:\/\/www.2020spaces.com\/wp-content\/uploads\/2022\/02\/Featured_400x323_Product-Selection.jpg","datePublished":"2022-03-22T18:00:17+00:00","dateModified":"2023-10-31T19:32:46+00:00","description":"Le portefeuille de produits 2020 offre une large gamme d'outils de productivit\u00e9 et de solutions d'entreprise ax\u00e9s sur la conception","breadcrumb":{"@id":"https:\/\/www.2020spaces.com\/fr\/produits\/#breadcrumb"},"inLanguage":"fr-FR","potentialAction":[{"@type":"ReadAction","target":["https:\/\/www.2020spaces.com\/fr\/produits\/"]}]},{"@type":"ImageObject","inLanguage":"fr-FR","@id":"https:\/\/www.2020spaces.com\/fr\/produits\/#primaryimage","url":"https:\/\/www.2020spaces.com\/wp-content\/uploads\/2022\/02\/Featured_400x323_Product-Selection.jpg","contentUrl":"https:\/\/www.2020spaces.com\/wp-content\/uploads\/2022\/02\/Featured_400x323_Product-Selection.jpg","width":400,"height":323,"caption":"2020 Products Page"},{"@type":"BreadcrumbList","@id":"https:\/\/www.2020spaces.com\/fr\/produits\/#breadcrumb","itemListElement":[{"@type":"ListItem","position":1,"name":"Home","item":"https:\/\/www.2020spaces.com\/fr\/accueil-2-2\/"},{"@type":"ListItem","position":2,"name":"Produits 2020"}]},{"@type":"WebSite","@id":"https:\/\/www.2020spaces.com\/#website","url":"https:\/\/www.2020spaces.com\/","name":"2020","description":"Making Spaces for Life\u2122","potentialAction":[{"@type":"SearchAction","target":{"@type":"EntryPoint","urlTemplate":"https:\/\/www.2020spaces.com\/?s={search_term_string}"},"query-input":{"@type":"PropertyValueSpecification","valueRequired":true,"valueName":"search_term_string"}}],"inLanguage":"fr-FR"}]}},"_links":{"self":[{"href":"https:\/\/www.2020spaces.com\/fr\/wp-json\/wp\/v2\/pages\/9434","targetHints":{"allow":["GET"]}}],"collection":[{"href":"https:\/\/www.2020spaces.com\/fr\/wp-json\/wp\/v2\/pages"}],"about":[{"href":"https:\/\/www.2020spaces.com\/fr\/wp-json\/wp\/v2\/types\/page"}],"author":[{"embeddable":true,"href":"https:\/\/www.2020spaces.com\/fr\/wp-json\/wp\/v2\/users\/26709"}],"replies":[{"embeddable":true,"href":"https:\/\/www.2020spaces.com\/fr\/wp-json\/wp\/v2\/comments?post=9434"}],"version-history":[{"count":0,"href":"https:\/\/www.2020spaces.com\/fr\/wp-json\/wp\/v2\/pages\/9434\/revisions"}],"wp:featuredmedia":[{"embeddable":true,"href":"https:\/\/www.2020spaces.com\/fr\/wp-json\/wp\/v2\/media\/359306"}],"wp:attachment":[{"href":"https:\/\/www.2020spaces.com\/fr\/wp-json\/wp\/v2\/media?parent=9434"}],"wp:term":[{"taxonomy":"category","embeddable":true,"href":"https:\/\/www.2020spaces.com\/fr\/wp-json\/wp\/v2\/categories?post=9434"}],"curies":[{"name":"wp","href":"https:\/\/api.w.org\/{rel}","templated":true}]}}