{"id":9439,"date":"2014-06-05T16:50:10","date_gmt":"2014-06-05T20:50:10","guid":{"rendered":"https:\/\/www.2020spaces.com\/?page_id=9439"},"modified":"2022-02-09T14:20:58","modified_gmt":"2022-02-09T19:20:58","slug":"2020content","status":"publish","type":"page","link":"https:\/\/www.2020spaces.com\/fr\/produits\/2020content\/","title":{"rendered":"Les catalogues des fabricants sont l\u2019essence du design d\u2019int\u00e9rieur"},"content":{"rendered":"<div id=\"cs-content\" class=\"cs-content\"><\/div>\n","protected":false},"excerpt":{"rendered":"<p>Les catalogues des fabricants sont l&rsquo;essence du design d\u2019int\u00e9rieur. Fournir le bon contenu. Aux bonnes personnes. Au bon moment.Vos produits sont le c\u0153ur de votre activit\u00e9, mais il peut \u00eatre difficile de fournir un contenu actualis\u00e9 \u00e0 vos clients. \u00c9largissez votre champ d&rsquo;action en proposant aux designers vos catalogues actualis\u00e9s &#8230; <\/p>\n<div><a href=\"https:\/\/www.2020spaces.com\/fr\/produits\/2020content\/\" class=\"more-link\">En savoir plus<\/a><\/div>\n","protected":false},"author":1,"featured_media":422599,"parent":9434,"menu_order":0,"comment_status":"open","ping_status":"closed","template":"template-blank-4.php","meta":{"_bbp_topic_count":0,"_bbp_reply_count":0,"_bbp_total_topic_count":0,"_bbp_total_reply_count":0,"_bbp_voice_count":0,"_bbp_anonymous_reply_count":0,"_bbp_topic_count_hidden":0,"_bbp_reply_count_hidden":0,"_bbp_forum_subforum_count":0,"footnotes":""},"categories":[],"class_list":["post-9439","page","type-page","status-publish","has-post-thumbnail","hentry"],"pp_force_visibility":null,"pp_subpost_visibility":null,"pp_inherited_force_visibility":null,"pp_inherited_subpost_visibility":null,"yoast_head":"<!-- This site is optimized with the Yoast SEO Premium plugin v27.4 (Yoast SEO v27.4) - https:\/\/yoast.com\/product\/yoast-seo-premium-wordpress\/ -->\n<title>Les catalogues des fabricants sont l\u2019essence du design d\u2019int\u00e9rieur<\/title>\n<meta name=\"description\" content=\"\u00c9largissez votre champ d&#039;action en proposant aux designers vos catalogues actualis\u00e9s directement par le biais de nos solutions d&#039;am\u00e9nagement.\" \/>\n<meta name=\"robots\" content=\"index, follow, max-snippet:-1, max-image-preview:large, max-video-preview:-1\" \/>\n<link rel=\"canonical\" href=\"https:\/\/www.2020spaces.com\/fr\/produits\/2020content\/\" \/>\n<meta property=\"og:locale\" content=\"fr_FR\" \/>\n<meta property=\"og:type\" content=\"article\" \/>\n<meta property=\"og:title\" content=\"Les catalogues des fabricants sont l\u2019essence du design d\u2019int\u00e9rieur | 2020\" \/>\n<meta property=\"og:description\" content=\"\u00c9largissez votre champ d&#039;action en proposant aux designers vos catalogues actualis\u00e9s directement par le biais de nos solutions d&#039;am\u00e9nagement.\" \/>\n<meta property=\"og:url\" content=\"https:\/\/www.2020spaces.com\/fr\/produits\/2020content\/\" \/>\n<meta property=\"og:site_name\" content=\"2020\" \/>\n<meta property=\"article:publisher\" content=\"https:\/\/www.facebook.com\/2020spaces\" \/>\n<meta property=\"article:modified_time\" content=\"2022-02-09T19:20:58+00:00\" \/>\n<meta property=\"og:image\" content=\"https:\/\/www.2020spaces.com\/wp-content\/uploads\/2021\/04\/Illus_1200x630_Content_MainImage.jpg\" \/>\n\t<meta property=\"og:image:width\" content=\"1200\" \/>\n\t<meta property=\"og:image:height\" content=\"630\" \/>\n\t<meta property=\"og:image:type\" content=\"image\/jpeg\" \/>\n<meta name=\"twitter:card\" content=\"summary_large_image\" \/>\n<meta name=\"twitter:title\" content=\"Les catalogues des fabricants sont l\u2019essence du design d\u2019int\u00e9rieur | 2020\" \/>\n<meta name=\"twitter:description\" content=\"\u00c9largissez votre champ d&#039;action en proposant aux designers vos catalogues actualis\u00e9s directement par le biais de nos solutions d&#039;am\u00e9nagement.\" \/>\n<meta name=\"twitter:image\" content=\"https:\/\/www.2020spaces.com\/wp-content\/uploads\/2021\/04\/Illus_1200x630_Content_MainImage.jpg\" \/>\n<meta name=\"twitter:site\" content=\"@2020spaces\" \/>\n<meta name=\"twitter:label1\" content=\"Dur\u00e9e de lecture estim\u00e9e\" \/>\n\t<meta name=\"twitter:data1\" content=\"4 minutes\" \/>\n<script type=\"application\/ld+json\" class=\"yoast-schema-graph\">{\"@context\":\"https:\\\/\\\/schema.org\",\"@graph\":[{\"@type\":\"WebPage\",\"@id\":\"https:\\\/\\\/www.2020spaces.com\\\/fr\\\/produits\\\/2020content\\\/\",\"url\":\"https:\\\/\\\/www.2020spaces.com\\\/fr\\\/produits\\\/2020content\\\/\",\"name\":\"Les catalogues des fabricants sont l\u2019essence du design d\u2019int\u00e9rieur\",\"isPartOf\":{\"@id\":\"https:\\\/\\\/www.2020spaces.com\\\/#website\"},\"primaryImageOfPage\":{\"@id\":\"https:\\\/\\\/www.2020spaces.com\\\/fr\\\/produits\\\/2020content\\\/#primaryimage\"},\"image\":{\"@id\":\"https:\\\/\\\/www.2020spaces.com\\\/fr\\\/produits\\\/2020content\\\/#primaryimage\"},\"thumbnailUrl\":\"https:\\\/\\\/www.2020spaces.com\\\/wp-content\\\/uploads\\\/2023\\\/04\\\/Featured_800x800_Content.jpg\",\"datePublished\":\"2014-06-05T20:50:10+00:00\",\"dateModified\":\"2022-02-09T19:20:58+00:00\",\"description\":\"\u00c9largissez votre champ d'action en proposant aux designers vos catalogues actualis\u00e9s directement par le biais de nos solutions d'am\u00e9nagement.\",\"breadcrumb\":{\"@id\":\"https:\\\/\\\/www.2020spaces.com\\\/fr\\\/produits\\\/2020content\\\/#breadcrumb\"},\"inLanguage\":\"fr-FR\",\"potentialAction\":[{\"@type\":\"ReadAction\",\"target\":[\"https:\\\/\\\/www.2020spaces.com\\\/fr\\\/produits\\\/2020content\\\/\"]}]},{\"@type\":\"ImageObject\",\"inLanguage\":\"fr-FR\",\"@id\":\"https:\\\/\\\/www.2020spaces.com\\\/fr\\\/produits\\\/2020content\\\/#primaryimage\",\"url\":\"https:\\\/\\\/www.2020spaces.com\\\/wp-content\\\/uploads\\\/2023\\\/04\\\/Featured_800x800_Content.jpg\",\"contentUrl\":\"https:\\\/\\\/www.2020spaces.com\\\/wp-content\\\/uploads\\\/2023\\\/04\\\/Featured_800x800_Content.jpg\",\"width\":800,\"height\":800},{\"@type\":\"BreadcrumbList\",\"@id\":\"https:\\\/\\\/www.2020spaces.com\\\/fr\\\/produits\\\/2020content\\\/#breadcrumb\",\"itemListElement\":[{\"@type\":\"ListItem\",\"position\":1,\"name\":\"Home\",\"item\":\"https:\\\/\\\/www.2020spaces.com\\\/fr\\\/accueil-2-2\\\/\"},{\"@type\":\"ListItem\",\"position\":2,\"name\":\"Produits 2020\",\"item\":\"https:\\\/\\\/www.2020spaces.com\\\/fr\\\/produits\\\/\"},{\"@type\":\"ListItem\",\"position\":3,\"name\":\"Les catalogues des fabricants sont l\u2019essence du design d\u2019int\u00e9rieur\"}]},{\"@type\":\"WebSite\",\"@id\":\"https:\\\/\\\/www.2020spaces.com\\\/#website\",\"url\":\"https:\\\/\\\/www.2020spaces.com\\\/\",\"name\":\"2020\",\"description\":\"Making Spaces for Life\u2122\",\"potentialAction\":[{\"@type\":\"SearchAction\",\"target\":{\"@type\":\"EntryPoint\",\"urlTemplate\":\"https:\\\/\\\/www.2020spaces.com\\\/?s={search_term_string}\"},\"query-input\":{\"@type\":\"PropertyValueSpecification\",\"valueRequired\":true,\"valueName\":\"search_term_string\"}}],\"inLanguage\":\"fr-FR\"}]}<\/script>\n<!-- \/ Yoast SEO Premium plugin. -->","yoast_head_json":{"title":"Les catalogues des fabricants sont l\u2019essence du design d\u2019int\u00e9rieur","description":"\u00c9largissez votre champ d'action en proposant aux designers vos catalogues actualis\u00e9s directement par le biais de nos solutions d'am\u00e9nagement.","robots":{"index":"index","follow":"follow","max-snippet":"max-snippet:-1","max-image-preview":"max-image-preview:large","max-video-preview":"max-video-preview:-1"},"canonical":"https:\/\/www.2020spaces.com\/fr\/produits\/2020content\/","og_locale":"fr_FR","og_type":"article","og_title":"Les catalogues des fabricants sont l\u2019essence du design d\u2019int\u00e9rieur | 2020","og_description":"\u00c9largissez votre champ d'action en proposant aux designers vos catalogues actualis\u00e9s directement par le biais de nos solutions d'am\u00e9nagement.","og_url":"https:\/\/www.2020spaces.com\/fr\/produits\/2020content\/","og_site_name":"2020","article_publisher":"https:\/\/www.facebook.com\/2020spaces","article_modified_time":"2022-02-09T19:20:58+00:00","og_image":[{"width":1200,"height":630,"url":"https:\/\/www.2020spaces.com\/wp-content\/uploads\/2021\/04\/Illus_1200x630_Content_MainImage.jpg","type":"image\/jpeg"}],"twitter_card":"summary_large_image","twitter_title":"Les catalogues des fabricants sont l\u2019essence du design d\u2019int\u00e9rieur | 2020","twitter_description":"\u00c9largissez votre champ d'action en proposant aux designers vos catalogues actualis\u00e9s directement par le biais de nos solutions d'am\u00e9nagement.","twitter_image":"https:\/\/www.2020spaces.com\/wp-content\/uploads\/2021\/04\/Illus_1200x630_Content_MainImage.jpg","twitter_site":"@2020spaces","twitter_misc":{"Dur\u00e9e de lecture estim\u00e9e":"4 minutes"},"schema":{"@context":"https:\/\/schema.org","@graph":[{"@type":"WebPage","@id":"https:\/\/www.2020spaces.com\/fr\/produits\/2020content\/","url":"https:\/\/www.2020spaces.com\/fr\/produits\/2020content\/","name":"Les catalogues des fabricants sont l\u2019essence du design d\u2019int\u00e9rieur","isPartOf":{"@id":"https:\/\/www.2020spaces.com\/#website"},"primaryImageOfPage":{"@id":"https:\/\/www.2020spaces.com\/fr\/produits\/2020content\/#primaryimage"},"image":{"@id":"https:\/\/www.2020spaces.com\/fr\/produits\/2020content\/#primaryimage"},"thumbnailUrl":"https:\/\/www.2020spaces.com\/wp-content\/uploads\/2023\/04\/Featured_800x800_Content.jpg","datePublished":"2014-06-05T20:50:10+00:00","dateModified":"2022-02-09T19:20:58+00:00","description":"\u00c9largissez votre champ d'action en proposant aux designers vos catalogues actualis\u00e9s directement par le biais de nos solutions d'am\u00e9nagement.","breadcrumb":{"@id":"https:\/\/www.2020spaces.com\/fr\/produits\/2020content\/#breadcrumb"},"inLanguage":"fr-FR","potentialAction":[{"@type":"ReadAction","target":["https:\/\/www.2020spaces.com\/fr\/produits\/2020content\/"]}]},{"@type":"ImageObject","inLanguage":"fr-FR","@id":"https:\/\/www.2020spaces.com\/fr\/produits\/2020content\/#primaryimage","url":"https:\/\/www.2020spaces.com\/wp-content\/uploads\/2023\/04\/Featured_800x800_Content.jpg","contentUrl":"https:\/\/www.2020spaces.com\/wp-content\/uploads\/2023\/04\/Featured_800x800_Content.jpg","width":800,"height":800},{"@type":"BreadcrumbList","@id":"https:\/\/www.2020spaces.com\/fr\/produits\/2020content\/#breadcrumb","itemListElement":[{"@type":"ListItem","position":1,"name":"Home","item":"https:\/\/www.2020spaces.com\/fr\/accueil-2-2\/"},{"@type":"ListItem","position":2,"name":"Produits 2020","item":"https:\/\/www.2020spaces.com\/fr\/produits\/"},{"@type":"ListItem","position":3,"name":"Les catalogues des fabricants sont l\u2019essence du design d\u2019int\u00e9rieur"}]},{"@type":"WebSite","@id":"https:\/\/www.2020spaces.com\/#website","url":"https:\/\/www.2020spaces.com\/","name":"2020","description":"Making Spaces for Life\u2122","potentialAction":[{"@type":"SearchAction","target":{"@type":"EntryPoint","urlTemplate":"https:\/\/www.2020spaces.com\/?s={search_term_string}"},"query-input":{"@type":"PropertyValueSpecification","valueRequired":true,"valueName":"search_term_string"}}],"inLanguage":"fr-FR"}]}},"_links":{"self":[{"href":"https:\/\/www.2020spaces.com\/fr\/wp-json\/wp\/v2\/pages\/9439","targetHints":{"allow":["GET"]}}],"collection":[{"href":"https:\/\/www.2020spaces.com\/fr\/wp-json\/wp\/v2\/pages"}],"about":[{"href":"https:\/\/www.2020spaces.com\/fr\/wp-json\/wp\/v2\/types\/page"}],"author":[{"embeddable":true,"href":"https:\/\/www.2020spaces.com\/fr\/wp-json\/wp\/v2\/users\/1"}],"replies":[{"embeddable":true,"href":"https:\/\/www.2020spaces.com\/fr\/wp-json\/wp\/v2\/comments?post=9439"}],"version-history":[{"count":0,"href":"https:\/\/www.2020spaces.com\/fr\/wp-json\/wp\/v2\/pages\/9439\/revisions"}],"up":[{"embeddable":true,"href":"https:\/\/www.2020spaces.com\/fr\/wp-json\/wp\/v2\/pages\/9434"}],"wp:featuredmedia":[{"embeddable":true,"href":"https:\/\/www.2020spaces.com\/fr\/wp-json\/wp\/v2\/media\/422599"}],"wp:attachment":[{"href":"https:\/\/www.2020spaces.com\/fr\/wp-json\/wp\/v2\/media?parent=9439"}],"wp:term":[{"taxonomy":"category","embeddable":true,"href":"https:\/\/www.2020spaces.com\/fr\/wp-json\/wp\/v2\/categories?post=9439"}],"curies":[{"name":"wp","href":"https:\/\/api.w.org\/{rel}","templated":true}]}}