{"id":9486,"date":"2014-06-07T20:37:14","date_gmt":"2014-06-08T00:37:14","guid":{"rendered":"https:\/\/www.2020spaces.com\/?page_id=9486"},"modified":"2023-04-24T05:50:42","modified_gmt":"2023-04-24T09:50:42","slug":"solutions","status":"publish","type":"page","link":"https:\/\/www.2020spaces.com\/fr\/solutions\/","title":{"rendered":"Solutions 2020"},"content":{"rendered":"<div id=\"cs-content\" class=\"cs-content\"><\/div>\n","protected":false},"excerpt":{"rendered":"<p>De l&rsquo;inspiration \u00e0 l&rsquo;installation, nous vous aidons \u00e0 cr\u00e9er des espaces de vie. &nbsp;Etes-vous un concepteur professionnel ? &nbsp;Etes-vous un distributeur ? &nbsp;Etes-vous un fabricant ? Logiciels de design pour les professionnels de la conception d&rsquo;espaces r\u00e9sidentiels et commerciauxLes solutions de design d&rsquo;int\u00e9rieur de 2020 sont utilis\u00e9es par des designers &#8230; <\/p>\n<div><a href=\"https:\/\/www.2020spaces.com\/fr\/solutions\/\" class=\"more-link\">En savoir plus<\/a><\/div>\n","protected":false},"author":1,"featured_media":278648,"parent":0,"menu_order":0,"comment_status":"closed","ping_status":"closed","template":"template-blank-4.php","meta":{"_bbp_topic_count":0,"_bbp_reply_count":0,"_bbp_total_topic_count":0,"_bbp_total_reply_count":0,"_bbp_voice_count":0,"_bbp_anonymous_reply_count":0,"_bbp_topic_count_hidden":0,"_bbp_reply_count_hidden":0,"_bbp_forum_subforum_count":0,"footnotes":""},"categories":[],"class_list":["post-9486","page","type-page","status-publish","has-post-thumbnail","hentry"],"pp_force_visibility":null,"pp_subpost_visibility":null,"pp_inherited_force_visibility":null,"pp_inherited_subpost_visibility":null,"yoast_head":"<!-- This site is optimized with the Yoast SEO Premium plugin v27.4 (Yoast SEO v27.4) - https:\/\/yoast.com\/product\/yoast-seo-premium-wordpress\/ -->\n<title>Solutions 2020 : logiciels de design d&#039;int\u00e9rieur | 2020 Spaces<\/title>\n<meta name=\"description\" content=\"2020 propose des solutions pour l&#039;am\u00e9nagement d&#039;espaces r\u00e9sidentiels et commerciaux, pour la conception de cuisines, salles de bain\" \/>\n<meta name=\"robots\" content=\"index, follow, max-snippet:-1, max-image-preview:large, max-video-preview:-1\" \/>\n<link rel=\"canonical\" href=\"https:\/\/www.2020spaces.com\/fr\/solutions\/\" \/>\n<meta property=\"og:locale\" content=\"fr_FR\" \/>\n<meta property=\"og:type\" content=\"article\" \/>\n<meta property=\"og:title\" content=\"Solutions 2020 : logiciels de design d&#039;int\u00e9rieur | Solutions pour le retail et la fabrication\" \/>\n<meta property=\"og:description\" content=\"2020 propose des solutions pour l&#039;am\u00e9nagement d&#039;espaces r\u00e9sidentiels et commerciaux, pour la conception de cuisines, salles de bain, et bureaux, et pour la fabrication de meubles.\" \/>\n<meta property=\"og:url\" content=\"https:\/\/www.2020spaces.com\/fr\/solutions\/\" \/>\n<meta property=\"og:site_name\" content=\"2020\" \/>\n<meta property=\"article:publisher\" content=\"https:\/\/www.facebook.com\/2020spaces\" \/>\n<meta property=\"article:modified_time\" content=\"2023-04-24T09:50:42+00:00\" \/>\n<meta property=\"og:image\" content=\"https:\/\/www.2020spaces.com\/wp-content\/uploads\/2020\/04\/Social_1200x630_EndToEnd_Generic_FR.jpg\" \/>\n\t<meta property=\"og:image:width\" content=\"1200\" \/>\n\t<meta property=\"og:image:height\" content=\"630\" \/>\n\t<meta property=\"og:image:type\" content=\"image\/jpeg\" \/>\n<meta name=\"twitter:card\" content=\"summary_large_image\" \/>\n<meta name=\"twitter:title\" content=\"Solutions 2020 : logiciels de design d&#039;int\u00e9rieur | Solutions pour le retail et la fabrication\" \/>\n<meta name=\"twitter:description\" content=\"2020 propose des solutions pour l&#039;am\u00e9nagement d&#039;espaces r\u00e9sidentiels et commerciaux, pour la conception de cuisines, salles de bain, et bureaux, et pour la fabrication de meubles.\" \/>\n<meta name=\"twitter:image\" content=\"https:\/\/www.2020spaces.com\/wp-content\/uploads\/2020\/04\/Social_1200x630_EndToEnd_Generic_FR.jpg\" \/>\n<meta name=\"twitter:site\" content=\"@2020spaces\" \/>\n<meta name=\"twitter:label1\" content=\"Dur\u00e9e de lecture estim\u00e9e\" \/>\n\t<meta name=\"twitter:data1\" content=\"4 minutes\" \/>\n<script type=\"application\/ld+json\" class=\"yoast-schema-graph\">{\"@context\":\"https:\\\/\\\/schema.org\",\"@graph\":[{\"@type\":\"WebPage\",\"@id\":\"https:\\\/\\\/www.2020spaces.com\\\/fr\\\/solutions\\\/\",\"url\":\"https:\\\/\\\/www.2020spaces.com\\\/fr\\\/solutions\\\/\",\"name\":\"Solutions 2020 : logiciels de design d'int\u00e9rieur | 2020 Spaces\",\"isPartOf\":{\"@id\":\"https:\\\/\\\/www.2020spaces.com\\\/#website\"},\"primaryImageOfPage\":{\"@id\":\"https:\\\/\\\/www.2020spaces.com\\\/fr\\\/solutions\\\/#primaryimage\"},\"image\":{\"@id\":\"https:\\\/\\\/www.2020spaces.com\\\/fr\\\/solutions\\\/#primaryimage\"},\"thumbnailUrl\":\"https:\\\/\\\/www.2020spaces.com\\\/wp-content\\\/uploads\\\/2020\\\/04\\\/Featured_400x323_EndToEnd_Generic_FR.jpg\",\"datePublished\":\"2014-06-08T00:37:14+00:00\",\"dateModified\":\"2023-04-24T09:50:42+00:00\",\"description\":\"2020 propose des solutions pour l'am\u00e9nagement d'espaces r\u00e9sidentiels et commerciaux, pour la conception de cuisines, salles de bain\",\"breadcrumb\":{\"@id\":\"https:\\\/\\\/www.2020spaces.com\\\/fr\\\/solutions\\\/#breadcrumb\"},\"inLanguage\":\"fr-FR\",\"potentialAction\":[{\"@type\":\"ReadAction\",\"target\":[\"https:\\\/\\\/www.2020spaces.com\\\/fr\\\/solutions\\\/\"]}]},{\"@type\":\"ImageObject\",\"inLanguage\":\"fr-FR\",\"@id\":\"https:\\\/\\\/www.2020spaces.com\\\/fr\\\/solutions\\\/#primaryimage\",\"url\":\"https:\\\/\\\/www.2020spaces.com\\\/wp-content\\\/uploads\\\/2020\\\/04\\\/Featured_400x323_EndToEnd_Generic_FR.jpg\",\"contentUrl\":\"https:\\\/\\\/www.2020spaces.com\\\/wp-content\\\/uploads\\\/2020\\\/04\\\/Featured_400x323_EndToEnd_Generic_FR.jpg\",\"width\":400,\"height\":323,\"caption\":\"Solutions 2020\"},{\"@type\":\"BreadcrumbList\",\"@id\":\"https:\\\/\\\/www.2020spaces.com\\\/fr\\\/solutions\\\/#breadcrumb\",\"itemListElement\":[{\"@type\":\"ListItem\",\"position\":1,\"name\":\"Home\",\"item\":\"https:\\\/\\\/www.2020spaces.com\\\/fr\\\/accueil-2-2\\\/\"},{\"@type\":\"ListItem\",\"position\":2,\"name\":\"Solutions 2020\"}]},{\"@type\":\"WebSite\",\"@id\":\"https:\\\/\\\/www.2020spaces.com\\\/#website\",\"url\":\"https:\\\/\\\/www.2020spaces.com\\\/\",\"name\":\"2020\",\"description\":\"Making Spaces for Life\u2122\",\"potentialAction\":[{\"@type\":\"SearchAction\",\"target\":{\"@type\":\"EntryPoint\",\"urlTemplate\":\"https:\\\/\\\/www.2020spaces.com\\\/?s={search_term_string}\"},\"query-input\":{\"@type\":\"PropertyValueSpecification\",\"valueRequired\":true,\"valueName\":\"search_term_string\"}}],\"inLanguage\":\"fr-FR\"}]}<\/script>\n<!-- \/ Yoast SEO Premium plugin. -->","yoast_head_json":{"title":"Solutions 2020 : logiciels de design d'int\u00e9rieur | 2020 Spaces","description":"2020 propose des solutions pour l'am\u00e9nagement d'espaces r\u00e9sidentiels et commerciaux, pour la conception de cuisines, salles de bain","robots":{"index":"index","follow":"follow","max-snippet":"max-snippet:-1","max-image-preview":"max-image-preview:large","max-video-preview":"max-video-preview:-1"},"canonical":"https:\/\/www.2020spaces.com\/fr\/solutions\/","og_locale":"fr_FR","og_type":"article","og_title":"Solutions 2020 : logiciels de design d'int\u00e9rieur | Solutions pour le retail et la fabrication","og_description":"2020 propose des solutions pour l'am\u00e9nagement d'espaces r\u00e9sidentiels et commerciaux, pour la conception de cuisines, salles de bain, et bureaux, et pour la fabrication de meubles.","og_url":"https:\/\/www.2020spaces.com\/fr\/solutions\/","og_site_name":"2020","article_publisher":"https:\/\/www.facebook.com\/2020spaces","article_modified_time":"2023-04-24T09:50:42+00:00","og_image":[{"width":1200,"height":630,"url":"https:\/\/www.2020spaces.com\/wp-content\/uploads\/2020\/04\/Social_1200x630_EndToEnd_Generic_FR.jpg","type":"image\/jpeg"}],"twitter_card":"summary_large_image","twitter_title":"Solutions 2020 : logiciels de design d'int\u00e9rieur | Solutions pour le retail et la fabrication","twitter_description":"2020 propose des solutions pour l'am\u00e9nagement d'espaces r\u00e9sidentiels et commerciaux, pour la conception de cuisines, salles de bain, et bureaux, et pour la fabrication de meubles.","twitter_image":"https:\/\/www.2020spaces.com\/wp-content\/uploads\/2020\/04\/Social_1200x630_EndToEnd_Generic_FR.jpg","twitter_site":"@2020spaces","twitter_misc":{"Dur\u00e9e de lecture estim\u00e9e":"4 minutes"},"schema":{"@context":"https:\/\/schema.org","@graph":[{"@type":"WebPage","@id":"https:\/\/www.2020spaces.com\/fr\/solutions\/","url":"https:\/\/www.2020spaces.com\/fr\/solutions\/","name":"Solutions 2020 : logiciels de design d'int\u00e9rieur | 2020 Spaces","isPartOf":{"@id":"https:\/\/www.2020spaces.com\/#website"},"primaryImageOfPage":{"@id":"https:\/\/www.2020spaces.com\/fr\/solutions\/#primaryimage"},"image":{"@id":"https:\/\/www.2020spaces.com\/fr\/solutions\/#primaryimage"},"thumbnailUrl":"https:\/\/www.2020spaces.com\/wp-content\/uploads\/2020\/04\/Featured_400x323_EndToEnd_Generic_FR.jpg","datePublished":"2014-06-08T00:37:14+00:00","dateModified":"2023-04-24T09:50:42+00:00","description":"2020 propose des solutions pour l'am\u00e9nagement d'espaces r\u00e9sidentiels et commerciaux, pour la conception de cuisines, salles de bain","breadcrumb":{"@id":"https:\/\/www.2020spaces.com\/fr\/solutions\/#breadcrumb"},"inLanguage":"fr-FR","potentialAction":[{"@type":"ReadAction","target":["https:\/\/www.2020spaces.com\/fr\/solutions\/"]}]},{"@type":"ImageObject","inLanguage":"fr-FR","@id":"https:\/\/www.2020spaces.com\/fr\/solutions\/#primaryimage","url":"https:\/\/www.2020spaces.com\/wp-content\/uploads\/2020\/04\/Featured_400x323_EndToEnd_Generic_FR.jpg","contentUrl":"https:\/\/www.2020spaces.com\/wp-content\/uploads\/2020\/04\/Featured_400x323_EndToEnd_Generic_FR.jpg","width":400,"height":323,"caption":"Solutions 2020"},{"@type":"BreadcrumbList","@id":"https:\/\/www.2020spaces.com\/fr\/solutions\/#breadcrumb","itemListElement":[{"@type":"ListItem","position":1,"name":"Home","item":"https:\/\/www.2020spaces.com\/fr\/accueil-2-2\/"},{"@type":"ListItem","position":2,"name":"Solutions 2020"}]},{"@type":"WebSite","@id":"https:\/\/www.2020spaces.com\/#website","url":"https:\/\/www.2020spaces.com\/","name":"2020","description":"Making Spaces for Life\u2122","potentialAction":[{"@type":"SearchAction","target":{"@type":"EntryPoint","urlTemplate":"https:\/\/www.2020spaces.com\/?s={search_term_string}"},"query-input":{"@type":"PropertyValueSpecification","valueRequired":true,"valueName":"search_term_string"}}],"inLanguage":"fr-FR"}]}},"_links":{"self":[{"href":"https:\/\/www.2020spaces.com\/fr\/wp-json\/wp\/v2\/pages\/9486","targetHints":{"allow":["GET"]}}],"collection":[{"href":"https:\/\/www.2020spaces.com\/fr\/wp-json\/wp\/v2\/pages"}],"about":[{"href":"https:\/\/www.2020spaces.com\/fr\/wp-json\/wp\/v2\/types\/page"}],"author":[{"embeddable":true,"href":"https:\/\/www.2020spaces.com\/fr\/wp-json\/wp\/v2\/users\/1"}],"replies":[{"embeddable":true,"href":"https:\/\/www.2020spaces.com\/fr\/wp-json\/wp\/v2\/comments?post=9486"}],"version-history":[{"count":0,"href":"https:\/\/www.2020spaces.com\/fr\/wp-json\/wp\/v2\/pages\/9486\/revisions"}],"wp:featuredmedia":[{"embeddable":true,"href":"https:\/\/www.2020spaces.com\/fr\/wp-json\/wp\/v2\/media\/278648"}],"wp:attachment":[{"href":"https:\/\/www.2020spaces.com\/fr\/wp-json\/wp\/v2\/media?parent=9486"}],"wp:term":[{"taxonomy":"category","embeddable":true,"href":"https:\/\/www.2020spaces.com\/fr\/wp-json\/wp\/v2\/categories?post=9486"}],"curies":[{"name":"wp","href":"https:\/\/api.w.org\/{rel}","templated":true}]}}