{"id":9487,"date":"2014-06-02T04:10:53","date_gmt":"2014-06-02T08:10:53","guid":{"rendered":"https:\/\/www.2020spaces.com\/?page_id=9487"},"modified":"2021-10-20T14:05:24","modified_gmt":"2021-10-20T18:05:24","slug":"fabricants","status":"publish","type":"page","link":"https:\/\/www.2020spaces.com\/fr\/solutions\/fabricants\/","title":{"rendered":"Solutions pour fabricants"},"content":{"rendered":"<div id=\"cs-content\" class=\"cs-content\"><\/div>\n","protected":false},"excerpt":{"rendered":"<p>Solutions 2020 pour les fabricantsTrouvez l&rsquo;\u00e9quilibre parfait entre flexibilit\u00e9 et automatisation avec les solutions 2020 pour la fabrication. Con\u00e7us sp\u00e9cialement pour les fabricants de meubles, les agenceurs et menuisiers, les logiciels 2020 vous aident \u00e0 mieux coordonner et optimiser chaque \u00e9tape de vos op\u00e9rations, de la vente \u00e0 la conception, &#8230; <\/p>\n<div><a href=\"https:\/\/www.2020spaces.com\/fr\/solutions\/fabricants\/\" class=\"more-link\">En savoir plus<\/a><\/div>\n","protected":false},"author":1,"featured_media":322300,"parent":9486,"menu_order":0,"comment_status":"open","ping_status":"closed","template":"template-blank-4.php","meta":{"_bbp_topic_count":0,"_bbp_reply_count":0,"_bbp_total_topic_count":0,"_bbp_total_reply_count":0,"_bbp_voice_count":0,"_bbp_anonymous_reply_count":0,"_bbp_topic_count_hidden":0,"_bbp_reply_count_hidden":0,"_bbp_forum_subforum_count":0,"footnotes":""},"categories":[],"class_list":["post-9487","page","type-page","status-publish","has-post-thumbnail","hentry"],"pp_force_visibility":null,"pp_subpost_visibility":null,"pp_inherited_force_visibility":null,"pp_inherited_subpost_visibility":null,"yoast_head":"<!-- This site is optimized with the Yoast SEO Premium plugin v26.7 (Yoast SEO v26.7) - https:\/\/yoast.com\/wordpress\/plugins\/seo\/ -->\n<title>Logiciels de design pour fabricants de meubles | 2020 Spaces<\/title>\n<meta name=\"description\" content=\"D\u00e9couvrez nos logiciels de design pour les fabricants de meubles. D\u00e9couvrez les logiciels d\u2019am\u00e9nagement int\u00e9rieur et de plan de maison 2020.\u00a0\" \/>\n<meta name=\"robots\" content=\"index, follow, max-snippet:-1, max-image-preview:large, max-video-preview:-1\" \/>\n<link rel=\"canonical\" href=\"https:\/\/www.2020spaces.com\/fr\/solutions\/fabricants\/\" \/>\n<meta property=\"og:locale\" content=\"fr_FR\" \/>\n<meta property=\"og:type\" content=\"article\" \/>\n<meta property=\"og:title\" content=\"Solutions pour fabricants\" \/>\n<meta property=\"og:description\" content=\"D\u00e9couvrez nos logiciels de design pour les fabricants de meubles. D\u00e9couvrez les logiciels d\u2019am\u00e9nagement int\u00e9rieur et de plan de maison 2020.\u00a0\" \/>\n<meta property=\"og:url\" content=\"https:\/\/www.2020spaces.com\/fr\/solutions\/fabricants\/\" \/>\n<meta property=\"og:site_name\" content=\"2020\" \/>\n<meta property=\"article:publisher\" content=\"https:\/\/www.facebook.com\/2020spaces\" \/>\n<meta property=\"article:modified_time\" content=\"2021-10-20T18:05:24+00:00\" \/>\n<meta property=\"og:image\" content=\"https:\/\/www.2020spaces.com\/wp-content\/uploads\/2021\/04\/2020-manufacturing-solution-software-social-1200x630-1.jpg\" \/>\n<meta name=\"twitter:card\" content=\"summary_large_image\" \/>\n<meta name=\"twitter:image\" content=\"https:\/\/www.2020spaces.com\/wp-content\/uploads\/2021\/04\/2020-manufacturing-solution-software-social-1200x630-1.jpg\" \/>\n<meta name=\"twitter:site\" content=\"@2020spaces\" \/>\n<meta name=\"twitter:label1\" content=\"Dur\u00e9e de lecture estim\u00e9e\" \/>\n\t<meta name=\"twitter:data1\" content=\"6 minutes\" \/>\n<script type=\"application\/ld+json\" class=\"yoast-schema-graph\">{\"@context\":\"https:\/\/schema.org\",\"@graph\":[{\"@type\":\"WebPage\",\"@id\":\"https:\/\/www.2020spaces.com\/fr\/solutions\/fabricants\/\",\"url\":\"https:\/\/www.2020spaces.com\/fr\/solutions\/fabricants\/\",\"name\":\"Logiciels de design pour fabricants de meubles | 2020 Spaces\",\"isPartOf\":{\"@id\":\"https:\/\/www.2020spaces.com\/#website\"},\"primaryImageOfPage\":{\"@id\":\"https:\/\/www.2020spaces.com\/fr\/solutions\/fabricants\/#primaryimage\"},\"image\":{\"@id\":\"https:\/\/www.2020spaces.com\/fr\/solutions\/fabricants\/#primaryimage\"},\"thumbnailUrl\":\"https:\/\/www.2020spaces.com\/wp-content\/uploads\/2021\/04\/2020-manufacturing-solution-software-Featured_400x323.jpg\",\"datePublished\":\"2014-06-02T08:10:53+00:00\",\"dateModified\":\"2021-10-20T18:05:24+00:00\",\"description\":\"D\u00e9couvrez nos logiciels de design pour les fabricants de meubles. D\u00e9couvrez les logiciels d\u2019am\u00e9nagement int\u00e9rieur et de plan de maison 2020.\u00a0\",\"breadcrumb\":{\"@id\":\"https:\/\/www.2020spaces.com\/fr\/solutions\/fabricants\/#breadcrumb\"},\"inLanguage\":\"fr-FR\",\"potentialAction\":[{\"@type\":\"ReadAction\",\"target\":[\"https:\/\/www.2020spaces.com\/fr\/solutions\/fabricants\/\"]}]},{\"@type\":\"ImageObject\",\"inLanguage\":\"fr-FR\",\"@id\":\"https:\/\/www.2020spaces.com\/fr\/solutions\/fabricants\/#primaryimage\",\"url\":\"https:\/\/www.2020spaces.com\/wp-content\/uploads\/2021\/04\/2020-manufacturing-solution-software-Featured_400x323.jpg\",\"contentUrl\":\"https:\/\/www.2020spaces.com\/wp-content\/uploads\/2021\/04\/2020-manufacturing-solution-software-Featured_400x323.jpg\",\"width\":400,\"height\":323,\"caption\":\"2020 Manufacturing software solutions\"},{\"@type\":\"BreadcrumbList\",\"@id\":\"https:\/\/www.2020spaces.com\/fr\/solutions\/fabricants\/#breadcrumb\",\"itemListElement\":[{\"@type\":\"ListItem\",\"position\":1,\"name\":\"Home\",\"item\":\"https:\/\/www.2020spaces.com\/fr\/accueil-2-2\/\"},{\"@type\":\"ListItem\",\"position\":2,\"name\":\"Solutions 2020\",\"item\":\"https:\/\/www.2020spaces.com\/fr\/solutions\/\"},{\"@type\":\"ListItem\",\"position\":3,\"name\":\"Solutions pour fabricants\"}]},{\"@type\":\"WebSite\",\"@id\":\"https:\/\/www.2020spaces.com\/#website\",\"url\":\"https:\/\/www.2020spaces.com\/\",\"name\":\"2020\",\"description\":\"Making Spaces for Life\u2122\",\"potentialAction\":[{\"@type\":\"SearchAction\",\"target\":{\"@type\":\"EntryPoint\",\"urlTemplate\":\"https:\/\/www.2020spaces.com\/?s={search_term_string}\"},\"query-input\":{\"@type\":\"PropertyValueSpecification\",\"valueRequired\":true,\"valueName\":\"search_term_string\"}}],\"inLanguage\":\"fr-FR\"}]}<\/script>\n<!-- \/ Yoast SEO Premium plugin. -->","yoast_head_json":{"title":"Logiciels de design pour fabricants de meubles | 2020 Spaces","description":"D\u00e9couvrez nos logiciels de design pour les fabricants de meubles. D\u00e9couvrez les logiciels d\u2019am\u00e9nagement int\u00e9rieur et de plan de maison 2020.\u00a0","robots":{"index":"index","follow":"follow","max-snippet":"max-snippet:-1","max-image-preview":"max-image-preview:large","max-video-preview":"max-video-preview:-1"},"canonical":"https:\/\/www.2020spaces.com\/fr\/solutions\/fabricants\/","og_locale":"fr_FR","og_type":"article","og_title":"Solutions pour fabricants","og_description":"D\u00e9couvrez nos logiciels de design pour les fabricants de meubles. D\u00e9couvrez les logiciels d\u2019am\u00e9nagement int\u00e9rieur et de plan de maison 2020.\u00a0","og_url":"https:\/\/www.2020spaces.com\/fr\/solutions\/fabricants\/","og_site_name":"2020","article_publisher":"https:\/\/www.facebook.com\/2020spaces","article_modified_time":"2021-10-20T18:05:24+00:00","og_image":[{"url":"https:\/\/www.2020spaces.com\/wp-content\/uploads\/2021\/04\/2020-manufacturing-solution-software-social-1200x630-1.jpg","type":"","width":"","height":""}],"twitter_card":"summary_large_image","twitter_image":"https:\/\/www.2020spaces.com\/wp-content\/uploads\/2021\/04\/2020-manufacturing-solution-software-social-1200x630-1.jpg","twitter_site":"@2020spaces","twitter_misc":{"Dur\u00e9e de lecture estim\u00e9e":"6 minutes"},"schema":{"@context":"https:\/\/schema.org","@graph":[{"@type":"WebPage","@id":"https:\/\/www.2020spaces.com\/fr\/solutions\/fabricants\/","url":"https:\/\/www.2020spaces.com\/fr\/solutions\/fabricants\/","name":"Logiciels de design pour fabricants de meubles | 2020 Spaces","isPartOf":{"@id":"https:\/\/www.2020spaces.com\/#website"},"primaryImageOfPage":{"@id":"https:\/\/www.2020spaces.com\/fr\/solutions\/fabricants\/#primaryimage"},"image":{"@id":"https:\/\/www.2020spaces.com\/fr\/solutions\/fabricants\/#primaryimage"},"thumbnailUrl":"https:\/\/www.2020spaces.com\/wp-content\/uploads\/2021\/04\/2020-manufacturing-solution-software-Featured_400x323.jpg","datePublished":"2014-06-02T08:10:53+00:00","dateModified":"2021-10-20T18:05:24+00:00","description":"D\u00e9couvrez nos logiciels de design pour les fabricants de meubles. D\u00e9couvrez les logiciels d\u2019am\u00e9nagement int\u00e9rieur et de plan de maison 2020.\u00a0","breadcrumb":{"@id":"https:\/\/www.2020spaces.com\/fr\/solutions\/fabricants\/#breadcrumb"},"inLanguage":"fr-FR","potentialAction":[{"@type":"ReadAction","target":["https:\/\/www.2020spaces.com\/fr\/solutions\/fabricants\/"]}]},{"@type":"ImageObject","inLanguage":"fr-FR","@id":"https:\/\/www.2020spaces.com\/fr\/solutions\/fabricants\/#primaryimage","url":"https:\/\/www.2020spaces.com\/wp-content\/uploads\/2021\/04\/2020-manufacturing-solution-software-Featured_400x323.jpg","contentUrl":"https:\/\/www.2020spaces.com\/wp-content\/uploads\/2021\/04\/2020-manufacturing-solution-software-Featured_400x323.jpg","width":400,"height":323,"caption":"2020 Manufacturing software solutions"},{"@type":"BreadcrumbList","@id":"https:\/\/www.2020spaces.com\/fr\/solutions\/fabricants\/#breadcrumb","itemListElement":[{"@type":"ListItem","position":1,"name":"Home","item":"https:\/\/www.2020spaces.com\/fr\/accueil-2-2\/"},{"@type":"ListItem","position":2,"name":"Solutions 2020","item":"https:\/\/www.2020spaces.com\/fr\/solutions\/"},{"@type":"ListItem","position":3,"name":"Solutions pour fabricants"}]},{"@type":"WebSite","@id":"https:\/\/www.2020spaces.com\/#website","url":"https:\/\/www.2020spaces.com\/","name":"2020","description":"Making Spaces for Life\u2122","potentialAction":[{"@type":"SearchAction","target":{"@type":"EntryPoint","urlTemplate":"https:\/\/www.2020spaces.com\/?s={search_term_string}"},"query-input":{"@type":"PropertyValueSpecification","valueRequired":true,"valueName":"search_term_string"}}],"inLanguage":"fr-FR"}]}},"_links":{"self":[{"href":"https:\/\/www.2020spaces.com\/fr\/wp-json\/wp\/v2\/pages\/9487","targetHints":{"allow":["GET"]}}],"collection":[{"href":"https:\/\/www.2020spaces.com\/fr\/wp-json\/wp\/v2\/pages"}],"about":[{"href":"https:\/\/www.2020spaces.com\/fr\/wp-json\/wp\/v2\/types\/page"}],"author":[{"embeddable":true,"href":"https:\/\/www.2020spaces.com\/fr\/wp-json\/wp\/v2\/users\/1"}],"replies":[{"embeddable":true,"href":"https:\/\/www.2020spaces.com\/fr\/wp-json\/wp\/v2\/comments?post=9487"}],"version-history":[{"count":0,"href":"https:\/\/www.2020spaces.com\/fr\/wp-json\/wp\/v2\/pages\/9487\/revisions"}],"up":[{"embeddable":true,"href":"https:\/\/www.2020spaces.com\/fr\/wp-json\/wp\/v2\/pages\/9486"}],"wp:featuredmedia":[{"embeddable":true,"href":"https:\/\/www.2020spaces.com\/fr\/wp-json\/wp\/v2\/media\/322300"}],"wp:attachment":[{"href":"https:\/\/www.2020spaces.com\/fr\/wp-json\/wp\/v2\/media?parent=9487"}],"wp:term":[{"taxonomy":"category","embeddable":true,"href":"https:\/\/www.2020spaces.com\/fr\/wp-json\/wp\/v2\/categories?post=9487"}],"curies":[{"name":"wp","href":"https:\/\/api.w.org\/{rel}","templated":true}]}}