{"id":9489,"date":"2014-05-06T08:08:53","date_gmt":"2014-05-06T12:08:53","guid":{"rendered":"https:\/\/www.2020spaces.com\/?page_id=9489"},"modified":"2023-12-27T02:45:09","modified_gmt":"2023-12-27T07:45:09","slug":"retail","status":"publish","type":"page","link":"https:\/\/www.2020spaces.com\/fr\/solutions\/retail\/","title":{"rendered":"2020 Solutions de d\u00e9tail"},"content":{"rendered":"<div class=\"wpb-content-wrapper\">[vc_row inner_container=\u00a0\u00bbtrue\u00a0\u00bb padding_top=\u00a0\u00bb0px\u00a0\u00bb padding_bottom=\u00a0\u00bb0px\u00a0\u00bb border=\u00a0\u00bbnone\u00a0\u00bb no_margin=\u00a0\u00bbtrue\u00a0\u00bb][vc_column width=\u00a0\u00bb1\/1&Prime;]<h1  class=\"h-custom-headline h1 accent\" ><span>2020 Solutions de d\u00e9tail<\/span><\/h1>[\/vc_column][\/vc_row][vc_row inner_container=\u00a0\u00bbtrue\u00a0\u00bb padding_top=\u00a0\u00bb0px\u00a0\u00bb padding_bottom=\u00a0\u00bb50px\u00a0\u00bb border=\u00a0\u00bbnone\u00a0\u00bb no_margin=\u00a0\u00bbtrue\u00a0\u00bb][vc_column width=\u00a0\u00bb1\/1&Prime;]<img decoding=\"async\"  class=\"x-img x-img-none right\" style=\"width:400px;\" src=\"https:\/\/www.2020spaces.com\/wp-content\/uploads\/2014\/05\/2020_Retail_Solutions_300x200.jpg\" alt=\"2020 Solutions de d\u00e9tail\"><p>Pr\u00e9sentez vos produits sur le Web de fa\u00e7on \u00e0 insuffler \u00e0 vos clients l\u2019envie d\u2019explorer, de concevoir et de visualiser ces produits dans leur chez-soi. Imaginez pouvoir am\u00e9nager une pi\u00e8ce en 3D avant de compl\u00e9ter votre achat, et partager le design avec vos amis sur les m\u00e9dias sociaux! Simples et amusantes \u00e0 utiliser, nos solutions de d\u00e9tail \u00e9veillent l\u2019imagination d\u00e8s le d\u00e9but du processus d\u2019achat, transformant rapidement les visiteurs en clients. Inspirez-les!!<\/p>\n<ul>\n<li>Vous affichez en temps r\u00e9el les prix, caract\u00e9ristiques, options et variantes de vos produits.<\/li>\n<li>Les clients peuvent travailler seuls ou en collaboration avec les designers ou les associ\u00e9s aux ventes de leur choix.<\/li>\n<li>Vous attirez plus de visiteurs vers votre site Web et augmentez le taux de conversion de visiteurs en acheteurs.<\/li>\n<li>Les dessins des clients s\u2019int\u00e8grent \u00e0 vos processus d\u2019op\u00e9rations internes, de la vente \u00e0 l\u2019exp\u00e9dition.<\/li>\n<\/ul>\n<h4><strong>Les solutions de Design d\u2019Int\u00e9rieur 2020 destin\u00e9es aux D\u00e9taillants comprennent les produits suivants :<\/strong><\/h4>\n[\/vc_column][\/vc_row][vc_row inner_container=\u00a0\u00bbtrue\u00a0\u00bb padding_top=\u00a0\u00bb0px\u00a0\u00bb padding_bottom=\u00a0\u00bb50px\u00a0\u00bb border=\u00a0\u00bbnone\u00a0\u00bb no_margin=\u00a0\u00bbtrue\u00a0\u00bb][vc_column width=\u00a0\u00bb1\/1&Prime;][vc_row_inner no_margin=\u00a0\u00bbtrue\u00a0\u00bb padding_top=\u00a0\u00bb0px\u00a0\u00bb padding_bottom=\u00a0\u00bb0px\u00a0\u00bb border=\u00a0\u00bbnone\u00a0\u00bb][vc_column_inner width=\u00a0\u00bb1\/2&Prime;]<hr  class=\"x-gap\" style=\"margin: 1.313em 0 0 0;\"><p><img loading=\"lazy\" decoding=\"async\" class=\"alignnone wp-image-7825 size-medium\" src=\"https:\/\/www.2020spaces.com\/wp-content\/uploads\/2014\/05\/Logo_2020IdealSpaces-300x40.png\" alt=\"2020 Ideal Spaces Logo\" width=\"300\" height=\"40\" srcset=\"https:\/\/www.2020spaces.com\/wp-content\/uploads\/2014\/05\/Logo_2020IdealSpaces-300x40.png 300w, https:\/\/www.2020spaces.com\/wp-content\/uploads\/2014\/05\/Logo_2020IdealSpaces-100x13.png 100w, https:\/\/www.2020spaces.com\/wp-content\/uploads\/2014\/05\/Logo_2020IdealSpaces.png 515w\" sizes=\"auto, (max-width: 300px) 100vw, 300px\" \/><\/p>\n<p>2020 Ideal Spaces est une solution Web de design d\u2019int\u00e9rieur ultraperformante. En qualit\u00e9 de d\u00e9taillant, vous pouvez h\u00e9berger 2020 Ideal Spaces sur votre site Web et offrir \u00e0 vos clients un portail \u00e0 la fine pointe de la technologie gr\u00e2ce auquel ils pourront planifier et acqu\u00e9rir leur prochain projet de design d\u2019int\u00e9rieur. 2020 Ideal Spaces propose aux clients\u2013 peu importe o\u00f9 ils sont \u2013 un moyen simple et amusant de cr\u00e9er leurs projets de design du d\u00e9but \u00e0 la fin avec vos produits et sur votre site Web. <a href=\"https:\/\/www.2020spaces.com\/fr\/produits\/2020-ideal-spaces-fr\/\">En savoir plus<\/a> <\/p>\n<p><img loading=\"lazy\" decoding=\"async\" class=\"alignnone wp-image-7829 size-medium\" src=\"https:\/\/www.2020spaces.com\/wp-content\/uploads\/2014\/05\/Logo_2020Icovia.png\" alt=\"2020 Icovia Logo\" width=\"200\" height=\"38\" \/><\/p>\n<p>D\u2019utilisation facile, l\u2019application Web 2D 2020 Icovia est \u00e0 la port\u00e9e de quiconque d\u00e9sire planifier l\u2019am\u00e9nagement de son espace. Que vous soyez designer ou propri\u00e9taire d\u2019une maison, 2020 Icovia vous permet de planifier de z\u00e9ro la r\u00e9novation ou le design d\u2019une pi\u00e8ce, et cela, moyennant des frais d\u2019abonnement mensuels fort abordables.\u00a0<a href=\"https:\/\/www.2020spaces.com\/2020products\/2020-icovia\/\"> En savoir plus<\/a> |<a href=\"https:\/\/www.2020spaces.com\/icovia-contact-us\/\">Pr\u00eat pour l\u2019achat?<\/a><\/p>\n[\/vc_column_inner][vc_column_inner width=\u00a0\u00bb1\/2&Prime;]<h2  class=\"h-custom-headline h3\" ><span>Quels facteurs influencent les clients?<\/span><\/h2><h6 class=\"h-skill-bar\">DISPONIBILIT\u00c9 DU PRODUIT<\/h6><div  class=\"x-skill-bar\" data-x-element=\"skill_bar\" data-x-params=\"{&quot;percent&quot;:&quot;78%&quot;}\"><div class=\"bar\" style=\"\"><div class=\"percent\">Puis-je vraiment me procurer ces articles?<\/div><\/div><\/div><h6 class=\"h-skill-bar\">R\u00c9TROACTION SOCIALE<\/h6><div  class=\"x-skill-bar\" data-x-element=\"skill_bar\" data-x-params=\"{&quot;percent&quot;:&quot;89%&quot;}\"><div class=\"bar\" style=\"\"><div class=\"percent\">Est-ce que cela plaira \u00e0 ma famille et \u00e0 mes amis?<\/div><\/div><\/div><h6 class=\"h-skill-bar\">VISUALISATION R\u00c9ALISTE<\/h6><div  class=\"x-skill-bar\" data-x-element=\"skill_bar\" data-x-params=\"{&quot;percent&quot;:&quot;96%&quot;}\"><div class=\"bar\" style=\"\"><div class=\"percent\">\u00c0 quoi ressemblera r\u00e9ellement cet article?<\/div><\/div><\/div><h6 class=\"h-skill-bar\">COMP\u00c9TENCE DU OU DE LA DESIGNER<\/h6><div  class=\"x-skill-bar\" data-x-element=\"skill_bar\" data-x-params=\"{&quot;percent&quot;:&quot;83%&quot;}\"><div class=\"bar\" style=\"\"><div class=\"percent\">Cette personne conna\u00eet-elle bien son m\u00e9tier?<\/div><\/div><\/div>[\/vc_column_inner][\/vc_row_inner]<hr  class=\"x-gap\" style=\"margin: 1.313em 0 0 0;\"><hr  class=\"x-hr\" >[vc_row_inner inner_container=\u00a0\u00bbtrue\u00a0\u00bb padding_top=\u00a0\u00bb0px\u00a0\u00bb padding_bottom=\u00a0\u00bb0px\u00a0\u00bb border=\u00a0\u00bbnone\u00a0\u00bb][vc_column_inner width=\u00a0\u00bb1\/4&Prime;]<p style=\"text-align: center; color: #f8971d;\"><i  class=\"x-icon x-icon-cogs\" style=\"text-align: center;      font-size:100px;\" data-x-icon-s=\"&#xf085;\" aria-hidden=\"true\"><\/i><\/p>\n[\/vc_column_inner][vc_column_inner width=\u00a0\u00bb3\/4&Prime;]<hr  class=\"x-gap\" style=\"margin: 1.313em 0 0 0;\"><p>Notre client\u00e8le de d\u00e9tail fait \u00e9galement appel \u00e0 <a href=\"https:\/\/www.2020spaces.com\/fr\/produits\/2020designlive\/\">2020 Design<\/a> et \u00e0 <a href=\"https:\/\/www.2020spaces.com\/fr\/produits\/2020fusionlive\/\">2020 Fusion<\/a> pour assurer des services de design professionnels aux points de vente \u00e0 l\u2019aide de catalogues au contenu centralis\u00e9 qui affichent les prix en temps r\u00e9el. Nous offrons \u00e0 des centaines de d\u00e9taillants de tous les coins du globe des services de mise en \u0153uvre visant \u00e0 int\u00e9grer 2020 Design et 2020 Fusion aux syst\u00e8mes administratifs et aux autres syst\u00e8mes op\u00e9rationnels.<\/p>\n[\/vc_column_inner][\/vc_row_inner][\/vc_column][\/vc_row]\n<\/div>","protected":false},"excerpt":{"rendered":"<p>[vc_row inner_container=\u00a0\u00bbtrue\u00a0\u00bb padding_top=\u00a0\u00bb0px\u00a0\u00bb padding_bottom=\u00a0\u00bb0px\u00a0\u00bb border=\u00a0\u00bbnone\u00a0\u00bb no_margin=\u00a0\u00bbtrue\u00a0\u00bb][vc_column width=\u00a0\u00bb1\/1&Prime;][\/vc_column][\/vc_row][vc_row inner_container=\u00a0\u00bbtrue\u00a0\u00bb padding_top=\u00a0\u00bb0px\u00a0\u00bb padding_bottom=\u00a0\u00bb50px\u00a0\u00bb border=\u00a0\u00bbnone\u00a0\u00bb no_margin=\u00a0\u00bbtrue\u00a0\u00bb][vc_column width=\u00a0\u00bb1\/1&Prime;][\/vc_column][\/vc_row][vc_row inner_container=\u00a0\u00bbtrue\u00a0\u00bb padding_top=\u00a0\u00bb0px\u00a0\u00bb padding_bottom=\u00a0\u00bb50px\u00a0\u00bb border=\u00a0\u00bbnone\u00a0\u00bb no_margin=\u00a0\u00bbtrue\u00a0\u00bb][vc_column width=\u00a0\u00bb1\/1&Prime;][vc_row_inner no_margin=\u00a0\u00bbtrue\u00a0\u00bb padding_top=\u00a0\u00bb0px\u00a0\u00bb padding_bottom=\u00a0\u00bb0px\u00a0\u00bb border=\u00a0\u00bbnone\u00a0\u00bb][vc_column_inner width=\u00a0\u00bb1\/2&Prime;][\/vc_column_inner][vc_column_inner width=\u00a0\u00bb1\/2&Prime;][\/vc_column_inner][\/vc_row_inner][vc_row_inner inner_container=\u00a0\u00bbtrue\u00a0\u00bb padding_top=\u00a0\u00bb0px\u00a0\u00bb padding_bottom=\u00a0\u00bb0px\u00a0\u00bb border=\u00a0\u00bbnone\u00a0\u00bb][vc_column_inner width=\u00a0\u00bb1\/4&Prime;][\/vc_column_inner][vc_column_inner width=\u00a0\u00bb3\/4&Prime;][\/vc_column_inner][\/vc_row_inner][\/vc_column][\/vc_row]<\/p>\n","protected":false},"author":1,"featured_media":0,"parent":9486,"menu_order":0,"comment_status":"open","ping_status":"closed","template":"template-blank-4.php","meta":{"_bbp_topic_count":0,"_bbp_reply_count":0,"_bbp_total_topic_count":0,"_bbp_total_reply_count":0,"_bbp_voice_count":0,"_bbp_anonymous_reply_count":0,"_bbp_topic_count_hidden":0,"_bbp_reply_count_hidden":0,"_bbp_forum_subforum_count":0,"footnotes":""},"categories":[],"class_list":["post-9489","page","type-page","status-publish","hentry","no-post-thumbnail"],"pp_force_visibility":null,"pp_subpost_visibility":null,"pp_inherited_force_visibility":null,"pp_inherited_subpost_visibility":null,"yoast_head":"<!-- This site is optimized with the Yoast SEO Premium plugin v26.7 (Yoast SEO v26.7) - https:\/\/yoast.com\/wordpress\/plugins\/seo\/ -->\n<title>Logiciels de design int\u00e9rieur pour d\u00e9taillants | 2020 Spaces<\/title>\n<meta name=\"description\" content=\"D\u00e9couvrez nos logiciels de design int\u00e9rieur pour les d\u00e9taillants. D\u00e9couvrez les logiciels d\u2019am\u00e9nagement int\u00e9rieur et de plan de maison 2020.\u00a0\" \/>\n<meta name=\"robots\" content=\"index, follow, max-snippet:-1, max-image-preview:large, max-video-preview:-1\" \/>\n<link rel=\"canonical\" href=\"https:\/\/www.2020spaces.com\/fr\/solutions\/retail\/\" \/>\n<meta property=\"og:locale\" content=\"fr_FR\" \/>\n<meta property=\"og:type\" content=\"article\" \/>\n<meta property=\"og:title\" content=\"2020 Solutions de d\u00e9tail\" \/>\n<meta property=\"og:description\" content=\"D\u00e9couvrez nos logiciels de design int\u00e9rieur pour les d\u00e9taillants. D\u00e9couvrez les logiciels d\u2019am\u00e9nagement int\u00e9rieur et de plan de maison 2020.\u00a0\" \/>\n<meta property=\"og:url\" content=\"https:\/\/www.2020spaces.com\/fr\/solutions\/retail\/\" \/>\n<meta property=\"og:site_name\" content=\"2020\" \/>\n<meta property=\"article:publisher\" content=\"https:\/\/www.facebook.com\/2020spaces\" \/>\n<meta property=\"article:modified_time\" content=\"2023-12-27T07:45:09+00:00\" \/>\n<meta property=\"og:image\" content=\"https:\/\/www.2020spaces.com\/wp-content\/uploads\/2014\/05\/Logo_2020IdealSpaces-300x40.png\" \/>\n<meta name=\"twitter:card\" content=\"summary_large_image\" \/>\n<meta name=\"twitter:site\" content=\"@2020spaces\" \/>\n<meta name=\"twitter:label1\" content=\"Dur\u00e9e de lecture estim\u00e9e\" \/>\n\t<meta name=\"twitter:data1\" content=\"3 minutes\" \/>\n<script type=\"application\/ld+json\" class=\"yoast-schema-graph\">{\"@context\":\"https:\/\/schema.org\",\"@graph\":[{\"@type\":\"WebPage\",\"@id\":\"https:\/\/www.2020spaces.com\/fr\/solutions\/retail\/\",\"url\":\"https:\/\/www.2020spaces.com\/fr\/solutions\/retail\/\",\"name\":\"Logiciels de design int\u00e9rieur pour d\u00e9taillants | 2020 Spaces\",\"isPartOf\":{\"@id\":\"https:\/\/www.2020spaces.com\/#website\"},\"primaryImageOfPage\":{\"@id\":\"https:\/\/www.2020spaces.com\/fr\/solutions\/retail\/#primaryimage\"},\"image\":{\"@id\":\"https:\/\/www.2020spaces.com\/fr\/solutions\/retail\/#primaryimage\"},\"thumbnailUrl\":\"https:\/\/www.2020spaces.com\/wp-content\/uploads\/2014\/05\/Logo_2020IdealSpaces-300x40.png\",\"datePublished\":\"2014-05-06T12:08:53+00:00\",\"dateModified\":\"2023-12-27T07:45:09+00:00\",\"description\":\"D\u00e9couvrez nos logiciels de design int\u00e9rieur pour les d\u00e9taillants. D\u00e9couvrez les logiciels d\u2019am\u00e9nagement int\u00e9rieur et de plan de maison 2020.\u00a0\",\"breadcrumb\":{\"@id\":\"https:\/\/www.2020spaces.com\/fr\/solutions\/retail\/#breadcrumb\"},\"inLanguage\":\"fr-FR\",\"potentialAction\":[{\"@type\":\"ReadAction\",\"target\":[\"https:\/\/www.2020spaces.com\/fr\/solutions\/retail\/\"]}]},{\"@type\":\"ImageObject\",\"inLanguage\":\"fr-FR\",\"@id\":\"https:\/\/www.2020spaces.com\/fr\/solutions\/retail\/#primaryimage\",\"url\":\"https:\/\/www.2020spaces.com\/wp-content\/uploads\/2014\/05\/Logo_2020IdealSpaces-300x40.png\",\"contentUrl\":\"https:\/\/www.2020spaces.com\/wp-content\/uploads\/2014\/05\/Logo_2020IdealSpaces-300x40.png\"},{\"@type\":\"BreadcrumbList\",\"@id\":\"https:\/\/www.2020spaces.com\/fr\/solutions\/retail\/#breadcrumb\",\"itemListElement\":[{\"@type\":\"ListItem\",\"position\":1,\"name\":\"Home\",\"item\":\"https:\/\/www.2020spaces.com\/fr\/accueil-2-2\/\"},{\"@type\":\"ListItem\",\"position\":2,\"name\":\"Solutions 2020\",\"item\":\"https:\/\/www.2020spaces.com\/fr\/solutions\/\"},{\"@type\":\"ListItem\",\"position\":3,\"name\":\"2020 Solutions de d\u00e9tail\"}]},{\"@type\":\"WebSite\",\"@id\":\"https:\/\/www.2020spaces.com\/#website\",\"url\":\"https:\/\/www.2020spaces.com\/\",\"name\":\"2020\",\"description\":\"Making Spaces for Life\u2122\",\"potentialAction\":[{\"@type\":\"SearchAction\",\"target\":{\"@type\":\"EntryPoint\",\"urlTemplate\":\"https:\/\/www.2020spaces.com\/?s={search_term_string}\"},\"query-input\":{\"@type\":\"PropertyValueSpecification\",\"valueRequired\":true,\"valueName\":\"search_term_string\"}}],\"inLanguage\":\"fr-FR\"}]}<\/script>\n<!-- \/ Yoast SEO Premium plugin. -->","yoast_head_json":{"title":"Logiciels de design int\u00e9rieur pour d\u00e9taillants | 2020 Spaces","description":"D\u00e9couvrez nos logiciels de design int\u00e9rieur pour les d\u00e9taillants. D\u00e9couvrez les logiciels d\u2019am\u00e9nagement int\u00e9rieur et de plan de maison 2020.\u00a0","robots":{"index":"index","follow":"follow","max-snippet":"max-snippet:-1","max-image-preview":"max-image-preview:large","max-video-preview":"max-video-preview:-1"},"canonical":"https:\/\/www.2020spaces.com\/fr\/solutions\/retail\/","og_locale":"fr_FR","og_type":"article","og_title":"2020 Solutions de d\u00e9tail","og_description":"D\u00e9couvrez nos logiciels de design int\u00e9rieur pour les d\u00e9taillants. D\u00e9couvrez les logiciels d\u2019am\u00e9nagement int\u00e9rieur et de plan de maison 2020.\u00a0","og_url":"https:\/\/www.2020spaces.com\/fr\/solutions\/retail\/","og_site_name":"2020","article_publisher":"https:\/\/www.facebook.com\/2020spaces","article_modified_time":"2023-12-27T07:45:09+00:00","og_image":[{"url":"https:\/\/www.2020spaces.com\/wp-content\/uploads\/2014\/05\/Logo_2020IdealSpaces-300x40.png","type":"","width":"","height":""}],"twitter_card":"summary_large_image","twitter_site":"@2020spaces","twitter_misc":{"Dur\u00e9e de lecture estim\u00e9e":"3 minutes"},"schema":{"@context":"https:\/\/schema.org","@graph":[{"@type":"WebPage","@id":"https:\/\/www.2020spaces.com\/fr\/solutions\/retail\/","url":"https:\/\/www.2020spaces.com\/fr\/solutions\/retail\/","name":"Logiciels de design int\u00e9rieur pour d\u00e9taillants | 2020 Spaces","isPartOf":{"@id":"https:\/\/www.2020spaces.com\/#website"},"primaryImageOfPage":{"@id":"https:\/\/www.2020spaces.com\/fr\/solutions\/retail\/#primaryimage"},"image":{"@id":"https:\/\/www.2020spaces.com\/fr\/solutions\/retail\/#primaryimage"},"thumbnailUrl":"https:\/\/www.2020spaces.com\/wp-content\/uploads\/2014\/05\/Logo_2020IdealSpaces-300x40.png","datePublished":"2014-05-06T12:08:53+00:00","dateModified":"2023-12-27T07:45:09+00:00","description":"D\u00e9couvrez nos logiciels de design int\u00e9rieur pour les d\u00e9taillants. D\u00e9couvrez les logiciels d\u2019am\u00e9nagement int\u00e9rieur et de plan de maison 2020.\u00a0","breadcrumb":{"@id":"https:\/\/www.2020spaces.com\/fr\/solutions\/retail\/#breadcrumb"},"inLanguage":"fr-FR","potentialAction":[{"@type":"ReadAction","target":["https:\/\/www.2020spaces.com\/fr\/solutions\/retail\/"]}]},{"@type":"ImageObject","inLanguage":"fr-FR","@id":"https:\/\/www.2020spaces.com\/fr\/solutions\/retail\/#primaryimage","url":"https:\/\/www.2020spaces.com\/wp-content\/uploads\/2014\/05\/Logo_2020IdealSpaces-300x40.png","contentUrl":"https:\/\/www.2020spaces.com\/wp-content\/uploads\/2014\/05\/Logo_2020IdealSpaces-300x40.png"},{"@type":"BreadcrumbList","@id":"https:\/\/www.2020spaces.com\/fr\/solutions\/retail\/#breadcrumb","itemListElement":[{"@type":"ListItem","position":1,"name":"Home","item":"https:\/\/www.2020spaces.com\/fr\/accueil-2-2\/"},{"@type":"ListItem","position":2,"name":"Solutions 2020","item":"https:\/\/www.2020spaces.com\/fr\/solutions\/"},{"@type":"ListItem","position":3,"name":"2020 Solutions de d\u00e9tail"}]},{"@type":"WebSite","@id":"https:\/\/www.2020spaces.com\/#website","url":"https:\/\/www.2020spaces.com\/","name":"2020","description":"Making Spaces for Life\u2122","potentialAction":[{"@type":"SearchAction","target":{"@type":"EntryPoint","urlTemplate":"https:\/\/www.2020spaces.com\/?s={search_term_string}"},"query-input":{"@type":"PropertyValueSpecification","valueRequired":true,"valueName":"search_term_string"}}],"inLanguage":"fr-FR"}]}},"_links":{"self":[{"href":"https:\/\/www.2020spaces.com\/fr\/wp-json\/wp\/v2\/pages\/9489","targetHints":{"allow":["GET"]}}],"collection":[{"href":"https:\/\/www.2020spaces.com\/fr\/wp-json\/wp\/v2\/pages"}],"about":[{"href":"https:\/\/www.2020spaces.com\/fr\/wp-json\/wp\/v2\/types\/page"}],"author":[{"embeddable":true,"href":"https:\/\/www.2020spaces.com\/fr\/wp-json\/wp\/v2\/users\/1"}],"replies":[{"embeddable":true,"href":"https:\/\/www.2020spaces.com\/fr\/wp-json\/wp\/v2\/comments?post=9489"}],"version-history":[{"count":0,"href":"https:\/\/www.2020spaces.com\/fr\/wp-json\/wp\/v2\/pages\/9489\/revisions"}],"up":[{"embeddable":true,"href":"https:\/\/www.2020spaces.com\/fr\/wp-json\/wp\/v2\/pages\/9486"}],"wp:attachment":[{"href":"https:\/\/www.2020spaces.com\/fr\/wp-json\/wp\/v2\/media?parent=9489"}],"wp:term":[{"taxonomy":"category","embeddable":true,"href":"https:\/\/www.2020spaces.com\/fr\/wp-json\/wp\/v2\/categories?post=9489"}],"curies":[{"name":"wp","href":"https:\/\/api.w.org\/{rel}","templated":true}]}}