{"id":9496,"date":"2014-06-03T08:27:41","date_gmt":"2014-06-03T12:27:41","guid":{"rendered":"https:\/\/www.2020spaces.com\/?page_id=9496"},"modified":"2022-09-29T09:41:13","modified_gmt":"2022-09-29T13:41:13","slug":"support","status":"publish","type":"page","link":"https:\/\/www.2020spaces.com\/fr\/support\/","title":{"rendered":"Support"},"content":{"rendered":"<div id=\"cs-content\" class=\"cs-content\"><\/div>\n","protected":false},"excerpt":{"rendered":"<p>Bienvenue au service de soutien \u00e0 la client\u00e8le de 2020Comment pouvons-nous vous aider aujourd\u2019hui?Pour quel produit avez-vous besoin d\u2019aide? Choisissez votre produitS\u00e9lectionnez une option2020 Design2020 Design Live2020 Fusion Live2020 Insight2020 Cap2020 Giza2020 Visual Impression2020 Worksheet2020 Ideal Spaces2020 Icovia2020 DesignChoisissez votre r\u00e9gionAm\u00e9rique du Sud (sauf le Br\u00e9sil)AutricheBr\u00e9sil (VAR)Canada\u00c9tats-UnisFranceIndeJapon (VAR)MexiqueMoyen-OrientNouvelle-Z\u00e9lande (VAR)Royaume-UniAutre2020 Design &#8230; <\/p>\n<div><a href=\"https:\/\/www.2020spaces.com\/fr\/support\/\" class=\"more-link\">En savoir plus<\/a><\/div>\n","protected":false},"author":1,"featured_media":0,"parent":0,"menu_order":0,"comment_status":"closed","ping_status":"closed","template":"template-blank-4.php","meta":{"_bbp_topic_count":0,"_bbp_reply_count":0,"_bbp_total_topic_count":0,"_bbp_total_reply_count":0,"_bbp_voice_count":0,"_bbp_anonymous_reply_count":0,"_bbp_topic_count_hidden":0,"_bbp_reply_count_hidden":0,"_bbp_forum_subforum_count":0,"footnotes":""},"categories":[],"class_list":["post-9496","page","type-page","status-publish","hentry","no-post-thumbnail"],"pp_force_visibility":null,"pp_subpost_visibility":null,"pp_inherited_force_visibility":null,"pp_inherited_subpost_visibility":null,"yoast_head":"<!-- This site is optimized with the Yoast SEO Premium plugin v26.7 (Yoast SEO v26.7) - https:\/\/yoast.com\/wordpress\/plugins\/seo\/ -->\n<title>Support produits et logiciels 2020 | 2020 Spaces<\/title>\n<meta name=\"description\" content=\"Obtenez du support pour vos produits 2020. D\u00e9couvrez les logiciels d\u2019am\u00e9nagement int\u00e9rieur et de plan de maison 2020.\u00a0\" \/>\n<meta name=\"robots\" content=\"index, follow, max-snippet:-1, max-image-preview:large, max-video-preview:-1\" \/>\n<link rel=\"canonical\" href=\"https:\/\/www.2020spaces.com\/fr\/support\/\" \/>\n<meta property=\"og:locale\" content=\"fr_FR\" \/>\n<meta property=\"og:type\" content=\"article\" \/>\n<meta property=\"og:title\" content=\"Support\" \/>\n<meta property=\"og:description\" content=\"Obtenez du support pour vos produits 2020. D\u00e9couvrez les logiciels d\u2019am\u00e9nagement int\u00e9rieur et de plan de maison 2020.\u00a0\" \/>\n<meta property=\"og:url\" content=\"https:\/\/www.2020spaces.com\/fr\/support\/\" \/>\n<meta property=\"og:site_name\" content=\"2020\" \/>\n<meta property=\"article:publisher\" content=\"https:\/\/www.facebook.com\/2020spaces\" \/>\n<meta property=\"article:modified_time\" content=\"2022-09-29T13:41:13+00:00\" \/>\n<meta name=\"twitter:card\" content=\"summary_large_image\" \/>\n<meta name=\"twitter:site\" content=\"@2020spaces\" \/>\n<meta name=\"twitter:label1\" content=\"Dur\u00e9e de lecture estim\u00e9e\" \/>\n\t<meta name=\"twitter:data1\" content=\"6 minutes\" \/>\n<script type=\"application\/ld+json\" class=\"yoast-schema-graph\">{\"@context\":\"https:\/\/schema.org\",\"@graph\":[{\"@type\":\"WebPage\",\"@id\":\"https:\/\/www.2020spaces.com\/fr\/support\/\",\"url\":\"https:\/\/www.2020spaces.com\/fr\/support\/\",\"name\":\"Support produits et logiciels 2020 | 2020 Spaces\",\"isPartOf\":{\"@id\":\"https:\/\/www.2020spaces.com\/#website\"},\"datePublished\":\"2014-06-03T12:27:41+00:00\",\"dateModified\":\"2022-09-29T13:41:13+00:00\",\"description\":\"Obtenez du support pour vos produits 2020. D\u00e9couvrez les logiciels d\u2019am\u00e9nagement int\u00e9rieur et de plan de maison 2020.\u00a0\",\"breadcrumb\":{\"@id\":\"https:\/\/www.2020spaces.com\/fr\/support\/#breadcrumb\"},\"inLanguage\":\"fr-FR\",\"potentialAction\":[{\"@type\":\"ReadAction\",\"target\":[\"https:\/\/www.2020spaces.com\/fr\/support\/\"]}]},{\"@type\":\"BreadcrumbList\",\"@id\":\"https:\/\/www.2020spaces.com\/fr\/support\/#breadcrumb\",\"itemListElement\":[{\"@type\":\"ListItem\",\"position\":1,\"name\":\"Home\",\"item\":\"https:\/\/www.2020spaces.com\/fr\/accueil-2-2\/\"},{\"@type\":\"ListItem\",\"position\":2,\"name\":\"Support\"}]},{\"@type\":\"WebSite\",\"@id\":\"https:\/\/www.2020spaces.com\/#website\",\"url\":\"https:\/\/www.2020spaces.com\/\",\"name\":\"2020\",\"description\":\"Making Spaces for Life\u2122\",\"potentialAction\":[{\"@type\":\"SearchAction\",\"target\":{\"@type\":\"EntryPoint\",\"urlTemplate\":\"https:\/\/www.2020spaces.com\/?s={search_term_string}\"},\"query-input\":{\"@type\":\"PropertyValueSpecification\",\"valueRequired\":true,\"valueName\":\"search_term_string\"}}],\"inLanguage\":\"fr-FR\"}]}<\/script>\n<!-- \/ Yoast SEO Premium plugin. -->","yoast_head_json":{"title":"Support produits et logiciels 2020 | 2020 Spaces","description":"Obtenez du support pour vos produits 2020. D\u00e9couvrez les logiciels d\u2019am\u00e9nagement int\u00e9rieur et de plan de maison 2020.\u00a0","robots":{"index":"index","follow":"follow","max-snippet":"max-snippet:-1","max-image-preview":"max-image-preview:large","max-video-preview":"max-video-preview:-1"},"canonical":"https:\/\/www.2020spaces.com\/fr\/support\/","og_locale":"fr_FR","og_type":"article","og_title":"Support","og_description":"Obtenez du support pour vos produits 2020. D\u00e9couvrez les logiciels d\u2019am\u00e9nagement int\u00e9rieur et de plan de maison 2020.\u00a0","og_url":"https:\/\/www.2020spaces.com\/fr\/support\/","og_site_name":"2020","article_publisher":"https:\/\/www.facebook.com\/2020spaces","article_modified_time":"2022-09-29T13:41:13+00:00","twitter_card":"summary_large_image","twitter_site":"@2020spaces","twitter_misc":{"Dur\u00e9e de lecture estim\u00e9e":"6 minutes"},"schema":{"@context":"https:\/\/schema.org","@graph":[{"@type":"WebPage","@id":"https:\/\/www.2020spaces.com\/fr\/support\/","url":"https:\/\/www.2020spaces.com\/fr\/support\/","name":"Support produits et logiciels 2020 | 2020 Spaces","isPartOf":{"@id":"https:\/\/www.2020spaces.com\/#website"},"datePublished":"2014-06-03T12:27:41+00:00","dateModified":"2022-09-29T13:41:13+00:00","description":"Obtenez du support pour vos produits 2020. D\u00e9couvrez les logiciels d\u2019am\u00e9nagement int\u00e9rieur et de plan de maison 2020.\u00a0","breadcrumb":{"@id":"https:\/\/www.2020spaces.com\/fr\/support\/#breadcrumb"},"inLanguage":"fr-FR","potentialAction":[{"@type":"ReadAction","target":["https:\/\/www.2020spaces.com\/fr\/support\/"]}]},{"@type":"BreadcrumbList","@id":"https:\/\/www.2020spaces.com\/fr\/support\/#breadcrumb","itemListElement":[{"@type":"ListItem","position":1,"name":"Home","item":"https:\/\/www.2020spaces.com\/fr\/accueil-2-2\/"},{"@type":"ListItem","position":2,"name":"Support"}]},{"@type":"WebSite","@id":"https:\/\/www.2020spaces.com\/#website","url":"https:\/\/www.2020spaces.com\/","name":"2020","description":"Making Spaces for Life\u2122","potentialAction":[{"@type":"SearchAction","target":{"@type":"EntryPoint","urlTemplate":"https:\/\/www.2020spaces.com\/?s={search_term_string}"},"query-input":{"@type":"PropertyValueSpecification","valueRequired":true,"valueName":"search_term_string"}}],"inLanguage":"fr-FR"}]}},"_links":{"self":[{"href":"https:\/\/www.2020spaces.com\/fr\/wp-json\/wp\/v2\/pages\/9496","targetHints":{"allow":["GET"]}}],"collection":[{"href":"https:\/\/www.2020spaces.com\/fr\/wp-json\/wp\/v2\/pages"}],"about":[{"href":"https:\/\/www.2020spaces.com\/fr\/wp-json\/wp\/v2\/types\/page"}],"author":[{"embeddable":true,"href":"https:\/\/www.2020spaces.com\/fr\/wp-json\/wp\/v2\/users\/1"}],"replies":[{"embeddable":true,"href":"https:\/\/www.2020spaces.com\/fr\/wp-json\/wp\/v2\/comments?post=9496"}],"version-history":[{"count":0,"href":"https:\/\/www.2020spaces.com\/fr\/wp-json\/wp\/v2\/pages\/9496\/revisions"}],"wp:attachment":[{"href":"https:\/\/www.2020spaces.com\/fr\/wp-json\/wp\/v2\/media?parent=9496"}],"wp:term":[{"taxonomy":"category","embeddable":true,"href":"https:\/\/www.2020spaces.com\/fr\/wp-json\/wp\/v2\/categories?post=9496"}],"curies":[{"name":"wp","href":"https:\/\/api.w.org\/{rel}","templated":true}]}}