{"id":98206,"date":"2016-07-07T09:43:34","date_gmt":"2016-07-07T13:43:34","guid":{"rendered":"https:\/\/www.2020spaces.com\/fr\/?page_id=98206"},"modified":"2025-04-27T08:31:29","modified_gmt":"2025-04-27T12:31:29","slug":"contact-pro-sales","status":"publish","type":"page","link":"https:\/\/www.2020spaces.com\/fr\/produits\/designflex\/contact-pro-sales\/","title":{"rendered":"Nous contacter | Vente Pros"},"content":{"rendered":"<div class=\"wpb-content-wrapper\">[vc_row padding_top=\u00a0\u00bb0px\u00a0\u00bb padding_bottom=\u00a0\u00bb0px\u00a0\u00bb border=\u00a0\u00bbnone\u00a0\u00bb inner_container=\u00a0\u00bbtrue\u00a0\u00bb bg_image=\u00a0\u00bbhttps:\/\/www.2020spaces.com\/wp-content\/uploads\/2016\/08\/Banner_KitchenProSales_1920x1080.jpg\u00a0\u00bb parallax=\u00a0\u00bbtrue\u00a0\u00bb]\n[vc_column width=\u00a0\u00bb1\/1&Prime;]\n<hr  class=\"x-gap\" style=\"margin: 2.626em 0 0 0;\">\n[vc_row_inner padding_top=\u00a0\u00bb30px\u00a0\u00bb padding_bottom=\u00a0\u00bb0px\u00a0\u00bb border=\u00a0\u00bbnone\u00a0\u00bb inner_container=\u00a0\u00bbtrue\u00a0\u00bb bg_color=\u00a0\u00bb#ffffff\u00a0\u00bb style=\u00a0\u00bbmargin-bottom:0px; text-align:center;\u00a0\u00bb]\n[vc_column_inner width=\u00a0\u00bb1\/1&Prime; fade_animation=\u00a0\u00bbin\u00a0\u00bb fade_animation_offset=\u00a0\u00bb45px\u00a0\u00bb]\n<img decoding=\"async\"  class=\"x-img x-img-none none\" style=\"max-width:100%; margin-bottom: 0px; padding-bottom: 0px;\" src=\"https:\/\/www.2020spaces.com\/wp-content\/uploads\/2020\/06\/Logo_2020DesignLive_72dpi.png\" alt=\"Design Flex Logo\">\n<h1 style=\"text-align: center; font-size: 50px; font-weight: bold; margin-top: 20px;\">Le logiciel vedette en Am\u00e9rique du Nord pour la conception de cuisines et de salles de bains<\/h1>\n\n[\/vc_column_inner]\n[\/vc_row_inner]\n[vc_row_inner padding_top=\u00a0\u00bb0px\u00a0\u00bb padding_bottom=\u00a0\u00bb0px\u00a0\u00bb border=\u00a0\u00bbnone\u00a0\u00bb inner_container=\u00a0\u00bbtrue\u00a0\u00bb bg_color=\u00a0\u00bb#ffffff\u00a0\u00bb]\n[vc_column_inner width=\u00a0\u00bb2\/3&Prime; fade_animation=\u00a0\u00bbin\u00a0\u00bb fade_animation_offset=\u00a0\u00bb45px\u00a0\u00bb]\n<h3><strong>Comment peut-on vous aider?<\/strong><\/h3>\n<ul>\n<li>Souhaitez-vous mettre \u00e0 niveau ou acheter des abonnements additionnelles de Design Flex?<\/li>\n<li>Aimeriez-vous renouveler votre abonnement \u00e0 Design Flex?<\/li>\n<li>\u00cates-vous un \u00c9tudiant ou un Enseignant int\u00e9ress\u00e9 \u00e0 en savoir plus sur notre \u00e9dition Design Flex Academic?<\/li>\n<\/ul>\n<p>Veuillez compl\u00e9ter le formulaire ci-dessous et un de nos repr\u00e9sentants de commerce vous contactera sous peu.<br \/>\n<strong>Par t\u00e9l\u00e9phone: 1.866.698.2020<\/strong><\/p>\n\n<hr  class=\"x-gap\" style=\"margin: 2.626em 0 0 0;\">\n[\/vc_column_inner]\n[vc_column_inner width=\u00a0\u00bb1\/3&Prime;]\n<hr  class=\"x-gap\" style=\"margin: 2.626em 0 0 0;\">\n<iframe loading=\"lazy\" style=\"border: 0px currentColor; text-align: center;\" src=\"https:\/\/info.2020spaces.com\/l\/70282\/2016-08-11\/42ggm3\" width=\"300\" height=\"510\" frameborder=\"0\" align=\"middle\"><\/iframe><br \/>\n[\/vc_column_inner]\n[\/vc_row_inner]\n<hr  class=\"x-gap\" style=\"margin: 5.252em 0 0 0;\">\n[\/vc_column]\n[\/vc_row]\n[vc_row inner_container=\u00a0\u00bbtrue\u00a0\u00bb padding_top=\u00a0\u00bb0px\u00a0\u00bb padding_bottom=\u00a0\u00bb0px\u00a0\u00bb border=\u00a0\u00bbnone\u00a0\u00bb bg_color=\u00a0\u00bb#f8971d\u00a0\u00bb]\n[vc_column width=\u00a0\u00bb1\/1&Prime;]\n[vc_row_inner]\n[vc_column_inner width=\u00a0\u00bb1\/1&Prime;]\n<h3 style=\"text-align: center; color: #ffffff;\"><strong>Vous avez des questions?<\/strong> Appelez-nous<strong>1.866.698.2020<\/strong><\/h3>\n\n[\/vc_column_inner]\n[\/vc_row_inner]\n[\/vc_column]\n[\/vc_row]\n<\/div>","protected":false},"excerpt":{"rendered":"<p>[vc_row padding_top=\u00a0\u00bb0px\u00a0\u00bb padding_bottom=\u00a0\u00bb0px\u00a0\u00bb border=\u00a0\u00bbnone\u00a0\u00bb inner_container=\u00a0\u00bbtrue\u00a0\u00bb bg_image=\u00a0\u00bbhttps:\/\/www.2020spaces.com\/wp-content\/uploads\/2016\/08\/Banner_KitchenProSales_1920x1080.jpg\u00a0\u00bb parallax=\u00a0\u00bbtrue\u00a0\u00bb] [vc_column width=\u00a0\u00bb1\/1&Prime;] [vc_row_inner padding_top=\u00a0\u00bb30px\u00a0\u00bb padding_bottom=\u00a0\u00bb0px\u00a0\u00bb border=\u00a0\u00bbnone\u00a0\u00bb inner_container=\u00a0\u00bbtrue\u00a0\u00bb bg_color=\u00a0\u00bb#ffffff\u00a0\u00bb style=\u00a0\u00bbmargin-bottom:0px; text-align:center;\u00a0\u00bb] [vc_column_inner width=\u00a0\u00bb1\/1&Prime; fade_animation=\u00a0\u00bbin\u00a0\u00bb fade_animation_offset=\u00a0\u00bb45px\u00a0\u00bb] [\/vc_column_inner] [\/vc_row_inner] [vc_row_inner padding_top=\u00a0\u00bb0px\u00a0\u00bb padding_bottom=\u00a0\u00bb0px\u00a0\u00bb border=\u00a0\u00bbnone\u00a0\u00bb inner_container=\u00a0\u00bbtrue\u00a0\u00bb bg_color=\u00a0\u00bb#ffffff\u00a0\u00bb] [vc_column_inner width=\u00a0\u00bb2\/3&Prime; fade_animation=\u00a0\u00bbin\u00a0\u00bb fade_animation_offset=\u00a0\u00bb45px\u00a0\u00bb] [\/vc_column_inner] [vc_column_inner width=\u00a0\u00bb1\/3&Prime;] [\/vc_column_inner] [\/vc_row_inner] [\/vc_column] [\/vc_row] [vc_row inner_container=\u00a0\u00bbtrue\u00a0\u00bb padding_top=\u00a0\u00bb0px\u00a0\u00bb padding_bottom=\u00a0\u00bb0px\u00a0\u00bb border=\u00a0\u00bbnone\u00a0\u00bb bg_color=\u00a0\u00bb#f8971d\u00a0\u00bb] [vc_column width=\u00a0\u00bb1\/1&Prime;] [vc_row_inner] [vc_column_inner &#8230; <\/p>\n<div><a href=\"https:\/\/www.2020spaces.com\/fr\/produits\/designflex\/contact-pro-sales\/\" class=\"more-link\">En savoir plus<\/a><\/div>\n","protected":false},"author":1,"featured_media":0,"parent":9432,"menu_order":0,"comment_status":"closed","ping_status":"closed","template":"template-blank-5.php","meta":{"_bbp_topic_count":0,"_bbp_reply_count":0,"_bbp_total_topic_count":0,"_bbp_total_reply_count":0,"_bbp_voice_count":0,"_bbp_anonymous_reply_count":0,"_bbp_topic_count_hidden":0,"_bbp_reply_count_hidden":0,"_bbp_forum_subforum_count":0,"footnotes":""},"categories":[],"class_list":["post-98206","page","type-page","status-publish","hentry","no-post-thumbnail"],"pp_force_visibility":null,"pp_subpost_visibility":null,"pp_inherited_force_visibility":null,"pp_inherited_subpost_visibility":null,"yoast_head":"<!-- This site is optimized with the Yoast SEO Premium plugin v27.4 (Yoast SEO v27.4) - https:\/\/yoast.com\/product\/yoast-seo-premium-wordpress\/ -->\n<title>Nous contacter | Vente Pros - 2020<\/title>\n<meta name=\"description\" content=\"Design Flex \u2013 le logiciel vedette en Am\u00e9rique du Nord pour la conception de cuisines et de salles de bains.\" \/>\n<meta name=\"robots\" content=\"index, follow, max-snippet:-1, max-image-preview:large, max-video-preview:-1\" \/>\n<link rel=\"canonical\" href=\"https:\/\/www.2020spaces.com\/fr\/produits\/designflex\/contact-pro-sales\/\" \/>\n<meta property=\"og:locale\" content=\"fr_FR\" \/>\n<meta property=\"og:type\" content=\"article\" \/>\n<meta property=\"og:title\" content=\"Nous contacter | Vente Pros\" \/>\n<meta property=\"og:description\" content=\"Design Flex \u2013 le logiciel vedette en Am\u00e9rique du Nord pour la conception de cuisines et de salles de bains.\" \/>\n<meta property=\"og:url\" content=\"https:\/\/www.2020spaces.com\/fr\/produits\/designflex\/contact-pro-sales\/\" \/>\n<meta property=\"og:site_name\" content=\"2020\" \/>\n<meta property=\"article:publisher\" content=\"https:\/\/www.facebook.com\/2020spaces\" \/>\n<meta property=\"article:modified_time\" content=\"2025-04-27T12:31:29+00:00\" \/>\n<meta name=\"twitter:card\" content=\"summary_large_image\" \/>\n<meta name=\"twitter:site\" content=\"@2020spaces\" \/>\n<meta name=\"twitter:label1\" content=\"Dur\u00e9e de lecture estim\u00e9e\" \/>\n\t<meta name=\"twitter:data1\" content=\"1 minute\" \/>\n<script type=\"application\/ld+json\" class=\"yoast-schema-graph\">{\"@context\":\"https:\\\/\\\/schema.org\",\"@graph\":[{\"@type\":\"WebPage\",\"@id\":\"https:\\\/\\\/www.2020spaces.com\\\/fr\\\/produits\\\/designflex\\\/contact-pro-sales\\\/\",\"url\":\"https:\\\/\\\/www.2020spaces.com\\\/fr\\\/produits\\\/designflex\\\/contact-pro-sales\\\/\",\"name\":\"Nous contacter | Vente Pros - 2020\",\"isPartOf\":{\"@id\":\"https:\\\/\\\/www.2020spaces.com\\\/#website\"},\"datePublished\":\"2016-07-07T13:43:34+00:00\",\"dateModified\":\"2025-04-27T12:31:29+00:00\",\"description\":\"Design Flex \u2013 le logiciel vedette en Am\u00e9rique du Nord pour la conception de cuisines et de salles de bains.\",\"breadcrumb\":{\"@id\":\"https:\\\/\\\/www.2020spaces.com\\\/fr\\\/produits\\\/designflex\\\/contact-pro-sales\\\/#breadcrumb\"},\"inLanguage\":\"fr-FR\",\"potentialAction\":[{\"@type\":\"ReadAction\",\"target\":[\"https:\\\/\\\/www.2020spaces.com\\\/fr\\\/produits\\\/designflex\\\/contact-pro-sales\\\/\"]}]},{\"@type\":\"BreadcrumbList\",\"@id\":\"https:\\\/\\\/www.2020spaces.com\\\/fr\\\/produits\\\/designflex\\\/contact-pro-sales\\\/#breadcrumb\",\"itemListElement\":[{\"@type\":\"ListItem\",\"position\":1,\"name\":\"Home\",\"item\":\"https:\\\/\\\/www.2020spaces.com\\\/fr\\\/accueil-2-2\\\/\"},{\"@type\":\"ListItem\",\"position\":2,\"name\":\"Produits 2020\",\"item\":\"https:\\\/\\\/www.2020spaces.com\\\/fr\\\/produits\\\/\"},{\"@type\":\"ListItem\",\"position\":3,\"name\":\"Design Flex\",\"item\":\"https:\\\/\\\/www.2020spaces.com\\\/fr\\\/produits\\\/designflex\\\/\"},{\"@type\":\"ListItem\",\"position\":4,\"name\":\"Nous contacter | Vente Pros\"}]},{\"@type\":\"WebSite\",\"@id\":\"https:\\\/\\\/www.2020spaces.com\\\/#website\",\"url\":\"https:\\\/\\\/www.2020spaces.com\\\/\",\"name\":\"2020\",\"description\":\"Making Spaces for Life\u2122\",\"potentialAction\":[{\"@type\":\"SearchAction\",\"target\":{\"@type\":\"EntryPoint\",\"urlTemplate\":\"https:\\\/\\\/www.2020spaces.com\\\/?s={search_term_string}\"},\"query-input\":{\"@type\":\"PropertyValueSpecification\",\"valueRequired\":true,\"valueName\":\"search_term_string\"}}],\"inLanguage\":\"fr-FR\"}]}<\/script>\n<!-- \/ Yoast SEO Premium plugin. -->","yoast_head_json":{"title":"Nous contacter | Vente Pros - 2020","description":"Design Flex \u2013 le logiciel vedette en Am\u00e9rique du Nord pour la conception de cuisines et de salles de bains.","robots":{"index":"index","follow":"follow","max-snippet":"max-snippet:-1","max-image-preview":"max-image-preview:large","max-video-preview":"max-video-preview:-1"},"canonical":"https:\/\/www.2020spaces.com\/fr\/produits\/designflex\/contact-pro-sales\/","og_locale":"fr_FR","og_type":"article","og_title":"Nous contacter | Vente Pros","og_description":"Design Flex \u2013 le logiciel vedette en Am\u00e9rique du Nord pour la conception de cuisines et de salles de bains.","og_url":"https:\/\/www.2020spaces.com\/fr\/produits\/designflex\/contact-pro-sales\/","og_site_name":"2020","article_publisher":"https:\/\/www.facebook.com\/2020spaces","article_modified_time":"2025-04-27T12:31:29+00:00","twitter_card":"summary_large_image","twitter_site":"@2020spaces","twitter_misc":{"Dur\u00e9e de lecture estim\u00e9e":"1 minute"},"schema":{"@context":"https:\/\/schema.org","@graph":[{"@type":"WebPage","@id":"https:\/\/www.2020spaces.com\/fr\/produits\/designflex\/contact-pro-sales\/","url":"https:\/\/www.2020spaces.com\/fr\/produits\/designflex\/contact-pro-sales\/","name":"Nous contacter | Vente Pros - 2020","isPartOf":{"@id":"https:\/\/www.2020spaces.com\/#website"},"datePublished":"2016-07-07T13:43:34+00:00","dateModified":"2025-04-27T12:31:29+00:00","description":"Design Flex \u2013 le logiciel vedette en Am\u00e9rique du Nord pour la conception de cuisines et de salles de bains.","breadcrumb":{"@id":"https:\/\/www.2020spaces.com\/fr\/produits\/designflex\/contact-pro-sales\/#breadcrumb"},"inLanguage":"fr-FR","potentialAction":[{"@type":"ReadAction","target":["https:\/\/www.2020spaces.com\/fr\/produits\/designflex\/contact-pro-sales\/"]}]},{"@type":"BreadcrumbList","@id":"https:\/\/www.2020spaces.com\/fr\/produits\/designflex\/contact-pro-sales\/#breadcrumb","itemListElement":[{"@type":"ListItem","position":1,"name":"Home","item":"https:\/\/www.2020spaces.com\/fr\/accueil-2-2\/"},{"@type":"ListItem","position":2,"name":"Produits 2020","item":"https:\/\/www.2020spaces.com\/fr\/produits\/"},{"@type":"ListItem","position":3,"name":"Design Flex","item":"https:\/\/www.2020spaces.com\/fr\/produits\/designflex\/"},{"@type":"ListItem","position":4,"name":"Nous contacter | Vente Pros"}]},{"@type":"WebSite","@id":"https:\/\/www.2020spaces.com\/#website","url":"https:\/\/www.2020spaces.com\/","name":"2020","description":"Making Spaces for Life\u2122","potentialAction":[{"@type":"SearchAction","target":{"@type":"EntryPoint","urlTemplate":"https:\/\/www.2020spaces.com\/?s={search_term_string}"},"query-input":{"@type":"PropertyValueSpecification","valueRequired":true,"valueName":"search_term_string"}}],"inLanguage":"fr-FR"}]}},"_links":{"self":[{"href":"https:\/\/www.2020spaces.com\/fr\/wp-json\/wp\/v2\/pages\/98206","targetHints":{"allow":["GET"]}}],"collection":[{"href":"https:\/\/www.2020spaces.com\/fr\/wp-json\/wp\/v2\/pages"}],"about":[{"href":"https:\/\/www.2020spaces.com\/fr\/wp-json\/wp\/v2\/types\/page"}],"author":[{"embeddable":true,"href":"https:\/\/www.2020spaces.com\/fr\/wp-json\/wp\/v2\/users\/1"}],"replies":[{"embeddable":true,"href":"https:\/\/www.2020spaces.com\/fr\/wp-json\/wp\/v2\/comments?post=98206"}],"version-history":[{"count":0,"href":"https:\/\/www.2020spaces.com\/fr\/wp-json\/wp\/v2\/pages\/98206\/revisions"}],"up":[{"embeddable":true,"href":"https:\/\/www.2020spaces.com\/fr\/wp-json\/wp\/v2\/pages\/9432"}],"wp:attachment":[{"href":"https:\/\/www.2020spaces.com\/fr\/wp-json\/wp\/v2\/media?parent=98206"}],"wp:term":[{"taxonomy":"category","embeddable":true,"href":"https:\/\/www.2020spaces.com\/fr\/wp-json\/wp\/v2\/categories?post=98206"}],"curies":[{"name":"wp","href":"https:\/\/api.w.org\/{rel}","templated":true}]}}