{"id":259895,"date":"2019-11-18T13:21:47","date_gmt":"2019-11-18T18:21:47","guid":{"rendered":"https:\/\/www.2020spaces.com\/?page_id=259895"},"modified":"2023-12-18T01:23:16","modified_gmt":"2023-12-18T06:23:16","slug":"fusion-6","status":"publish","type":"page","link":"https:\/\/www.2020spaces.com\/pl\/fusion-6\/","title":{"rendered":"2020 Fusion v6"},"content":{"rendered":"<div id=\"cs-content\" class=\"cs-content\"><\/div>\n","protected":false},"excerpt":{"rendered":"<p>Zaspokajanie potrzeb projektanta jest dla nas na pierwszym miejscu, gdy my\u015blimy o wprowadzaniu zmian w 2020 Fusion. Chcemy, aby tworzenie twoich wspania\u0142ych projekt\u00f3w by\u0142o jak naj\u0142atwiejsze i najszybsze, dlatego stale szukamy sposob\u00f3w na zaoszcz\u0119dzenie czasu, ulepszenie pomocy projektowych i popraw\u0119 funkcjonalno\u015bci, co z kolei pomo\u017ce Ci stworzy\u0107 lepsze projekty, kt\u00f3rymi &#8230; <\/p>\n<div><a href=\"https:\/\/www.2020spaces.com\/pl\/fusion-6\/\" class=\"more-link\">Read More<\/a><\/div>\n","protected":false},"author":26709,"featured_media":0,"parent":0,"menu_order":0,"comment_status":"closed","ping_status":"closed","template":"template-blank-1.php","meta":{"_bbp_topic_count":0,"_bbp_reply_count":0,"_bbp_total_topic_count":0,"_bbp_total_reply_count":0,"_bbp_voice_count":0,"_bbp_anonymous_reply_count":0,"_bbp_topic_count_hidden":0,"_bbp_reply_count_hidden":0,"_bbp_forum_subforum_count":0,"footnotes":""},"categories":[],"class_list":["post-259895","page","type-page","status-publish","hentry","no-post-thumbnail"],"pp_force_visibility":null,"pp_subpost_visibility":null,"pp_inherited_force_visibility":null,"pp_inherited_subpost_visibility":null,"yoast_head":"<!-- This site is optimized with the Yoast SEO Premium plugin v27.4 (Yoast SEO v27.4) - https:\/\/yoast.com\/product\/yoast-seo-premium-wordpress\/ -->\n<title>2020 Fusion v6 - Great design in a snap! 2020 Fusion v6.<\/title>\n<meta name=\"description\" content=\"Zaspokajanie potrzeb projektanta jest dla nas na pierwszym miejscu, gdy my\u015blimy o wprowadzaniu zmian w 2020 Fusion.\" \/>\n<meta name=\"robots\" content=\"index, follow, max-snippet:-1, max-image-preview:large, max-video-preview:-1\" \/>\n<link rel=\"canonical\" href=\"https:\/\/www.2020spaces.com\/pl\/fusion-6\/\" \/>\n<meta property=\"og:locale\" content=\"pl_PL\" \/>\n<meta property=\"og:type\" content=\"article\" \/>\n<meta property=\"og:title\" content=\"2020 Fusion v6\" \/>\n<meta property=\"og:description\" content=\"Zaspokajanie potrzeb projektanta jest dla nas na pierwszym miejscu, gdy my\u015blimy o wprowadzaniu zmian w 2020 Fusion.\" \/>\n<meta property=\"og:url\" content=\"https:\/\/www.2020spaces.com\/pl\/fusion-6\/\" \/>\n<meta property=\"og:site_name\" content=\"2020\" \/>\n<meta property=\"article:publisher\" content=\"https:\/\/www.facebook.com\/2020spaces\" \/>\n<meta property=\"article:modified_time\" content=\"2023-12-18T06:23:16+00:00\" \/>\n<meta name=\"twitter:card\" content=\"summary_large_image\" \/>\n<meta name=\"twitter:site\" content=\"@2020spaces\" \/>\n<meta name=\"twitter:label1\" content=\"Szacowany czas czytania\" \/>\n\t<meta name=\"twitter:data1\" content=\"5 minut\" \/>\n<script type=\"application\/ld+json\" class=\"yoast-schema-graph\">{\"@context\":\"https:\\\/\\\/schema.org\",\"@graph\":[{\"@type\":\"WebPage\",\"@id\":\"https:\\\/\\\/www.2020spaces.com\\\/pl\\\/fusion-6\\\/\",\"url\":\"https:\\\/\\\/www.2020spaces.com\\\/pl\\\/fusion-6\\\/\",\"name\":\"2020 Fusion v6 - Great design in a snap! 2020 Fusion v6.\",\"isPartOf\":{\"@id\":\"https:\\\/\\\/www.2020spaces.com\\\/#website\"},\"datePublished\":\"2019-11-18T18:21:47+00:00\",\"dateModified\":\"2023-12-18T06:23:16+00:00\",\"description\":\"Zaspokajanie potrzeb projektanta jest dla nas na pierwszym miejscu, gdy my\u015blimy o wprowadzaniu zmian w 2020 Fusion.\",\"breadcrumb\":{\"@id\":\"https:\\\/\\\/www.2020spaces.com\\\/pl\\\/fusion-6\\\/#breadcrumb\"},\"inLanguage\":\"pl-PL\",\"potentialAction\":[{\"@type\":\"ReadAction\",\"target\":[\"https:\\\/\\\/www.2020spaces.com\\\/pl\\\/fusion-6\\\/\"]}]},{\"@type\":\"BreadcrumbList\",\"@id\":\"https:\\\/\\\/www.2020spaces.com\\\/pl\\\/fusion-6\\\/#breadcrumb\",\"itemListElement\":[{\"@type\":\"ListItem\",\"position\":1,\"name\":\"Home\",\"item\":\"https:\\\/\\\/www.2020spaces.com\\\/\"},{\"@type\":\"ListItem\",\"position\":2,\"name\":\"2020 Fusion v6\"}]},{\"@type\":\"WebSite\",\"@id\":\"https:\\\/\\\/www.2020spaces.com\\\/#website\",\"url\":\"https:\\\/\\\/www.2020spaces.com\\\/\",\"name\":\"2020\",\"description\":\"Making Spaces for Life\u2122\",\"potentialAction\":[{\"@type\":\"SearchAction\",\"target\":{\"@type\":\"EntryPoint\",\"urlTemplate\":\"https:\\\/\\\/www.2020spaces.com\\\/?s={search_term_string}\"},\"query-input\":{\"@type\":\"PropertyValueSpecification\",\"valueRequired\":true,\"valueName\":\"search_term_string\"}}],\"inLanguage\":\"pl-PL\"}]}<\/script>\n<!-- \/ Yoast SEO Premium plugin. -->","yoast_head_json":{"title":"2020 Fusion v6 - Great design in a snap! 2020 Fusion v6.","description":"Zaspokajanie potrzeb projektanta jest dla nas na pierwszym miejscu, gdy my\u015blimy o wprowadzaniu zmian w 2020 Fusion.","robots":{"index":"index","follow":"follow","max-snippet":"max-snippet:-1","max-image-preview":"max-image-preview:large","max-video-preview":"max-video-preview:-1"},"canonical":"https:\/\/www.2020spaces.com\/pl\/fusion-6\/","og_locale":"pl_PL","og_type":"article","og_title":"2020 Fusion v6","og_description":"Zaspokajanie potrzeb projektanta jest dla nas na pierwszym miejscu, gdy my\u015blimy o wprowadzaniu zmian w 2020 Fusion.","og_url":"https:\/\/www.2020spaces.com\/pl\/fusion-6\/","og_site_name":"2020","article_publisher":"https:\/\/www.facebook.com\/2020spaces","article_modified_time":"2023-12-18T06:23:16+00:00","twitter_card":"summary_large_image","twitter_site":"@2020spaces","twitter_misc":{"Szacowany czas czytania":"5 minut"},"schema":{"@context":"https:\/\/schema.org","@graph":[{"@type":"WebPage","@id":"https:\/\/www.2020spaces.com\/pl\/fusion-6\/","url":"https:\/\/www.2020spaces.com\/pl\/fusion-6\/","name":"2020 Fusion v6 - Great design in a snap! 2020 Fusion v6.","isPartOf":{"@id":"https:\/\/www.2020spaces.com\/#website"},"datePublished":"2019-11-18T18:21:47+00:00","dateModified":"2023-12-18T06:23:16+00:00","description":"Zaspokajanie potrzeb projektanta jest dla nas na pierwszym miejscu, gdy my\u015blimy o wprowadzaniu zmian w 2020 Fusion.","breadcrumb":{"@id":"https:\/\/www.2020spaces.com\/pl\/fusion-6\/#breadcrumb"},"inLanguage":"pl-PL","potentialAction":[{"@type":"ReadAction","target":["https:\/\/www.2020spaces.com\/pl\/fusion-6\/"]}]},{"@type":"BreadcrumbList","@id":"https:\/\/www.2020spaces.com\/pl\/fusion-6\/#breadcrumb","itemListElement":[{"@type":"ListItem","position":1,"name":"Home","item":"https:\/\/www.2020spaces.com\/"},{"@type":"ListItem","position":2,"name":"2020 Fusion v6"}]},{"@type":"WebSite","@id":"https:\/\/www.2020spaces.com\/#website","url":"https:\/\/www.2020spaces.com\/","name":"2020","description":"Making Spaces for Life\u2122","potentialAction":[{"@type":"SearchAction","target":{"@type":"EntryPoint","urlTemplate":"https:\/\/www.2020spaces.com\/?s={search_term_string}"},"query-input":{"@type":"PropertyValueSpecification","valueRequired":true,"valueName":"search_term_string"}}],"inLanguage":"pl-PL"}]}},"_links":{"self":[{"href":"https:\/\/www.2020spaces.com\/pl\/wp-json\/wp\/v2\/pages\/259895","targetHints":{"allow":["GET"]}}],"collection":[{"href":"https:\/\/www.2020spaces.com\/pl\/wp-json\/wp\/v2\/pages"}],"about":[{"href":"https:\/\/www.2020spaces.com\/pl\/wp-json\/wp\/v2\/types\/page"}],"author":[{"embeddable":true,"href":"https:\/\/www.2020spaces.com\/pl\/wp-json\/wp\/v2\/users\/26709"}],"replies":[{"embeddable":true,"href":"https:\/\/www.2020spaces.com\/pl\/wp-json\/wp\/v2\/comments?post=259895"}],"version-history":[{"count":0,"href":"https:\/\/www.2020spaces.com\/pl\/wp-json\/wp\/v2\/pages\/259895\/revisions"}],"wp:attachment":[{"href":"https:\/\/www.2020spaces.com\/pl\/wp-json\/wp\/v2\/media?parent=259895"}],"wp:term":[{"taxonomy":"category","embeddable":true,"href":"https:\/\/www.2020spaces.com\/pl\/wp-json\/wp\/v2\/categories?post=259895"}],"curies":[{"name":"wp","href":"https:\/\/api.w.org\/{rel}","templated":true}]}}