{"id":10678,"date":"2014-06-18T13:17:12","date_gmt":"2014-06-18T17:17:12","guid":{"rendered":"https:\/\/www.2020spaces.com\/suporte-de-instalacao\/"},"modified":"2023-04-25T05:14:17","modified_gmt":"2023-04-25T09:14:17","slug":"suporte-de-instalacao","status":"publish","type":"page","link":"https:\/\/www.2020spaces.com\/pt-br\/suporte\/suporte-de-instalacao\/","title":{"rendered":"Suporte de Instala\u00e7\u00e3o e requisitos do sistema"},"content":{"rendered":"<div id=\"cs-content\" class=\"cs-content\"><\/div>\n","protected":false},"excerpt":{"rendered":"<p>Suporte de Instala\u00e7\u00e3o e requisitos do sistemaObrigado por escolher as solu\u00e7\u00f5es 2020 e seja bem-vindo \u00e0 nossa comunidade de usu\u00e1rios. Vamos come\u00e7ar! Selecione o seu guia de instala\u00e7\u00e3o de produto abaixo. Para usu\u00e1rios do 2020 Design, tamb\u00e9m existe um guia para te ajudar a come\u00e7ar a instalar os cat\u00e1logos de &#8230; <\/p>\n<div><a href=\"https:\/\/www.2020spaces.com\/pt-br\/suporte\/suporte-de-instalacao\/\" class=\"more-link\">Read More<\/a><\/div>\n","protected":false},"author":1,"featured_media":0,"parent":10794,"menu_order":0,"comment_status":"closed","ping_status":"open","template":"template-blank-4.php","meta":{"_bbp_topic_count":0,"_bbp_reply_count":0,"_bbp_total_topic_count":0,"_bbp_total_reply_count":0,"_bbp_voice_count":0,"_bbp_anonymous_reply_count":0,"_bbp_topic_count_hidden":0,"_bbp_reply_count_hidden":0,"_bbp_forum_subforum_count":0,"footnotes":""},"categories":[],"class_list":["post-10678","page","type-page","status-publish","hentry","no-post-thumbnail"],"pp_force_visibility":null,"pp_subpost_visibility":null,"pp_inherited_force_visibility":null,"pp_inherited_subpost_visibility":null,"yoast_head":"<!-- This site is optimized with the Yoast SEO Premium plugin v27.4 (Yoast SEO v27.4) - https:\/\/yoast.com\/product\/yoast-seo-premium-wordpress\/ -->\n<title>Suporte de Instala\u00e7\u00e3o e requisitos do sistema | 2020 Spaces<\/title>\n<meta name=\"description\" content=\"Selecione o guia de instala\u00e7\u00e3o de seu produto e obtenha suporte. 2020 ajuda os criativos a dar vida \u00e0s id\u00e9ias, inspirar a inova\u00e7\u00e3o\" \/>\n<meta name=\"robots\" content=\"index, follow, max-snippet:-1, max-image-preview:large, max-video-preview:-1\" \/>\n<link rel=\"canonical\" href=\"https:\/\/www.2020spaces.com\/pt-br\/suporte\/suporte-de-instalacao\/\" \/>\n<meta property=\"og:locale\" content=\"pt_BR\" \/>\n<meta property=\"og:type\" content=\"article\" \/>\n<meta property=\"og:title\" content=\"Suporte de Instala\u00e7\u00e3o e requisitos do sistema\" \/>\n<meta property=\"og:description\" content=\"Selecione o guia de instala\u00e7\u00e3o de seu produto e obtenha suporte. 2020 ajuda os criativos a dar vida \u00e0s id\u00e9ias, inspirar a inova\u00e7\u00e3o\" \/>\n<meta property=\"og:url\" content=\"https:\/\/www.2020spaces.com\/pt-br\/suporte\/suporte-de-instalacao\/\" \/>\n<meta property=\"og:site_name\" content=\"2020\" \/>\n<meta property=\"article:publisher\" content=\"https:\/\/www.facebook.com\/2020spaces\" \/>\n<meta property=\"article:modified_time\" content=\"2023-04-25T09:14:17+00:00\" \/>\n<meta name=\"twitter:card\" content=\"summary_large_image\" \/>\n<meta name=\"twitter:site\" content=\"@2020spaces\" \/>\n<meta name=\"twitter:label1\" content=\"Est. tempo de leitura\" \/>\n\t<meta name=\"twitter:data1\" content=\"2 minutos\" \/>\n<script type=\"application\/ld+json\" class=\"yoast-schema-graph\">{\"@context\":\"https:\\\/\\\/schema.org\",\"@graph\":[{\"@type\":\"WebPage\",\"@id\":\"https:\\\/\\\/www.2020spaces.com\\\/pt-br\\\/suporte\\\/suporte-de-instalacao\\\/\",\"url\":\"https:\\\/\\\/www.2020spaces.com\\\/pt-br\\\/suporte\\\/suporte-de-instalacao\\\/\",\"name\":\"Suporte de Instala\u00e7\u00e3o e requisitos do sistema | 2020 Spaces\",\"isPartOf\":{\"@id\":\"https:\\\/\\\/www.2020spaces.com\\\/#website\"},\"datePublished\":\"2014-06-18T17:17:12+00:00\",\"dateModified\":\"2023-04-25T09:14:17+00:00\",\"description\":\"Selecione o guia de instala\u00e7\u00e3o de seu produto e obtenha suporte. 2020 ajuda os criativos a dar vida \u00e0s id\u00e9ias, inspirar a inova\u00e7\u00e3o\",\"breadcrumb\":{\"@id\":\"https:\\\/\\\/www.2020spaces.com\\\/pt-br\\\/suporte\\\/suporte-de-instalacao\\\/#breadcrumb\"},\"inLanguage\":\"pt-BR\",\"potentialAction\":[{\"@type\":\"ReadAction\",\"target\":[\"https:\\\/\\\/www.2020spaces.com\\\/pt-br\\\/suporte\\\/suporte-de-instalacao\\\/\"]}]},{\"@type\":\"BreadcrumbList\",\"@id\":\"https:\\\/\\\/www.2020spaces.com\\\/pt-br\\\/suporte\\\/suporte-de-instalacao\\\/#breadcrumb\",\"itemListElement\":[{\"@type\":\"ListItem\",\"position\":1,\"name\":\"Home\",\"item\":\"https:\\\/\\\/www.2020spaces.com\\\/pt-br\\\/pagina-inicial-2-2\\\/\"},{\"@type\":\"ListItem\",\"position\":2,\"name\":\"Suporte\",\"item\":\"https:\\\/\\\/www.2020spaces.com\\\/pt-br\\\/suporte\\\/\"},{\"@type\":\"ListItem\",\"position\":3,\"name\":\"Suporte de Instala\u00e7\u00e3o e requisitos do sistema\"}]},{\"@type\":\"WebSite\",\"@id\":\"https:\\\/\\\/www.2020spaces.com\\\/#website\",\"url\":\"https:\\\/\\\/www.2020spaces.com\\\/\",\"name\":\"2020\",\"description\":\"Making Spaces for Life\u2122\",\"potentialAction\":[{\"@type\":\"SearchAction\",\"target\":{\"@type\":\"EntryPoint\",\"urlTemplate\":\"https:\\\/\\\/www.2020spaces.com\\\/?s={search_term_string}\"},\"query-input\":{\"@type\":\"PropertyValueSpecification\",\"valueRequired\":true,\"valueName\":\"search_term_string\"}}],\"inLanguage\":\"pt-BR\"}]}<\/script>\n<!-- \/ Yoast SEO Premium plugin. -->","yoast_head_json":{"title":"Suporte de Instala\u00e7\u00e3o e requisitos do sistema | 2020 Spaces","description":"Selecione o guia de instala\u00e7\u00e3o de seu produto e obtenha suporte. 2020 ajuda os criativos a dar vida \u00e0s id\u00e9ias, inspirar a inova\u00e7\u00e3o","robots":{"index":"index","follow":"follow","max-snippet":"max-snippet:-1","max-image-preview":"max-image-preview:large","max-video-preview":"max-video-preview:-1"},"canonical":"https:\/\/www.2020spaces.com\/pt-br\/suporte\/suporte-de-instalacao\/","og_locale":"pt_BR","og_type":"article","og_title":"Suporte de Instala\u00e7\u00e3o e requisitos do sistema","og_description":"Selecione o guia de instala\u00e7\u00e3o de seu produto e obtenha suporte. 2020 ajuda os criativos a dar vida \u00e0s id\u00e9ias, inspirar a inova\u00e7\u00e3o","og_url":"https:\/\/www.2020spaces.com\/pt-br\/suporte\/suporte-de-instalacao\/","og_site_name":"2020","article_publisher":"https:\/\/www.facebook.com\/2020spaces","article_modified_time":"2023-04-25T09:14:17+00:00","twitter_card":"summary_large_image","twitter_site":"@2020spaces","twitter_misc":{"Est. tempo de leitura":"2 minutos"},"schema":{"@context":"https:\/\/schema.org","@graph":[{"@type":"WebPage","@id":"https:\/\/www.2020spaces.com\/pt-br\/suporte\/suporte-de-instalacao\/","url":"https:\/\/www.2020spaces.com\/pt-br\/suporte\/suporte-de-instalacao\/","name":"Suporte de Instala\u00e7\u00e3o e requisitos do sistema | 2020 Spaces","isPartOf":{"@id":"https:\/\/www.2020spaces.com\/#website"},"datePublished":"2014-06-18T17:17:12+00:00","dateModified":"2023-04-25T09:14:17+00:00","description":"Selecione o guia de instala\u00e7\u00e3o de seu produto e obtenha suporte. 2020 ajuda os criativos a dar vida \u00e0s id\u00e9ias, inspirar a inova\u00e7\u00e3o","breadcrumb":{"@id":"https:\/\/www.2020spaces.com\/pt-br\/suporte\/suporte-de-instalacao\/#breadcrumb"},"inLanguage":"pt-BR","potentialAction":[{"@type":"ReadAction","target":["https:\/\/www.2020spaces.com\/pt-br\/suporte\/suporte-de-instalacao\/"]}]},{"@type":"BreadcrumbList","@id":"https:\/\/www.2020spaces.com\/pt-br\/suporte\/suporte-de-instalacao\/#breadcrumb","itemListElement":[{"@type":"ListItem","position":1,"name":"Home","item":"https:\/\/www.2020spaces.com\/pt-br\/pagina-inicial-2-2\/"},{"@type":"ListItem","position":2,"name":"Suporte","item":"https:\/\/www.2020spaces.com\/pt-br\/suporte\/"},{"@type":"ListItem","position":3,"name":"Suporte de Instala\u00e7\u00e3o e requisitos do sistema"}]},{"@type":"WebSite","@id":"https:\/\/www.2020spaces.com\/#website","url":"https:\/\/www.2020spaces.com\/","name":"2020","description":"Making Spaces for Life\u2122","potentialAction":[{"@type":"SearchAction","target":{"@type":"EntryPoint","urlTemplate":"https:\/\/www.2020spaces.com\/?s={search_term_string}"},"query-input":{"@type":"PropertyValueSpecification","valueRequired":true,"valueName":"search_term_string"}}],"inLanguage":"pt-BR"}]}},"_links":{"self":[{"href":"https:\/\/www.2020spaces.com\/pt-br\/wp-json\/wp\/v2\/pages\/10678","targetHints":{"allow":["GET"]}}],"collection":[{"href":"https:\/\/www.2020spaces.com\/pt-br\/wp-json\/wp\/v2\/pages"}],"about":[{"href":"https:\/\/www.2020spaces.com\/pt-br\/wp-json\/wp\/v2\/types\/page"}],"author":[{"embeddable":true,"href":"https:\/\/www.2020spaces.com\/pt-br\/wp-json\/wp\/v2\/users\/1"}],"replies":[{"embeddable":true,"href":"https:\/\/www.2020spaces.com\/pt-br\/wp-json\/wp\/v2\/comments?post=10678"}],"version-history":[{"count":0,"href":"https:\/\/www.2020spaces.com\/pt-br\/wp-json\/wp\/v2\/pages\/10678\/revisions"}],"up":[{"embeddable":true,"href":"https:\/\/www.2020spaces.com\/pt-br\/wp-json\/wp\/v2\/pages\/10794"}],"wp:attachment":[{"href":"https:\/\/www.2020spaces.com\/pt-br\/wp-json\/wp\/v2\/media?parent=10678"}],"wp:term":[{"taxonomy":"category","embeddable":true,"href":"https:\/\/www.2020spaces.com\/pt-br\/wp-json\/wp\/v2\/categories?post=10678"}],"curies":[{"name":"wp","href":"https:\/\/api.w.org\/{rel}","templated":true}]}}