{"id":10680,"date":"2014-06-10T10:23:39","date_gmt":"2014-06-10T14:23:39","guid":{"rendered":"https:\/\/www.2020spaces.com\/vector-capital-2\/"},"modified":"2023-06-16T03:04:21","modified_gmt":"2023-06-16T07:04:21","slug":"vector-capital-2","status":"publish","type":"page","link":"https:\/\/www.2020spaces.com\/pt-br\/quem-somos\/vector-capital-2\/","title":{"rendered":"Vector Capital"},"content":{"rendered":"<div class=\"wpb-content-wrapper\">[vc_row inner_container=&#8221;true&#8221; padding_top=&#8221;0px&#8221; padding_bottom=&#8221;0px&#8221; border=&#8221;none&#8221;][vc_column width=&#8221;1\/1&#8243;]<h1  class=\"h-custom-headline h1\" ><span>Vector Capital<\/span><\/h1>[vc_row_inner no_margin=&#8221;true&#8221; padding_top=&#8221;20px&#8221; padding_bottom=&#8221;0px&#8221; border=&#8221;none&#8221;][vc_column_inner width=&#8221;1\/1&#8243;][wp_float type=&#8221;fixed&#8221; location=&#8221;top&#8221; align=&#8221;right&#8221; center=&#8221;false&#8221; offsetlocation=&#8221;360&#8243; offsetalign=&#8221;0&#8243;]<a title=\"Como Podemos Ajudar?\" href=\"https:\/\/www.2020spaces.com\/pt-br\/entre-em-contato\/\"><i class=\"x-icon x-icon-envelope\" style=\"font-size: 40px;\">\u00a0<\/i><\/a>[\/wp_float]<p>A 2020 foi adquirida pela Vector Capital em setembro de 2012. Com mais de US$ 2 bilh\u00f5es de capital, a Vector Capital \u00e9 uma empresa l\u00edder mundial de private equity especializada em investimentos transformacionais em empresas de tecnologia estabelecidas. A Vector identifica e vai atr\u00e1s desses investimentos em ambos os mercados p\u00fablicos e privados. A Vector faz parcerias ativas com equipes de gerenciamento para desenvolver e planejar novas estrat\u00e9gias financeiras e administrativas que melhoram materialmente a posi\u00e7\u00e3o competitiva dessas empresas e aumentam seu valor para funcion\u00e1rios, clientes e acionistas. Entre os investimentos mais not\u00e1veis da Vector est\u00e3o a Cambium Networks, Certara,\u00a0Corel, LANDesk Software, Niku, Gerber Scientific, RAE\u00a0Systems, Register.com, SafeNet, Technicolor, Teletrac, Tidel, WatchGuard Technologies e WinZip. Para mais informa\u00e7\u00f5es, visite <a title=\"Visite a Vector Capital\" href=\"https:\/\/www.vectorcapital.com\" target=\"_blank\" rel=\"noopener\">www.vectorcapital.com.<\/a><\/p>\n<hr  class=\"x-hr\" >[\/vc_column_inner][\/vc_row_inner][\/vc_column][\/vc_row]\n<\/div>","protected":false},"excerpt":{"rendered":"<p>[vc_row inner_container=&#8221;true&#8221; padding_top=&#8221;0px&#8221; padding_bottom=&#8221;0px&#8221; border=&#8221;none&#8221;][vc_column width=&#8221;1\/1&#8243;][vc_row_inner no_margin=&#8221;true&#8221; padding_top=&#8221;20px&#8221; padding_bottom=&#8221;0px&#8221; border=&#8221;none&#8221;][vc_column_inner width=&#8221;1\/1&#8243;][wp_float type=&#8221;fixed&#8221; location=&#8221;top&#8221; align=&#8221;right&#8221; center=&#8221;false&#8221; offsetlocation=&#8221;360&#8243; offsetalign=&#8221;0&#8243;]\u00a0[\/wp_float][\/vc_column_inner][\/vc_row_inner][\/vc_column][\/vc_row]<\/p>\n","protected":false},"author":1,"featured_media":0,"parent":10762,"menu_order":0,"comment_status":"open","ping_status":"closed","template":"template-blank-1.php","meta":{"_bbp_topic_count":0,"_bbp_reply_count":0,"_bbp_total_topic_count":0,"_bbp_total_reply_count":0,"_bbp_voice_count":0,"_bbp_anonymous_reply_count":0,"_bbp_topic_count_hidden":0,"_bbp_reply_count_hidden":0,"_bbp_forum_subforum_count":0,"footnotes":""},"categories":[],"class_list":["post-10680","page","type-page","status-publish","hentry","no-post-thumbnail"],"pp_force_visibility":null,"pp_subpost_visibility":null,"pp_inherited_force_visibility":null,"pp_inherited_subpost_visibility":null,"yoast_head":"<!-- This site is optimized with the Yoast SEO Premium plugin v26.7 (Yoast SEO v26.7) - https:\/\/yoast.com\/wordpress\/plugins\/seo\/ -->\n<title>A 2020 foi adquirida pela Vector Capital em setembro de 2012<\/title>\n<meta name=\"description\" content=\"A 2020 foi adquirida pela Vector Capital em setembro de 2012. Com mais de US$ 2 bilh\u00f5es de capital, a Vector Capital \u00e9 uma empresa l\u00edder\" \/>\n<meta name=\"robots\" content=\"index, follow, max-snippet:-1, max-image-preview:large, max-video-preview:-1\" \/>\n<link rel=\"canonical\" href=\"https:\/\/www.2020spaces.com\/pt-br\/quem-somos\/vector-capital-2\/\" \/>\n<meta property=\"og:locale\" content=\"pt_BR\" \/>\n<meta property=\"og:type\" content=\"article\" \/>\n<meta property=\"og:title\" content=\"Vector Capital\" \/>\n<meta property=\"og:description\" content=\"A 2020 foi adquirida pela Vector Capital em setembro de 2012. Com mais de US$ 2 bilh\u00f5es de capital, a Vector Capital \u00e9 uma empresa l\u00edder\" \/>\n<meta property=\"og:url\" content=\"https:\/\/www.2020spaces.com\/pt-br\/quem-somos\/vector-capital-2\/\" \/>\n<meta property=\"og:site_name\" content=\"2020\" \/>\n<meta property=\"article:publisher\" content=\"https:\/\/www.facebook.com\/2020spaces\" \/>\n<meta property=\"article:modified_time\" content=\"2023-06-16T07:04:21+00:00\" \/>\n<meta name=\"twitter:card\" content=\"summary_large_image\" \/>\n<meta name=\"twitter:site\" content=\"@2020spaces\" \/>\n<meta name=\"twitter:label1\" content=\"Est. tempo de leitura\" \/>\n\t<meta name=\"twitter:data1\" content=\"1 minuto\" \/>\n<script type=\"application\/ld+json\" class=\"yoast-schema-graph\">{\"@context\":\"https:\/\/schema.org\",\"@graph\":[{\"@type\":\"WebPage\",\"@id\":\"https:\/\/www.2020spaces.com\/pt-br\/quem-somos\/vector-capital-2\/\",\"url\":\"https:\/\/www.2020spaces.com\/pt-br\/quem-somos\/vector-capital-2\/\",\"name\":\"A 2020 foi adquirida pela Vector Capital em setembro de 2012\",\"isPartOf\":{\"@id\":\"https:\/\/www.2020spaces.com\/#website\"},\"datePublished\":\"2014-06-10T14:23:39+00:00\",\"dateModified\":\"2023-06-16T07:04:21+00:00\",\"description\":\"A 2020 foi adquirida pela Vector Capital em setembro de 2012. Com mais de US$ 2 bilh\u00f5es de capital, a Vector Capital \u00e9 uma empresa l\u00edder\",\"breadcrumb\":{\"@id\":\"https:\/\/www.2020spaces.com\/pt-br\/quem-somos\/vector-capital-2\/#breadcrumb\"},\"inLanguage\":\"pt-BR\",\"potentialAction\":[{\"@type\":\"ReadAction\",\"target\":[\"https:\/\/www.2020spaces.com\/pt-br\/quem-somos\/vector-capital-2\/\"]}]},{\"@type\":\"BreadcrumbList\",\"@id\":\"https:\/\/www.2020spaces.com\/pt-br\/quem-somos\/vector-capital-2\/#breadcrumb\",\"itemListElement\":[{\"@type\":\"ListItem\",\"position\":1,\"name\":\"Home\",\"item\":\"https:\/\/www.2020spaces.com\/pt-br\/pagina-inicial-2-2\/\"},{\"@type\":\"ListItem\",\"position\":2,\"name\":\"Quem Somos\",\"item\":\"https:\/\/www.2020spaces.com\/pt-br\/quem-somos\/\"},{\"@type\":\"ListItem\",\"position\":3,\"name\":\"Vector Capital\"}]},{\"@type\":\"WebSite\",\"@id\":\"https:\/\/www.2020spaces.com\/#website\",\"url\":\"https:\/\/www.2020spaces.com\/\",\"name\":\"2020\",\"description\":\"Making Spaces for Life\u2122\",\"potentialAction\":[{\"@type\":\"SearchAction\",\"target\":{\"@type\":\"EntryPoint\",\"urlTemplate\":\"https:\/\/www.2020spaces.com\/?s={search_term_string}\"},\"query-input\":{\"@type\":\"PropertyValueSpecification\",\"valueRequired\":true,\"valueName\":\"search_term_string\"}}],\"inLanguage\":\"pt-BR\"}]}<\/script>\n<!-- \/ Yoast SEO Premium plugin. -->","yoast_head_json":{"title":"A 2020 foi adquirida pela Vector Capital em setembro de 2012","description":"A 2020 foi adquirida pela Vector Capital em setembro de 2012. Com mais de US$ 2 bilh\u00f5es de capital, a Vector Capital \u00e9 uma empresa l\u00edder","robots":{"index":"index","follow":"follow","max-snippet":"max-snippet:-1","max-image-preview":"max-image-preview:large","max-video-preview":"max-video-preview:-1"},"canonical":"https:\/\/www.2020spaces.com\/pt-br\/quem-somos\/vector-capital-2\/","og_locale":"pt_BR","og_type":"article","og_title":"Vector Capital","og_description":"A 2020 foi adquirida pela Vector Capital em setembro de 2012. Com mais de US$ 2 bilh\u00f5es de capital, a Vector Capital \u00e9 uma empresa l\u00edder","og_url":"https:\/\/www.2020spaces.com\/pt-br\/quem-somos\/vector-capital-2\/","og_site_name":"2020","article_publisher":"https:\/\/www.facebook.com\/2020spaces","article_modified_time":"2023-06-16T07:04:21+00:00","twitter_card":"summary_large_image","twitter_site":"@2020spaces","twitter_misc":{"Est. tempo de leitura":"1 minuto"},"schema":{"@context":"https:\/\/schema.org","@graph":[{"@type":"WebPage","@id":"https:\/\/www.2020spaces.com\/pt-br\/quem-somos\/vector-capital-2\/","url":"https:\/\/www.2020spaces.com\/pt-br\/quem-somos\/vector-capital-2\/","name":"A 2020 foi adquirida pela Vector Capital em setembro de 2012","isPartOf":{"@id":"https:\/\/www.2020spaces.com\/#website"},"datePublished":"2014-06-10T14:23:39+00:00","dateModified":"2023-06-16T07:04:21+00:00","description":"A 2020 foi adquirida pela Vector Capital em setembro de 2012. Com mais de US$ 2 bilh\u00f5es de capital, a Vector Capital \u00e9 uma empresa l\u00edder","breadcrumb":{"@id":"https:\/\/www.2020spaces.com\/pt-br\/quem-somos\/vector-capital-2\/#breadcrumb"},"inLanguage":"pt-BR","potentialAction":[{"@type":"ReadAction","target":["https:\/\/www.2020spaces.com\/pt-br\/quem-somos\/vector-capital-2\/"]}]},{"@type":"BreadcrumbList","@id":"https:\/\/www.2020spaces.com\/pt-br\/quem-somos\/vector-capital-2\/#breadcrumb","itemListElement":[{"@type":"ListItem","position":1,"name":"Home","item":"https:\/\/www.2020spaces.com\/pt-br\/pagina-inicial-2-2\/"},{"@type":"ListItem","position":2,"name":"Quem Somos","item":"https:\/\/www.2020spaces.com\/pt-br\/quem-somos\/"},{"@type":"ListItem","position":3,"name":"Vector Capital"}]},{"@type":"WebSite","@id":"https:\/\/www.2020spaces.com\/#website","url":"https:\/\/www.2020spaces.com\/","name":"2020","description":"Making Spaces for Life\u2122","potentialAction":[{"@type":"SearchAction","target":{"@type":"EntryPoint","urlTemplate":"https:\/\/www.2020spaces.com\/?s={search_term_string}"},"query-input":{"@type":"PropertyValueSpecification","valueRequired":true,"valueName":"search_term_string"}}],"inLanguage":"pt-BR"}]}},"_links":{"self":[{"href":"https:\/\/www.2020spaces.com\/pt-br\/wp-json\/wp\/v2\/pages\/10680","targetHints":{"allow":["GET"]}}],"collection":[{"href":"https:\/\/www.2020spaces.com\/pt-br\/wp-json\/wp\/v2\/pages"}],"about":[{"href":"https:\/\/www.2020spaces.com\/pt-br\/wp-json\/wp\/v2\/types\/page"}],"author":[{"embeddable":true,"href":"https:\/\/www.2020spaces.com\/pt-br\/wp-json\/wp\/v2\/users\/1"}],"replies":[{"embeddable":true,"href":"https:\/\/www.2020spaces.com\/pt-br\/wp-json\/wp\/v2\/comments?post=10680"}],"version-history":[{"count":0,"href":"https:\/\/www.2020spaces.com\/pt-br\/wp-json\/wp\/v2\/pages\/10680\/revisions"}],"up":[{"embeddable":true,"href":"https:\/\/www.2020spaces.com\/pt-br\/wp-json\/wp\/v2\/pages\/10762"}],"wp:attachment":[{"href":"https:\/\/www.2020spaces.com\/pt-br\/wp-json\/wp\/v2\/media?parent=10680"}],"wp:term":[{"taxonomy":"category","embeddable":true,"href":"https:\/\/www.2020spaces.com\/pt-br\/wp-json\/wp\/v2\/categories?post=10680"}],"curies":[{"name":"wp","href":"https:\/\/api.w.org\/{rel}","templated":true}]}}