{"id":10683,"date":"2014-06-07T20:37:14","date_gmt":"2014-06-08T00:37:14","guid":{"rendered":"https:\/\/www.2020spaces.com\/solucoes\/"},"modified":"2023-04-25T05:42:09","modified_gmt":"2023-04-25T09:42:09","slug":"solucoes","status":"publish","type":"page","link":"https:\/\/www.2020spaces.com\/pt-br\/solucoes\/","title":{"rendered":"Solu\u00e7\u00f5es 2020"},"content":{"rendered":"<div id=\"cs-content\" class=\"cs-content\"><\/div>\n","protected":false},"excerpt":{"rendered":"<p>Da inspira\u00e7\u00e3o \u00e0 instala\u00e7\u00e3o, ajudamos voc\u00ea a criar grandes espa\u00e7os para a vida. &nbsp;Voc\u00ea \u00e9 designer? &nbsp;Voc\u00ea \u00e9 lojistas? &nbsp;Voc\u00ea \u00e9 fabricante? Software de projeto para profissionais de design de interiores e arquitetosAs ferramentas de design de interiores do 2020 s\u00e3o usadas por designers profissionais para criar espa\u00e7os encantadores e &#8230; <\/p>\n<div><a href=\"https:\/\/www.2020spaces.com\/pt-br\/solucoes\/\" class=\"more-link\">Read More<\/a><\/div>\n","protected":false},"author":1,"featured_media":278569,"parent":0,"menu_order":0,"comment_status":"closed","ping_status":"closed","template":"template-blank-4.php","meta":{"_bbp_topic_count":0,"_bbp_reply_count":0,"_bbp_total_topic_count":0,"_bbp_total_reply_count":0,"_bbp_voice_count":0,"_bbp_anonymous_reply_count":0,"_bbp_topic_count_hidden":0,"_bbp_reply_count_hidden":0,"_bbp_forum_subforum_count":0,"footnotes":""},"categories":[],"class_list":["post-10683","page","type-page","status-publish","has-post-thumbnail","hentry"],"pp_force_visibility":null,"pp_subpost_visibility":null,"pp_inherited_force_visibility":null,"pp_inherited_subpost_visibility":null,"yoast_head":"<!-- This site is optimized with the Yoast SEO Premium plugin v27.4 (Yoast SEO v27.4) - https:\/\/yoast.com\/product\/yoast-seo-premium-wordpress\/ -->\n<title>Solu\u00e7\u00f5es 2020: Software de Design de Interiores | 2020 Spaces<\/title>\n<meta name=\"description\" content=\"O 2020 oferece solu\u00e7\u00f5es residenciais, comerciais e empresariais focadas nas ind\u00fastrias de design de cozinhas e banheiros.\" \/>\n<meta name=\"robots\" content=\"index, follow, max-snippet:-1, max-image-preview:large, max-video-preview:-1\" \/>\n<link rel=\"canonical\" href=\"https:\/\/www.2020spaces.com\/pt-br\/solucoes\/\" \/>\n<meta property=\"og:locale\" content=\"pt_BR\" \/>\n<meta property=\"og:type\" content=\"article\" \/>\n<meta property=\"og:title\" content=\"Solu\u00e7\u00f5es 2020: Software de Design de Interiores | Solu\u00e7\u00f5es de loja e fabrica\u00e7\u00e3o\" \/>\n<meta property=\"og:description\" content=\"O 2020 oferece solu\u00e7\u00f5es residenciais, comerciais e empresariais focadas nas ind\u00fastrias de design de cozinhas e banheiros, design de escrit\u00f3rios e fabrica\u00e7\u00e3o de m\u00f3veis.\" \/>\n<meta property=\"og:url\" content=\"https:\/\/www.2020spaces.com\/pt-br\/solucoes\/\" \/>\n<meta property=\"og:site_name\" content=\"2020\" \/>\n<meta property=\"article:publisher\" content=\"https:\/\/www.facebook.com\/2020spaces\" \/>\n<meta property=\"article:modified_time\" content=\"2023-04-25T09:42:09+00:00\" \/>\n<meta property=\"og:image\" content=\"https:\/\/www.2020spaces.com\/wp-content\/uploads\/2020\/04\/Social_1200x630_EndToEnd_Generic_PT.jpg\" \/>\n\t<meta property=\"og:image:width\" content=\"1200\" \/>\n\t<meta property=\"og:image:height\" content=\"630\" \/>\n\t<meta property=\"og:image:type\" content=\"image\/jpeg\" \/>\n<meta name=\"twitter:card\" content=\"summary_large_image\" \/>\n<meta name=\"twitter:title\" content=\"Solu\u00e7\u00f5es 2020: Software de Design de Interiores | Solu\u00e7\u00f5es de loja e fabrica\u00e7\u00e3o\" \/>\n<meta name=\"twitter:description\" content=\"O 2020 oferece solu\u00e7\u00f5es residenciais, comerciais e empresariais focadas nas ind\u00fastrias de design de cozinhas e banheiros, design de escrit\u00f3rios e fabrica\u00e7\u00e3o de m\u00f3veis.\" \/>\n<meta name=\"twitter:image\" content=\"https:\/\/www.2020spaces.com\/wp-content\/uploads\/2020\/04\/Social_1200x630_EndToEnd_Generic_PT.jpg\" \/>\n<meta name=\"twitter:site\" content=\"@2020spaces\" \/>\n<meta name=\"twitter:label1\" content=\"Est. tempo de leitura\" \/>\n\t<meta name=\"twitter:data1\" content=\"4 minutos\" \/>\n<script type=\"application\/ld+json\" class=\"yoast-schema-graph\">{\"@context\":\"https:\\\/\\\/schema.org\",\"@graph\":[{\"@type\":\"WebPage\",\"@id\":\"https:\\\/\\\/www.2020spaces.com\\\/pt-br\\\/solucoes\\\/\",\"url\":\"https:\\\/\\\/www.2020spaces.com\\\/pt-br\\\/solucoes\\\/\",\"name\":\"Solu\u00e7\u00f5es 2020: Software de Design de Interiores | 2020 Spaces\",\"isPartOf\":{\"@id\":\"https:\\\/\\\/www.2020spaces.com\\\/#website\"},\"primaryImageOfPage\":{\"@id\":\"https:\\\/\\\/www.2020spaces.com\\\/pt-br\\\/solucoes\\\/#primaryimage\"},\"image\":{\"@id\":\"https:\\\/\\\/www.2020spaces.com\\\/pt-br\\\/solucoes\\\/#primaryimage\"},\"thumbnailUrl\":\"https:\\\/\\\/www.2020spaces.com\\\/wp-content\\\/uploads\\\/2020\\\/04\\\/Featured_400x323_EndToEnd_Generic_PT.jpg\",\"datePublished\":\"2014-06-08T00:37:14+00:00\",\"dateModified\":\"2023-04-25T09:42:09+00:00\",\"description\":\"O 2020 oferece solu\u00e7\u00f5es residenciais, comerciais e empresariais focadas nas ind\u00fastrias de design de cozinhas e banheiros.\",\"breadcrumb\":{\"@id\":\"https:\\\/\\\/www.2020spaces.com\\\/pt-br\\\/solucoes\\\/#breadcrumb\"},\"inLanguage\":\"pt-BR\",\"potentialAction\":[{\"@type\":\"ReadAction\",\"target\":[\"https:\\\/\\\/www.2020spaces.com\\\/pt-br\\\/solucoes\\\/\"]}]},{\"@type\":\"ImageObject\",\"inLanguage\":\"pt-BR\",\"@id\":\"https:\\\/\\\/www.2020spaces.com\\\/pt-br\\\/solucoes\\\/#primaryimage\",\"url\":\"https:\\\/\\\/www.2020spaces.com\\\/wp-content\\\/uploads\\\/2020\\\/04\\\/Featured_400x323_EndToEnd_Generic_PT.jpg\",\"contentUrl\":\"https:\\\/\\\/www.2020spaces.com\\\/wp-content\\\/uploads\\\/2020\\\/04\\\/Featured_400x323_EndToEnd_Generic_PT.jpg\",\"width\":400,\"height\":323,\"caption\":\"Solu\u00e7\u00f5es 2020\"},{\"@type\":\"BreadcrumbList\",\"@id\":\"https:\\\/\\\/www.2020spaces.com\\\/pt-br\\\/solucoes\\\/#breadcrumb\",\"itemListElement\":[{\"@type\":\"ListItem\",\"position\":1,\"name\":\"Home\",\"item\":\"https:\\\/\\\/www.2020spaces.com\\\/pt-br\\\/pagina-inicial-2-2\\\/\"},{\"@type\":\"ListItem\",\"position\":2,\"name\":\"Solu\u00e7\u00f5es 2020\"}]},{\"@type\":\"WebSite\",\"@id\":\"https:\\\/\\\/www.2020spaces.com\\\/#website\",\"url\":\"https:\\\/\\\/www.2020spaces.com\\\/\",\"name\":\"2020\",\"description\":\"Making Spaces for Life\u2122\",\"potentialAction\":[{\"@type\":\"SearchAction\",\"target\":{\"@type\":\"EntryPoint\",\"urlTemplate\":\"https:\\\/\\\/www.2020spaces.com\\\/?s={search_term_string}\"},\"query-input\":{\"@type\":\"PropertyValueSpecification\",\"valueRequired\":true,\"valueName\":\"search_term_string\"}}],\"inLanguage\":\"pt-BR\"}]}<\/script>\n<!-- \/ Yoast SEO Premium plugin. -->","yoast_head_json":{"title":"Solu\u00e7\u00f5es 2020: Software de Design de Interiores | 2020 Spaces","description":"O 2020 oferece solu\u00e7\u00f5es residenciais, comerciais e empresariais focadas nas ind\u00fastrias de design de cozinhas e banheiros.","robots":{"index":"index","follow":"follow","max-snippet":"max-snippet:-1","max-image-preview":"max-image-preview:large","max-video-preview":"max-video-preview:-1"},"canonical":"https:\/\/www.2020spaces.com\/pt-br\/solucoes\/","og_locale":"pt_BR","og_type":"article","og_title":"Solu\u00e7\u00f5es 2020: Software de Design de Interiores | Solu\u00e7\u00f5es de loja e fabrica\u00e7\u00e3o","og_description":"O 2020 oferece solu\u00e7\u00f5es residenciais, comerciais e empresariais focadas nas ind\u00fastrias de design de cozinhas e banheiros, design de escrit\u00f3rios e fabrica\u00e7\u00e3o de m\u00f3veis.","og_url":"https:\/\/www.2020spaces.com\/pt-br\/solucoes\/","og_site_name":"2020","article_publisher":"https:\/\/www.facebook.com\/2020spaces","article_modified_time":"2023-04-25T09:42:09+00:00","og_image":[{"width":1200,"height":630,"url":"https:\/\/www.2020spaces.com\/wp-content\/uploads\/2020\/04\/Social_1200x630_EndToEnd_Generic_PT.jpg","type":"image\/jpeg"}],"twitter_card":"summary_large_image","twitter_title":"Solu\u00e7\u00f5es 2020: Software de Design de Interiores | Solu\u00e7\u00f5es de loja e fabrica\u00e7\u00e3o","twitter_description":"O 2020 oferece solu\u00e7\u00f5es residenciais, comerciais e empresariais focadas nas ind\u00fastrias de design de cozinhas e banheiros, design de escrit\u00f3rios e fabrica\u00e7\u00e3o de m\u00f3veis.","twitter_image":"https:\/\/www.2020spaces.com\/wp-content\/uploads\/2020\/04\/Social_1200x630_EndToEnd_Generic_PT.jpg","twitter_site":"@2020spaces","twitter_misc":{"Est. tempo de leitura":"4 minutos"},"schema":{"@context":"https:\/\/schema.org","@graph":[{"@type":"WebPage","@id":"https:\/\/www.2020spaces.com\/pt-br\/solucoes\/","url":"https:\/\/www.2020spaces.com\/pt-br\/solucoes\/","name":"Solu\u00e7\u00f5es 2020: Software de Design de Interiores | 2020 Spaces","isPartOf":{"@id":"https:\/\/www.2020spaces.com\/#website"},"primaryImageOfPage":{"@id":"https:\/\/www.2020spaces.com\/pt-br\/solucoes\/#primaryimage"},"image":{"@id":"https:\/\/www.2020spaces.com\/pt-br\/solucoes\/#primaryimage"},"thumbnailUrl":"https:\/\/www.2020spaces.com\/wp-content\/uploads\/2020\/04\/Featured_400x323_EndToEnd_Generic_PT.jpg","datePublished":"2014-06-08T00:37:14+00:00","dateModified":"2023-04-25T09:42:09+00:00","description":"O 2020 oferece solu\u00e7\u00f5es residenciais, comerciais e empresariais focadas nas ind\u00fastrias de design de cozinhas e banheiros.","breadcrumb":{"@id":"https:\/\/www.2020spaces.com\/pt-br\/solucoes\/#breadcrumb"},"inLanguage":"pt-BR","potentialAction":[{"@type":"ReadAction","target":["https:\/\/www.2020spaces.com\/pt-br\/solucoes\/"]}]},{"@type":"ImageObject","inLanguage":"pt-BR","@id":"https:\/\/www.2020spaces.com\/pt-br\/solucoes\/#primaryimage","url":"https:\/\/www.2020spaces.com\/wp-content\/uploads\/2020\/04\/Featured_400x323_EndToEnd_Generic_PT.jpg","contentUrl":"https:\/\/www.2020spaces.com\/wp-content\/uploads\/2020\/04\/Featured_400x323_EndToEnd_Generic_PT.jpg","width":400,"height":323,"caption":"Solu\u00e7\u00f5es 2020"},{"@type":"BreadcrumbList","@id":"https:\/\/www.2020spaces.com\/pt-br\/solucoes\/#breadcrumb","itemListElement":[{"@type":"ListItem","position":1,"name":"Home","item":"https:\/\/www.2020spaces.com\/pt-br\/pagina-inicial-2-2\/"},{"@type":"ListItem","position":2,"name":"Solu\u00e7\u00f5es 2020"}]},{"@type":"WebSite","@id":"https:\/\/www.2020spaces.com\/#website","url":"https:\/\/www.2020spaces.com\/","name":"2020","description":"Making Spaces for Life\u2122","potentialAction":[{"@type":"SearchAction","target":{"@type":"EntryPoint","urlTemplate":"https:\/\/www.2020spaces.com\/?s={search_term_string}"},"query-input":{"@type":"PropertyValueSpecification","valueRequired":true,"valueName":"search_term_string"}}],"inLanguage":"pt-BR"}]}},"_links":{"self":[{"href":"https:\/\/www.2020spaces.com\/pt-br\/wp-json\/wp\/v2\/pages\/10683","targetHints":{"allow":["GET"]}}],"collection":[{"href":"https:\/\/www.2020spaces.com\/pt-br\/wp-json\/wp\/v2\/pages"}],"about":[{"href":"https:\/\/www.2020spaces.com\/pt-br\/wp-json\/wp\/v2\/types\/page"}],"author":[{"embeddable":true,"href":"https:\/\/www.2020spaces.com\/pt-br\/wp-json\/wp\/v2\/users\/1"}],"replies":[{"embeddable":true,"href":"https:\/\/www.2020spaces.com\/pt-br\/wp-json\/wp\/v2\/comments?post=10683"}],"version-history":[{"count":0,"href":"https:\/\/www.2020spaces.com\/pt-br\/wp-json\/wp\/v2\/pages\/10683\/revisions"}],"wp:featuredmedia":[{"embeddable":true,"href":"https:\/\/www.2020spaces.com\/pt-br\/wp-json\/wp\/v2\/media\/278569"}],"wp:attachment":[{"href":"https:\/\/www.2020spaces.com\/pt-br\/wp-json\/wp\/v2\/media?parent=10683"}],"wp:term":[{"taxonomy":"category","embeddable":true,"href":"https:\/\/www.2020spaces.com\/pt-br\/wp-json\/wp\/v2\/categories?post=10683"}],"curies":[{"name":"wp","href":"https:\/\/api.w.org\/{rel}","templated":true}]}}