{"id":10794,"date":"2014-06-03T08:27:41","date_gmt":"2014-06-03T12:27:41","guid":{"rendered":"https:\/\/www.2020spaces.com\/suporte\/"},"modified":"2022-09-29T09:45:27","modified_gmt":"2022-09-29T13:45:27","slug":"suporte","status":"publish","type":"page","link":"https:\/\/www.2020spaces.com\/pt-br\/suporte\/","title":{"rendered":"Suporte"},"content":{"rendered":"<div id=\"cs-content\" class=\"cs-content\"><\/div>\n","protected":false},"excerpt":{"rendered":"<p>Bem-vindo ao Suporte ao cliente da 2020Como podemos ajud\u00e1-lo hoje?Voc\u00ea precisa de ajuda com qual produto? Escolha o seu produtoSelecione uma op\u00e7\u00e3o2020 Design2020 Design Live2020 Fusion2020 Insight2020 Cap2020 Giza2020 Visual Impression2020 Worksheet2020 Ideal Spaces2020 DesignEscolha sua regi\u00e3oAm\u00e9rica do Sul (exceto Brasil)\u00c1ustriaBrazil (VAR)Canad\u00e1EUAFran\u00e7a\u00cdndiaJap\u00e3o (VAR)M\u00e9xicoNova Zel\u00e2ndia (VAR)Oriente M\u00e9dioReino UnidoOutros2020 Design LiveEscolha sua &#8230; <\/p>\n<div><a href=\"https:\/\/www.2020spaces.com\/pt-br\/suporte\/\" class=\"more-link\">Read More<\/a><\/div>\n","protected":false},"author":1,"featured_media":0,"parent":0,"menu_order":0,"comment_status":"closed","ping_status":"closed","template":"template-blank-4.php","meta":{"_bbp_topic_count":0,"_bbp_reply_count":0,"_bbp_total_topic_count":0,"_bbp_total_reply_count":0,"_bbp_voice_count":0,"_bbp_anonymous_reply_count":0,"_bbp_topic_count_hidden":0,"_bbp_reply_count_hidden":0,"_bbp_forum_subforum_count":0,"footnotes":""},"categories":[],"class_list":["post-10794","page","type-page","status-publish","hentry","no-post-thumbnail"],"pp_force_visibility":null,"pp_subpost_visibility":null,"pp_inherited_force_visibility":null,"pp_inherited_subpost_visibility":null,"yoast_head":"<!-- This site is optimized with the Yoast SEO Premium plugin v26.7 (Yoast SEO v26.7) - https:\/\/yoast.com\/wordpress\/plugins\/seo\/ -->\n<title>2020 Suporte - Programa de Manuten\u00e7\u00e3o e Suporte de 2020<\/title>\n<meta name=\"description\" content=\"Programa de Suporte 2020 de Manuten\u00e7\u00e3o global \u00e9 dedicada a ajudar os clientes a alcan\u00e7ar a m\u00e1xima performance do software de uma maneira simples e direta\" \/>\n<meta name=\"robots\" content=\"index, follow, max-snippet:-1, max-image-preview:large, max-video-preview:-1\" \/>\n<link rel=\"canonical\" href=\"https:\/\/www.2020spaces.com\/pt-br\/suporte\/\" \/>\n<meta property=\"og:locale\" content=\"pt_BR\" \/>\n<meta property=\"og:type\" content=\"article\" \/>\n<meta property=\"og:title\" content=\"Suporte\" \/>\n<meta property=\"og:description\" content=\"Programa de Suporte 2020 de Manuten\u00e7\u00e3o global \u00e9 dedicada a ajudar os clientes a alcan\u00e7ar a m\u00e1xima performance do software de uma maneira simples e direta\" \/>\n<meta property=\"og:url\" content=\"https:\/\/www.2020spaces.com\/pt-br\/suporte\/\" \/>\n<meta property=\"og:site_name\" content=\"2020\" \/>\n<meta property=\"article:publisher\" content=\"https:\/\/www.facebook.com\/2020spaces\" \/>\n<meta property=\"article:modified_time\" content=\"2022-09-29T13:45:27+00:00\" \/>\n<meta name=\"twitter:card\" content=\"summary_large_image\" \/>\n<meta name=\"twitter:site\" content=\"@2020spaces\" \/>\n<meta name=\"twitter:label1\" content=\"Est. tempo de leitura\" \/>\n\t<meta name=\"twitter:data1\" content=\"6 minutos\" \/>\n<script type=\"application\/ld+json\" class=\"yoast-schema-graph\">{\"@context\":\"https:\/\/schema.org\",\"@graph\":[{\"@type\":\"WebPage\",\"@id\":\"https:\/\/www.2020spaces.com\/pt-br\/suporte\/\",\"url\":\"https:\/\/www.2020spaces.com\/pt-br\/suporte\/\",\"name\":\"2020 Suporte - Programa de Manuten\u00e7\u00e3o e Suporte de 2020\",\"isPartOf\":{\"@id\":\"https:\/\/www.2020spaces.com\/#website\"},\"datePublished\":\"2014-06-03T12:27:41+00:00\",\"dateModified\":\"2022-09-29T13:45:27+00:00\",\"description\":\"Programa de Suporte 2020 de Manuten\u00e7\u00e3o global \u00e9 dedicada a ajudar os clientes a alcan\u00e7ar a m\u00e1xima performance do software de uma maneira simples e direta\",\"breadcrumb\":{\"@id\":\"https:\/\/www.2020spaces.com\/pt-br\/suporte\/#breadcrumb\"},\"inLanguage\":\"pt-BR\",\"potentialAction\":[{\"@type\":\"ReadAction\",\"target\":[\"https:\/\/www.2020spaces.com\/pt-br\/suporte\/\"]}]},{\"@type\":\"BreadcrumbList\",\"@id\":\"https:\/\/www.2020spaces.com\/pt-br\/suporte\/#breadcrumb\",\"itemListElement\":[{\"@type\":\"ListItem\",\"position\":1,\"name\":\"Home\",\"item\":\"https:\/\/www.2020spaces.com\/pt-br\/pagina-inicial-2-2\/\"},{\"@type\":\"ListItem\",\"position\":2,\"name\":\"Suporte\"}]},{\"@type\":\"WebSite\",\"@id\":\"https:\/\/www.2020spaces.com\/#website\",\"url\":\"https:\/\/www.2020spaces.com\/\",\"name\":\"2020\",\"description\":\"Making Spaces for Life\u2122\",\"potentialAction\":[{\"@type\":\"SearchAction\",\"target\":{\"@type\":\"EntryPoint\",\"urlTemplate\":\"https:\/\/www.2020spaces.com\/?s={search_term_string}\"},\"query-input\":{\"@type\":\"PropertyValueSpecification\",\"valueRequired\":true,\"valueName\":\"search_term_string\"}}],\"inLanguage\":\"pt-BR\"}]}<\/script>\n<!-- \/ Yoast SEO Premium plugin. -->","yoast_head_json":{"title":"2020 Suporte - Programa de Manuten\u00e7\u00e3o e Suporte de 2020","description":"Programa de Suporte 2020 de Manuten\u00e7\u00e3o global \u00e9 dedicada a ajudar os clientes a alcan\u00e7ar a m\u00e1xima performance do software de uma maneira simples e direta","robots":{"index":"index","follow":"follow","max-snippet":"max-snippet:-1","max-image-preview":"max-image-preview:large","max-video-preview":"max-video-preview:-1"},"canonical":"https:\/\/www.2020spaces.com\/pt-br\/suporte\/","og_locale":"pt_BR","og_type":"article","og_title":"Suporte","og_description":"Programa de Suporte 2020 de Manuten\u00e7\u00e3o global \u00e9 dedicada a ajudar os clientes a alcan\u00e7ar a m\u00e1xima performance do software de uma maneira simples e direta","og_url":"https:\/\/www.2020spaces.com\/pt-br\/suporte\/","og_site_name":"2020","article_publisher":"https:\/\/www.facebook.com\/2020spaces","article_modified_time":"2022-09-29T13:45:27+00:00","twitter_card":"summary_large_image","twitter_site":"@2020spaces","twitter_misc":{"Est. tempo de leitura":"6 minutos"},"schema":{"@context":"https:\/\/schema.org","@graph":[{"@type":"WebPage","@id":"https:\/\/www.2020spaces.com\/pt-br\/suporte\/","url":"https:\/\/www.2020spaces.com\/pt-br\/suporte\/","name":"2020 Suporte - Programa de Manuten\u00e7\u00e3o e Suporte de 2020","isPartOf":{"@id":"https:\/\/www.2020spaces.com\/#website"},"datePublished":"2014-06-03T12:27:41+00:00","dateModified":"2022-09-29T13:45:27+00:00","description":"Programa de Suporte 2020 de Manuten\u00e7\u00e3o global \u00e9 dedicada a ajudar os clientes a alcan\u00e7ar a m\u00e1xima performance do software de uma maneira simples e direta","breadcrumb":{"@id":"https:\/\/www.2020spaces.com\/pt-br\/suporte\/#breadcrumb"},"inLanguage":"pt-BR","potentialAction":[{"@type":"ReadAction","target":["https:\/\/www.2020spaces.com\/pt-br\/suporte\/"]}]},{"@type":"BreadcrumbList","@id":"https:\/\/www.2020spaces.com\/pt-br\/suporte\/#breadcrumb","itemListElement":[{"@type":"ListItem","position":1,"name":"Home","item":"https:\/\/www.2020spaces.com\/pt-br\/pagina-inicial-2-2\/"},{"@type":"ListItem","position":2,"name":"Suporte"}]},{"@type":"WebSite","@id":"https:\/\/www.2020spaces.com\/#website","url":"https:\/\/www.2020spaces.com\/","name":"2020","description":"Making Spaces for Life\u2122","potentialAction":[{"@type":"SearchAction","target":{"@type":"EntryPoint","urlTemplate":"https:\/\/www.2020spaces.com\/?s={search_term_string}"},"query-input":{"@type":"PropertyValueSpecification","valueRequired":true,"valueName":"search_term_string"}}],"inLanguage":"pt-BR"}]}},"_links":{"self":[{"href":"https:\/\/www.2020spaces.com\/pt-br\/wp-json\/wp\/v2\/pages\/10794","targetHints":{"allow":["GET"]}}],"collection":[{"href":"https:\/\/www.2020spaces.com\/pt-br\/wp-json\/wp\/v2\/pages"}],"about":[{"href":"https:\/\/www.2020spaces.com\/pt-br\/wp-json\/wp\/v2\/types\/page"}],"author":[{"embeddable":true,"href":"https:\/\/www.2020spaces.com\/pt-br\/wp-json\/wp\/v2\/users\/1"}],"replies":[{"embeddable":true,"href":"https:\/\/www.2020spaces.com\/pt-br\/wp-json\/wp\/v2\/comments?post=10794"}],"version-history":[{"count":0,"href":"https:\/\/www.2020spaces.com\/pt-br\/wp-json\/wp\/v2\/pages\/10794\/revisions"}],"wp:attachment":[{"href":"https:\/\/www.2020spaces.com\/pt-br\/wp-json\/wp\/v2\/media?parent=10794"}],"wp:term":[{"taxonomy":"category","embeddable":true,"href":"https:\/\/www.2020spaces.com\/pt-br\/wp-json\/wp\/v2\/categories?post=10794"}],"curies":[{"name":"wp","href":"https:\/\/api.w.org\/{rel}","templated":true}]}}