{"id":10809,"date":"2014-06-02T04:10:53","date_gmt":"2014-06-02T08:10:53","guid":{"rendered":"https:\/\/www.2020spaces.com\/solucoes\/fabricacao\/"},"modified":"2021-03-02T15:05:46","modified_gmt":"2021-03-02T20:05:46","slug":"fabricacao","status":"publish","type":"page","link":"https:\/\/www.2020spaces.com\/pt-br\/solucoes\/fabricacao\/","title":{"rendered":"Fabrica\u00e7\u00e3o"},"content":{"rendered":"<div id=\"cs-content\" class=\"cs-content\"><\/div>\n","protected":false},"excerpt":{"rendered":"<p>Solu\u00e7\u00f5es de Fabrica\u00e7\u00e3o da 2020Obtenha o equil\u00edbrio perfeito entre flexibilidade e automa\u00e7\u00e3o com o software de produ\u00e7\u00e3o de m\u00f3veis da 2020. Desenvolvido especificamente para marceneiros e fabricantes de m\u00f3veis, o software de produ\u00e7\u00e3o da 2020 cria um fluxo cont\u00ednuo de informa\u00e7\u00f5es em toda a organiza\u00e7\u00e3o para melhor coordenar e otimizar &#8230; <\/p>\n<div><a href=\"https:\/\/www.2020spaces.com\/pt-br\/solucoes\/fabricacao\/\" class=\"more-link\">Read More<\/a><\/div>\n","protected":false},"author":1,"featured_media":322304,"parent":10683,"menu_order":0,"comment_status":"open","ping_status":"closed","template":"template-blank-4.php","meta":{"_bbp_topic_count":0,"_bbp_reply_count":0,"_bbp_total_topic_count":0,"_bbp_total_reply_count":0,"_bbp_voice_count":0,"_bbp_anonymous_reply_count":0,"_bbp_topic_count_hidden":0,"_bbp_reply_count_hidden":0,"_bbp_forum_subforum_count":0,"footnotes":""},"categories":[],"class_list":["post-10809","page","type-page","status-publish","has-post-thumbnail","hentry"],"pp_force_visibility":null,"pp_subpost_visibility":null,"pp_inherited_force_visibility":null,"pp_inherited_subpost_visibility":null,"yoast_head":"<!-- This site is optimized with the Yoast SEO Premium plugin v27.4 (Yoast SEO v27.4) - https:\/\/yoast.com\/product\/yoast-seo-premium-wordpress\/ -->\n<title>Software de produ\u00e7\u00e3o para fabricantes de m\u00f3veis<\/title>\n<meta name=\"description\" content=\"Solu\u00e7\u00f5es 2020 fornecem, aos fabricantes de mobili\u00e1rios um sistema do come\u00e7o ao fim de gerenciamento de opera\u00e7\u00f5es de produ\u00e7\u00e3o projetada para sua ind\u00fastria\" \/>\n<meta name=\"robots\" content=\"index, follow, max-snippet:-1, max-image-preview:large, max-video-preview:-1\" \/>\n<link rel=\"canonical\" href=\"https:\/\/www.2020spaces.com\/pt-br\/solucoes\/fabricacao\/\" \/>\n<meta property=\"og:locale\" content=\"pt_BR\" \/>\n<meta property=\"og:type\" content=\"article\" \/>\n<meta property=\"og:title\" content=\"Fabrica\u00e7\u00e3o\" \/>\n<meta property=\"og:description\" content=\"Solu\u00e7\u00f5es 2020 fornecem, aos fabricantes de mobili\u00e1rios um sistema do come\u00e7o ao fim de gerenciamento de opera\u00e7\u00f5es de produ\u00e7\u00e3o projetada para sua ind\u00fastria\" \/>\n<meta property=\"og:url\" content=\"https:\/\/www.2020spaces.com\/pt-br\/solucoes\/fabricacao\/\" \/>\n<meta property=\"og:site_name\" content=\"2020\" \/>\n<meta property=\"article:publisher\" content=\"https:\/\/www.facebook.com\/2020spaces\" \/>\n<meta property=\"article:modified_time\" content=\"2021-03-02T20:05:46+00:00\" \/>\n<meta property=\"og:image\" content=\"https:\/\/www.2020spaces.com\/wp-content\/uploads\/2021\/04\/2020-manufacturing-solution-software-Featured_400x323.jpg\" \/>\n\t<meta property=\"og:image:width\" content=\"400\" \/>\n\t<meta property=\"og:image:height\" content=\"323\" \/>\n\t<meta property=\"og:image:type\" content=\"image\/jpeg\" \/>\n<meta name=\"twitter:card\" content=\"summary_large_image\" \/>\n<meta name=\"twitter:site\" content=\"@2020spaces\" \/>\n<meta name=\"twitter:label1\" content=\"Est. tempo de leitura\" \/>\n\t<meta name=\"twitter:data1\" content=\"3 minutos\" \/>\n<script type=\"application\/ld+json\" class=\"yoast-schema-graph\">{\"@context\":\"https:\\\/\\\/schema.org\",\"@graph\":[{\"@type\":\"WebPage\",\"@id\":\"https:\\\/\\\/www.2020spaces.com\\\/pt-br\\\/solucoes\\\/fabricacao\\\/\",\"url\":\"https:\\\/\\\/www.2020spaces.com\\\/pt-br\\\/solucoes\\\/fabricacao\\\/\",\"name\":\"Software de produ\u00e7\u00e3o para fabricantes de m\u00f3veis\",\"isPartOf\":{\"@id\":\"https:\\\/\\\/www.2020spaces.com\\\/#website\"},\"primaryImageOfPage\":{\"@id\":\"https:\\\/\\\/www.2020spaces.com\\\/pt-br\\\/solucoes\\\/fabricacao\\\/#primaryimage\"},\"image\":{\"@id\":\"https:\\\/\\\/www.2020spaces.com\\\/pt-br\\\/solucoes\\\/fabricacao\\\/#primaryimage\"},\"thumbnailUrl\":\"https:\\\/\\\/www.2020spaces.com\\\/wp-content\\\/uploads\\\/2021\\\/04\\\/2020-manufacturing-solution-software-Featured_400x323.jpg\",\"datePublished\":\"2014-06-02T08:10:53+00:00\",\"dateModified\":\"2021-03-02T20:05:46+00:00\",\"description\":\"Solu\u00e7\u00f5es 2020 fornecem, aos fabricantes de mobili\u00e1rios um sistema do come\u00e7o ao fim de gerenciamento de opera\u00e7\u00f5es de produ\u00e7\u00e3o projetada para sua ind\u00fastria\",\"breadcrumb\":{\"@id\":\"https:\\\/\\\/www.2020spaces.com\\\/pt-br\\\/solucoes\\\/fabricacao\\\/#breadcrumb\"},\"inLanguage\":\"pt-BR\",\"potentialAction\":[{\"@type\":\"ReadAction\",\"target\":[\"https:\\\/\\\/www.2020spaces.com\\\/pt-br\\\/solucoes\\\/fabricacao\\\/\"]}]},{\"@type\":\"ImageObject\",\"inLanguage\":\"pt-BR\",\"@id\":\"https:\\\/\\\/www.2020spaces.com\\\/pt-br\\\/solucoes\\\/fabricacao\\\/#primaryimage\",\"url\":\"https:\\\/\\\/www.2020spaces.com\\\/wp-content\\\/uploads\\\/2021\\\/04\\\/2020-manufacturing-solution-software-Featured_400x323.jpg\",\"contentUrl\":\"https:\\\/\\\/www.2020spaces.com\\\/wp-content\\\/uploads\\\/2021\\\/04\\\/2020-manufacturing-solution-software-Featured_400x323.jpg\",\"width\":400,\"height\":323,\"caption\":\"2020 Manufacturing software solutions\"},{\"@type\":\"BreadcrumbList\",\"@id\":\"https:\\\/\\\/www.2020spaces.com\\\/pt-br\\\/solucoes\\\/fabricacao\\\/#breadcrumb\",\"itemListElement\":[{\"@type\":\"ListItem\",\"position\":1,\"name\":\"Home\",\"item\":\"https:\\\/\\\/www.2020spaces.com\\\/pt-br\\\/pagina-inicial-2-2\\\/\"},{\"@type\":\"ListItem\",\"position\":2,\"name\":\"Solu\u00e7\u00f5es 2020\",\"item\":\"https:\\\/\\\/www.2020spaces.com\\\/pt-br\\\/solucoes\\\/\"},{\"@type\":\"ListItem\",\"position\":3,\"name\":\"Fabrica\u00e7\u00e3o\"}]},{\"@type\":\"WebSite\",\"@id\":\"https:\\\/\\\/www.2020spaces.com\\\/#website\",\"url\":\"https:\\\/\\\/www.2020spaces.com\\\/\",\"name\":\"2020\",\"description\":\"Making Spaces for Life\u2122\",\"potentialAction\":[{\"@type\":\"SearchAction\",\"target\":{\"@type\":\"EntryPoint\",\"urlTemplate\":\"https:\\\/\\\/www.2020spaces.com\\\/?s={search_term_string}\"},\"query-input\":{\"@type\":\"PropertyValueSpecification\",\"valueRequired\":true,\"valueName\":\"search_term_string\"}}],\"inLanguage\":\"pt-BR\"}]}<\/script>\n<!-- \/ Yoast SEO Premium plugin. -->","yoast_head_json":{"title":"Software de produ\u00e7\u00e3o para fabricantes de m\u00f3veis","description":"Solu\u00e7\u00f5es 2020 fornecem, aos fabricantes de mobili\u00e1rios um sistema do come\u00e7o ao fim de gerenciamento de opera\u00e7\u00f5es de produ\u00e7\u00e3o projetada para sua ind\u00fastria","robots":{"index":"index","follow":"follow","max-snippet":"max-snippet:-1","max-image-preview":"max-image-preview:large","max-video-preview":"max-video-preview:-1"},"canonical":"https:\/\/www.2020spaces.com\/pt-br\/solucoes\/fabricacao\/","og_locale":"pt_BR","og_type":"article","og_title":"Fabrica\u00e7\u00e3o","og_description":"Solu\u00e7\u00f5es 2020 fornecem, aos fabricantes de mobili\u00e1rios um sistema do come\u00e7o ao fim de gerenciamento de opera\u00e7\u00f5es de produ\u00e7\u00e3o projetada para sua ind\u00fastria","og_url":"https:\/\/www.2020spaces.com\/pt-br\/solucoes\/fabricacao\/","og_site_name":"2020","article_publisher":"https:\/\/www.facebook.com\/2020spaces","article_modified_time":"2021-03-02T20:05:46+00:00","og_image":[{"width":400,"height":323,"url":"https:\/\/www.2020spaces.com\/wp-content\/uploads\/2021\/04\/2020-manufacturing-solution-software-Featured_400x323.jpg","type":"image\/jpeg"}],"twitter_card":"summary_large_image","twitter_site":"@2020spaces","twitter_misc":{"Est. tempo de leitura":"3 minutos"},"schema":{"@context":"https:\/\/schema.org","@graph":[{"@type":"WebPage","@id":"https:\/\/www.2020spaces.com\/pt-br\/solucoes\/fabricacao\/","url":"https:\/\/www.2020spaces.com\/pt-br\/solucoes\/fabricacao\/","name":"Software de produ\u00e7\u00e3o para fabricantes de m\u00f3veis","isPartOf":{"@id":"https:\/\/www.2020spaces.com\/#website"},"primaryImageOfPage":{"@id":"https:\/\/www.2020spaces.com\/pt-br\/solucoes\/fabricacao\/#primaryimage"},"image":{"@id":"https:\/\/www.2020spaces.com\/pt-br\/solucoes\/fabricacao\/#primaryimage"},"thumbnailUrl":"https:\/\/www.2020spaces.com\/wp-content\/uploads\/2021\/04\/2020-manufacturing-solution-software-Featured_400x323.jpg","datePublished":"2014-06-02T08:10:53+00:00","dateModified":"2021-03-02T20:05:46+00:00","description":"Solu\u00e7\u00f5es 2020 fornecem, aos fabricantes de mobili\u00e1rios um sistema do come\u00e7o ao fim de gerenciamento de opera\u00e7\u00f5es de produ\u00e7\u00e3o projetada para sua ind\u00fastria","breadcrumb":{"@id":"https:\/\/www.2020spaces.com\/pt-br\/solucoes\/fabricacao\/#breadcrumb"},"inLanguage":"pt-BR","potentialAction":[{"@type":"ReadAction","target":["https:\/\/www.2020spaces.com\/pt-br\/solucoes\/fabricacao\/"]}]},{"@type":"ImageObject","inLanguage":"pt-BR","@id":"https:\/\/www.2020spaces.com\/pt-br\/solucoes\/fabricacao\/#primaryimage","url":"https:\/\/www.2020spaces.com\/wp-content\/uploads\/2021\/04\/2020-manufacturing-solution-software-Featured_400x323.jpg","contentUrl":"https:\/\/www.2020spaces.com\/wp-content\/uploads\/2021\/04\/2020-manufacturing-solution-software-Featured_400x323.jpg","width":400,"height":323,"caption":"2020 Manufacturing software solutions"},{"@type":"BreadcrumbList","@id":"https:\/\/www.2020spaces.com\/pt-br\/solucoes\/fabricacao\/#breadcrumb","itemListElement":[{"@type":"ListItem","position":1,"name":"Home","item":"https:\/\/www.2020spaces.com\/pt-br\/pagina-inicial-2-2\/"},{"@type":"ListItem","position":2,"name":"Solu\u00e7\u00f5es 2020","item":"https:\/\/www.2020spaces.com\/pt-br\/solucoes\/"},{"@type":"ListItem","position":3,"name":"Fabrica\u00e7\u00e3o"}]},{"@type":"WebSite","@id":"https:\/\/www.2020spaces.com\/#website","url":"https:\/\/www.2020spaces.com\/","name":"2020","description":"Making Spaces for Life\u2122","potentialAction":[{"@type":"SearchAction","target":{"@type":"EntryPoint","urlTemplate":"https:\/\/www.2020spaces.com\/?s={search_term_string}"},"query-input":{"@type":"PropertyValueSpecification","valueRequired":true,"valueName":"search_term_string"}}],"inLanguage":"pt-BR"}]}},"_links":{"self":[{"href":"https:\/\/www.2020spaces.com\/pt-br\/wp-json\/wp\/v2\/pages\/10809","targetHints":{"allow":["GET"]}}],"collection":[{"href":"https:\/\/www.2020spaces.com\/pt-br\/wp-json\/wp\/v2\/pages"}],"about":[{"href":"https:\/\/www.2020spaces.com\/pt-br\/wp-json\/wp\/v2\/types\/page"}],"author":[{"embeddable":true,"href":"https:\/\/www.2020spaces.com\/pt-br\/wp-json\/wp\/v2\/users\/1"}],"replies":[{"embeddable":true,"href":"https:\/\/www.2020spaces.com\/pt-br\/wp-json\/wp\/v2\/comments?post=10809"}],"version-history":[{"count":0,"href":"https:\/\/www.2020spaces.com\/pt-br\/wp-json\/wp\/v2\/pages\/10809\/revisions"}],"up":[{"embeddable":true,"href":"https:\/\/www.2020spaces.com\/pt-br\/wp-json\/wp\/v2\/pages\/10683"}],"wp:featuredmedia":[{"embeddable":true,"href":"https:\/\/www.2020spaces.com\/pt-br\/wp-json\/wp\/v2\/media\/322304"}],"wp:attachment":[{"href":"https:\/\/www.2020spaces.com\/pt-br\/wp-json\/wp\/v2\/media?parent=10809"}],"wp:term":[{"taxonomy":"category","embeddable":true,"href":"https:\/\/www.2020spaces.com\/pt-br\/wp-json\/wp\/v2\/categories?post=10809"}],"curies":[{"name":"wp","href":"https:\/\/api.w.org\/{rel}","templated":true}]}}