{"id":10878,"date":"2022-03-22T14:00:17","date_gmt":"2022-03-22T18:00:17","guid":{"rendered":"https:\/\/www.2020spaces.com\/produtos-2020\/"},"modified":"2024-07-20T07:08:47","modified_gmt":"2024-07-20T11:08:47","slug":"produtos-2020","status":"publish","type":"page","link":"https:\/\/www.2020spaces.com\/pt-br\/produtos-2020\/","title":{"rendered":"Produtos 2020"},"content":{"rendered":"<div id=\"cs-content\" class=\"cs-content\"><\/div>\n","protected":false},"excerpt":{"rendered":"<p>Produtos Find the right product for Encontre o produto adequado para o O portf\u00f3lio de produtos da 2020 proporciona uma grande variedade de ferramentas de produtividade e solu\u00e7\u00f5es empresariais focalizadas na cria\u00e7\u00e3o e planejamento de espa\u00e7os residenciais e comerciais e no fabrico de mobili\u00e1rio.Selecione seu produto Quer voc\u00ea seja designer &#8230; <\/p>\n<div><a href=\"https:\/\/www.2020spaces.com\/pt-br\/produtos-2020\/\" class=\"more-link\">Read More<\/a><\/div>\n","protected":false},"author":26709,"featured_media":359310,"parent":0,"menu_order":0,"comment_status":"open","ping_status":"closed","template":"template-blank-4.php","meta":{"_bbp_topic_count":0,"_bbp_reply_count":0,"_bbp_total_topic_count":0,"_bbp_total_reply_count":0,"_bbp_voice_count":0,"_bbp_anonymous_reply_count":0,"_bbp_topic_count_hidden":0,"_bbp_reply_count_hidden":0,"_bbp_forum_subforum_count":0,"footnotes":""},"categories":[],"class_list":["post-10878","page","type-page","status-publish","has-post-thumbnail","hentry"],"pp_force_visibility":null,"pp_subpost_visibility":null,"pp_inherited_force_visibility":null,"pp_inherited_subpost_visibility":null,"yoast_head":"<!-- This site is optimized with the Yoast SEO Premium plugin v26.7 (Yoast SEO v26.7) - https:\/\/yoast.com\/wordpress\/plugins\/seo\/ -->\n<title>2020 Portifolio de produtos | 2020<\/title>\n<meta name=\"description\" content=\"O portf\u00f3lio de produtos da 2020 proporciona uma grande variedade de ferramentas de produtividade e solu\u00e7\u00f5es empresariais focalizadas\" \/>\n<meta name=\"robots\" content=\"index, follow, max-snippet:-1, max-image-preview:large, max-video-preview:-1\" \/>\n<link rel=\"canonical\" href=\"https:\/\/www.2020spaces.com\/pt-br\/produtos-2020\/\" \/>\n<meta property=\"og:locale\" content=\"pt_BR\" \/>\n<meta property=\"og:type\" content=\"article\" \/>\n<meta property=\"og:title\" content=\"Produtos 2020\" \/>\n<meta property=\"og:description\" content=\"O portf\u00f3lio de produtos da 2020 proporciona uma grande variedade de ferramentas de produtividade e solu\u00e7\u00f5es empresariais focalizadas na cria\u00e7\u00e3o e planejamento de espa\u00e7os residenciais e comerciais e no fabrico de mobili\u00e1rio.\" \/>\n<meta property=\"og:url\" content=\"https:\/\/www.2020spaces.com\/pt-br\/produtos-2020\/\" \/>\n<meta property=\"og:site_name\" content=\"2020\" \/>\n<meta property=\"article:publisher\" content=\"https:\/\/www.facebook.com\/2020spaces\" \/>\n<meta property=\"article:modified_time\" content=\"2024-07-20T11:08:47+00:00\" \/>\n<meta property=\"og:image\" content=\"https:\/\/www.2020spaces.com\/wp-content\/uploads\/2022\/02\/Social_1200x630_Product-Selection-.jpg\" \/>\n<meta name=\"twitter:card\" content=\"summary_large_image\" \/>\n<meta name=\"twitter:description\" content=\"O portf\u00f3lio de produtos da 2020 proporciona uma grande variedade de ferramentas de produtividade e solu\u00e7\u00f5es empresariais focalizadas na cria\u00e7\u00e3o e planejamento de espa\u00e7os residenciais e comerciais e no fabrico de mobili\u00e1rio.\" \/>\n<meta name=\"twitter:site\" content=\"@2020spaces\" \/>\n<meta name=\"twitter:label1\" content=\"Est. tempo de leitura\" \/>\n\t<meta name=\"twitter:data1\" content=\"1 minuto\" \/>\n<script type=\"application\/ld+json\" class=\"yoast-schema-graph\">{\"@context\":\"https:\/\/schema.org\",\"@graph\":[{\"@type\":\"WebPage\",\"@id\":\"https:\/\/www.2020spaces.com\/pt-br\/produtos-2020\/\",\"url\":\"https:\/\/www.2020spaces.com\/pt-br\/produtos-2020\/\",\"name\":\"2020 Portifolio de produtos | 2020\",\"isPartOf\":{\"@id\":\"https:\/\/www.2020spaces.com\/#website\"},\"primaryImageOfPage\":{\"@id\":\"https:\/\/www.2020spaces.com\/pt-br\/produtos-2020\/#primaryimage\"},\"image\":{\"@id\":\"https:\/\/www.2020spaces.com\/pt-br\/produtos-2020\/#primaryimage\"},\"thumbnailUrl\":\"https:\/\/www.2020spaces.com\/wp-content\/uploads\/2022\/02\/Featured_400x323_Product-Selection.jpg\",\"datePublished\":\"2022-03-22T18:00:17+00:00\",\"dateModified\":\"2024-07-20T11:08:47+00:00\",\"description\":\"O portf\u00f3lio de produtos da 2020 proporciona uma grande variedade de ferramentas de produtividade e solu\u00e7\u00f5es empresariais focalizadas\",\"breadcrumb\":{\"@id\":\"https:\/\/www.2020spaces.com\/pt-br\/produtos-2020\/#breadcrumb\"},\"inLanguage\":\"pt-BR\",\"potentialAction\":[{\"@type\":\"ReadAction\",\"target\":[\"https:\/\/www.2020spaces.com\/pt-br\/produtos-2020\/\"]}]},{\"@type\":\"ImageObject\",\"inLanguage\":\"pt-BR\",\"@id\":\"https:\/\/www.2020spaces.com\/pt-br\/produtos-2020\/#primaryimage\",\"url\":\"https:\/\/www.2020spaces.com\/wp-content\/uploads\/2022\/02\/Featured_400x323_Product-Selection.jpg\",\"contentUrl\":\"https:\/\/www.2020spaces.com\/wp-content\/uploads\/2022\/02\/Featured_400x323_Product-Selection.jpg\",\"width\":400,\"height\":323,\"caption\":\"2020 Products Page\"},{\"@type\":\"BreadcrumbList\",\"@id\":\"https:\/\/www.2020spaces.com\/pt-br\/produtos-2020\/#breadcrumb\",\"itemListElement\":[{\"@type\":\"ListItem\",\"position\":1,\"name\":\"Home\",\"item\":\"https:\/\/www.2020spaces.com\/pt-br\/pagina-inicial-2-2\/\"},{\"@type\":\"ListItem\",\"position\":2,\"name\":\"Produtos 2020\"}]},{\"@type\":\"WebSite\",\"@id\":\"https:\/\/www.2020spaces.com\/#website\",\"url\":\"https:\/\/www.2020spaces.com\/\",\"name\":\"2020\",\"description\":\"Making Spaces for Life\u2122\",\"potentialAction\":[{\"@type\":\"SearchAction\",\"target\":{\"@type\":\"EntryPoint\",\"urlTemplate\":\"https:\/\/www.2020spaces.com\/?s={search_term_string}\"},\"query-input\":{\"@type\":\"PropertyValueSpecification\",\"valueRequired\":true,\"valueName\":\"search_term_string\"}}],\"inLanguage\":\"pt-BR\"}]}<\/script>\n<!-- \/ Yoast SEO Premium plugin. -->","yoast_head_json":{"title":"2020 Portifolio de produtos | 2020","description":"O portf\u00f3lio de produtos da 2020 proporciona uma grande variedade de ferramentas de produtividade e solu\u00e7\u00f5es empresariais focalizadas","robots":{"index":"index","follow":"follow","max-snippet":"max-snippet:-1","max-image-preview":"max-image-preview:large","max-video-preview":"max-video-preview:-1"},"canonical":"https:\/\/www.2020spaces.com\/pt-br\/produtos-2020\/","og_locale":"pt_BR","og_type":"article","og_title":"Produtos 2020","og_description":"O portf\u00f3lio de produtos da 2020 proporciona uma grande variedade de ferramentas de produtividade e solu\u00e7\u00f5es empresariais focalizadas na cria\u00e7\u00e3o e planejamento de espa\u00e7os residenciais e comerciais e no fabrico de mobili\u00e1rio.","og_url":"https:\/\/www.2020spaces.com\/pt-br\/produtos-2020\/","og_site_name":"2020","article_publisher":"https:\/\/www.facebook.com\/2020spaces","article_modified_time":"2024-07-20T11:08:47+00:00","og_image":[{"url":"https:\/\/www.2020spaces.com\/wp-content\/uploads\/2022\/02\/Social_1200x630_Product-Selection-.jpg","type":"","width":"","height":""}],"twitter_card":"summary_large_image","twitter_description":"O portf\u00f3lio de produtos da 2020 proporciona uma grande variedade de ferramentas de produtividade e solu\u00e7\u00f5es empresariais focalizadas na cria\u00e7\u00e3o e planejamento de espa\u00e7os residenciais e comerciais e no fabrico de mobili\u00e1rio.","twitter_site":"@2020spaces","twitter_misc":{"Est. tempo de leitura":"1 minuto"},"schema":{"@context":"https:\/\/schema.org","@graph":[{"@type":"WebPage","@id":"https:\/\/www.2020spaces.com\/pt-br\/produtos-2020\/","url":"https:\/\/www.2020spaces.com\/pt-br\/produtos-2020\/","name":"2020 Portifolio de produtos | 2020","isPartOf":{"@id":"https:\/\/www.2020spaces.com\/#website"},"primaryImageOfPage":{"@id":"https:\/\/www.2020spaces.com\/pt-br\/produtos-2020\/#primaryimage"},"image":{"@id":"https:\/\/www.2020spaces.com\/pt-br\/produtos-2020\/#primaryimage"},"thumbnailUrl":"https:\/\/www.2020spaces.com\/wp-content\/uploads\/2022\/02\/Featured_400x323_Product-Selection.jpg","datePublished":"2022-03-22T18:00:17+00:00","dateModified":"2024-07-20T11:08:47+00:00","description":"O portf\u00f3lio de produtos da 2020 proporciona uma grande variedade de ferramentas de produtividade e solu\u00e7\u00f5es empresariais focalizadas","breadcrumb":{"@id":"https:\/\/www.2020spaces.com\/pt-br\/produtos-2020\/#breadcrumb"},"inLanguage":"pt-BR","potentialAction":[{"@type":"ReadAction","target":["https:\/\/www.2020spaces.com\/pt-br\/produtos-2020\/"]}]},{"@type":"ImageObject","inLanguage":"pt-BR","@id":"https:\/\/www.2020spaces.com\/pt-br\/produtos-2020\/#primaryimage","url":"https:\/\/www.2020spaces.com\/wp-content\/uploads\/2022\/02\/Featured_400x323_Product-Selection.jpg","contentUrl":"https:\/\/www.2020spaces.com\/wp-content\/uploads\/2022\/02\/Featured_400x323_Product-Selection.jpg","width":400,"height":323,"caption":"2020 Products Page"},{"@type":"BreadcrumbList","@id":"https:\/\/www.2020spaces.com\/pt-br\/produtos-2020\/#breadcrumb","itemListElement":[{"@type":"ListItem","position":1,"name":"Home","item":"https:\/\/www.2020spaces.com\/pt-br\/pagina-inicial-2-2\/"},{"@type":"ListItem","position":2,"name":"Produtos 2020"}]},{"@type":"WebSite","@id":"https:\/\/www.2020spaces.com\/#website","url":"https:\/\/www.2020spaces.com\/","name":"2020","description":"Making Spaces for Life\u2122","potentialAction":[{"@type":"SearchAction","target":{"@type":"EntryPoint","urlTemplate":"https:\/\/www.2020spaces.com\/?s={search_term_string}"},"query-input":{"@type":"PropertyValueSpecification","valueRequired":true,"valueName":"search_term_string"}}],"inLanguage":"pt-BR"}]}},"_links":{"self":[{"href":"https:\/\/www.2020spaces.com\/pt-br\/wp-json\/wp\/v2\/pages\/10878","targetHints":{"allow":["GET"]}}],"collection":[{"href":"https:\/\/www.2020spaces.com\/pt-br\/wp-json\/wp\/v2\/pages"}],"about":[{"href":"https:\/\/www.2020spaces.com\/pt-br\/wp-json\/wp\/v2\/types\/page"}],"author":[{"embeddable":true,"href":"https:\/\/www.2020spaces.com\/pt-br\/wp-json\/wp\/v2\/users\/26709"}],"replies":[{"embeddable":true,"href":"https:\/\/www.2020spaces.com\/pt-br\/wp-json\/wp\/v2\/comments?post=10878"}],"version-history":[{"count":0,"href":"https:\/\/www.2020spaces.com\/pt-br\/wp-json\/wp\/v2\/pages\/10878\/revisions"}],"wp:featuredmedia":[{"embeddable":true,"href":"https:\/\/www.2020spaces.com\/pt-br\/wp-json\/wp\/v2\/media\/359310"}],"wp:attachment":[{"href":"https:\/\/www.2020spaces.com\/pt-br\/wp-json\/wp\/v2\/media?parent=10878"}],"wp:term":[{"taxonomy":"category","embeddable":true,"href":"https:\/\/www.2020spaces.com\/pt-br\/wp-json\/wp\/v2\/categories?post=10878"}],"curies":[{"name":"wp","href":"https:\/\/api.w.org\/{rel}","templated":true}]}}