{"id":10884,"date":"2014-05-06T08:08:53","date_gmt":"2014-05-06T12:08:53","guid":{"rendered":"https:\/\/www.2020spaces.com\/solucoes\/varejo\/"},"modified":"2022-05-02T14:51:17","modified_gmt":"2022-05-02T18:51:17","slug":"varejo","status":"publish","type":"page","link":"https:\/\/www.2020spaces.com\/pt-br\/solucoes\/varejo\/","title":{"rendered":"Varejo"},"content":{"rendered":"<div class=\"wpb-content-wrapper\">[vc_row inner_container=&#8221;true&#8221; padding_top=&#8221;0px&#8221; padding_bottom=&#8221;0px&#8221; border=&#8221;none&#8221; no_margin=&#8221;true&#8221;][vc_column width=&#8221;1\/1&#8243;]<h1  class=\"h-custom-headline h1 accent\" ><span>Solu\u00e7\u00f5es para Varejo da 2020<\/span><\/h1>[\/vc_column][\/vc_row][vc_row inner_container=&#8221;true&#8221; padding_top=&#8221;0px&#8221; padding_bottom=&#8221;50px&#8221; border=&#8221;none&#8221; no_margin=&#8221;true&#8221;][vc_column width=&#8221;1\/1&#8243;]<img decoding=\"async\"  class=\"x-img x-img-none right\" style=\"width:400px;\" src=\"https:\/\/www.2020spaces.com\/wp-content\/uploads\/2014\/05\/2020_Retail_Solutions_300x200.jpg\" alt=\"Solu\u00e7\u00f5es para Varejo da 2020\"><p>Mostre seus produtos na Internet de uma forma que inspira os clientes a olharem, projetarem e visualizarem seus produtos na casa deles. Imagine conseguir planejar um c\u00f4modo em 3D antes de finalizar uma compra e ainda compartilhar o design com amigos nas redes sociais! Nossas solu\u00e7\u00f5es de varejo f\u00e1ceis e divertidas de usar prendem suas imagina\u00e7\u00f5es logo no come\u00e7o do processo de compra, transformando visitantes em compradores. Inspire a imagina\u00e7\u00e3o deles!<\/p>\n<ul>\n<li>Ofere\u00e7a o pre\u00e7o de seus produtos, recursos, op\u00e7\u00f5es e alternativas em tempo real.<\/li>\n<li>Os clientes podem trabalhar sozinhos ou colaborar com seus designers ou representantes de vendas favoritos.<\/li>\n<li>Atraia mais visitantes ao seu site e aumente o n\u00edvel de convers\u00e3o de visitantes em compradores.<\/li>\n<li>Os designs dos clientes s\u00e3o integrados com seus processos operacionais internos, das vendas ao transporte.<\/li>\n<\/ul>\n[\/vc_column][\/vc_row][vc_row inner_container=&#8221;true&#8221; padding_top=&#8221;0px&#8221; padding_bottom=&#8221;50px&#8221; border=&#8221;none&#8221; no_margin=&#8221;true&#8221;][vc_column width=&#8221;1\/1&#8243;][vc_row_inner no_margin=&#8221;true&#8221; padding_top=&#8221;0px&#8221; padding_bottom=&#8221;0px&#8221; border=&#8221;none&#8221;][vc_column_inner width=&#8221;1\/2&#8243;]<hr  class=\"x-gap\" style=\"margin: 1.313em 0 0 0;\"><p><img loading=\"lazy\" decoding=\"async\" class=\"alignnone wp-image-7825 size-medium\" src=\"https:\/\/www.2020spaces.com\/wp-content\/uploads\/2014\/05\/Logo_2020IdealSpaces-300x40.png\" alt=\" Logotipo do 2020 Ideal Spaces\" width=\"300\" height=\"40\" srcset=\"https:\/\/www.2020spaces.com\/wp-content\/uploads\/2014\/05\/Logo_2020IdealSpaces-300x40.png 300w, https:\/\/www.2020spaces.com\/wp-content\/uploads\/2014\/05\/Logo_2020IdealSpaces-100x13.png 100w, https:\/\/www.2020spaces.com\/wp-content\/uploads\/2014\/05\/Logo_2020IdealSpaces.png 515w\" sizes=\"auto, (max-width: 300px) 100vw, 300px\" \/><\/p>\n<p>O 2020 Ideal Spaces \u00e9 uma solu\u00e7\u00e3o de design de interiores poderosa com base na Internet. Como varejista, voc\u00ea pode hospedar o 2020 Ideal Spaces no seu site e oferecer aos seus clientes um portal de ponta para que eles possam planejar e comprar seu pr\u00f3ximo projeto de design de interiores. O 2020 Ideal Spaces torna f\u00e1cil e divertida a cria\u00e7\u00e3o de projetos de design pelos seus clientes, do come\u00e7o ao fim, onde quer que eles estejam\u2014com os seus produtos e no seu site. <a href=\"https:\/\/www.2020spaces.com\/pt-br\/produtos-2020\/2020-ideal-spaces\/\" title=\"2020 Ideal Spaces\">Saiba mais&#8230;<\/a><\/p>\n[\/vc_column_inner][vc_column_inner width=&#8221;1\/2&#8243;]<h3  class=\"h-custom-headline h3\" ><span>Quais Fatores Influenciam Consumidores?<\/span><\/h3><h6 class=\"h-skill-bar\">Disponibilidade dos Produtos<\/h6><div  class=\"x-skill-bar\" data-x-element=\"skill_bar\" data-x-params=\"{&quot;percent&quot;:&quot;78%&quot;}\"><div class=\"bar\" style=\"\"><div class=\"percent\">Eu posso realmente comprar esses produtos?<\/div><\/div><\/div><h6 class=\"h-skill-bar\">Social Feedback<\/h6><div  class=\"x-skill-bar\" data-x-element=\"skill_bar\" data-x-params=\"{&quot;percent&quot;:&quot;89%&quot;}\"><div class=\"bar\" style=\"\"><div class=\"percent\">Minha fam\u00edlia e amigos v\u00e3o gostar?<\/div><\/div><\/div><h6 class=\"h-skill-bar\">Visualiza\u00e7\u00e3o Natural<\/h6><div  class=\"x-skill-bar\" data-x-element=\"skill_bar\" data-x-params=\"{&quot;percent&quot;:&quot;96%&quot;}\"><div class=\"bar\" style=\"\"><div class=\"percent\">Qual ser\u00e1 a apar\u00eancia real?<\/div><\/div><\/div><h6 class=\"h-skill-bar\">Habilidade do Designer<\/h6><div  class=\"x-skill-bar\" data-x-element=\"skill_bar\" data-x-params=\"{&quot;percent&quot;:&quot;83%&quot;}\"><div class=\"bar\" style=\"\"><div class=\"percent\">Essa pessoa sabe o que est\u00e1 fazendo?<\/div><\/div><\/div>[\/vc_column_inner][\/vc_row_inner]<hr  class=\"x-gap\" style=\"margin: 1.313em 0 0 0;\"><hr  class=\"x-hr\" >[vc_row_inner inner_container=&#8221;true&#8221; padding_top=&#8221;0px&#8221; padding_bottom=&#8221;0px&#8221; border=&#8221;none&#8221;][vc_column_inner width=&#8221;1\/4&#8243;]<p style=\"text-align: center; color: #f8971d;\"><i  class=\"x-icon x-icon-cogs\" style=\"text-align: center;      font-size:100px;\" data-x-icon-s=\"&#xf085;\" aria-hidden=\"true\"><\/i><\/p>\n[\/vc_column_inner][vc_column_inner width=&#8221;3\/4&#8243;]<hr  class=\"x-gap\" style=\"margin: 1.313em 0 0 0;\"><p>Nossos clientes de varejo tamb\u00e9m usam o\u00a0<a href=\"https:\/\/www.2020spaces.com\/pt-br\/produtos-2020\/2020-design\/\">2020 Design<\/a>\u00a0e o\u00a0<a href=\"https:\/\/www.2020spaces.com\/2020products\/2020fusionlive\/\">2020 Fusion<\/a> para oferecer servi\u00e7os de design profissional na loja, no ponto de vendas, usando cat\u00e1logos de conte\u00fado gerenciados centralmente para pre\u00e7os em tempo real.<\/p>\n[\/vc_column_inner][\/vc_row_inner][\/vc_column][\/vc_row]\n<\/div>","protected":false},"excerpt":{"rendered":"<p>[vc_row inner_container=&#8221;true&#8221; padding_top=&#8221;0px&#8221; padding_bottom=&#8221;0px&#8221; border=&#8221;none&#8221; no_margin=&#8221;true&#8221;][vc_column width=&#8221;1\/1&#8243;][\/vc_column][\/vc_row][vc_row inner_container=&#8221;true&#8221; padding_top=&#8221;0px&#8221; padding_bottom=&#8221;50px&#8221; border=&#8221;none&#8221; no_margin=&#8221;true&#8221;][vc_column width=&#8221;1\/1&#8243;][\/vc_column][\/vc_row][vc_row inner_container=&#8221;true&#8221; padding_top=&#8221;0px&#8221; padding_bottom=&#8221;50px&#8221; border=&#8221;none&#8221; no_margin=&#8221;true&#8221;][vc_column width=&#8221;1\/1&#8243;][vc_row_inner no_margin=&#8221;true&#8221; padding_top=&#8221;0px&#8221; padding_bottom=&#8221;0px&#8221; border=&#8221;none&#8221;][vc_column_inner width=&#8221;1\/2&#8243;][\/vc_column_inner][vc_column_inner width=&#8221;1\/2&#8243;][\/vc_column_inner][\/vc_row_inner][vc_row_inner inner_container=&#8221;true&#8221; padding_top=&#8221;0px&#8221; padding_bottom=&#8221;0px&#8221; border=&#8221;none&#8221;][vc_column_inner width=&#8221;1\/4&#8243;][\/vc_column_inner][vc_column_inner width=&#8221;3\/4&#8243;][\/vc_column_inner][\/vc_row_inner][\/vc_column][\/vc_row]<\/p>\n","protected":false},"author":1,"featured_media":0,"parent":10683,"menu_order":0,"comment_status":"open","ping_status":"closed","template":"template-blank-4.php","meta":{"_bbp_topic_count":0,"_bbp_reply_count":0,"_bbp_total_topic_count":0,"_bbp_total_reply_count":0,"_bbp_voice_count":0,"_bbp_anonymous_reply_count":0,"_bbp_topic_count_hidden":0,"_bbp_reply_count_hidden":0,"_bbp_forum_subforum_count":0,"footnotes":""},"categories":[],"class_list":["post-10884","page","type-page","status-publish","hentry","no-post-thumbnail"],"pp_force_visibility":null,"pp_subpost_visibility":null,"pp_inherited_force_visibility":null,"pp_inherited_subpost_visibility":null,"yoast_head":"<!-- This site is optimized with the Yoast SEO Premium plugin v26.7 (Yoast SEO v26.7) - https:\/\/yoast.com\/wordpress\/plugins\/seo\/ -->\n<title>Solu\u00e7\u00f5es 2020 para Varejistas<\/title>\n<meta name=\"description\" content=\"Solu\u00e7\u00f5es 2020 ajudam os varejistas a inspirar a imagina\u00e7\u00e3o de seus clientes e oferecer uma experi\u00eancia de compra que acelera o processo de tomada de decis\u00e3o\" \/>\n<meta name=\"robots\" content=\"index, follow, max-snippet:-1, max-image-preview:large, max-video-preview:-1\" \/>\n<link rel=\"canonical\" href=\"https:\/\/www.2020spaces.com\/pt-br\/solucoes\/varejo\/\" \/>\n<meta property=\"og:locale\" content=\"pt_BR\" \/>\n<meta property=\"og:type\" content=\"article\" \/>\n<meta property=\"og:title\" content=\"Varejo\" \/>\n<meta property=\"og:description\" content=\"Solu\u00e7\u00f5es 2020 ajudam os varejistas a inspirar a imagina\u00e7\u00e3o de seus clientes e oferecer uma experi\u00eancia de compra que acelera o processo de tomada de decis\u00e3o\" \/>\n<meta property=\"og:url\" content=\"https:\/\/www.2020spaces.com\/pt-br\/solucoes\/varejo\/\" \/>\n<meta property=\"og:site_name\" content=\"2020\" \/>\n<meta property=\"article:publisher\" content=\"https:\/\/www.facebook.com\/2020spaces\" \/>\n<meta property=\"article:modified_time\" content=\"2022-05-02T18:51:17+00:00\" \/>\n<meta property=\"og:image\" content=\"https:\/\/www.2020spaces.com\/wp-content\/uploads\/2014\/05\/Logo_2020IdealSpaces-300x40.png\" \/>\n<meta name=\"twitter:card\" content=\"summary_large_image\" \/>\n<meta name=\"twitter:site\" content=\"@2020spaces\" \/>\n<meta name=\"twitter:label1\" content=\"Est. tempo de leitura\" \/>\n\t<meta name=\"twitter:data1\" content=\"2 minutos\" \/>\n<script type=\"application\/ld+json\" class=\"yoast-schema-graph\">{\"@context\":\"https:\/\/schema.org\",\"@graph\":[{\"@type\":\"WebPage\",\"@id\":\"https:\/\/www.2020spaces.com\/pt-br\/solucoes\/varejo\/\",\"url\":\"https:\/\/www.2020spaces.com\/pt-br\/solucoes\/varejo\/\",\"name\":\"Solu\u00e7\u00f5es 2020 para Varejistas\",\"isPartOf\":{\"@id\":\"https:\/\/www.2020spaces.com\/#website\"},\"primaryImageOfPage\":{\"@id\":\"https:\/\/www.2020spaces.com\/pt-br\/solucoes\/varejo\/#primaryimage\"},\"image\":{\"@id\":\"https:\/\/www.2020spaces.com\/pt-br\/solucoes\/varejo\/#primaryimage\"},\"thumbnailUrl\":\"https:\/\/www.2020spaces.com\/wp-content\/uploads\/2014\/05\/Logo_2020IdealSpaces-300x40.png\",\"datePublished\":\"2014-05-06T12:08:53+00:00\",\"dateModified\":\"2022-05-02T18:51:17+00:00\",\"description\":\"Solu\u00e7\u00f5es 2020 ajudam os varejistas a inspirar a imagina\u00e7\u00e3o de seus clientes e oferecer uma experi\u00eancia de compra que acelera o processo de tomada de decis\u00e3o\",\"breadcrumb\":{\"@id\":\"https:\/\/www.2020spaces.com\/pt-br\/solucoes\/varejo\/#breadcrumb\"},\"inLanguage\":\"pt-BR\",\"potentialAction\":[{\"@type\":\"ReadAction\",\"target\":[\"https:\/\/www.2020spaces.com\/pt-br\/solucoes\/varejo\/\"]}]},{\"@type\":\"ImageObject\",\"inLanguage\":\"pt-BR\",\"@id\":\"https:\/\/www.2020spaces.com\/pt-br\/solucoes\/varejo\/#primaryimage\",\"url\":\"https:\/\/www.2020spaces.com\/wp-content\/uploads\/2014\/05\/Logo_2020IdealSpaces-300x40.png\",\"contentUrl\":\"https:\/\/www.2020spaces.com\/wp-content\/uploads\/2014\/05\/Logo_2020IdealSpaces-300x40.png\"},{\"@type\":\"BreadcrumbList\",\"@id\":\"https:\/\/www.2020spaces.com\/pt-br\/solucoes\/varejo\/#breadcrumb\",\"itemListElement\":[{\"@type\":\"ListItem\",\"position\":1,\"name\":\"Home\",\"item\":\"https:\/\/www.2020spaces.com\/pt-br\/pagina-inicial-2-2\/\"},{\"@type\":\"ListItem\",\"position\":2,\"name\":\"Solu\u00e7\u00f5es 2020\",\"item\":\"https:\/\/www.2020spaces.com\/pt-br\/solucoes\/\"},{\"@type\":\"ListItem\",\"position\":3,\"name\":\"Varejo\"}]},{\"@type\":\"WebSite\",\"@id\":\"https:\/\/www.2020spaces.com\/#website\",\"url\":\"https:\/\/www.2020spaces.com\/\",\"name\":\"2020\",\"description\":\"Making Spaces for Life\u2122\",\"potentialAction\":[{\"@type\":\"SearchAction\",\"target\":{\"@type\":\"EntryPoint\",\"urlTemplate\":\"https:\/\/www.2020spaces.com\/?s={search_term_string}\"},\"query-input\":{\"@type\":\"PropertyValueSpecification\",\"valueRequired\":true,\"valueName\":\"search_term_string\"}}],\"inLanguage\":\"pt-BR\"}]}<\/script>\n<!-- \/ Yoast SEO Premium plugin. -->","yoast_head_json":{"title":"Solu\u00e7\u00f5es 2020 para Varejistas","description":"Solu\u00e7\u00f5es 2020 ajudam os varejistas a inspirar a imagina\u00e7\u00e3o de seus clientes e oferecer uma experi\u00eancia de compra que acelera o processo de tomada de decis\u00e3o","robots":{"index":"index","follow":"follow","max-snippet":"max-snippet:-1","max-image-preview":"max-image-preview:large","max-video-preview":"max-video-preview:-1"},"canonical":"https:\/\/www.2020spaces.com\/pt-br\/solucoes\/varejo\/","og_locale":"pt_BR","og_type":"article","og_title":"Varejo","og_description":"Solu\u00e7\u00f5es 2020 ajudam os varejistas a inspirar a imagina\u00e7\u00e3o de seus clientes e oferecer uma experi\u00eancia de compra que acelera o processo de tomada de decis\u00e3o","og_url":"https:\/\/www.2020spaces.com\/pt-br\/solucoes\/varejo\/","og_site_name":"2020","article_publisher":"https:\/\/www.facebook.com\/2020spaces","article_modified_time":"2022-05-02T18:51:17+00:00","og_image":[{"url":"https:\/\/www.2020spaces.com\/wp-content\/uploads\/2014\/05\/Logo_2020IdealSpaces-300x40.png","type":"","width":"","height":""}],"twitter_card":"summary_large_image","twitter_site":"@2020spaces","twitter_misc":{"Est. tempo de leitura":"2 minutos"},"schema":{"@context":"https:\/\/schema.org","@graph":[{"@type":"WebPage","@id":"https:\/\/www.2020spaces.com\/pt-br\/solucoes\/varejo\/","url":"https:\/\/www.2020spaces.com\/pt-br\/solucoes\/varejo\/","name":"Solu\u00e7\u00f5es 2020 para Varejistas","isPartOf":{"@id":"https:\/\/www.2020spaces.com\/#website"},"primaryImageOfPage":{"@id":"https:\/\/www.2020spaces.com\/pt-br\/solucoes\/varejo\/#primaryimage"},"image":{"@id":"https:\/\/www.2020spaces.com\/pt-br\/solucoes\/varejo\/#primaryimage"},"thumbnailUrl":"https:\/\/www.2020spaces.com\/wp-content\/uploads\/2014\/05\/Logo_2020IdealSpaces-300x40.png","datePublished":"2014-05-06T12:08:53+00:00","dateModified":"2022-05-02T18:51:17+00:00","description":"Solu\u00e7\u00f5es 2020 ajudam os varejistas a inspirar a imagina\u00e7\u00e3o de seus clientes e oferecer uma experi\u00eancia de compra que acelera o processo de tomada de decis\u00e3o","breadcrumb":{"@id":"https:\/\/www.2020spaces.com\/pt-br\/solucoes\/varejo\/#breadcrumb"},"inLanguage":"pt-BR","potentialAction":[{"@type":"ReadAction","target":["https:\/\/www.2020spaces.com\/pt-br\/solucoes\/varejo\/"]}]},{"@type":"ImageObject","inLanguage":"pt-BR","@id":"https:\/\/www.2020spaces.com\/pt-br\/solucoes\/varejo\/#primaryimage","url":"https:\/\/www.2020spaces.com\/wp-content\/uploads\/2014\/05\/Logo_2020IdealSpaces-300x40.png","contentUrl":"https:\/\/www.2020spaces.com\/wp-content\/uploads\/2014\/05\/Logo_2020IdealSpaces-300x40.png"},{"@type":"BreadcrumbList","@id":"https:\/\/www.2020spaces.com\/pt-br\/solucoes\/varejo\/#breadcrumb","itemListElement":[{"@type":"ListItem","position":1,"name":"Home","item":"https:\/\/www.2020spaces.com\/pt-br\/pagina-inicial-2-2\/"},{"@type":"ListItem","position":2,"name":"Solu\u00e7\u00f5es 2020","item":"https:\/\/www.2020spaces.com\/pt-br\/solucoes\/"},{"@type":"ListItem","position":3,"name":"Varejo"}]},{"@type":"WebSite","@id":"https:\/\/www.2020spaces.com\/#website","url":"https:\/\/www.2020spaces.com\/","name":"2020","description":"Making Spaces for Life\u2122","potentialAction":[{"@type":"SearchAction","target":{"@type":"EntryPoint","urlTemplate":"https:\/\/www.2020spaces.com\/?s={search_term_string}"},"query-input":{"@type":"PropertyValueSpecification","valueRequired":true,"valueName":"search_term_string"}}],"inLanguage":"pt-BR"}]}},"_links":{"self":[{"href":"https:\/\/www.2020spaces.com\/pt-br\/wp-json\/wp\/v2\/pages\/10884","targetHints":{"allow":["GET"]}}],"collection":[{"href":"https:\/\/www.2020spaces.com\/pt-br\/wp-json\/wp\/v2\/pages"}],"about":[{"href":"https:\/\/www.2020spaces.com\/pt-br\/wp-json\/wp\/v2\/types\/page"}],"author":[{"embeddable":true,"href":"https:\/\/www.2020spaces.com\/pt-br\/wp-json\/wp\/v2\/users\/1"}],"replies":[{"embeddable":true,"href":"https:\/\/www.2020spaces.com\/pt-br\/wp-json\/wp\/v2\/comments?post=10884"}],"version-history":[{"count":0,"href":"https:\/\/www.2020spaces.com\/pt-br\/wp-json\/wp\/v2\/pages\/10884\/revisions"}],"up":[{"embeddable":true,"href":"https:\/\/www.2020spaces.com\/pt-br\/wp-json\/wp\/v2\/pages\/10683"}],"wp:attachment":[{"href":"https:\/\/www.2020spaces.com\/pt-br\/wp-json\/wp\/v2\/media?parent=10884"}],"wp:term":[{"taxonomy":"category","embeddable":true,"href":"https:\/\/www.2020spaces.com\/pt-br\/wp-json\/wp\/v2\/categories?post=10884"}],"curies":[{"name":"wp","href":"https:\/\/api.w.org\/{rel}","templated":true}]}}