{"id":10886,"date":"2014-05-16T00:51:38","date_gmt":"2014-05-16T04:51:38","guid":{"rendered":"https:\/\/www.2020spaces.com\/quem-somos\/carreiras\/"},"modified":"2023-04-25T05:36:23","modified_gmt":"2023-04-25T09:36:23","slug":"careers","status":"publish","type":"page","link":"https:\/\/www.2020spaces.com\/pt-br\/quem-somos\/careers\/","title":{"rendered":"Careers"},"content":{"rendered":"<div id=\"cs-content\" class=\"cs-content\"><\/div>\n","protected":false},"excerpt":{"rendered":"<p>2020 est\u00e1 recrutando! Ver todas as vagas &nbsp;Trabalhar na 2020 &nbsp;Vida na 2020 &nbsp;As vantagens &nbsp; Enfoque do empregador Trabalhar na 2020 Fundada em 1987 e com sede em Laval, Quebec, no Canad\u00e1, a 2020 emprega mais de 500 pessoas e atua em nove pa\u00edses. A 2020 ajuda designers profissionais, &#8230; <\/p>\n<div><a href=\"https:\/\/www.2020spaces.com\/pt-br\/quem-somos\/careers\/\" class=\"more-link\">Read More<\/a><\/div>\n","protected":false},"author":1,"featured_media":0,"parent":10762,"menu_order":0,"comment_status":"open","ping_status":"closed","template":"template-blank-4.php","meta":{"_bbp_topic_count":0,"_bbp_reply_count":0,"_bbp_total_topic_count":0,"_bbp_total_reply_count":0,"_bbp_voice_count":0,"_bbp_anonymous_reply_count":0,"_bbp_topic_count_hidden":0,"_bbp_reply_count_hidden":0,"_bbp_forum_subforum_count":0,"footnotes":""},"categories":[],"class_list":["post-10886","page","type-page","status-publish","hentry","no-post-thumbnail"],"pp_force_visibility":null,"pp_subpost_visibility":null,"pp_inherited_force_visibility":null,"pp_inherited_subpost_visibility":null,"yoast_head":"<!-- This site is optimized with the Yoast SEO Premium plugin v27.4 (Yoast SEO v27.4) - https:\/\/yoast.com\/product\/yoast-seo-premium-wordpress\/ -->\n<title>2020 Carreiras - Junte-se a n\u00f3s!<\/title>\n<meta name=\"description\" content=\"2020 emprega mais de 500 pessoas e atua em nove pa\u00edses. Estamos interessados em recrutar pessoas motivadas e dedicadas para nossa equipe.\" \/>\n<meta name=\"robots\" content=\"index, follow, max-snippet:-1, max-image-preview:large, max-video-preview:-1\" \/>\n<link rel=\"canonical\" href=\"https:\/\/www.2020spaces.com\/pt-br\/quem-somos\/careers\/\" \/>\n<meta property=\"og:locale\" content=\"pt_BR\" \/>\n<meta property=\"og:type\" content=\"article\" \/>\n<meta property=\"og:title\" content=\"2020 Carreiras - Junte-se a n\u00f3s!\" \/>\n<meta property=\"og:description\" content=\"2020 emprega mais de 500 pessoas e atua em nove pa\u00edses. Estamos interessados em recrutar pessoas motivadas e dedicadas para nossa equipe. Encontre seu espa\u00e7o na 2020!\" \/>\n<meta property=\"og:url\" content=\"https:\/\/www.2020spaces.com\/pt-br\/quem-somos\/careers\/\" \/>\n<meta property=\"og:site_name\" content=\"2020\" \/>\n<meta property=\"article:publisher\" content=\"https:\/\/www.facebook.com\/2020spaces\" \/>\n<meta property=\"article:modified_time\" content=\"2023-04-25T09:36:23+00:00\" \/>\n<meta name=\"twitter:card\" content=\"summary_large_image\" \/>\n<meta name=\"twitter:title\" content=\"Careers\" \/>\n<meta name=\"twitter:site\" content=\"@2020spaces\" \/>\n<meta name=\"twitter:label1\" content=\"Est. tempo de leitura\" \/>\n\t<meta name=\"twitter:data1\" content=\"8 minutos\" \/>\n<script type=\"application\/ld+json\" class=\"yoast-schema-graph\">{\"@context\":\"https:\\\/\\\/schema.org\",\"@graph\":[{\"@type\":\"WebPage\",\"@id\":\"https:\\\/\\\/www.2020spaces.com\\\/pt-br\\\/quem-somos\\\/careers\\\/\",\"url\":\"https:\\\/\\\/www.2020spaces.com\\\/pt-br\\\/quem-somos\\\/careers\\\/\",\"name\":\"2020 Carreiras - Junte-se a n\u00f3s!\",\"isPartOf\":{\"@id\":\"https:\\\/\\\/www.2020spaces.com\\\/#website\"},\"datePublished\":\"2014-05-16T04:51:38+00:00\",\"dateModified\":\"2023-04-25T09:36:23+00:00\",\"description\":\"2020 emprega mais de 500 pessoas e atua em nove pa\u00edses. Estamos interessados em recrutar pessoas motivadas e dedicadas para nossa equipe.\",\"breadcrumb\":{\"@id\":\"https:\\\/\\\/www.2020spaces.com\\\/pt-br\\\/quem-somos\\\/careers\\\/#breadcrumb\"},\"inLanguage\":\"pt-BR\",\"potentialAction\":[{\"@type\":\"ReadAction\",\"target\":[\"https:\\\/\\\/www.2020spaces.com\\\/pt-br\\\/quem-somos\\\/careers\\\/\"]}]},{\"@type\":\"BreadcrumbList\",\"@id\":\"https:\\\/\\\/www.2020spaces.com\\\/pt-br\\\/quem-somos\\\/careers\\\/#breadcrumb\",\"itemListElement\":[{\"@type\":\"ListItem\",\"position\":1,\"name\":\"Home\",\"item\":\"https:\\\/\\\/www.2020spaces.com\\\/pt-br\\\/pagina-inicial-2-2\\\/\"},{\"@type\":\"ListItem\",\"position\":2,\"name\":\"Quem Somos\",\"item\":\"https:\\\/\\\/www.2020spaces.com\\\/pt-br\\\/quem-somos\\\/\"},{\"@type\":\"ListItem\",\"position\":3,\"name\":\"Careers\"}]},{\"@type\":\"WebSite\",\"@id\":\"https:\\\/\\\/www.2020spaces.com\\\/#website\",\"url\":\"https:\\\/\\\/www.2020spaces.com\\\/\",\"name\":\"2020\",\"description\":\"Making Spaces for Life\u2122\",\"potentialAction\":[{\"@type\":\"SearchAction\",\"target\":{\"@type\":\"EntryPoint\",\"urlTemplate\":\"https:\\\/\\\/www.2020spaces.com\\\/?s={search_term_string}\"},\"query-input\":{\"@type\":\"PropertyValueSpecification\",\"valueRequired\":true,\"valueName\":\"search_term_string\"}}],\"inLanguage\":\"pt-BR\"}]}<\/script>\n<!-- \/ Yoast SEO Premium plugin. -->","yoast_head_json":{"title":"2020 Carreiras - Junte-se a n\u00f3s!","description":"2020 emprega mais de 500 pessoas e atua em nove pa\u00edses. Estamos interessados em recrutar pessoas motivadas e dedicadas para nossa equipe.","robots":{"index":"index","follow":"follow","max-snippet":"max-snippet:-1","max-image-preview":"max-image-preview:large","max-video-preview":"max-video-preview:-1"},"canonical":"https:\/\/www.2020spaces.com\/pt-br\/quem-somos\/careers\/","og_locale":"pt_BR","og_type":"article","og_title":"2020 Carreiras - Junte-se a n\u00f3s!","og_description":"2020 emprega mais de 500 pessoas e atua em nove pa\u00edses. Estamos interessados em recrutar pessoas motivadas e dedicadas para nossa equipe. Encontre seu espa\u00e7o na 2020!","og_url":"https:\/\/www.2020spaces.com\/pt-br\/quem-somos\/careers\/","og_site_name":"2020","article_publisher":"https:\/\/www.facebook.com\/2020spaces","article_modified_time":"2023-04-25T09:36:23+00:00","twitter_card":"summary_large_image","twitter_title":"Careers","twitter_site":"@2020spaces","twitter_misc":{"Est. tempo de leitura":"8 minutos"},"schema":{"@context":"https:\/\/schema.org","@graph":[{"@type":"WebPage","@id":"https:\/\/www.2020spaces.com\/pt-br\/quem-somos\/careers\/","url":"https:\/\/www.2020spaces.com\/pt-br\/quem-somos\/careers\/","name":"2020 Carreiras - Junte-se a n\u00f3s!","isPartOf":{"@id":"https:\/\/www.2020spaces.com\/#website"},"datePublished":"2014-05-16T04:51:38+00:00","dateModified":"2023-04-25T09:36:23+00:00","description":"2020 emprega mais de 500 pessoas e atua em nove pa\u00edses. Estamos interessados em recrutar pessoas motivadas e dedicadas para nossa equipe.","breadcrumb":{"@id":"https:\/\/www.2020spaces.com\/pt-br\/quem-somos\/careers\/#breadcrumb"},"inLanguage":"pt-BR","potentialAction":[{"@type":"ReadAction","target":["https:\/\/www.2020spaces.com\/pt-br\/quem-somos\/careers\/"]}]},{"@type":"BreadcrumbList","@id":"https:\/\/www.2020spaces.com\/pt-br\/quem-somos\/careers\/#breadcrumb","itemListElement":[{"@type":"ListItem","position":1,"name":"Home","item":"https:\/\/www.2020spaces.com\/pt-br\/pagina-inicial-2-2\/"},{"@type":"ListItem","position":2,"name":"Quem Somos","item":"https:\/\/www.2020spaces.com\/pt-br\/quem-somos\/"},{"@type":"ListItem","position":3,"name":"Careers"}]},{"@type":"WebSite","@id":"https:\/\/www.2020spaces.com\/#website","url":"https:\/\/www.2020spaces.com\/","name":"2020","description":"Making Spaces for Life\u2122","potentialAction":[{"@type":"SearchAction","target":{"@type":"EntryPoint","urlTemplate":"https:\/\/www.2020spaces.com\/?s={search_term_string}"},"query-input":{"@type":"PropertyValueSpecification","valueRequired":true,"valueName":"search_term_string"}}],"inLanguage":"pt-BR"}]}},"_links":{"self":[{"href":"https:\/\/www.2020spaces.com\/pt-br\/wp-json\/wp\/v2\/pages\/10886","targetHints":{"allow":["GET"]}}],"collection":[{"href":"https:\/\/www.2020spaces.com\/pt-br\/wp-json\/wp\/v2\/pages"}],"about":[{"href":"https:\/\/www.2020spaces.com\/pt-br\/wp-json\/wp\/v2\/types\/page"}],"author":[{"embeddable":true,"href":"https:\/\/www.2020spaces.com\/pt-br\/wp-json\/wp\/v2\/users\/1"}],"replies":[{"embeddable":true,"href":"https:\/\/www.2020spaces.com\/pt-br\/wp-json\/wp\/v2\/comments?post=10886"}],"version-history":[{"count":0,"href":"https:\/\/www.2020spaces.com\/pt-br\/wp-json\/wp\/v2\/pages\/10886\/revisions"}],"up":[{"embeddable":true,"href":"https:\/\/www.2020spaces.com\/pt-br\/wp-json\/wp\/v2\/pages\/10762"}],"wp:attachment":[{"href":"https:\/\/www.2020spaces.com\/pt-br\/wp-json\/wp\/v2\/media?parent=10886"}],"wp:term":[{"taxonomy":"category","embeddable":true,"href":"https:\/\/www.2020spaces.com\/pt-br\/wp-json\/wp\/v2\/categories?post=10886"}],"curies":[{"name":"wp","href":"https:\/\/api.w.org\/{rel}","templated":true}]}}