{"id":10889,"date":"2014-05-06T09:32:42","date_gmt":"2014-05-06T13:32:42","guid":{"rendered":"https:\/\/www.2020spaces.com\/entre-em-contato\/"},"modified":"2024-02-02T05:39:08","modified_gmt":"2024-02-02T10:39:08","slug":"entre-em-contato","status":"publish","type":"page","link":"https:\/\/www.2020spaces.com\/pt-br\/entre-em-contato\/","title":{"rendered":"Contacte-nos"},"content":{"rendered":"<div id=\"cs-content\" class=\"cs-content\"><\/div>\n","protected":false},"excerpt":{"rendered":"<p>Fale connosco Como podemos ajud\u00e1-lo hoje?Contacte Fale connosco Como podemos ajud\u00e1-lo hoje?Contacte Procura algo em espec\u00edfico? Para come\u00e7ar escolha o seu produto &#038; regi\u00e3o. Contact Us Page &#8211; PT &#8211; Final Draft Escolha o seu produto*Selecione uma op\u00e7\u00e3o2020 Cap2020 Cap CompleteDesign Flex2020 Fusion Live2020 Giza2020 Icovia2020 Ideal Spaces2020 Insight2020 Maker2020 &#8230; <\/p>\n<div><a href=\"https:\/\/www.2020spaces.com\/pt-br\/entre-em-contato\/\" class=\"more-link\">Read More<\/a><\/div>\n","protected":false},"author":26709,"featured_media":337364,"parent":0,"menu_order":0,"comment_status":"open","ping_status":"closed","template":"template-blank-4.php","meta":{"_bbp_topic_count":0,"_bbp_reply_count":0,"_bbp_total_topic_count":0,"_bbp_total_reply_count":0,"_bbp_voice_count":0,"_bbp_anonymous_reply_count":0,"_bbp_topic_count_hidden":0,"_bbp_reply_count_hidden":0,"_bbp_forum_subforum_count":0,"footnotes":""},"categories":[],"class_list":["post-10889","page","type-page","status-publish","has-post-thumbnail","hentry"],"pp_force_visibility":null,"pp_subpost_visibility":null,"pp_inherited_force_visibility":null,"pp_inherited_subpost_visibility":null,"yoast_head":"<!-- This site is optimized with the Yoast SEO Premium plugin v26.7 (Yoast SEO v26.7) - https:\/\/yoast.com\/wordpress\/plugins\/seo\/ -->\n<title>Contacte-nos | 2020<\/title>\n<meta name=\"description\" content=\"Contacte a 2020 para ter mais informa\u00e7\u00e3o sobre os nossos produtos concebidos para designers de cozinhas &amp; casas de banho\" \/>\n<meta name=\"robots\" content=\"index, follow, max-snippet:-1, max-image-preview:large, max-video-preview:-1\" \/>\n<link rel=\"canonical\" href=\"https:\/\/www.2020spaces.com\/pt-br\/entre-em-contato\/\" \/>\n<meta property=\"og:locale\" content=\"pt_BR\" \/>\n<meta property=\"og:type\" content=\"article\" \/>\n<meta property=\"og:title\" content=\"Contacte-nos | 2020\" \/>\n<meta property=\"og:description\" content=\"Contacte a 2020 para ter mais informa\u00e7\u00e3o sobre os nossos produtos concebidos para designers de cozinhas &amp; casas de banho, designers de escrit\u00f3rios, fabricantes e vendedores a retalho online.\" \/>\n<meta property=\"og:url\" content=\"https:\/\/www.2020spaces.com\/pt-br\/entre-em-contato\/\" \/>\n<meta property=\"og:site_name\" content=\"2020\" \/>\n<meta property=\"article:publisher\" content=\"https:\/\/www.facebook.com\/2020spaces\" \/>\n<meta property=\"article:modified_time\" content=\"2024-02-02T10:39:08+00:00\" \/>\n<meta property=\"og:image\" content=\"https:\/\/www.2020spaces.com\/wp-content\/uploads\/2021\/06\/Social_1200x630_Icons_PT.jpg\" \/>\n\t<meta property=\"og:image:width\" content=\"1200\" \/>\n\t<meta property=\"og:image:height\" content=\"630\" \/>\n\t<meta property=\"og:image:type\" content=\"image\/jpeg\" \/>\n<meta name=\"twitter:card\" content=\"summary_large_image\" \/>\n<meta name=\"twitter:title\" content=\"Contacte-nos | 2020\" \/>\n<meta name=\"twitter:description\" content=\"Contacte a 2020 para ter mais informa\u00e7\u00e3o sobre os nossos produtos concebidos para designers de cozinhas &amp; casas de banho, designers de escrit\u00f3rios, fabricantes e vendedores a retalho online.\" \/>\n<meta name=\"twitter:image\" content=\"https:\/\/www.2020spaces.com\/wp-content\/uploads\/2021\/06\/Social_1200x630_Icons_PT.jpg\" \/>\n<meta name=\"twitter:site\" content=\"@2020spaces\" \/>\n<meta name=\"twitter:label1\" content=\"Est. tempo de leitura\" \/>\n\t<meta name=\"twitter:data1\" content=\"1 minuto\" \/>\n<script type=\"application\/ld+json\" class=\"yoast-schema-graph\">{\"@context\":\"https:\/\/schema.org\",\"@graph\":[{\"@type\":\"WebPage\",\"@id\":\"https:\/\/www.2020spaces.com\/pt-br\/entre-em-contato\/\",\"url\":\"https:\/\/www.2020spaces.com\/pt-br\/entre-em-contato\/\",\"name\":\"Contacte-nos | 2020\",\"isPartOf\":{\"@id\":\"https:\/\/www.2020spaces.com\/#website\"},\"primaryImageOfPage\":{\"@id\":\"https:\/\/www.2020spaces.com\/pt-br\/entre-em-contato\/#primaryimage\"},\"image\":{\"@id\":\"https:\/\/www.2020spaces.com\/pt-br\/entre-em-contato\/#primaryimage\"},\"thumbnailUrl\":\"https:\/\/www.2020spaces.com\/wp-content\/uploads\/2021\/06\/Featured_400x323_Icons_PT.jpg\",\"datePublished\":\"2014-05-06T13:32:42+00:00\",\"dateModified\":\"2024-02-02T10:39:08+00:00\",\"description\":\"Contacte a 2020 para ter mais informa\u00e7\u00e3o sobre os nossos produtos concebidos para designers de cozinhas & casas de banho\",\"breadcrumb\":{\"@id\":\"https:\/\/www.2020spaces.com\/pt-br\/entre-em-contato\/#breadcrumb\"},\"inLanguage\":\"pt-BR\",\"potentialAction\":[{\"@type\":\"ReadAction\",\"target\":[\"https:\/\/www.2020spaces.com\/pt-br\/entre-em-contato\/\"]}]},{\"@type\":\"ImageObject\",\"inLanguage\":\"pt-BR\",\"@id\":\"https:\/\/www.2020spaces.com\/pt-br\/entre-em-contato\/#primaryimage\",\"url\":\"https:\/\/www.2020spaces.com\/wp-content\/uploads\/2021\/06\/Featured_400x323_Icons_PT.jpg\",\"contentUrl\":\"https:\/\/www.2020spaces.com\/wp-content\/uploads\/2021\/06\/Featured_400x323_Icons_PT.jpg\",\"width\":400,\"height\":323,\"caption\":\"Contactar 2020\"},{\"@type\":\"BreadcrumbList\",\"@id\":\"https:\/\/www.2020spaces.com\/pt-br\/entre-em-contato\/#breadcrumb\",\"itemListElement\":[{\"@type\":\"ListItem\",\"position\":1,\"name\":\"Home\",\"item\":\"https:\/\/www.2020spaces.com\/pt-br\/pagina-inicial-2-2\/\"},{\"@type\":\"ListItem\",\"position\":2,\"name\":\"Contacte-nos\"}]},{\"@type\":\"WebSite\",\"@id\":\"https:\/\/www.2020spaces.com\/#website\",\"url\":\"https:\/\/www.2020spaces.com\/\",\"name\":\"2020\",\"description\":\"Making Spaces for Life\u2122\",\"potentialAction\":[{\"@type\":\"SearchAction\",\"target\":{\"@type\":\"EntryPoint\",\"urlTemplate\":\"https:\/\/www.2020spaces.com\/?s={search_term_string}\"},\"query-input\":{\"@type\":\"PropertyValueSpecification\",\"valueRequired\":true,\"valueName\":\"search_term_string\"}}],\"inLanguage\":\"pt-BR\"}]}<\/script>\n<!-- \/ Yoast SEO Premium plugin. -->","yoast_head_json":{"title":"Contacte-nos | 2020","description":"Contacte a 2020 para ter mais informa\u00e7\u00e3o sobre os nossos produtos concebidos para designers de cozinhas & casas de banho","robots":{"index":"index","follow":"follow","max-snippet":"max-snippet:-1","max-image-preview":"max-image-preview:large","max-video-preview":"max-video-preview:-1"},"canonical":"https:\/\/www.2020spaces.com\/pt-br\/entre-em-contato\/","og_locale":"pt_BR","og_type":"article","og_title":"Contacte-nos | 2020","og_description":"Contacte a 2020 para ter mais informa\u00e7\u00e3o sobre os nossos produtos concebidos para designers de cozinhas & casas de banho, designers de escrit\u00f3rios, fabricantes e vendedores a retalho online.","og_url":"https:\/\/www.2020spaces.com\/pt-br\/entre-em-contato\/","og_site_name":"2020","article_publisher":"https:\/\/www.facebook.com\/2020spaces","article_modified_time":"2024-02-02T10:39:08+00:00","og_image":[{"width":1200,"height":630,"url":"https:\/\/www.2020spaces.com\/wp-content\/uploads\/2021\/06\/Social_1200x630_Icons_PT.jpg","type":"image\/jpeg"}],"twitter_card":"summary_large_image","twitter_title":"Contacte-nos | 2020","twitter_description":"Contacte a 2020 para ter mais informa\u00e7\u00e3o sobre os nossos produtos concebidos para designers de cozinhas & casas de banho, designers de escrit\u00f3rios, fabricantes e vendedores a retalho online.","twitter_image":"https:\/\/www.2020spaces.com\/wp-content\/uploads\/2021\/06\/Social_1200x630_Icons_PT.jpg","twitter_site":"@2020spaces","twitter_misc":{"Est. tempo de leitura":"1 minuto"},"schema":{"@context":"https:\/\/schema.org","@graph":[{"@type":"WebPage","@id":"https:\/\/www.2020spaces.com\/pt-br\/entre-em-contato\/","url":"https:\/\/www.2020spaces.com\/pt-br\/entre-em-contato\/","name":"Contacte-nos | 2020","isPartOf":{"@id":"https:\/\/www.2020spaces.com\/#website"},"primaryImageOfPage":{"@id":"https:\/\/www.2020spaces.com\/pt-br\/entre-em-contato\/#primaryimage"},"image":{"@id":"https:\/\/www.2020spaces.com\/pt-br\/entre-em-contato\/#primaryimage"},"thumbnailUrl":"https:\/\/www.2020spaces.com\/wp-content\/uploads\/2021\/06\/Featured_400x323_Icons_PT.jpg","datePublished":"2014-05-06T13:32:42+00:00","dateModified":"2024-02-02T10:39:08+00:00","description":"Contacte a 2020 para ter mais informa\u00e7\u00e3o sobre os nossos produtos concebidos para designers de cozinhas & casas de banho","breadcrumb":{"@id":"https:\/\/www.2020spaces.com\/pt-br\/entre-em-contato\/#breadcrumb"},"inLanguage":"pt-BR","potentialAction":[{"@type":"ReadAction","target":["https:\/\/www.2020spaces.com\/pt-br\/entre-em-contato\/"]}]},{"@type":"ImageObject","inLanguage":"pt-BR","@id":"https:\/\/www.2020spaces.com\/pt-br\/entre-em-contato\/#primaryimage","url":"https:\/\/www.2020spaces.com\/wp-content\/uploads\/2021\/06\/Featured_400x323_Icons_PT.jpg","contentUrl":"https:\/\/www.2020spaces.com\/wp-content\/uploads\/2021\/06\/Featured_400x323_Icons_PT.jpg","width":400,"height":323,"caption":"Contactar 2020"},{"@type":"BreadcrumbList","@id":"https:\/\/www.2020spaces.com\/pt-br\/entre-em-contato\/#breadcrumb","itemListElement":[{"@type":"ListItem","position":1,"name":"Home","item":"https:\/\/www.2020spaces.com\/pt-br\/pagina-inicial-2-2\/"},{"@type":"ListItem","position":2,"name":"Contacte-nos"}]},{"@type":"WebSite","@id":"https:\/\/www.2020spaces.com\/#website","url":"https:\/\/www.2020spaces.com\/","name":"2020","description":"Making Spaces for Life\u2122","potentialAction":[{"@type":"SearchAction","target":{"@type":"EntryPoint","urlTemplate":"https:\/\/www.2020spaces.com\/?s={search_term_string}"},"query-input":{"@type":"PropertyValueSpecification","valueRequired":true,"valueName":"search_term_string"}}],"inLanguage":"pt-BR"}]}},"_links":{"self":[{"href":"https:\/\/www.2020spaces.com\/pt-br\/wp-json\/wp\/v2\/pages\/10889","targetHints":{"allow":["GET"]}}],"collection":[{"href":"https:\/\/www.2020spaces.com\/pt-br\/wp-json\/wp\/v2\/pages"}],"about":[{"href":"https:\/\/www.2020spaces.com\/pt-br\/wp-json\/wp\/v2\/types\/page"}],"author":[{"embeddable":true,"href":"https:\/\/www.2020spaces.com\/pt-br\/wp-json\/wp\/v2\/users\/26709"}],"replies":[{"embeddable":true,"href":"https:\/\/www.2020spaces.com\/pt-br\/wp-json\/wp\/v2\/comments?post=10889"}],"version-history":[{"count":0,"href":"https:\/\/www.2020spaces.com\/pt-br\/wp-json\/wp\/v2\/pages\/10889\/revisions"}],"wp:featuredmedia":[{"embeddable":true,"href":"https:\/\/www.2020spaces.com\/pt-br\/wp-json\/wp\/v2\/media\/337364"}],"wp:attachment":[{"href":"https:\/\/www.2020spaces.com\/pt-br\/wp-json\/wp\/v2\/media?parent=10889"}],"wp:term":[{"taxonomy":"category","embeddable":true,"href":"https:\/\/www.2020spaces.com\/pt-br\/wp-json\/wp\/v2\/categories?post=10889"}],"curies":[{"name":"wp","href":"https:\/\/api.w.org\/{rel}","templated":true}]}}